{"id":581,"date":"2024-08-27T08:58:39","date_gmt":"2024-08-27T08:58:39","guid":{"rendered":"https:\/\/serpmantics.com\/?page_id=581"},"modified":"2025-06-28T09:10:36","modified_gmt":"2025-06-28T09:10:36","slug":"case-study-princesselia","status":"publish","type":"page","link":"https:\/\/serpmantics.com\/tr\/princesselia-ornek-olay-incelemesi\/","title":{"rendered":"Mevcut i\u00e7eri\u011finizi optimize ederek SEO trafi\u011finizi 27 kat\u0131na \u00e7\u0131kar\u0131n \ud83d\udcc8 - \u00d6rnek olay incelemesi ve Princess Lia'n\u0131n SERPmantics g\u00f6r\u00fc\u015f\u00fc"},"content":{"rendered":"<p>princesselia.com kozmetik alan\u0131nda uzmanla\u015fm\u0131\u015f bir e-ticaret \u015firketidir ve k\u0131sa s\u00fcre \u00f6nce Temmuz ay\u0131nda CMS'sini de\u011fi\u015ftirmeye karar vermi\u015ftir. Web siteleri, g\u00fc\u00e7l\u00fc bir toplulu\u011fa sahip olmas\u0131na ra\u011fmen, <strong>SEO i\u00e7in hi\u00e7bir zaman ger\u00e7ek anlamda optimize edilmemi\u015fti<\/strong>. Buna ra\u011fmen, bir \u00f6nceki y\u0131l site herhangi bir \u00f6zel \u00e7aba g\u00f6stermeden sat\u0131\u015flar\u0131n\u0131 iki kat\u0131na \u00e7\u0131karm\u0131\u015ft\u0131. Bu beklenmedik ba\u015far\u0131 \u015firketi \u015fu ad\u0131mlar\u0131 atmaya itti <strong>potansiyellerini daha da \u00fcst d\u00fczeye \u00e7\u0131karmak i\u00e7in SEO optimizasyonuna ciddi bir \u015fekilde kafa yormak<\/strong>.<\/p>\n\n\n\n<p>Videoyu izlemeyi mi tercih edersiniz? <\/p>\n\n\n\n<p>\u0130\u015fte burada <strong>yo\u011funla\u015ft\u0131r\u0131lm\u0131\u015f versiyon<\/strong> :<\/p>\n\n\n\n<figure class=\"wp-block-embed is-type-video is-provider-youtube wp-block-embed-youtube wp-embed-aspect-4-3 wp-has-aspect-ratio\"><div class=\"wp-block-embed__wrapper\">\n<iframe loading=\"lazy\" title=\"Mevcut e-ticaret i\u00e7eri\u011finizi optimize ederek SEO trafi\u011finizi 27 kat\u0131na \u00e7\u0131kar\u0131n \ud83d\udcc8 (K\u0131sa versiyon)\" width=\"1080\" height=\"608\" src=\"https:\/\/www.youtube.com\/embed\/u3fb2zCg9iI?feature=oembed&#038;enablejsapi=1&#038;origin=https:\/\/serpmantics.com\"  allow=\"accelerometer; autoplay; clipboard-write; encrypted-media; gyroscope; picture-in-picture; web-share\" referrerpolicy=\"strict-origin-when-cross-origin\" allowfullscreen><\/iframe>\n<\/div><\/figure>\n\n\n\n<p>\u0130\u015fte burada <strong>tam s\u00fcr\u00fcm<\/strong> :<\/p>\n\n\n\n<figure class=\"wp-block-embed is-type-video is-provider-youtube wp-block-embed-youtube wp-embed-aspect-16-9 wp-has-aspect-ratio\"><div class=\"wp-block-embed__wrapper\">\n<iframe loading=\"lazy\" title=\"Mevcut e-ticaret i\u00e7eri\u011finizi optimize ederek SEO trafi\u011finizi 27 kat\u0131na \u00e7\u0131kar\u0131n \ud83d\udcc8 - \u00d6rnek olay incelemesi\" width=\"1080\" height=\"608\" src=\"https:\/\/www.youtube.com\/embed\/yo07gnHa7xE?feature=oembed&#038;enablejsapi=1&#038;origin=https:\/\/serpmantics.com\"  allow=\"accelerometer; autoplay; clipboard-write; encrypted-media; gyroscope; picture-in-picture; web-share\" referrerpolicy=\"strict-origin-when-cross-origin\" allowfullscreen><\/iframe>\n<\/div><\/figure>\n\n\n\n<h4 class=\"wp-block-heading\"><strong>Zorluk: Son derece rekabet\u00e7i bir sekt\u00f6r<\/strong><\/h4>\n\n\n\n<p>\u00d6zellikle rekabet\u00e7i kozmetik sekt\u00f6r\u00fcnde faaliyet g\u00f6steren Princesse Lia'n\u0131n yarat\u0131c\u0131lar\u0131, arama sonu\u00e7lar\u0131n\u0131n ilk sayfas\u0131nda g\u00f6r\u00fcnmenin sihirle ger\u00e7ekle\u015fmeyece\u011fini biliyordu. As\u0131l zorluk, genellikle karma\u015f\u0131k ve teknik olarak alg\u0131lanan bir alan olan SEO'nun en iyi uygulamalar\u0131n\u0131 anlamak ve uygulamakta yat\u0131yordu.<\/p>\n\n\n\n<p>SERPmantics'i ke\u015ffetmeden \u00f6nce iki b\u00fcy\u00fck engelle kar\u015f\u0131la\u015ft\u0131lar:<\/p>\n\n\n\n<ol class=\"wp-block-list\">\n<li><strong>Anahtar kelime se\u00e7imi<\/strong> Net bir strateji olmadan en alakal\u0131 anahtar kelimeleri belirlemek.<\/li>\n\n\n\n<li><strong>\u0130\u00e7erik optimizasyonu<\/strong> : Anlay\u0131\u015f <strong>sayfalar\u0131n nas\u0131l yap\u0131land\u0131r\u0131laca\u011f\u0131 ve geli\u015ftirilece\u011fi<\/strong> g\u00f6r\u00fcn\u00fcrl\u00fcklerini en \u00fcst d\u00fczeye \u00e7\u0131karmak i\u00e7in se\u00e7ilen anahtar kelimeler etraf\u0131nda.<\/li>\n<\/ol>\n\n\n\n<div class=\"wp-block-buttons is-content-justification-center is-layout-flex wp-container-core-buttons-is-layout-16018d1d wp-block-buttons-is-layout-flex\">\n<div class=\"wp-block-button\"><a class=\"wp-block-button__link wp-element-button\" href=\"\/tr\/go\/signup\/\">SERPmantics'i \u00fccretsiz test edin<\/a><\/div>\n<\/div>\n\n\n\n<h4 class=\"wp-block-heading\"><strong>\u00c7\u00f6z\u00fcm: SERPmantics ile basit ve etkili bir yakla\u015f\u0131m<\/strong><\/h4>\n\n\n\n<p>Princess Lia'dan Laurie, basit \u00e7\u00f6z\u00fcmlerden a\u015f\u0131r\u0131 teknik se\u00e7eneklere kadar \u00e7e\u015fitli ara\u00e7lar\u0131 test ettikten sonra SERPmantics'i ke\u015ffetti. Bu ara\u00e7 bir <strong>m\u00fckemmel denge<\/strong> a <strong>basit ama g\u00fc\u00e7l\u00fc aray\u00fcz<\/strong>i\u00e7in <strong>i\u00e7eri\u011fi g\u00f6z a\u00e7\u0131p kapay\u0131ncaya kadar yap\u0131land\u0131r\u0131n ve optimize edin<\/strong>.<\/p>\n\n\n\n<p>Ekip taraf\u0131ndan en \u00e7ok takdir edilen \u00f6zellikler \u015funlard\u0131r:<\/p>\n\n\n\n<ul class=\"wp-block-list\">\n<li><strong>Anl\u0131k analiz<\/strong> Her sayfan\u0131n SEO performans\u0131 hakk\u0131nda net bir rapor ve nelerin iyile\u015ftirilmesi gerekti\u011fine dair \u00f6zel \u00f6neriler.<\/li>\n\n\n\n<li><strong>Anlamsal zenginle\u015ftirme<\/strong> A\u015f\u0131r\u0131 tekrardan ka\u00e7\u0131nmak ve metni zenginle\u015ftirmek i\u00e7in alternatif anahtar kelime \u00f6nerileri.<\/li>\n\n\n\n<li><strong>K\u0131yaslama<\/strong> : En iyi uygulamalar hakk\u0131nda ilham almak i\u00e7in en \u00fcst s\u0131ralardaki sayfalara ba\u015fvurma yetene\u011fi.<\/li>\n<\/ul>\n\n\n\n<div class=\"wp-block-columns is-layout-flex wp-container-core-columns-is-layout-9d6595d7 wp-block-columns-is-layout-flex\">\n<div class=\"wp-block-column is-layout-flow wp-block-column-is-layout-flow\" style=\"flex-basis:100%\">\n<div class=\"wp-block-buttons is-content-justification-center is-layout-flex wp-container-core-buttons-is-layout-16018d1d wp-block-buttons-is-layout-flex\">\n<div class=\"wp-block-button\"><a class=\"wp-block-button__link wp-element-button\" href=\"\/tr\/go\/signup\/\">SERPmantics'i \u00fccretsiz test edin<\/a><\/div>\n<\/div>\n<\/div>\n<\/div>\n\n\n\n<figure class=\"wp-block-image size-large\"><img loading=\"lazy\" decoding=\"async\" width=\"1024\" height=\"988\" src=\"https:\/\/serpmantics.com\/wp-content\/uploads\/2024\/08\/serpmantics-score-1024x988.png\" alt=\"\" class=\"wp-image-602\" srcset=\"https:\/\/serpmantics.com\/wp-content\/uploads\/2024\/08\/serpmantics-score-1024x988.png 1024w, https:\/\/serpmantics.com\/wp-content\/uploads\/2024\/08\/serpmantics-score-980x946.png 980w, https:\/\/serpmantics.com\/wp-content\/uploads\/2024\/08\/serpmantics-score-480x463.png 480w\" sizes=\"auto, (min-width: 0px) and (max-width: 480px) 480px, (min-width: 481px) and (max-width: 980px) 980px, (min-width: 981px) 1024px, 100vw\" \/><\/figure>\n\n\n\n<figure class=\"wp-block-image aligncenter size-full\"><img loading=\"lazy\" decoding=\"async\" width=\"400\" height=\"203\" src=\"https:\/\/serpmantics.com\/wp-content\/uploads\/2024\/08\/serpmantics-optimisation.gif\" alt=\"\" class=\"wp-image-597\"\/><\/figure>\n\n\n\n<h4 class=\"wp-block-heading\"><strong>Sonu\u00e7lar: \u00dcstel performans<\/strong><\/h4>\n\n\n\n<p>Princesse Lia'n\u0131n e-ticaret sitesinin elde etti\u011fi sonu\u00e7lar h\u0131zl\u0131 ve etkileyiciydi:<\/p>\n\n\n\n<ul class=\"wp-block-list\">\n<li><strong>Anahtar kelime konumland\u0131rma<\/strong> Sadece \u00fc\u00e7 ay i\u00e7inde \"kenevir ya\u011f\u0131 y\u00fcz\u00fc\" ve \"ayn\u0131sefa ya\u011f\u0131\" gibi anahtar kelimeler Google'da 35. s\u0131radan 2. s\u0131raya y\u00fckseldi.<\/li>\n<\/ul>\n\n\n\n<figure class=\"wp-block-image size-large\"><img loading=\"lazy\" decoding=\"async\" width=\"1024\" height=\"398\" src=\"https:\/\/serpmantics.com\/wp-content\/uploads\/2024\/08\/CleanShot-2024-08-26-at-17.58.04@2x-1024x398.png\" alt=\"\" class=\"wp-image-593\" srcset=\"https:\/\/serpmantics.com\/wp-content\/uploads\/2024\/08\/CleanShot-2024-08-26-at-17.58.04@2x-980x381.png 980w, https:\/\/serpmantics.com\/wp-content\/uploads\/2024\/08\/CleanShot-2024-08-26-at-17.58.04@2x-480x186.png 480w\" sizes=\"auto, (min-width: 0px) and (max-width: 480px) 480px, (min-width: 481px) and (max-width: 980px) 980px, (min-width: 981px) 1024px, 100vw\" \/><\/figure>\n\n\n\n<figure class=\"wp-block-image size-large\"><img loading=\"lazy\" decoding=\"async\" width=\"1024\" height=\"212\" src=\"https:\/\/serpmantics.com\/wp-content\/uploads\/2024\/08\/CleanShot-2024-08-26-at-17.54.35@2x-1024x212.png\" alt=\"\" class=\"wp-image-590\" srcset=\"https:\/\/serpmantics.com\/wp-content\/uploads\/2024\/08\/CleanShot-2024-08-26-at-17.54.35@2x-980x203.png 980w, https:\/\/serpmantics.com\/wp-content\/uploads\/2024\/08\/CleanShot-2024-08-26-at-17.54.35@2x-480x99.png 480w\" sizes=\"auto, (min-width: 0px) and (max-width: 480px) 480px, (min-width: 481px) and (max-width: 980px) 980px, (min-width: 981px) 1024px, 100vw\" \/><\/figure>\n\n\n\n<ul class=\"wp-block-list\">\n<li><strong>Artan trafik<\/strong> : Sitenin ayl\u0131k trafi\u011fi Eyl\u00fcl ay\u0131ndan bu yana (sadece birka\u00e7 ay i\u00e7inde) neredeyse iki kat\u0131na \u00e7\u0131kt\u0131 ve sonunda bir y\u0131l i\u00e7inde 27 kat artt\u0131 (SERPmantics'e ilk kay\u0131t olduklar\u0131nda 362 ziyaret\u00e7i\/ay iken bir y\u0131l sonra A\u011fustos ortas\u0131nda 9.641 ziyaret\u00e7i\/ay'a y\u00fckseldi).<\/li>\n<\/ul>\n\n\n\n<figure class=\"wp-block-image size-large\"><img loading=\"lazy\" decoding=\"async\" width=\"1024\" height=\"374\" src=\"https:\/\/serpmantics.com\/wp-content\/uploads\/2024\/08\/CleanShot-2024-08-26-at-17.55.26@2x-1024x374.png\" alt=\"\" class=\"wp-image-591\" srcset=\"https:\/\/serpmantics.com\/wp-content\/uploads\/2024\/08\/CleanShot-2024-08-26-at-17.55.26@2x-1024x374.png 1024w, https:\/\/serpmantics.com\/wp-content\/uploads\/2024\/08\/CleanShot-2024-08-26-at-17.55.26@2x-980x358.png 980w, https:\/\/serpmantics.com\/wp-content\/uploads\/2024\/08\/CleanShot-2024-08-26-at-17.55.26@2x-480x176.png 480w\" sizes=\"auto, (min-width: 0px) and (max-width: 480px) 480px, (min-width: 481px) and (max-width: 980px) 980px, (min-width: 981px) 1024px, 100vw\" \/><\/figure>\n\n\n\n<figure class=\"wp-block-image size-large\"><img loading=\"lazy\" decoding=\"async\" width=\"1024\" height=\"711\" src=\"https:\/\/serpmantics.com\/wp-content\/uploads\/2024\/08\/CleanShot-2024-08-26-at-13.40.51@2x-1024x711.png\" alt=\"\" class=\"wp-image-586\" srcset=\"https:\/\/serpmantics.com\/wp-content\/uploads\/2024\/08\/CleanShot-2024-08-26-at-13.40.51@2x-980x681.png 980w, https:\/\/serpmantics.com\/wp-content\/uploads\/2024\/08\/CleanShot-2024-08-26-at-13.40.51@2x-480x333.png 480w\" sizes=\"auto, (min-width: 0px) and (max-width: 480px) 480px, (min-width: 481px) and (max-width: 980px) 980px, (min-width: 981px) 1024px, 100vw\" \/><\/figure>\n\n\n\n<ul class=\"wp-block-list\">\n<li><strong>Sat\u0131\u015f rakamlar\u0131<\/strong> Sat\u0131\u015flar: Nitelikli trafikteki art\u0131\u015f sayesinde ayl\u0131k sat\u0131\u015flar ayda ortalama 25 % artt\u0131.<\/li>\n<\/ul>\n\n\n\n<p>Bu sonu\u00e7lar, Princesselia sitesinin s\u0131n\u0131rl\u0131 g\u00f6r\u00fcn\u00fcrl\u00fc\u011fe sahip y\u00fcksek performansl\u0131 bir site olmaktan \u00e7\u0131k\u0131p do\u011fal referanslama a\u00e7\u0131s\u0131ndan sekt\u00f6r\u00fcnde ger\u00e7ekten yerle\u015fik bir oyuncu haline gelmesini sa\u011flayan SERPmantics'in etkinli\u011fini kan\u0131tlamaktad\u0131r.<\/p>\n\n\n\n<div class=\"wp-block-buttons is-content-justification-center is-layout-flex wp-container-core-buttons-is-layout-16018d1d wp-block-buttons-is-layout-flex\">\n<div class=\"wp-block-button\"><a class=\"wp-block-button__link wp-element-button\" href=\"\/tr\/go\/signup\/\">Web sitemin SEO'sunu geli\u015ftirmek i\u00e7in kay\u0131t olmak istiyorum<\/a><\/div>\n<\/div>\n\n\n\n<h4 class=\"wp-block-heading\"><strong>Referans: Sorunsuz, K\u00e2rl\u0131 Bir Deneyim<\/strong><\/h4>\n\n\n\n<p>\"SERPmantics benim i\u00e7in <strong>SEO i\u00e7in \u00f6nemli bir ara\u00e7<\/strong>. Basit, etkili ve sayfalar\u0131m\u0131 h\u0131zl\u0131 bir \u015fekilde yap\u0131land\u0131rmam\u0131 ve geli\u015ftirmemi sa\u011flad\u0131. <strong>Sonu\u00e7lar sadece birka\u00e7 ay i\u00e7inde elle tutulur ve g\u00f6zle g\u00f6r\u00fcl\u00fcr hale geldi ki bu \u00e7ok cesaret verici.<\/strong> Bu bir <strong>karl\u0131 bir yat\u0131r\u0131mdan daha fazlas\u0131<\/strong> \u015firketimiz i\u00e7in.<\/p>\n\n\n\n<h4 class=\"wp-block-heading\"><strong>Fark yaratan bir yat\u0131r\u0131m<\/strong><\/h4>\n\n\n\n<p>Princess Lia'n\u0131n deneyimi, kozmetik gibi rekabet\u00e7i bir sekt\u00f6rde bile a\u015fa\u011f\u0131dakileri yapman\u0131n m\u00fcmk\u00fcn oldu\u011funu g\u00f6stermektedir <strong>\u0130yi d\u00fc\u015f\u00fcn\u00fclm\u00fc\u015f bir SEO stratejisi ve y\u00fcksek performansl\u0131 bir ara\u00e7 sayesinde kalabal\u0131\u011f\u0131n aras\u0131ndan s\u0131yr\u0131l\u0131n<\/strong>. SERPmantics sadece a\u015fa\u011f\u0131dakileri m\u00fcmk\u00fcn k\u0131lmakla kalmad\u0131<strong>sitenin g\u00f6r\u00fcn\u00fcrl\u00fc\u011f\u00fcn\u00fc ve trafi\u011fini \u00f6nemli \u00f6l\u00e7\u00fcde art\u0131rmak<\/strong>ama ayn\u0131 zamanda <strong>sat\u0131\u015flar\u0131 art\u0131rmak<\/strong>optimizasyon s\u00fcrecini kolayla\u015ft\u0131r\u0131rken.<\/p>\n\n\n\n<div class=\"wp-block-buttons is-content-justification-center is-layout-flex wp-container-core-buttons-is-layout-16018d1d wp-block-buttons-is-layout-flex\">\n<div class=\"wp-block-button\"><a class=\"wp-block-button__link wp-element-button\" href=\"\/tr\/go\/signup\/\">\u015eimdi SERPmantics'i deniyorum<\/a><\/div>\n<\/div>\n\n\n\n<p><\/p>","protected":false},"excerpt":{"rendered":"<p>princesselia.com est une entreprise de e-commerce sp\u00e9cialis\u00e9e dans la cosm\u00e9tique, a r\u00e9cemment d\u00e9cid\u00e9 de changer de CMS en juillet dernier. Leur site Internet, bien qu&rsquo;ayant une communaut\u00e9 solide, n\u2019avait jamais \u00e9t\u00e9 v\u00e9ritablement optimis\u00e9 pour le SEO. Malgr\u00e9 cela, l\u2019ann\u00e9e pr\u00e9c\u00e9dente, le site avait vu son chiffre d\u2019affaires doubler sans effort sp\u00e9cifique. Ce succ\u00e8s inattendu a [&hellip;]<\/p>","protected":false},"author":1,"featured_media":2841,"parent":0,"menu_order":0,"comment_status":"closed","ping_status":"closed","template":"","meta":{"_et_pb_use_builder":"off","_et_pb_old_content":"","_et_gb_content_width":"","footnotes":""},"class_list":["post-581","page","type-page","status-publish","has-post-thumbnail","hentry"],"yoast_head":"<!-- This site is optimized with the Yoast SEO plugin v23.2 - https:\/\/yoast.com\/wordpress\/plugins\/seo\/ -->\n<title>Multiplier son trafic SEO par 27 en optimisant ses contenus existants \ud83d\udcc8 - Etude de cas &amp; Avis SERPmantics de Princesse Lia<\/title>\n<meta name=\"robots\" content=\"index, follow, max-snippet:-1, max-image-preview:large, max-video-preview:-1\" \/>\n<link rel=\"canonical\" href=\"https:\/\/serpmantics.com\/tr\/princesselia-ornek-olay-incelemesi\/\" \/>\n<meta property=\"og:locale\" content=\"tr_TR\" \/>\n<meta property=\"og:type\" content=\"article\" \/>\n<meta property=\"og:title\" content=\"Multiplier son trafic SEO par 27 en optimisant ses contenus existants \ud83d\udcc8 - Etude de cas &amp; Avis SERPmantics de Princesse Lia\" \/>\n<meta property=\"og:description\" content=\"princesselia.com est une entreprise de e-commerce sp\u00e9cialis\u00e9e dans la cosm\u00e9tique, a r\u00e9cemment d\u00e9cid\u00e9 de changer de CMS en juillet dernier. Leur site Internet, bien qu&rsquo;ayant une communaut\u00e9 solide, n\u2019avait jamais \u00e9t\u00e9 v\u00e9ritablement optimis\u00e9 pour le SEO. Malgr\u00e9 cela, l\u2019ann\u00e9e pr\u00e9c\u00e9dente, le site avait vu son chiffre d\u2019affaires doubler sans effort sp\u00e9cifique. Ce succ\u00e8s inattendu a [&hellip;]\" \/>\n<meta property=\"og:url\" content=\"https:\/\/serpmantics.com\/tr\/princesselia-ornek-olay-incelemesi\/\" \/>\n<meta property=\"og:site_name\" content=\"SERPmantics\" \/>\n<meta property=\"article:modified_time\" content=\"2025-06-28T09:10:36+00:00\" \/>\n<meta property=\"og:image\" content=\"https:\/\/serpmantics.com\/wp-content\/uploads\/2025\/06\/SERPmantics-couverture-etude-de-cas-princesse-lia.png\" \/>\n\t<meta property=\"og:image:width\" content=\"1200\" \/>\n\t<meta property=\"og:image:height\" content=\"628\" \/>\n\t<meta property=\"og:image:type\" content=\"image\/png\" \/>\n<meta name=\"twitter:card\" content=\"summary_large_image\" \/>\n<meta name=\"twitter:label1\" content=\"Tahmini okuma s\u00fcresi\" \/>\n\t<meta name=\"twitter:data1\" content=\"5 dakika\" \/>\n<script type=\"application\/ld+json\" class=\"yoast-schema-graph\">{\"@context\":\"https:\/\/schema.org\",\"@graph\":[{\"@type\":\"WebPage\",\"@id\":\"https:\/\/serpmantics.com\/case-study-princesselia\/\",\"url\":\"https:\/\/serpmantics.com\/case-study-princesselia\/\",\"name\":\"Multiplier son trafic SEO par 27 en optimisant ses contenus existants \ud83d\udcc8 - Etude de cas &amp; Avis SERPmantics de Princesse Lia\",\"isPartOf\":{\"@id\":\"https:\/\/serpmantics.com\/#website\"},\"primaryImageOfPage\":{\"@id\":\"https:\/\/serpmantics.com\/case-study-princesselia\/#primaryimage\"},\"image\":{\"@id\":\"https:\/\/serpmantics.com\/case-study-princesselia\/#primaryimage\"},\"thumbnailUrl\":\"https:\/\/serpmantics.com\/wp-content\/uploads\/2025\/06\/SERPmantics-couverture-etude-de-cas-princesse-lia.png\",\"datePublished\":\"2024-08-27T08:58:39+00:00\",\"dateModified\":\"2025-06-28T09:10:36+00:00\",\"breadcrumb\":{\"@id\":\"https:\/\/serpmantics.com\/case-study-princesselia\/#breadcrumb\"},\"inLanguage\":\"tr\",\"potentialAction\":[{\"@type\":\"ReadAction\",\"target\":[\"https:\/\/serpmantics.com\/case-study-princesselia\/\"]}]},{\"@type\":\"ImageObject\",\"inLanguage\":\"tr\",\"@id\":\"https:\/\/serpmantics.com\/case-study-princesselia\/#primaryimage\",\"url\":\"https:\/\/serpmantics.com\/wp-content\/uploads\/2025\/06\/SERPmantics-couverture-etude-de-cas-princesse-lia.png\",\"contentUrl\":\"https:\/\/serpmantics.com\/wp-content\/uploads\/2025\/06\/SERPmantics-couverture-etude-de-cas-princesse-lia.png\",\"width\":1200,\"height\":628,\"caption\":\"Etude de cas SERPmantics x PrincesseLia\"},{\"@type\":\"BreadcrumbList\",\"@id\":\"https:\/\/serpmantics.com\/case-study-princesselia\/#breadcrumb\",\"itemListElement\":[{\"@type\":\"ListItem\",\"position\":1,\"name\":\"Home\",\"item\":\"https:\/\/serpmantics.com\/\"},{\"@type\":\"ListItem\",\"position\":2,\"name\":\"Multiplier son trafic SEO par 27 en optimisant ses contenus existants \ud83d\udcc8 &#8211; Etude de cas &amp; Avis SERPmantics de Princesse Lia\"}]},{\"@type\":\"WebSite\",\"@id\":\"https:\/\/serpmantics.com\/#website\",\"url\":\"https:\/\/serpmantics.com\/\",\"name\":\"SERPmantics\",\"description\":\"L&#039;Optimisation S\u00e9mantique pouss\u00e9e pour passer 1er sur Google\",\"potentialAction\":[{\"@type\":\"SearchAction\",\"target\":{\"@type\":\"EntryPoint\",\"urlTemplate\":\"https:\/\/serpmantics.com\/?s={search_term_string}\"},\"query-input\":\"required name=search_term_string\"}],\"inLanguage\":\"tr\"}]}<\/script>\n<!-- \/ Yoast SEO plugin. -->","yoast_head_json":{"title":"Multiplier son trafic SEO par 27 en optimisant ses contenus existants \ud83d\udcc8 - Etude de cas &amp; Avis SERPmantics de Princesse Lia","robots":{"index":"index","follow":"follow","max-snippet":"max-snippet:-1","max-image-preview":"max-image-preview:large","max-video-preview":"max-video-preview:-1"},"canonical":"https:\/\/serpmantics.com\/tr\/princesselia-ornek-olay-incelemesi\/","og_locale":"tr_TR","og_type":"article","og_title":"Multiplier son trafic SEO par 27 en optimisant ses contenus existants \ud83d\udcc8 - Etude de cas &amp; Avis SERPmantics de Princesse Lia","og_description":"princesselia.com est une entreprise de e-commerce sp\u00e9cialis\u00e9e dans la cosm\u00e9tique, a r\u00e9cemment d\u00e9cid\u00e9 de changer de CMS en juillet dernier. Leur site Internet, bien qu&rsquo;ayant une communaut\u00e9 solide, n\u2019avait jamais \u00e9t\u00e9 v\u00e9ritablement optimis\u00e9 pour le SEO. Malgr\u00e9 cela, l\u2019ann\u00e9e pr\u00e9c\u00e9dente, le site avait vu son chiffre d\u2019affaires doubler sans effort sp\u00e9cifique. Ce succ\u00e8s inattendu a [&hellip;]","og_url":"https:\/\/serpmantics.com\/tr\/princesselia-ornek-olay-incelemesi\/","og_site_name":"SERPmantics","article_modified_time":"2025-06-28T09:10:36+00:00","og_image":[{"width":1200,"height":628,"url":"https:\/\/serpmantics.com\/wp-content\/uploads\/2025\/06\/SERPmantics-couverture-etude-de-cas-princesse-lia.png","type":"image\/png"}],"twitter_card":"summary_large_image","twitter_misc":{"Tahmini okuma s\u00fcresi":"5 dakika"},"schema":{"@context":"https:\/\/schema.org","@graph":[{"@type":"WebPage","@id":"https:\/\/serpmantics.com\/case-study-princesselia\/","url":"https:\/\/serpmantics.com\/case-study-princesselia\/","name":"Multiplier son trafic SEO par 27 en optimisant ses contenus existants \ud83d\udcc8 - Etude de cas &amp; Avis SERPmantics de Princesse Lia","isPartOf":{"@id":"https:\/\/serpmantics.com\/#website"},"primaryImageOfPage":{"@id":"https:\/\/serpmantics.com\/case-study-princesselia\/#primaryimage"},"image":{"@id":"https:\/\/serpmantics.com\/case-study-princesselia\/#primaryimage"},"thumbnailUrl":"https:\/\/serpmantics.com\/wp-content\/uploads\/2025\/06\/SERPmantics-couverture-etude-de-cas-princesse-lia.png","datePublished":"2024-08-27T08:58:39+00:00","dateModified":"2025-06-28T09:10:36+00:00","breadcrumb":{"@id":"https:\/\/serpmantics.com\/case-study-princesselia\/#breadcrumb"},"inLanguage":"tr","potentialAction":[{"@type":"ReadAction","target":["https:\/\/serpmantics.com\/case-study-princesselia\/"]}]},{"@type":"ImageObject","inLanguage":"tr","@id":"https:\/\/serpmantics.com\/case-study-princesselia\/#primaryimage","url":"https:\/\/serpmantics.com\/wp-content\/uploads\/2025\/06\/SERPmantics-couverture-etude-de-cas-princesse-lia.png","contentUrl":"https:\/\/serpmantics.com\/wp-content\/uploads\/2025\/06\/SERPmantics-couverture-etude-de-cas-princesse-lia.png","width":1200,"height":628,"caption":"Etude de cas SERPmantics x PrincesseLia"},{"@type":"BreadcrumbList","@id":"https:\/\/serpmantics.com\/case-study-princesselia\/#breadcrumb","itemListElement":[{"@type":"ListItem","position":1,"name":"Home","item":"https:\/\/serpmantics.com\/"},{"@type":"ListItem","position":2,"name":"Multiplier son trafic SEO par 27 en optimisant ses contenus existants \ud83d\udcc8 &#8211; Etude de cas &amp; Avis SERPmantics de Princesse Lia"}]},{"@type":"WebSite","@id":"https:\/\/serpmantics.com\/#website","url":"https:\/\/serpmantics.com\/","name":"SERPmantics","description":"L&#039;Optimisation S\u00e9mantique pouss\u00e9e pour passer 1er sur Google","potentialAction":[{"@type":"SearchAction","target":{"@type":"EntryPoint","urlTemplate":"https:\/\/serpmantics.com\/?s={search_term_string}"},"query-input":"required name=search_term_string"}],"inLanguage":"tr"}]}},"_links":{"self":[{"href":"https:\/\/serpmantics.com\/tr\/wp-json\/wp\/v2\/pages\/581","targetHints":{"allow":["GET"]}}],"collection":[{"href":"https:\/\/serpmantics.com\/tr\/wp-json\/wp\/v2\/pages"}],"about":[{"href":"https:\/\/serpmantics.com\/tr\/wp-json\/wp\/v2\/types\/page"}],"author":[{"embeddable":true,"href":"https:\/\/serpmantics.com\/tr\/wp-json\/wp\/v2\/users\/1"}],"replies":[{"embeddable":true,"href":"https:\/\/serpmantics.com\/tr\/wp-json\/wp\/v2\/comments?post=581"}],"version-history":[{"count":15,"href":"https:\/\/serpmantics.com\/tr\/wp-json\/wp\/v2\/pages\/581\/revisions"}],"predecessor-version":[{"id":605,"href":"https:\/\/serpmantics.com\/tr\/wp-json\/wp\/v2\/pages\/581\/revisions\/605"}],"wp:featuredmedia":[{"embeddable":true,"href":"https:\/\/serpmantics.com\/tr\/wp-json\/wp\/v2\/media\/2841"}],"wp:attachment":[{"href":"https:\/\/serpmantics.com\/tr\/wp-json\/wp\/v2\/media?parent=581"}],"curies":[{"name":"wp","href":"https:\/\/api.w.org\/{rel}","templated":true}]}}