{"id":2724,"date":"2025-06-23T13:01:24","date_gmt":"2025-06-23T13:01:24","guid":{"rendered":"https:\/\/serpmantics.com\/?page_id=2724"},"modified":"2025-06-28T09:08:25","modified_gmt":"2025-06-28T09:08:25","slug":"case-study-aurelien-richard","status":"publish","type":"page","link":"https:\/\/serpmantics.com\/tr\/case-study-aurelien-richard\/","title":{"rendered":"SERPmantics aide Aur\u00e9lien \u00e0 optimiser les contenus de ses clients pour le SEO"},"content":{"rendered":"<h2 class=\"wp-block-heading\">Pr\u00e9sentation du client&nbsp;<\/h2>\n\n\n\n<p>Aur\u00e9lien Richard est <strong>consultant SEO freelance.<\/strong> Apr\u00e8s plusieurs ann\u00e9es d&rsquo;exp\u00e9rience en marketing digital (CRM, automation, r\u00e9daction, copywriting), il d\u00e9cide de se sp\u00e9cialiser dans le<strong> do\u011fal referanslama<\/strong>, un domaine qui allie ses deux passions : l&rsquo;analyse technique et la r\u00e9daction de contenu. De mani\u00e8re \u00e0 proposer un service de <strong>Kalite <\/strong>\u00e0 ses futurs clients, Aur\u00e9lien se forme (Live Mentor, bootcamps, vid\u00e9os YouTube sur le SEO) avant de se lancer \u00e0 plein temps en tant qu&rsquo;<strong>ind\u00e9pendant.<\/strong><\/p>\n\n\n\n<p>Il travaille actuellement avec une entreprise sp\u00e9cialis\u00e9e dans le recrutement de personnel de maison de luxe. Leur objectif est de<strong> d\u00e9velopper la version francophone de leur site<\/strong> pour mieux atteindre ce march\u00e9. Sa mission principale :&nbsp;<\/p>\n\n\n\n<ul class=\"wp-block-list\">\n<li>cr\u00e9er des landing pages<strong> optimis\u00e9es SEO<\/strong> ;<\/li>\n\n\n\n<li>produire un <strong>kaliteli i\u00e7erik<\/strong>, en coh\u00e9rence avec les valeurs de la marque ;<\/li>\n\n\n\n<li>structurer une strat\u00e9gie de contenu claire, cibl\u00e9e et performante<\/li>\n<\/ul>\n\n\n\n<h2 class=\"wp-block-heading\">Avant l\u2019utilisation de SERPmantics&nbsp;<\/h2>\n\n\n\n<p>Avant d&rsquo;utiliser <strong>SERPmantics<\/strong>, Aur\u00e9lien travaillait avec une m\u00e9thode essentiellement <strong>manuelle <\/strong>:&nbsp;<\/p>\n\n\n\n<ul class=\"wp-block-list\">\n<li>analyse artisanale de la <strong>SERP <\/strong>;<\/li>\n\n\n\n<li>r\u00e9flexion sur les <strong>ara\u015ft\u0131rma niyetleri<\/strong> ;<\/li>\n\n\n\n<li>analyse des <strong>rakipler <\/strong>;<\/li>\n\n\n\n<li>recherche des<strong> <\/strong>bons <strong>anahtar kelimeler<\/strong> et du bon champ lexical .<\/li>\n<\/ul>\n\n\n\n<p>Mais rapidement, plusieurs <strong>frustrations <\/strong>apparaissent :&nbsp;<\/p>\n\n\n\n<ul class=\"wp-block-list\">\n<li>a <strong>difficult\u00e9 \u00e0 identifier les bons mots-cl\u00e9s<\/strong> et le champ lexical adapt\u00e9 ;<\/li>\n\n\n\n<li>a <strong>incertitude sur l&rsquo;optimisation <\/strong>r\u00e9elle de ses contenus et le positionnement de ses pages ;<\/li>\n\n\n\n<li>itibaren <strong>doutes <\/strong>sur la <strong>yap\u0131 <\/strong>de ses contenus.<\/li>\n<\/ul>\n\n\n\n<p>Lorsqu&rsquo;on lui demande ce qui lui prenait le plus de temps, voici ce qu&rsquo;il r\u00e9pond :<\/p>\n\n\n\n<blockquote class=\"wp-block-quote is-layout-flow wp-block-quote-is-layout-flow\">\n<p><em><em>\"\u00a0<\/em>de ne pas avoir un plan bien d\u00e9fini et aussi quel champ lexical utiliser, quel mot cl\u00e9, combien de fois les r\u00e9p\u00e9ter.\u00a0\u00bb<\/em><\/p>\n<\/blockquote>\n\n\n\n<h2 class=\"wp-block-heading\">La solution : SERPmantics pour structurer, guider et affiner<\/h2>\n\n\n\n<p>Aur\u00e9lien d\u00e9couvre l\u2019outil <strong>SERPmantics <\/strong>et l&rsquo;int\u00e8gre dans son processus, ce qui <strong>automatise <\/strong>un bon nombre d\u2019\u00e9l\u00e9ments. Il s\u2019agit d\u2019un<strong> outil d\u2019optimisation s\u00e9mantique<\/strong> qui aide \u00e0 <strong>l\u2019am\u00e9lioration de la qualit\u00e9 <\/strong>de contenus optimis\u00e9s pour le <strong>do\u011fal referanslama<\/strong> et pour les <strong>internautes<\/strong>. Voici les principales fonctionnalit\u00e9s de l\u2019outil qui lui plaisent :<\/p>\n\n\n\n<h3 class=\"wp-block-heading\">L\u2019analyse fine des intentions de recherche<\/h3>\n\n\n\n<p>SERPmantics<strong> analyse la SERP <\/strong>et identifie automatiquement les<strong> ara\u015ft\u0131rma niyetleri <\/strong>dominantes pour un mot-cl\u00e9 cibl\u00e9. Cela lui permet de savoir quels titres utiliser et quels sujets aborder dans ses contenus. L\u2019outil donne aussi une <strong>liste de mots cl\u00e9s \u00e0 int\u00e9grer et \u00e0 \u00e9viter<\/strong>, une fonctionnalit\u00e9 qu\u2019il juge<strong> tr\u00e8s utile.<\/strong><\/p>\n\n\n\n<blockquote class=\"wp-block-quote is-layout-flow wp-block-quote-is-layout-flow\">\n<p><em>\u00ab\u00a0Le truc qui vraiment me pla\u00eet beaucoup chez SERPmantics, c&rsquo;est l&rsquo;identification des intentions de recherche<\/em> (&#8230;) <em>\u00e7a permet vraiment de voir directement gr\u00e2ce \u00e0 \u00e7a qu&rsquo;est-ce que recherchent vraiment les personnes.\u00a0\u00bb<\/em><\/p>\n<\/blockquote>\n\n\n\n<blockquote class=\"wp-block-quote is-layout-flow wp-block-quote-is-layout-flow\">\n<p><em>\u201cJ&rsquo;ai bien aim\u00e9 SERPmantics parce que le truc qui est un peu diff\u00e9rent c&rsquo;est aussi qu&rsquo;il met les mots cl\u00e9s \u00e0 \u00e9viter et \u00e7a c&rsquo;est un truc que les autres outils ne font pas.\u201d<\/em><\/p>\n<\/blockquote>\n\n\n\n<h3 class=\"wp-block-heading\">Le plan de contenu d\u00e9taill\u00e9 et directement exploitable<\/h3>\n\n\n\n<p>L\u2019outil offre la possibilit\u00e9 d\u2019avoir <strong>en un clic un plan de contenu<\/strong> align\u00e9 avec les intentions de recherches et les attentes de Google. Cela fait <strong>de\u011ferli zamandan tasarruf edin<\/strong> \u00e0 Aur\u00e9lien qui peut se concentrer sur la r\u00e9daction, en ayant l&rsquo;assurance d&rsquo;un plan SEO-friendly.<\/p>\n\n\n\n<blockquote class=\"wp-block-quote is-layout-flow wp-block-quote-is-layout-flow\">\n<p><em>\u00ab\u00a0La g\u00e9n\u00e9ration du plan est vraiment tr\u00e8s tr\u00e8s bonne (&#8230;) avoir un plan comme il est d\u00e9taill\u00e9 sur SERPmantics, \u00e7a tient vraiment la route. Tu as juste apr\u00e8s \u00e0 faire tes paragraphes et puis c&rsquo;est bon.\u00a0\u00bb<\/em><\/p>\n<\/blockquote>\n\n\n\n<h3 class=\"wp-block-heading\">Le score d&rsquo;optimisation&nbsp;<\/h3>\n\n\n\n<p>Lors de la r\u00e9daction de contenus dans <strong>l\u2019\u00e9diteur de l\u2019outil<\/strong>, celui-ci calcule en temps r\u00e9el un score d\u2019optimisation en fonction du suivi des recommandations, ce qui permet \u00e0 Aur\u00e9lien de<strong> valider la qualit\u00e9 de son contenu. <\/strong>Il appr\u00e9cie beaucoup ce syst\u00e8me de scoring : lorsqu\u2019il r\u00e9dige un contenu dans l\u2019outil il sait maintenant s\u2019il se positionne mieux que les pages concurrentes ou moins bien.<\/p>\n\n\n\n<h3 class=\"wp-block-heading\">Les suggestions de maillage interne<\/h3>\n\n\n\n<p>SERPmantics poss\u00e8de une fonctionnalit\u00e9 d\u00e9di\u00e9e <strong>au maillage interne.<\/strong> Il sugg\u00e8re des <strong>opportunit\u00e9s de liens<\/strong> entrants et sortants \u00e0 int\u00e9grer dans son contenu pour <strong>l\u2019optimiser<\/strong>.<\/p>\n\n\n\n<blockquote class=\"wp-block-quote is-layout-flow wp-block-quote-is-layout-flow\">\n<p><em>\u00ab\u00a0Le truc qui est super int\u00e9ressant aussi sur SERPmantics, c&rsquo;est de pouvoir avoir une suggestion de tout ce qui est maillage interne. Le faire \u00e0 la main, bon \u00e7a peut prendre un peu de temps.\u00a0\u00bb<\/em><\/p>\n<\/blockquote>\n\n\n\n<h2 class=\"wp-block-heading\">Ressenti global du client apr\u00e8s 2 mois d\u2019utilisation<\/h2>\n\n\n\n<p>Aur\u00e9lien appr\u00e9cie l\u2019outil, notamment avec son <strong>sezgisel aray\u00fcz<\/strong> et sa facilit\u00e9 de prise en main.<\/p>\n\n\n\n<blockquote class=\"wp-block-quote is-layout-flow wp-block-quote-is-layout-flow\">\n<p><em> \u201cJe trouve \u00e7a archi simple, franchement tr\u00e8s facile. Franchement c\u2019est tr\u00e8s tr\u00e8s facile.\u201d<\/em><\/p>\n<\/blockquote>\n\n\n\n<p>De plus, il appr\u00e9cie la <strong>qualit\u00e9 des recommandations<\/strong> donn\u00e9es par l\u2019outil.<\/p>\n\n\n\n<blockquote class=\"wp-block-quote is-layout-flow wp-block-quote-is-layout-flow\">\n<p><em>\u201cJ&rsquo;\u00e9tais vraiment tr\u00e8s surpris de la qualit\u00e9 (&#8230;) Au final, je me suis rendu compte que parfois c&rsquo;est pas forc\u00e9ment ceux dont on parle le plus qui sont les meilleurs\u201d.<\/em><\/p>\n<\/blockquote>\n\n\n\n<p>Voici ce qu&rsquo;il dirait \u00e0 quelqu&rsquo;un qui h\u00e9site \u00e0 utiliser <strong>SERPmantics <\/strong>i\u00e7in<strong> l\u2019optimisation de ses contenus<\/strong> :<\/p>\n\n\n\n<blockquote class=\"wp-block-quote is-layout-flow wp-block-quote-is-layout-flow\">\n<p><em>\u00ab\u00a0Je lui dirais que s&rsquo;il veut un outil o\u00f9 il y a un truc ultra qualitatif qui se positionne directement en analysant les intentions de recherche sur les pages actuelles de Google et qu\u2019il veut un plan ultra d\u00e9taill\u00e9 qu&rsquo;il fonce direct sur SERPmantics.\u00a0\u00bb<\/em><\/p>\n<\/blockquote>","protected":false},"excerpt":{"rendered":"<p>Pr\u00e9sentation du client&nbsp; Aur\u00e9lien Richard est consultant SEO freelance. Apr\u00e8s plusieurs ann\u00e9es d&rsquo;exp\u00e9rience en marketing digital (CRM, automation, r\u00e9daction, copywriting), il d\u00e9cide de se sp\u00e9cialiser dans le r\u00e9f\u00e9rencement naturel, un domaine qui allie ses deux passions : l&rsquo;analyse technique et la r\u00e9daction de contenu. De mani\u00e8re \u00e0 proposer un service de qualit\u00e9 \u00e0 ses futurs [&hellip;]<\/p>","protected":false},"author":1,"featured_media":2837,"parent":0,"menu_order":0,"comment_status":"closed","ping_status":"closed","template":"","meta":{"_et_pb_use_builder":"off","_et_pb_old_content":"","_et_gb_content_width":"","footnotes":""},"class_list":["post-2724","page","type-page","status-publish","has-post-thumbnail","hentry"],"yoast_head":"<!-- This site is optimized with the Yoast SEO plugin v23.2 - https:\/\/yoast.com\/wordpress\/plugins\/seo\/ -->\n<title>SERPmantics aide Aur\u00e9lien \u00e0 optimiser les contenus de ses clients pour le SEO<\/title>\n<meta name=\"robots\" content=\"index, follow, max-snippet:-1, max-image-preview:large, max-video-preview:-1\" \/>\n<link rel=\"canonical\" href=\"https:\/\/serpmantics.com\/tr\/case-study-aurelien-richard\/\" \/>\n<meta property=\"og:locale\" content=\"tr_TR\" \/>\n<meta property=\"og:type\" content=\"article\" \/>\n<meta property=\"og:title\" content=\"SERPmantics aide Aur\u00e9lien \u00e0 optimiser les contenus de ses clients pour le SEO\" \/>\n<meta property=\"og:description\" content=\"Pr\u00e9sentation du client&nbsp; Aur\u00e9lien Richard est consultant SEO freelance. Apr\u00e8s plusieurs ann\u00e9es d&rsquo;exp\u00e9rience en marketing digital (CRM, automation, r\u00e9daction, copywriting), il d\u00e9cide de se sp\u00e9cialiser dans le r\u00e9f\u00e9rencement naturel, un domaine qui allie ses deux passions : l&rsquo;analyse technique et la r\u00e9daction de contenu. De mani\u00e8re \u00e0 proposer un service de qualit\u00e9 \u00e0 ses futurs [&hellip;]\" \/>\n<meta property=\"og:url\" content=\"https:\/\/serpmantics.com\/tr\/case-study-aurelien-richard\/\" \/>\n<meta property=\"og:site_name\" content=\"SERPmantics\" \/>\n<meta property=\"article:modified_time\" content=\"2025-06-28T09:08:25+00:00\" \/>\n<meta property=\"og:image\" content=\"https:\/\/serpmantics.com\/wp-content\/uploads\/2025\/06\/SERPmantics-couverture-etude-de-cas-aurelien.png\" \/>\n\t<meta property=\"og:image:width\" content=\"1200\" \/>\n\t<meta property=\"og:image:height\" content=\"628\" \/>\n\t<meta property=\"og:image:type\" content=\"image\/png\" \/>\n<meta name=\"twitter:card\" content=\"summary_large_image\" \/>\n<meta name=\"twitter:label1\" content=\"Tahmini okuma s\u00fcresi\" \/>\n\t<meta name=\"twitter:data1\" content=\"3 dakika\" \/>\n<script type=\"application\/ld+json\" class=\"yoast-schema-graph\">{\"@context\":\"https:\/\/schema.org\",\"@graph\":[{\"@type\":\"WebPage\",\"@id\":\"https:\/\/serpmantics.com\/case-study-aurelien-richard\/\",\"url\":\"https:\/\/serpmantics.com\/case-study-aurelien-richard\/\",\"name\":\"SERPmantics aide Aur\u00e9lien \u00e0 optimiser les contenus de ses clients pour le SEO\",\"isPartOf\":{\"@id\":\"https:\/\/serpmantics.com\/#website\"},\"primaryImageOfPage\":{\"@id\":\"https:\/\/serpmantics.com\/case-study-aurelien-richard\/#primaryimage\"},\"image\":{\"@id\":\"https:\/\/serpmantics.com\/case-study-aurelien-richard\/#primaryimage\"},\"thumbnailUrl\":\"https:\/\/serpmantics.com\/wp-content\/uploads\/2025\/06\/SERPmantics-couverture-etude-de-cas-aurelien.png\",\"datePublished\":\"2025-06-23T13:01:24+00:00\",\"dateModified\":\"2025-06-28T09:08:25+00:00\",\"breadcrumb\":{\"@id\":\"https:\/\/serpmantics.com\/case-study-aurelien-richard\/#breadcrumb\"},\"inLanguage\":\"tr\",\"potentialAction\":[{\"@type\":\"ReadAction\",\"target\":[\"https:\/\/serpmantics.com\/case-study-aurelien-richard\/\"]}]},{\"@type\":\"ImageObject\",\"inLanguage\":\"tr\",\"@id\":\"https:\/\/serpmantics.com\/case-study-aurelien-richard\/#primaryimage\",\"url\":\"https:\/\/serpmantics.com\/wp-content\/uploads\/2025\/06\/SERPmantics-couverture-etude-de-cas-aurelien.png\",\"contentUrl\":\"https:\/\/serpmantics.com\/wp-content\/uploads\/2025\/06\/SERPmantics-couverture-etude-de-cas-aurelien.png\",\"width\":1200,\"height\":628,\"caption\":\"Etude de cas SERPmantics d'un consultant ind\u00e9pendant\"},{\"@type\":\"BreadcrumbList\",\"@id\":\"https:\/\/serpmantics.com\/case-study-aurelien-richard\/#breadcrumb\",\"itemListElement\":[{\"@type\":\"ListItem\",\"position\":1,\"name\":\"Home\",\"item\":\"https:\/\/serpmantics.com\/\"},{\"@type\":\"ListItem\",\"position\":2,\"name\":\"SERPmantics aide Aur\u00e9lien \u00e0 optimiser les contenus de ses clients pour le SEO\"}]},{\"@type\":\"WebSite\",\"@id\":\"https:\/\/serpmantics.com\/#website\",\"url\":\"https:\/\/serpmantics.com\/\",\"name\":\"SERPmantics\",\"description\":\"L&#039;Optimisation S\u00e9mantique pouss\u00e9e pour passer 1er sur Google\",\"potentialAction\":[{\"@type\":\"SearchAction\",\"target\":{\"@type\":\"EntryPoint\",\"urlTemplate\":\"https:\/\/serpmantics.com\/?s={search_term_string}\"},\"query-input\":\"required name=search_term_string\"}],\"inLanguage\":\"tr\"}]}<\/script>\n<!-- \/ Yoast SEO plugin. -->","yoast_head_json":{"title":"SERPmantics aide Aur\u00e9lien \u00e0 optimiser les contenus de ses clients pour le SEO","robots":{"index":"index","follow":"follow","max-snippet":"max-snippet:-1","max-image-preview":"max-image-preview:large","max-video-preview":"max-video-preview:-1"},"canonical":"https:\/\/serpmantics.com\/tr\/case-study-aurelien-richard\/","og_locale":"tr_TR","og_type":"article","og_title":"SERPmantics aide Aur\u00e9lien \u00e0 optimiser les contenus de ses clients pour le SEO","og_description":"Pr\u00e9sentation du client&nbsp; Aur\u00e9lien Richard est consultant SEO freelance. Apr\u00e8s plusieurs ann\u00e9es d&rsquo;exp\u00e9rience en marketing digital (CRM, automation, r\u00e9daction, copywriting), il d\u00e9cide de se sp\u00e9cialiser dans le r\u00e9f\u00e9rencement naturel, un domaine qui allie ses deux passions : l&rsquo;analyse technique et la r\u00e9daction de contenu. De mani\u00e8re \u00e0 proposer un service de qualit\u00e9 \u00e0 ses futurs [&hellip;]","og_url":"https:\/\/serpmantics.com\/tr\/case-study-aurelien-richard\/","og_site_name":"SERPmantics","article_modified_time":"2025-06-28T09:08:25+00:00","og_image":[{"width":1200,"height":628,"url":"https:\/\/serpmantics.com\/wp-content\/uploads\/2025\/06\/SERPmantics-couverture-etude-de-cas-aurelien.png","type":"image\/png"}],"twitter_card":"summary_large_image","twitter_misc":{"Tahmini okuma s\u00fcresi":"3 dakika"},"schema":{"@context":"https:\/\/schema.org","@graph":[{"@type":"WebPage","@id":"https:\/\/serpmantics.com\/case-study-aurelien-richard\/","url":"https:\/\/serpmantics.com\/case-study-aurelien-richard\/","name":"SERPmantics aide Aur\u00e9lien \u00e0 optimiser les contenus de ses clients pour le SEO","isPartOf":{"@id":"https:\/\/serpmantics.com\/#website"},"primaryImageOfPage":{"@id":"https:\/\/serpmantics.com\/case-study-aurelien-richard\/#primaryimage"},"image":{"@id":"https:\/\/serpmantics.com\/case-study-aurelien-richard\/#primaryimage"},"thumbnailUrl":"https:\/\/serpmantics.com\/wp-content\/uploads\/2025\/06\/SERPmantics-couverture-etude-de-cas-aurelien.png","datePublished":"2025-06-23T13:01:24+00:00","dateModified":"2025-06-28T09:08:25+00:00","breadcrumb":{"@id":"https:\/\/serpmantics.com\/case-study-aurelien-richard\/#breadcrumb"},"inLanguage":"tr","potentialAction":[{"@type":"ReadAction","target":["https:\/\/serpmantics.com\/case-study-aurelien-richard\/"]}]},{"@type":"ImageObject","inLanguage":"tr","@id":"https:\/\/serpmantics.com\/case-study-aurelien-richard\/#primaryimage","url":"https:\/\/serpmantics.com\/wp-content\/uploads\/2025\/06\/SERPmantics-couverture-etude-de-cas-aurelien.png","contentUrl":"https:\/\/serpmantics.com\/wp-content\/uploads\/2025\/06\/SERPmantics-couverture-etude-de-cas-aurelien.png","width":1200,"height":628,"caption":"Etude de cas SERPmantics d'un consultant ind\u00e9pendant"},{"@type":"BreadcrumbList","@id":"https:\/\/serpmantics.com\/case-study-aurelien-richard\/#breadcrumb","itemListElement":[{"@type":"ListItem","position":1,"name":"Home","item":"https:\/\/serpmantics.com\/"},{"@type":"ListItem","position":2,"name":"SERPmantics aide Aur\u00e9lien \u00e0 optimiser les contenus de ses clients pour le SEO"}]},{"@type":"WebSite","@id":"https:\/\/serpmantics.com\/#website","url":"https:\/\/serpmantics.com\/","name":"SERPmantics","description":"L&#039;Optimisation S\u00e9mantique pouss\u00e9e pour passer 1er sur Google","potentialAction":[{"@type":"SearchAction","target":{"@type":"EntryPoint","urlTemplate":"https:\/\/serpmantics.com\/?s={search_term_string}"},"query-input":"required name=search_term_string"}],"inLanguage":"tr"}]}},"_links":{"self":[{"href":"https:\/\/serpmantics.com\/tr\/wp-json\/wp\/v2\/pages\/2724","targetHints":{"allow":["GET"]}}],"collection":[{"href":"https:\/\/serpmantics.com\/tr\/wp-json\/wp\/v2\/pages"}],"about":[{"href":"https:\/\/serpmantics.com\/tr\/wp-json\/wp\/v2\/types\/page"}],"author":[{"embeddable":true,"href":"https:\/\/serpmantics.com\/tr\/wp-json\/wp\/v2\/users\/1"}],"replies":[{"embeddable":true,"href":"https:\/\/serpmantics.com\/tr\/wp-json\/wp\/v2\/comments?post=2724"}],"version-history":[{"count":2,"href":"https:\/\/serpmantics.com\/tr\/wp-json\/wp\/v2\/pages\/2724\/revisions"}],"predecessor-version":[{"id":2729,"href":"https:\/\/serpmantics.com\/tr\/wp-json\/wp\/v2\/pages\/2724\/revisions\/2729"}],"wp:featuredmedia":[{"embeddable":true,"href":"https:\/\/serpmantics.com\/tr\/wp-json\/wp\/v2\/media\/2837"}],"wp:attachment":[{"href":"https:\/\/serpmantics.com\/tr\/wp-json\/wp\/v2\/media?parent=2724"}],"curies":[{"name":"wp","href":"https:\/\/api.w.org\/{rel}","templated":true}]}}