{"id":137,"date":"2023-07-03T08:28:23","date_gmt":"2023-07-03T08:28:23","guid":{"rendered":"https:\/\/serpmantics.com\/?page_id=137"},"modified":"2025-08-05T09:03:40","modified_gmt":"2025-08-05T07:03:40","slug":"conditions-affiliation","status":"publish","type":"page","link":"https:\/\/serpmantics.com\/tr\/uyeli\u0307k-kosullari\/","title":{"rendered":"SERPmantics i\u00e7in Ortakl\u0131k H\u00fck\u00fcm ve Ko\u015fullar\u0131"},"content":{"rendered":"<h2 class=\"wp-block-heading\">1. Uygunluk<\/h2>\n\n\n\n<p>Ortakl\u0131k program\u0131m\u0131za kat\u0131labilmek i\u00e7in y\u00fcr\u00fcrl\u00fckteki t\u00fcm yasa ve y\u00f6netmeliklere uyman\u0131z ve sald\u0131rgan, karalay\u0131c\u0131 veya yasa d\u0131\u015f\u0131 davran\u0131\u015flarda bulunmaman\u0131z gerekir. SERPmantics.com, tamamen kendi takdirine ba\u011fl\u0131 olarak herhangi bir ortakl\u0131k ba\u015fvuru sahibinin kabul\u00fcn\u00fc reddetme hakk\u0131n\u0131 sakl\u0131 tutar.<\/p>\n\n\n\n<h2 class=\"wp-block-heading\">2. Ortakl\u0131k tan\u0131mlama ve URL olu\u015fturma<\/h2>\n\n\n\n<p>Bir sat\u0131\u015f orta\u011f\u0131 olarak, benzersiz sat\u0131\u015f orta\u011f\u0131 tan\u0131mlay\u0131c\u0131n\u0131z (affid) ile etiketlenmi\u015f URL'ler olu\u015fturabilirsiniz. Bu tan\u0131mlay\u0131c\u0131, sat\u0131\u015f ortakl\u0131\u011f\u0131 program\u0131m\u0131za kaydoldu\u011funuzda size verilir ve sitemize ba\u011flant\u0131lar olu\u015fturmak i\u00e7in kullan\u0131labilir. Bu i\u015flevlere bu adresten eri\u015filebilir: <a href=\"https:\/\/app.serpmantics.com\/promote\">https:\/\/app.serpmantics.com\/promote<\/a>&nbsp;<\/p>\n\n\n\n<h2 class=\"wp-block-heading\">3. \u0130zlenebilirlik ve Komisyon<\/h2>\n\n\n\n<p>Bir kullan\u0131c\u0131 sat\u0131\u015f orta\u011f\u0131 ba\u011flant\u0131n\u0131z arac\u0131l\u0131\u011f\u0131yla sitemizi ziyaret etti\u011finde, 30 g\u00fcn boyunca ge\u00e7erli bir \u00e7erez olu\u015fturulur. Bu kullan\u0131c\u0131 bu s\u00fcre i\u00e7inde bir hesap olu\u015fturursa, bu hesap sizin sat\u0131\u015f orta\u011f\u0131 kimli\u011finize atanacakt\u0131r. Size bir <strong>Bu m\u00fc\u015fteri taraf\u0131ndan yap\u0131lan t\u00fcm abonelik \u00f6demeleri \u00fczerinden 30% komisyon<\/strong> Sadece standart abonelikler i\u00e7in kay\u0131ttan sonraki 2 y\u0131l boyunca, KDV hari\u00e7 m\u00fc\u015fteriye fatura edilen tutar \u00fczerinden hesaplan\u0131r. \u00d6zel planlar ve abonelikler bundan etkilenmez. Jetonlar da hari\u00e7tir. Komisyonlar, m\u00fc\u015fterinin \u00f6demesinden itibaren 30 g\u00fcnl\u00fck bir s\u00fcre i\u00e7in bekletilecektir. Bu do\u011frulama s\u00fcresinden sonra komisyonlar, KDV hari\u00e7 100 \u20ac minimum \u00f6deme e\u015fi\u011fine tabi olarak, banka havalesi veya Paypal ile fatura ibraz\u0131ndan sonraki 30 g\u00fcn i\u00e7inde \u00f6denir.<\/p>\n\n\n\n<h2 class=\"wp-block-heading\">4. Promosyon kurallar\u0131<\/h2>\n\n\n\n<p>SERPmantics.com sosyal a\u011flar, e-posta veya ge\u00e7erli yasa ve y\u00f6netmeliklere uygun di\u011fer yollarla tan\u0131t\u0131labilir. Ancak, bir sat\u0131\u015f orta\u011f\u0131 olarak, pazarlama ve ileti\u015fim \u00e7abalar\u0131n\u0131zda kendinizi markam\u0131z\u0131n \u00fczerinde konumland\u0131ramazs\u0131n\u0131z. Ayr\u0131ca, sat\u0131\u015f orta\u011f\u0131 olarak rol\u00fcn\u00fcz konusunda \u015feffaf olmal\u0131 ve markam\u0131z\u0131 olumlu ve do\u011fru bir \u015fekilde temsil etmelisiniz. Her t\u00fcrl\u00fc k\u00f6t\u00fc niyetli davran\u0131\u015f gibi kendi kendine ortakl\u0131k da yasakt\u0131r.<\/p>\n\n\n\n<h2 class=\"wp-block-heading\">5. Faturalama ve \u00f6deme<\/h2>\n\n\n\n<p>\u00d6demeleriniz, bize g\u00f6nderdi\u011finiz faturalar temelinde yap\u0131lacakt\u0131r. Bu faturalar\u0131n \u00f6demesi, \u00f6denmesi gereken tutar\u0131n 100 \u20ac'yu a\u015fmas\u0131 ko\u015fuluyla, yukar\u0131da belirtilen 30 g\u00fcnl\u00fck bekleme s\u00fcresinin bitiminden 30 g\u00fcn sonra yap\u0131lacakt\u0131r.<\/p>\n\n\n\n<h2 class=\"wp-block-heading\">6. S\u00fcre ve fesih<\/h2>\n\n\n\n<p>Bu anla\u015fma, kabul\u00fcn\u00fcz \u00fczerine y\u00fcr\u00fcrl\u00fc\u011fe girer ve taraflardan biri taraf\u0131ndan feshedilene kadar devam eder. SERPmantics.com, di\u011fer tarafa 7 g\u00fcn \u00f6nceden yaz\u0131l\u0131 bildirimde bulunarak bu s\u00f6zle\u015fmeyi herhangi bir zamanda, nedenli veya nedensiz ve tazminats\u0131z olarak feshetme hakk\u0131n\u0131 sakl\u0131 tutar.<\/p>\n\n\n\n<h2 class=\"wp-block-heading\">7. \u015eartlar\u0131n ve G\u00fcncellemelerin Kabul\u00fc<\/h2>\n\n\n\n<p>Ortakl\u0131k program\u0131m\u0131za kat\u0131larak, bu h\u00fck\u00fcm ve ko\u015fullar\u0131 ve gelecekteki g\u00fcncellemeleri kabul etmi\u015f olursunuz. Bu s\u00f6zle\u015fmedeki g\u00fcncellemeler i\u00e7in bu sayfay\u0131 d\u00fczenli olarak kontrol etmenizi \u00f6neririz.<\/p>","protected":false},"excerpt":{"rendered":"<p>1. Admissibilit\u00e9 Pour \u00eatre admissible \u00e0 notre programme d&rsquo;affiliation, vous devez respecter toutes les lois et r\u00e9gulations applicables et ne pas engager de comportement offensant, diffamatoire ou ill\u00e9gal. SERPmantics.com se r\u00e9serve le droit de refuser l&rsquo;admission \u00e0 tout candidat affili\u00e9 \u00e0 sa seule discr\u00e9tion. 2. Identification d&rsquo;Affili\u00e9 et G\u00e9n\u00e9ration des URL En tant qu&rsquo;affili\u00e9, vous [&hellip;]<\/p>","protected":false},"author":1,"featured_media":0,"parent":0,"menu_order":0,"comment_status":"closed","ping_status":"closed","template":"","meta":{"_et_pb_use_builder":"off","_et_pb_old_content":"","_et_gb_content_width":"","footnotes":""},"class_list":["post-137","page","type-page","status-publish","hentry"],"yoast_head":"<!-- This site is optimized with the Yoast SEO plugin v23.2 - https:\/\/yoast.com\/wordpress\/plugins\/seo\/ -->\n<title>Conditions G\u00e9n\u00e9rales d&#039;Affiliation pour SERPmantics<\/title>\n<meta name=\"robots\" content=\"noindex, follow\" \/>\n<meta property=\"og:locale\" content=\"tr_TR\" \/>\n<meta property=\"og:type\" content=\"article\" \/>\n<meta property=\"og:title\" content=\"Conditions G\u00e9n\u00e9rales d&#039;Affiliation pour SERPmantics\" \/>\n<meta property=\"og:description\" content=\"1. Admissibilit\u00e9 Pour \u00eatre admissible \u00e0 notre programme d&rsquo;affiliation, vous devez respecter toutes les lois et r\u00e9gulations applicables et ne pas engager de comportement offensant, diffamatoire ou ill\u00e9gal. SERPmantics.com se r\u00e9serve le droit de refuser l&rsquo;admission \u00e0 tout candidat affili\u00e9 \u00e0 sa seule discr\u00e9tion. 2. Identification d&rsquo;Affili\u00e9 et G\u00e9n\u00e9ration des URL En tant qu&rsquo;affili\u00e9, vous [&hellip;]\" \/>\n<meta property=\"og:url\" content=\"https:\/\/serpmantics.com\/tr\/uyeli\u0307k-kosullari\/\" \/>\n<meta property=\"og:site_name\" content=\"SERPmantics\" \/>\n<meta property=\"article:modified_time\" content=\"2025-08-05T07:03:40+00:00\" \/>\n<meta name=\"twitter:card\" content=\"summary_large_image\" \/>\n<meta name=\"twitter:label1\" content=\"Tahmini okuma s\u00fcresi\" \/>\n\t<meta name=\"twitter:data1\" content=\"3 dakika\" \/>\n<script type=\"application\/ld+json\" class=\"yoast-schema-graph\">{\"@context\":\"https:\/\/schema.org\",\"@graph\":[{\"@type\":\"WebPage\",\"@id\":\"https:\/\/serpmantics.com\/conditions-affiliation\/\",\"url\":\"https:\/\/serpmantics.com\/conditions-affiliation\/\",\"name\":\"Conditions G\u00e9n\u00e9rales d'Affiliation pour SERPmantics\",\"isPartOf\":{\"@id\":\"https:\/\/serpmantics.com\/#website\"},\"datePublished\":\"2023-07-03T08:28:23+00:00\",\"dateModified\":\"2025-08-05T07:03:40+00:00\",\"breadcrumb\":{\"@id\":\"https:\/\/serpmantics.com\/conditions-affiliation\/#breadcrumb\"},\"inLanguage\":\"tr\",\"potentialAction\":[{\"@type\":\"ReadAction\",\"target\":[\"https:\/\/serpmantics.com\/conditions-affiliation\/\"]}]},{\"@type\":\"BreadcrumbList\",\"@id\":\"https:\/\/serpmantics.com\/conditions-affiliation\/#breadcrumb\",\"itemListElement\":[{\"@type\":\"ListItem\",\"position\":1,\"name\":\"Home\",\"item\":\"https:\/\/serpmantics.com\/\"},{\"@type\":\"ListItem\",\"position\":2,\"name\":\"Conditions G\u00e9n\u00e9rales d&rsquo;Affiliation pour SERPmantics\"}]},{\"@type\":\"WebSite\",\"@id\":\"https:\/\/serpmantics.com\/#website\",\"url\":\"https:\/\/serpmantics.com\/\",\"name\":\"SERPmantics\",\"description\":\"L&#039;Optimisation S\u00e9mantique pouss\u00e9e pour passer 1er sur Google\",\"potentialAction\":[{\"@type\":\"SearchAction\",\"target\":{\"@type\":\"EntryPoint\",\"urlTemplate\":\"https:\/\/serpmantics.com\/?s={search_term_string}\"},\"query-input\":\"required name=search_term_string\"}],\"inLanguage\":\"tr\"}]}<\/script>\n<!-- \/ Yoast SEO plugin. -->","yoast_head_json":{"title":"Conditions G\u00e9n\u00e9rales d'Affiliation pour SERPmantics","robots":{"index":"noindex","follow":"follow"},"og_locale":"tr_TR","og_type":"article","og_title":"Conditions G\u00e9n\u00e9rales d'Affiliation pour SERPmantics","og_description":"1. Admissibilit\u00e9 Pour \u00eatre admissible \u00e0 notre programme d&rsquo;affiliation, vous devez respecter toutes les lois et r\u00e9gulations applicables et ne pas engager de comportement offensant, diffamatoire ou ill\u00e9gal. SERPmantics.com se r\u00e9serve le droit de refuser l&rsquo;admission \u00e0 tout candidat affili\u00e9 \u00e0 sa seule discr\u00e9tion. 2. Identification d&rsquo;Affili\u00e9 et G\u00e9n\u00e9ration des URL En tant qu&rsquo;affili\u00e9, vous [&hellip;]","og_url":"https:\/\/serpmantics.com\/tr\/uyeli\u0307k-kosullari\/","og_site_name":"SERPmantics","article_modified_time":"2025-08-05T07:03:40+00:00","twitter_card":"summary_large_image","twitter_misc":{"Tahmini okuma s\u00fcresi":"3 dakika"},"schema":{"@context":"https:\/\/schema.org","@graph":[{"@type":"WebPage","@id":"https:\/\/serpmantics.com\/conditions-affiliation\/","url":"https:\/\/serpmantics.com\/conditions-affiliation\/","name":"Conditions G\u00e9n\u00e9rales d'Affiliation pour SERPmantics","isPartOf":{"@id":"https:\/\/serpmantics.com\/#website"},"datePublished":"2023-07-03T08:28:23+00:00","dateModified":"2025-08-05T07:03:40+00:00","breadcrumb":{"@id":"https:\/\/serpmantics.com\/conditions-affiliation\/#breadcrumb"},"inLanguage":"tr","potentialAction":[{"@type":"ReadAction","target":["https:\/\/serpmantics.com\/conditions-affiliation\/"]}]},{"@type":"BreadcrumbList","@id":"https:\/\/serpmantics.com\/conditions-affiliation\/#breadcrumb","itemListElement":[{"@type":"ListItem","position":1,"name":"Home","item":"https:\/\/serpmantics.com\/"},{"@type":"ListItem","position":2,"name":"Conditions G\u00e9n\u00e9rales d&rsquo;Affiliation pour SERPmantics"}]},{"@type":"WebSite","@id":"https:\/\/serpmantics.com\/#website","url":"https:\/\/serpmantics.com\/","name":"SERPmantics","description":"L&#039;Optimisation S\u00e9mantique pouss\u00e9e pour passer 1er sur Google","potentialAction":[{"@type":"SearchAction","target":{"@type":"EntryPoint","urlTemplate":"https:\/\/serpmantics.com\/?s={search_term_string}"},"query-input":"required name=search_term_string"}],"inLanguage":"tr"}]}},"_links":{"self":[{"href":"https:\/\/serpmantics.com\/tr\/wp-json\/wp\/v2\/pages\/137","targetHints":{"allow":["GET"]}}],"collection":[{"href":"https:\/\/serpmantics.com\/tr\/wp-json\/wp\/v2\/pages"}],"about":[{"href":"https:\/\/serpmantics.com\/tr\/wp-json\/wp\/v2\/types\/page"}],"author":[{"embeddable":true,"href":"https:\/\/serpmantics.com\/tr\/wp-json\/wp\/v2\/users\/1"}],"replies":[{"embeddable":true,"href":"https:\/\/serpmantics.com\/tr\/wp-json\/wp\/v2\/comments?post=137"}],"version-history":[{"count":10,"href":"https:\/\/serpmantics.com\/tr\/wp-json\/wp\/v2\/pages\/137\/revisions"}],"predecessor-version":[{"id":3498,"href":"https:\/\/serpmantics.com\/tr\/wp-json\/wp\/v2\/pages\/137\/revisions\/3498"}],"wp:attachment":[{"href":"https:\/\/serpmantics.com\/tr\/wp-json\/wp\/v2\/media?parent=137"}],"curies":[{"name":"wp","href":"https:\/\/api.w.org\/{rel}","templated":true}]}}