{"id":2724,"date":"2025-06-23T13:01:24","date_gmt":"2025-06-23T13:01:24","guid":{"rendered":"https:\/\/serpmantics.com\/?page_id=2724"},"modified":"2025-06-28T09:08:25","modified_gmt":"2025-06-28T09:08:25","slug":"case-study-aurelien-richard","status":"publish","type":"page","link":"https:\/\/serpmantics.com\/pt\/estudo-de-caso-aurelien-richard\/","title":{"rendered":"SERPmantics ajuda Aur\u00e9lien a otimizar o conte\u00fado dos seus clientes para SEO"},"content":{"rendered":"<h2 class=\"wp-block-heading\">Apresenta\u00e7\u00e3o ao cliente&nbsp;<\/h2>\n\n\n\n<p>Aur\u00e9lien Richard \u00e9 <strong>consultor SEO independente.<\/strong> Depois de v\u00e1rios anos de experi\u00eancia em marketing digital (CRM, automatiza\u00e7\u00e3o, copywriting), decidiu especializar-se na<strong> referencia\u00e7\u00e3o natural<\/strong>Este \u00e9 um dom\u00ednio que combina as suas duas paix\u00f5es: a an\u00e1lise t\u00e9cnica e a reda\u00e7\u00e3o de conte\u00fados. Para poder oferecer um <strong>qualidade <\/strong>para os seus futuros clientes, Aur\u00e9lien formou-se a si pr\u00f3prio (Live Mentor, bootcamps, v\u00eddeos do YouTube sobre SEO) antes de criar a sua pr\u00f3pria empresa a tempo inteiro como<strong>independente.<\/strong><\/p>\n\n\n\n<p>Atualmente, trabalha com uma empresa especializada no recrutamento de pessoal dom\u00e9stico de luxo. O seu objetivo \u00e9<strong> desenvolver a vers\u00e3o em franc\u00eas do seu s\u00edtio Web<\/strong> para melhor atingir este mercado. A sua principal miss\u00e3o:&nbsp;<\/p>\n\n\n\n<ul class=\"wp-block-list\">\n<li>criar p\u00e1ginas de destino<strong> Optimizado para SEO<\/strong> ;<\/li>\n\n\n\n<li>produzir um <strong>conte\u00fado de qualidade<\/strong>de acordo com os valores da marca;<\/li>\n\n\n\n<li>estruturar uma estrat\u00e9gia de conte\u00fados clara, direcionada e eficaz<\/li>\n<\/ul>\n\n\n\n<h2 class=\"wp-block-heading\">Antes de utilizar o SERPmantics&nbsp;<\/h2>\n\n\n\n<p>Antes de utilizar <strong>SERPmantics<\/strong>O m\u00e9todo de trabalho de Aur\u00e9lien era essencialmente <strong>manual <\/strong>:&nbsp;<\/p>\n\n\n\n<ul class=\"wp-block-list\">\n<li>an\u00e1lise da <strong>SERP <\/strong>;<\/li>\n\n\n\n<li>reflex\u00e3o sobre <strong>inten\u00e7\u00f5es de investiga\u00e7\u00e3o<\/strong> ;<\/li>\n\n\n\n<li>an\u00e1lise de <strong>concorrentes <\/strong>;<\/li>\n\n\n\n<li>procurar<strong> <\/strong>cup\u00f5es <strong>palavras-chave<\/strong> e o vocabul\u00e1rio correto.<\/li>\n<\/ul>\n\n\n\n<p>Mas v\u00e1rios <strong>frustra\u00e7\u00f5es <\/strong>aparecer:&nbsp;<\/p>\n\n\n\n<ul class=\"wp-block-list\">\n<li>a <strong>dificuldade em identificar as palavras-chave corretas<\/strong> e o campo lexical adequado ;<\/li>\n\n\n\n<li>a <strong>incerteza quanto \u00e0 otimiza\u00e7\u00e3o <\/strong>do seu conte\u00fado e do posicionamento das suas p\u00e1ginas;<\/li>\n\n\n\n<li>de <strong>d\u00favidas <\/strong>no <strong>estrutura <\/strong>do seu conte\u00fado.<\/li>\n<\/ul>\n\n\n\n<p>Quando lhe perguntaram o que lhe levou mais tempo, respondeu:<\/p>\n\n\n\n<blockquote class=\"wp-block-quote is-layout-flow wp-block-quote-is-layout-flow\">\n<p><em><em>\"\u00a0<\/em>n\u00e3o ter um plano bem definido e tamb\u00e9m qual o campo lexical a utilizar, quais as palavras-chave, quantas vezes as repetir\".<\/em><\/p>\n<\/blockquote>\n\n\n\n<h2 class=\"wp-block-heading\">A solu\u00e7\u00e3o: SERPmantics para estruturar, orientar e aperfei\u00e7oar<\/h2>\n\n\n\n<p>Aur\u00e9lien descobre a ferramenta <strong>SERPmantics <\/strong>e integra-o no seu processo, o que <strong>automatiza <\/strong>um bom n\u00famero de elementos. Trata-se de um<strong> ferramenta de otimiza\u00e7\u00e3o sem\u00e2ntica<\/strong> que ajuda <strong>melhorar a qualidade <\/strong>conte\u00fado optimizado para o <strong>referencia\u00e7\u00e3o natural<\/strong> e para <strong>Utilizadores da Internet<\/strong>. Eis as principais carater\u00edsticas da ferramenta que o atraem :<\/p>\n\n\n\n<h3 class=\"wp-block-heading\">An\u00e1lise pormenorizada das inten\u00e7\u00f5es de pesquisa<\/h3>\n\n\n\n<p>SERPmantics<strong> analisa o SERP <\/strong>e identifica automaticamente<strong> inten\u00e7\u00f5es de investiga\u00e7\u00e3o <\/strong>para uma palavra-chave espec\u00edfica. Isto permite-lhes saber quais os t\u00edtulos a utilizar e os temas a abordar no seu conte\u00fado. A ferramenta tamb\u00e9m fornece uma <strong>lista de palavras-chave a incluir e a evitar<\/strong>uma carater\u00edstica que ele considera<strong> muito \u00fatil.<\/strong><\/p>\n\n\n\n<blockquote class=\"wp-block-quote is-layout-flow wp-block-quote-is-layout-flow\">\n<p><em>\"O que mais me agrada no SERPmantics \u00e9 a forma como identifica a inten\u00e7\u00e3o de pesquisa.<\/em> (&#8230;) <em>D\u00e1-nos uma vis\u00e3o direta do que as pessoas est\u00e3o realmente \u00e0 procura.<\/em><\/p>\n<\/blockquote>\n\n\n\n<blockquote class=\"wp-block-quote is-layout-flow wp-block-quote-is-layout-flow\">\n<p><em>\"Gostei do SERPmantics porque o que \u00e9 um pouco diferente \u00e9 tamb\u00e9m o facto de colocar palavras-chave a evitar e isso \u00e9 algo que as outras ferramentas n\u00e3o fazem.\"<\/em><\/p>\n<\/blockquote>\n\n\n\n<h3 class=\"wp-block-heading\">Um plano de conte\u00fado detalhado e direto<\/h3>\n\n\n\n<p>A ferramenta permite-lhe <strong>um plano de conte\u00fados num s\u00f3 clique<\/strong> alinhado com as inten\u00e7\u00f5es e expectativas de pesquisa do Google. Isto faz com que <strong>poupar tempo precioso<\/strong> a Aur\u00e9lien, que pode concentrar-se na escrita, com a garantia de um plano SEO-friendly.<\/p>\n\n\n\n<blockquote class=\"wp-block-quote is-layout-flow wp-block-quote-is-layout-flow\">\n<p><em>\u00ab\u00a0La g\u00e9n\u00e9ration du plan est vraiment tr\u00e8s tr\u00e8s bonne (&#8230;) avoir un plan comme il est d\u00e9taill\u00e9 sur SERPmantics, \u00e7a tient vraiment la route. Tu as juste apr\u00e8s \u00e0 faire tes paragraphes et puis c&rsquo;est bon.\u00a0\u00bb<\/em><\/p>\n<\/blockquote>\n\n\n\n<h3 class=\"wp-block-heading\">Pontua\u00e7\u00e3o de otimiza\u00e7\u00e3o&nbsp;<\/h3>\n\n\n\n<p>Ao escrever conte\u00fados para <strong>o editor de ferramentas<\/strong>que calcula uma pontua\u00e7\u00e3o de otimiza\u00e7\u00e3o em tempo real com base nas recomenda\u00e7\u00f5es feitas, permitindo a Aur\u00e9lien<strong> validar a qualidade do seu conte\u00fado. <\/strong>Ele aprecia muito este sistema de pontua\u00e7\u00e3o: quando escreve conte\u00fado na ferramenta, sabe agora se est\u00e1 melhor ou pior posicionado do que as p\u00e1ginas concorrentes.<\/p>\n\n\n\n<h3 class=\"wp-block-heading\">Sugest\u00f5es para liga\u00e7\u00f5es internas<\/h3>\n\n\n\n<p>O SERPmantics tem uma fun\u00e7\u00e3o dedicada <strong>rede interna.<\/strong> Sugere <strong>oportunidades para liga\u00e7\u00f5es<\/strong> de entrada e de sa\u00edda a integrar no seu conte\u00fado, a fim de <strong>optimiz\u00e1-lo<\/strong>.<\/p>\n\n\n\n<blockquote class=\"wp-block-quote is-layout-flow wp-block-quote-is-layout-flow\">\n<p><em>\"O que \u00e9 realmente interessante no SERPmantics \u00e9 que pode ter uma sugest\u00e3o para tudo o que tem a ver com liga\u00e7\u00f5es internas. Faz\u00ea-lo \u00e0 m\u00e3o, bem, isso pode levar algum tempo.\"<\/em><\/p>\n<\/blockquote>\n\n\n\n<h2 class=\"wp-block-heading\">Experi\u00eancia global do cliente ap\u00f3s 2 meses de utiliza\u00e7\u00e3o<\/h2>\n\n\n\n<p>Aur\u00e9lien aprecia a ferramenta, nomeadamente a sua <strong>interface intuitiva<\/strong> e a sua facilidade de utiliza\u00e7\u00e3o.<\/p>\n\n\n\n<blockquote class=\"wp-block-quote is-layout-flow wp-block-quote-is-layout-flow\">\n<p><em> \"Acho-o muito simples, muito f\u00e1cil. Sinceramente, \u00e9 muito, muito f\u00e1cil.\"<\/em><\/p>\n<\/blockquote>\n\n\n\n<p>Ele tamb\u00e9m aprecia a <strong>qualidade das recomenda\u00e7\u00f5es<\/strong> pela ferramenta.<\/p>\n\n\n\n<blockquote class=\"wp-block-quote is-layout-flow wp-block-quote-is-layout-flow\">\n<p><em>\u201cJ&rsquo;\u00e9tais vraiment tr\u00e8s surpris de la qualit\u00e9 (&#8230;) Au final, je me suis rendu compte que parfois c&rsquo;est pas forc\u00e9ment ceux dont on parle le plus qui sont les meilleurs\u201d.<\/em><\/p>\n<\/blockquote>\n\n\n\n<p>Eis o que ele diria a algu\u00e9m que estivesse hesitante em utilizar <strong>SERPmantics <\/strong>para<strong> otimiza\u00e7\u00e3o de conte\u00fados<\/strong> :<\/p>\n\n\n\n<blockquote class=\"wp-block-quote is-layout-flow wp-block-quote-is-layout-flow\">\n<p><em>\"Eu dir-lhe-ia que se ele quiser uma ferramenta em que haja algo ultra-qualitativo que se posicione diretamente atrav\u00e9s da an\u00e1lise das inten\u00e7\u00f5es de pesquisa nas p\u00e1ginas actuais do Google, e se quiser um plano ultra-detalhado, deve ir diretamente para o SERPmantics.<\/em><\/p>\n<\/blockquote>","protected":false},"excerpt":{"rendered":"<p>Pr\u00e9sentation du client&nbsp; Aur\u00e9lien Richard est consultant SEO freelance. Apr\u00e8s plusieurs ann\u00e9es d&rsquo;exp\u00e9rience en marketing digital (CRM, automation, r\u00e9daction, copywriting), il d\u00e9cide de se sp\u00e9cialiser dans le r\u00e9f\u00e9rencement naturel, un domaine qui allie ses deux passions : l&rsquo;analyse technique et la r\u00e9daction de contenu. De mani\u00e8re \u00e0 proposer un service de qualit\u00e9 \u00e0 ses futurs [&hellip;]<\/p>","protected":false},"author":1,"featured_media":2837,"parent":0,"menu_order":0,"comment_status":"closed","ping_status":"closed","template":"","meta":{"_et_pb_use_builder":"off","_et_pb_old_content":"","_et_gb_content_width":"","footnotes":""},"class_list":["post-2724","page","type-page","status-publish","has-post-thumbnail","hentry"],"yoast_head":"<!-- This site is optimized with the Yoast SEO plugin v23.2 - https:\/\/yoast.com\/wordpress\/plugins\/seo\/ -->\n<title>SERPmantics aide Aur\u00e9lien \u00e0 optimiser les contenus de ses clients pour le SEO<\/title>\n<meta name=\"robots\" content=\"index, follow, max-snippet:-1, max-image-preview:large, max-video-preview:-1\" \/>\n<link rel=\"canonical\" href=\"https:\/\/serpmantics.com\/pt\/estudo-de-caso-aurelien-richard\/\" \/>\n<meta property=\"og:locale\" content=\"pt_PT\" \/>\n<meta property=\"og:type\" content=\"article\" \/>\n<meta property=\"og:title\" content=\"SERPmantics aide Aur\u00e9lien \u00e0 optimiser les contenus de ses clients pour le SEO\" \/>\n<meta property=\"og:description\" content=\"Pr\u00e9sentation du client&nbsp; Aur\u00e9lien Richard est consultant SEO freelance. Apr\u00e8s plusieurs ann\u00e9es d&rsquo;exp\u00e9rience en marketing digital (CRM, automation, r\u00e9daction, copywriting), il d\u00e9cide de se sp\u00e9cialiser dans le r\u00e9f\u00e9rencement naturel, un domaine qui allie ses deux passions : l&rsquo;analyse technique et la r\u00e9daction de contenu. De mani\u00e8re \u00e0 proposer un service de qualit\u00e9 \u00e0 ses futurs [&hellip;]\" \/>\n<meta property=\"og:url\" content=\"https:\/\/serpmantics.com\/pt\/estudo-de-caso-aurelien-richard\/\" \/>\n<meta property=\"og:site_name\" content=\"SERPmantics\" \/>\n<meta property=\"article:modified_time\" content=\"2025-06-28T09:08:25+00:00\" \/>\n<meta property=\"og:image\" content=\"https:\/\/serpmantics.com\/wp-content\/uploads\/2025\/06\/SERPmantics-couverture-etude-de-cas-aurelien.png\" \/>\n\t<meta property=\"og:image:width\" content=\"1200\" \/>\n\t<meta property=\"og:image:height\" content=\"628\" \/>\n\t<meta property=\"og:image:type\" content=\"image\/png\" \/>\n<meta name=\"twitter:card\" content=\"summary_large_image\" \/>\n<meta name=\"twitter:label1\" content=\"Tempo estimado de leitura\" \/>\n\t<meta name=\"twitter:data1\" content=\"3 minutos\" \/>\n<script type=\"application\/ld+json\" class=\"yoast-schema-graph\">{\"@context\":\"https:\/\/schema.org\",\"@graph\":[{\"@type\":\"WebPage\",\"@id\":\"https:\/\/serpmantics.com\/case-study-aurelien-richard\/\",\"url\":\"https:\/\/serpmantics.com\/case-study-aurelien-richard\/\",\"name\":\"SERPmantics aide Aur\u00e9lien \u00e0 optimiser les contenus de ses clients pour le SEO\",\"isPartOf\":{\"@id\":\"https:\/\/serpmantics.com\/#website\"},\"primaryImageOfPage\":{\"@id\":\"https:\/\/serpmantics.com\/case-study-aurelien-richard\/#primaryimage\"},\"image\":{\"@id\":\"https:\/\/serpmantics.com\/case-study-aurelien-richard\/#primaryimage\"},\"thumbnailUrl\":\"https:\/\/serpmantics.com\/wp-content\/uploads\/2025\/06\/SERPmantics-couverture-etude-de-cas-aurelien.png\",\"datePublished\":\"2025-06-23T13:01:24+00:00\",\"dateModified\":\"2025-06-28T09:08:25+00:00\",\"breadcrumb\":{\"@id\":\"https:\/\/serpmantics.com\/case-study-aurelien-richard\/#breadcrumb\"},\"inLanguage\":\"pt-PT\",\"potentialAction\":[{\"@type\":\"ReadAction\",\"target\":[\"https:\/\/serpmantics.com\/case-study-aurelien-richard\/\"]}]},{\"@type\":\"ImageObject\",\"inLanguage\":\"pt-PT\",\"@id\":\"https:\/\/serpmantics.com\/case-study-aurelien-richard\/#primaryimage\",\"url\":\"https:\/\/serpmantics.com\/wp-content\/uploads\/2025\/06\/SERPmantics-couverture-etude-de-cas-aurelien.png\",\"contentUrl\":\"https:\/\/serpmantics.com\/wp-content\/uploads\/2025\/06\/SERPmantics-couverture-etude-de-cas-aurelien.png\",\"width\":1200,\"height\":628,\"caption\":\"Etude de cas SERPmantics d'un consultant ind\u00e9pendant\"},{\"@type\":\"BreadcrumbList\",\"@id\":\"https:\/\/serpmantics.com\/case-study-aurelien-richard\/#breadcrumb\",\"itemListElement\":[{\"@type\":\"ListItem\",\"position\":1,\"name\":\"Home\",\"item\":\"https:\/\/serpmantics.com\/\"},{\"@type\":\"ListItem\",\"position\":2,\"name\":\"SERPmantics aide Aur\u00e9lien \u00e0 optimiser les contenus de ses clients pour le SEO\"}]},{\"@type\":\"WebSite\",\"@id\":\"https:\/\/serpmantics.com\/#website\",\"url\":\"https:\/\/serpmantics.com\/\",\"name\":\"SERPmantics\",\"description\":\"L&#039;Optimisation S\u00e9mantique pouss\u00e9e pour passer 1er sur Google\",\"potentialAction\":[{\"@type\":\"SearchAction\",\"target\":{\"@type\":\"EntryPoint\",\"urlTemplate\":\"https:\/\/serpmantics.com\/?s={search_term_string}\"},\"query-input\":\"required name=search_term_string\"}],\"inLanguage\":\"pt-PT\"}]}<\/script>\n<!-- \/ Yoast SEO plugin. -->","yoast_head_json":{"title":"SERPmantics aide Aur\u00e9lien \u00e0 optimiser les contenus de ses clients pour le SEO","robots":{"index":"index","follow":"follow","max-snippet":"max-snippet:-1","max-image-preview":"max-image-preview:large","max-video-preview":"max-video-preview:-1"},"canonical":"https:\/\/serpmantics.com\/pt\/estudo-de-caso-aurelien-richard\/","og_locale":"pt_PT","og_type":"article","og_title":"SERPmantics aide Aur\u00e9lien \u00e0 optimiser les contenus de ses clients pour le SEO","og_description":"Pr\u00e9sentation du client&nbsp; Aur\u00e9lien Richard est consultant SEO freelance. Apr\u00e8s plusieurs ann\u00e9es d&rsquo;exp\u00e9rience en marketing digital (CRM, automation, r\u00e9daction, copywriting), il d\u00e9cide de se sp\u00e9cialiser dans le r\u00e9f\u00e9rencement naturel, un domaine qui allie ses deux passions : l&rsquo;analyse technique et la r\u00e9daction de contenu. De mani\u00e8re \u00e0 proposer un service de qualit\u00e9 \u00e0 ses futurs [&hellip;]","og_url":"https:\/\/serpmantics.com\/pt\/estudo-de-caso-aurelien-richard\/","og_site_name":"SERPmantics","article_modified_time":"2025-06-28T09:08:25+00:00","og_image":[{"width":1200,"height":628,"url":"https:\/\/serpmantics.com\/wp-content\/uploads\/2025\/06\/SERPmantics-couverture-etude-de-cas-aurelien.png","type":"image\/png"}],"twitter_card":"summary_large_image","twitter_misc":{"Tempo estimado de leitura":"3 minutos"},"schema":{"@context":"https:\/\/schema.org","@graph":[{"@type":"WebPage","@id":"https:\/\/serpmantics.com\/case-study-aurelien-richard\/","url":"https:\/\/serpmantics.com\/case-study-aurelien-richard\/","name":"SERPmantics aide Aur\u00e9lien \u00e0 optimiser les contenus de ses clients pour le SEO","isPartOf":{"@id":"https:\/\/serpmantics.com\/#website"},"primaryImageOfPage":{"@id":"https:\/\/serpmantics.com\/case-study-aurelien-richard\/#primaryimage"},"image":{"@id":"https:\/\/serpmantics.com\/case-study-aurelien-richard\/#primaryimage"},"thumbnailUrl":"https:\/\/serpmantics.com\/wp-content\/uploads\/2025\/06\/SERPmantics-couverture-etude-de-cas-aurelien.png","datePublished":"2025-06-23T13:01:24+00:00","dateModified":"2025-06-28T09:08:25+00:00","breadcrumb":{"@id":"https:\/\/serpmantics.com\/case-study-aurelien-richard\/#breadcrumb"},"inLanguage":"pt-PT","potentialAction":[{"@type":"ReadAction","target":["https:\/\/serpmantics.com\/case-study-aurelien-richard\/"]}]},{"@type":"ImageObject","inLanguage":"pt-PT","@id":"https:\/\/serpmantics.com\/case-study-aurelien-richard\/#primaryimage","url":"https:\/\/serpmantics.com\/wp-content\/uploads\/2025\/06\/SERPmantics-couverture-etude-de-cas-aurelien.png","contentUrl":"https:\/\/serpmantics.com\/wp-content\/uploads\/2025\/06\/SERPmantics-couverture-etude-de-cas-aurelien.png","width":1200,"height":628,"caption":"Etude de cas SERPmantics d'un consultant ind\u00e9pendant"},{"@type":"BreadcrumbList","@id":"https:\/\/serpmantics.com\/case-study-aurelien-richard\/#breadcrumb","itemListElement":[{"@type":"ListItem","position":1,"name":"Home","item":"https:\/\/serpmantics.com\/"},{"@type":"ListItem","position":2,"name":"SERPmantics aide Aur\u00e9lien \u00e0 optimiser les contenus de ses clients pour le SEO"}]},{"@type":"WebSite","@id":"https:\/\/serpmantics.com\/#website","url":"https:\/\/serpmantics.com\/","name":"SERPmantics","description":"L&#039;Optimisation S\u00e9mantique pouss\u00e9e pour passer 1er sur Google","potentialAction":[{"@type":"SearchAction","target":{"@type":"EntryPoint","urlTemplate":"https:\/\/serpmantics.com\/?s={search_term_string}"},"query-input":"required name=search_term_string"}],"inLanguage":"pt-PT"}]}},"_links":{"self":[{"href":"https:\/\/serpmantics.com\/pt\/wp-json\/wp\/v2\/pages\/2724","targetHints":{"allow":["GET"]}}],"collection":[{"href":"https:\/\/serpmantics.com\/pt\/wp-json\/wp\/v2\/pages"}],"about":[{"href":"https:\/\/serpmantics.com\/pt\/wp-json\/wp\/v2\/types\/page"}],"author":[{"embeddable":true,"href":"https:\/\/serpmantics.com\/pt\/wp-json\/wp\/v2\/users\/1"}],"replies":[{"embeddable":true,"href":"https:\/\/serpmantics.com\/pt\/wp-json\/wp\/v2\/comments?post=2724"}],"version-history":[{"count":2,"href":"https:\/\/serpmantics.com\/pt\/wp-json\/wp\/v2\/pages\/2724\/revisions"}],"predecessor-version":[{"id":2729,"href":"https:\/\/serpmantics.com\/pt\/wp-json\/wp\/v2\/pages\/2724\/revisions\/2729"}],"wp:featuredmedia":[{"embeddable":true,"href":"https:\/\/serpmantics.com\/pt\/wp-json\/wp\/v2\/media\/2837"}],"wp:attachment":[{"href":"https:\/\/serpmantics.com\/pt\/wp-json\/wp\/v2\/media?parent=2724"}],"curies":[{"name":"wp","href":"https:\/\/api.w.org\/{rel}","templated":true}]}}