{"id":137,"date":"2023-07-03T08:28:23","date_gmt":"2023-07-03T08:28:23","guid":{"rendered":"https:\/\/serpmantics.com\/?page_id=137"},"modified":"2025-08-05T09:03:40","modified_gmt":"2025-08-05T07:03:40","slug":"conditions-affiliation","status":"publish","type":"page","link":"https:\/\/serpmantics.com\/pt\/condicoes-de-adesao\/","title":{"rendered":"Termos e condi\u00e7\u00f5es para afiliados do SERPmantics"},"content":{"rendered":"<h2 class=\"wp-block-heading\">1. Elegibilidade<\/h2>\n\n\n\n<p>Para ser eleg\u00edvel para o nosso programa de afiliados, o utilizador deve cumprir todas as leis e regulamentos aplic\u00e1veis e n\u00e3o se envolver em conduta ofensiva, difamat\u00f3ria ou ilegal. O SERPmantics.com reserva-se o direito de recusar a admiss\u00e3o de qualquer candidato afiliado, a seu exclusivo crit\u00e9rio.<\/p>\n\n\n\n<h2 class=\"wp-block-heading\">2. Identifica\u00e7\u00e3o de afiliados e gera\u00e7\u00e3o de URL<\/h2>\n\n\n\n<p>Como afiliado, pode gerar URLs marcadas com o seu identificador \u00fanico de afiliado (affid). Este identificador \u00e9-lhe fornecido quando se regista no nosso programa de afiliados e pode ser utilizado para criar liga\u00e7\u00f5es ao nosso s\u00edtio. Estas fun\u00e7\u00f5es podem ser acedidas a partir deste endere\u00e7o: <a href=\"https:\/\/app.serpmantics.com\/promote\">https:\/\/app.serpmantics.com\/promote<\/a>&nbsp;<\/p>\n\n\n\n<h2 class=\"wp-block-heading\">3. Rastreabilidade e Comiss\u00e3o<\/h2>\n\n\n\n<p>Quando um utilizador visita o nosso s\u00edtio atrav\u00e9s do seu link de afiliado, \u00e9 criado um cookie v\u00e1lido por 30 dias. Se este utilizador criar uma conta durante este per\u00edodo, esta conta ser\u00e1 atribu\u00edda ao seu ID de afiliado. Receber\u00e1 um <strong>30% comiss\u00e3o sobre todos os pagamentos de subscri\u00e7\u00e3o efectuados por este cliente<\/strong> durante 2 anos ap\u00f3s o registo, apenas para as assinaturas standard, calculado sobre o montante facturado ao cliente sem IVA. Os planos e as subscri\u00e7\u00f5es personalizadas n\u00e3o s\u00e3o afectados. Os tokens tamb\u00e9m est\u00e3o exclu\u00eddos. As comiss\u00f5es ficam em espera durante um per\u00edodo de 30 dias a partir do pagamento do cliente. Ap\u00f3s este per\u00edodo de valida\u00e7\u00e3o, as comiss\u00f5es s\u00e3o pagas no prazo de 30 dias a contar da apresenta\u00e7\u00e3o de uma fatura por transfer\u00eancia banc\u00e1ria ou Paypal, sob reserva de um limite m\u00ednimo de pagamento de 100 euros sem IVA.<\/p>\n\n\n\n<h2 class=\"wp-block-heading\">4. Regras de promo\u00e7\u00e3o<\/h2>\n\n\n\n<p>O SERPmantics.com pode ser promovido atrav\u00e9s de redes sociais, correio eletr\u00f3nico ou qualquer outro meio que esteja em conformidade com as leis e regulamentos aplic\u00e1veis. No entanto, como afiliado, o utilizador n\u00e3o pode posicionar-se sobre a nossa marca nos seus esfor\u00e7os de marketing e comunica\u00e7\u00e3o. O utilizador deve tamb\u00e9m ser transparente quanto ao seu papel de afiliado e representar a nossa marca de forma positiva e exacta. A auto-afilia\u00e7\u00e3o \u00e9 proibida, assim como qualquer comportamento abusivo.<\/p>\n\n\n\n<h2 class=\"wp-block-heading\">5. Fatura\u00e7\u00e3o e pagamento<\/h2>\n\n\n\n<p>O pagamento ser\u00e1 efectuado com base nas facturas que nos enviar. O pagamento destas facturas ser\u00e1 efectuado 30 dias ap\u00f3s o termo do per\u00edodo de espera de 30 dias acima referido, desde que o montante devido seja superior a 100 euros.<\/p>\n\n\n\n<h2 class=\"wp-block-heading\">6. Dura\u00e7\u00e3o e cessa\u00e7\u00e3o<\/h2>\n\n\n\n<p>O presente acordo entra em vigor ap\u00f3s a sua aceita\u00e7\u00e3o e mant\u00e9m-se at\u00e9 ser rescindido por qualquer uma das partes. O SERPmantics.com reserva-se o direito de rescindir este acordo a qualquer momento, com ou sem justa causa, e sem indemniza\u00e7\u00e3o, mediante aviso pr\u00e9vio por escrito de 7 dias \u00e0 outra parte.<\/p>\n\n\n\n<h2 class=\"wp-block-heading\">7. Aceita\u00e7\u00e3o das condi\u00e7\u00f5es e actualiza\u00e7\u00f5es<\/h2>\n\n\n\n<p>Ao aderir ao nosso programa de afiliados, o utilizador concorda com estes termos e condi\u00e7\u00f5es e com quaisquer actualiza\u00e7\u00f5es futuras. Recomendamos-lhe que consulte regularmente esta p\u00e1gina para verificar se existem actualiza\u00e7\u00f5es a este acordo.<\/p>","protected":false},"excerpt":{"rendered":"<p>1. Admissibilit\u00e9 Pour \u00eatre admissible \u00e0 notre programme d&rsquo;affiliation, vous devez respecter toutes les lois et r\u00e9gulations applicables et ne pas engager de comportement offensant, diffamatoire ou ill\u00e9gal. SERPmantics.com se r\u00e9serve le droit de refuser l&rsquo;admission \u00e0 tout candidat affili\u00e9 \u00e0 sa seule discr\u00e9tion. 2. Identification d&rsquo;Affili\u00e9 et G\u00e9n\u00e9ration des URL En tant qu&rsquo;affili\u00e9, vous [&hellip;]<\/p>","protected":false},"author":1,"featured_media":0,"parent":0,"menu_order":0,"comment_status":"closed","ping_status":"closed","template":"","meta":{"_et_pb_use_builder":"off","_et_pb_old_content":"","_et_gb_content_width":"","footnotes":""},"class_list":["post-137","page","type-page","status-publish","hentry"],"yoast_head":"<!-- This site is optimized with the Yoast SEO plugin v23.2 - https:\/\/yoast.com\/wordpress\/plugins\/seo\/ -->\n<title>Conditions G\u00e9n\u00e9rales d&#039;Affiliation pour SERPmantics<\/title>\n<meta name=\"robots\" content=\"noindex, follow\" \/>\n<meta property=\"og:locale\" content=\"pt_PT\" \/>\n<meta property=\"og:type\" content=\"article\" \/>\n<meta property=\"og:title\" content=\"Conditions G\u00e9n\u00e9rales d&#039;Affiliation pour SERPmantics\" \/>\n<meta property=\"og:description\" content=\"1. Admissibilit\u00e9 Pour \u00eatre admissible \u00e0 notre programme d&rsquo;affiliation, vous devez respecter toutes les lois et r\u00e9gulations applicables et ne pas engager de comportement offensant, diffamatoire ou ill\u00e9gal. SERPmantics.com se r\u00e9serve le droit de refuser l&rsquo;admission \u00e0 tout candidat affili\u00e9 \u00e0 sa seule discr\u00e9tion. 2. Identification d&rsquo;Affili\u00e9 et G\u00e9n\u00e9ration des URL En tant qu&rsquo;affili\u00e9, vous [&hellip;]\" \/>\n<meta property=\"og:url\" content=\"https:\/\/serpmantics.com\/pt\/condicoes-de-adesao\/\" \/>\n<meta property=\"og:site_name\" content=\"SERPmantics\" \/>\n<meta property=\"article:modified_time\" content=\"2025-08-05T07:03:40+00:00\" \/>\n<meta name=\"twitter:card\" content=\"summary_large_image\" \/>\n<meta name=\"twitter:label1\" content=\"Tempo estimado de leitura\" \/>\n\t<meta name=\"twitter:data1\" content=\"3 minutos\" \/>\n<script type=\"application\/ld+json\" class=\"yoast-schema-graph\">{\"@context\":\"https:\/\/schema.org\",\"@graph\":[{\"@type\":\"WebPage\",\"@id\":\"https:\/\/serpmantics.com\/conditions-affiliation\/\",\"url\":\"https:\/\/serpmantics.com\/conditions-affiliation\/\",\"name\":\"Conditions G\u00e9n\u00e9rales d'Affiliation pour SERPmantics\",\"isPartOf\":{\"@id\":\"https:\/\/serpmantics.com\/#website\"},\"datePublished\":\"2023-07-03T08:28:23+00:00\",\"dateModified\":\"2025-08-05T07:03:40+00:00\",\"breadcrumb\":{\"@id\":\"https:\/\/serpmantics.com\/conditions-affiliation\/#breadcrumb\"},\"inLanguage\":\"pt-PT\",\"potentialAction\":[{\"@type\":\"ReadAction\",\"target\":[\"https:\/\/serpmantics.com\/conditions-affiliation\/\"]}]},{\"@type\":\"BreadcrumbList\",\"@id\":\"https:\/\/serpmantics.com\/conditions-affiliation\/#breadcrumb\",\"itemListElement\":[{\"@type\":\"ListItem\",\"position\":1,\"name\":\"Home\",\"item\":\"https:\/\/serpmantics.com\/\"},{\"@type\":\"ListItem\",\"position\":2,\"name\":\"Conditions G\u00e9n\u00e9rales d&rsquo;Affiliation pour SERPmantics\"}]},{\"@type\":\"WebSite\",\"@id\":\"https:\/\/serpmantics.com\/#website\",\"url\":\"https:\/\/serpmantics.com\/\",\"name\":\"SERPmantics\",\"description\":\"L&#039;Optimisation S\u00e9mantique pouss\u00e9e pour passer 1er sur Google\",\"potentialAction\":[{\"@type\":\"SearchAction\",\"target\":{\"@type\":\"EntryPoint\",\"urlTemplate\":\"https:\/\/serpmantics.com\/?s={search_term_string}\"},\"query-input\":\"required name=search_term_string\"}],\"inLanguage\":\"pt-PT\"}]}<\/script>\n<!-- \/ Yoast SEO plugin. -->","yoast_head_json":{"title":"Conditions G\u00e9n\u00e9rales d'Affiliation pour SERPmantics","robots":{"index":"noindex","follow":"follow"},"og_locale":"pt_PT","og_type":"article","og_title":"Conditions G\u00e9n\u00e9rales d'Affiliation pour SERPmantics","og_description":"1. Admissibilit\u00e9 Pour \u00eatre admissible \u00e0 notre programme d&rsquo;affiliation, vous devez respecter toutes les lois et r\u00e9gulations applicables et ne pas engager de comportement offensant, diffamatoire ou ill\u00e9gal. SERPmantics.com se r\u00e9serve le droit de refuser l&rsquo;admission \u00e0 tout candidat affili\u00e9 \u00e0 sa seule discr\u00e9tion. 2. Identification d&rsquo;Affili\u00e9 et G\u00e9n\u00e9ration des URL En tant qu&rsquo;affili\u00e9, vous [&hellip;]","og_url":"https:\/\/serpmantics.com\/pt\/condicoes-de-adesao\/","og_site_name":"SERPmantics","article_modified_time":"2025-08-05T07:03:40+00:00","twitter_card":"summary_large_image","twitter_misc":{"Tempo estimado de leitura":"3 minutos"},"schema":{"@context":"https:\/\/schema.org","@graph":[{"@type":"WebPage","@id":"https:\/\/serpmantics.com\/conditions-affiliation\/","url":"https:\/\/serpmantics.com\/conditions-affiliation\/","name":"Conditions G\u00e9n\u00e9rales d'Affiliation pour SERPmantics","isPartOf":{"@id":"https:\/\/serpmantics.com\/#website"},"datePublished":"2023-07-03T08:28:23+00:00","dateModified":"2025-08-05T07:03:40+00:00","breadcrumb":{"@id":"https:\/\/serpmantics.com\/conditions-affiliation\/#breadcrumb"},"inLanguage":"pt-PT","potentialAction":[{"@type":"ReadAction","target":["https:\/\/serpmantics.com\/conditions-affiliation\/"]}]},{"@type":"BreadcrumbList","@id":"https:\/\/serpmantics.com\/conditions-affiliation\/#breadcrumb","itemListElement":[{"@type":"ListItem","position":1,"name":"Home","item":"https:\/\/serpmantics.com\/"},{"@type":"ListItem","position":2,"name":"Conditions G\u00e9n\u00e9rales d&rsquo;Affiliation pour SERPmantics"}]},{"@type":"WebSite","@id":"https:\/\/serpmantics.com\/#website","url":"https:\/\/serpmantics.com\/","name":"SERPmantics","description":"L&#039;Optimisation S\u00e9mantique pouss\u00e9e pour passer 1er sur Google","potentialAction":[{"@type":"SearchAction","target":{"@type":"EntryPoint","urlTemplate":"https:\/\/serpmantics.com\/?s={search_term_string}"},"query-input":"required name=search_term_string"}],"inLanguage":"pt-PT"}]}},"_links":{"self":[{"href":"https:\/\/serpmantics.com\/pt\/wp-json\/wp\/v2\/pages\/137","targetHints":{"allow":["GET"]}}],"collection":[{"href":"https:\/\/serpmantics.com\/pt\/wp-json\/wp\/v2\/pages"}],"about":[{"href":"https:\/\/serpmantics.com\/pt\/wp-json\/wp\/v2\/types\/page"}],"author":[{"embeddable":true,"href":"https:\/\/serpmantics.com\/pt\/wp-json\/wp\/v2\/users\/1"}],"replies":[{"embeddable":true,"href":"https:\/\/serpmantics.com\/pt\/wp-json\/wp\/v2\/comments?post=137"}],"version-history":[{"count":10,"href":"https:\/\/serpmantics.com\/pt\/wp-json\/wp\/v2\/pages\/137\/revisions"}],"predecessor-version":[{"id":3498,"href":"https:\/\/serpmantics.com\/pt\/wp-json\/wp\/v2\/pages\/137\/revisions\/3498"}],"wp:attachment":[{"href":"https:\/\/serpmantics.com\/pt\/wp-json\/wp\/v2\/media?parent=137"}],"curies":[{"name":"wp","href":"https:\/\/api.w.org\/{rel}","templated":true}]}}