{"id":581,"date":"2024-08-27T08:58:39","date_gmt":"2024-08-27T08:58:39","guid":{"rendered":"https:\/\/serpmantics.com\/?page_id=581"},"modified":"2025-06-28T09:10:36","modified_gmt":"2025-06-28T09:10:36","slug":"case-study-princesselia","status":"publish","type":"page","link":"https:\/\/serpmantics.com\/pl\/studium-przypadku-princesselia\/","title":{"rendered":"Pomn\u00f3\u017c sw\u00f3j ruch SEO o 27 poprzez optymalizacj\u0119 istniej\u0105cych tre\u015bci \ud83d\udcc8 - Studium przypadku i opinia SERPmantics ksi\u0119\u017cniczki Lii"},"content":{"rendered":"<p>princesselia.com to firma e-commerce specjalizuj\u0105ca si\u0119 w kosmetykach, kt\u00f3ra niedawno zdecydowa\u0142a si\u0119 na zmian\u0119 CMS w lipcu. Ich strona internetowa, pomimo posiadania silnej spo\u0142eczno\u015bci, <strong>nigdy nie zosta\u0142y naprawd\u0119 zoptymalizowane pod k\u0105tem SEO<\/strong>. Pomimo tego, w poprzednim roku sprzeda\u017c witryny podwoi\u0142a si\u0119 bez \u017cadnego szczeg\u00f3lnego wysi\u0142ku. Ten nieoczekiwany sukces sk\u0142oni\u0142 firm\u0119 do <strong>powa\u017cnie zastanowi\u0107 si\u0119 nad optymalizacj\u0105 SEO, aby jeszcze bardziej zmaksymalizowa\u0107 ich potencja\u0142<\/strong>.<\/p>\n\n\n\n<p>Czy wolisz obejrze\u0107 wideo? <\/p>\n\n\n\n<p>Tutaj jest <strong>wersja skr\u00f3cona<\/strong> :<\/p>\n\n\n\n<figure class=\"wp-block-embed is-type-video is-provider-youtube wp-block-embed-youtube wp-embed-aspect-4-3 wp-has-aspect-ratio\"><div class=\"wp-block-embed__wrapper\">\n<iframe loading=\"lazy\" title=\"Zwi\u0119ksz ruch SEO o 27 dzi\u0119ki optymalizacji istniej\u0105cych tre\u015bci e-commerce \ud83d\udcc8 (wersja skr\u00f3cona)\" width=\"1080\" height=\"608\" src=\"https:\/\/www.youtube.com\/embed\/u3fb2zCg9iI?feature=oembed&#038;enablejsapi=1&#038;origin=https:\/\/serpmantics.com\"  allow=\"accelerometer; autoplay; clipboard-write; encrypted-media; gyroscope; picture-in-picture; web-share\" referrerpolicy=\"strict-origin-when-cross-origin\" allowfullscreen><\/iframe>\n<\/div><\/figure>\n\n\n\n<p>Tutaj jest <strong>pe\u0142na wersja<\/strong> :<\/p>\n\n\n\n<figure class=\"wp-block-embed is-type-video is-provider-youtube wp-block-embed-youtube wp-embed-aspect-16-9 wp-has-aspect-ratio\"><div class=\"wp-block-embed__wrapper\">\n<iframe loading=\"lazy\" title=\"Zwi\u0119ksz ruch SEO o 27 dzi\u0119ki optymalizacji istniej\u0105cych tre\u015bci e-commerce \ud83d\udcc8 - Studium przypadku\" width=\"1080\" height=\"608\" src=\"https:\/\/www.youtube.com\/embed\/yo07gnHa7xE?feature=oembed&#038;enablejsapi=1&#038;origin=https:\/\/serpmantics.com\"  allow=\"accelerometer; autoplay; clipboard-write; encrypted-media; gyroscope; picture-in-picture; web-share\" referrerpolicy=\"strict-origin-when-cross-origin\" allowfullscreen><\/iframe>\n<\/div><\/figure>\n\n\n\n<h4 class=\"wp-block-heading\"><strong>Wyzwanie: Wysoce konkurencyjny sektor<\/strong><\/h4>\n\n\n\n<p>Dzia\u0142aj\u0105c w szczeg\u00f3lnie konkurencyjnym sektorze kosmetycznym, tw\u00f3rcy Princesse Lia wiedzieli, \u017ce pojawienie si\u0119 na pierwszej stronie wynik\u00f3w wyszukiwania nie stanie si\u0119 za spraw\u0105 magii. G\u0142\u00f3wnym wyzwaniem by\u0142o zrozumienie i zastosowanie najlepszych praktyk SEO, dziedziny cz\u0119sto postrzeganej jako z\u0142o\u017cona i techniczna.<\/p>\n\n\n\n<p>Zanim odkryli SERPmantics, napotkali dwie g\u0142\u00f3wne przeszkody:<\/p>\n\n\n\n<ol class=\"wp-block-list\">\n<li><strong>Wyb\u00f3r s\u0142\u00f3w kluczowych<\/strong> Identyfikacja najbardziej trafnych s\u0142\u00f3w kluczowych bez jasnej strategii.<\/li>\n\n\n\n<li><strong>Optymalizacja tre\u015bci<\/strong> Zrozumienie <strong>Jak strukturyzowa\u0107 i ulepsza\u0107 strony<\/strong> wok\u00f3\u0142 s\u0142\u00f3w kluczowych wybranych w celu zmaksymalizowania ich widoczno\u015bci.<\/li>\n<\/ol>\n\n\n\n<div class=\"wp-block-buttons is-content-justification-center is-layout-flex wp-container-core-buttons-is-layout-16018d1d wp-block-buttons-is-layout-flex\">\n<div class=\"wp-block-button\"><a class=\"wp-block-button__link wp-element-button\" href=\"\/pl\/go\/signup\/\">Przetestuj SERPmantics za darmo<\/a><\/div>\n<\/div>\n\n\n\n<h4 class=\"wp-block-heading\"><strong>Rozwi\u0105zanie: Proste i skuteczne podej\u015bcie z SERPmantics<\/strong><\/h4>\n\n\n\n<p>Po przetestowaniu kilku narz\u0119dzi, od uproszczonych rozwi\u0105za\u0144 po zbyt techniczne opcje, Laurie z Princess Lia odkry\u0142a SERPmantics. Oferowa\u0142o ono <strong>idealna r\u00f3wnowaga<\/strong> a <strong>Prosty, ale pot\u0119\u017cny interfejs<\/strong>do <strong>struktura i optymalizacja tre\u015bci w mgnieniu oka<\/strong>.<\/p>\n\n\n\n<p>Najbardziej cenione przez zesp\u00f3\u0142 funkcje to :<\/p>\n\n\n\n<ul class=\"wp-block-list\">\n<li><strong>Natychmiastowa analiza<\/strong> Przejrzysty raport na temat wydajno\u015bci SEO ka\u017cdej strony, z konkretnymi zaleceniami dotycz\u0105cymi tego, co nale\u017cy poprawi\u0107.<\/li>\n\n\n\n<li><strong>Wzbogacenie semantyczne<\/strong> Sugestie dotycz\u0105ce alternatywnych s\u0142\u00f3w kluczowych w celu unikni\u0119cia nadmiernych powt\u00f3rze\u0144 i wzbogacenia tekstu.<\/li>\n\n\n\n<li><strong>Benchmarking<\/strong> Mo\u017cliwo\u015b\u0107 przegl\u0105dania stron o najwy\u017cszych rankingach w celu uzyskania inspiracji w zakresie najlepszych praktyk.<\/li>\n<\/ul>\n\n\n\n<div class=\"wp-block-columns is-layout-flex wp-container-core-columns-is-layout-9d6595d7 wp-block-columns-is-layout-flex\">\n<div class=\"wp-block-column is-layout-flow wp-block-column-is-layout-flow\" style=\"flex-basis:100%\">\n<div class=\"wp-block-buttons is-content-justification-center is-layout-flex wp-container-core-buttons-is-layout-16018d1d wp-block-buttons-is-layout-flex\">\n<div class=\"wp-block-button\"><a class=\"wp-block-button__link wp-element-button\" href=\"\/pl\/go\/signup\/\">Przetestuj SERPmantics za darmo<\/a><\/div>\n<\/div>\n<\/div>\n<\/div>\n\n\n\n<figure class=\"wp-block-image size-large\"><img loading=\"lazy\" decoding=\"async\" width=\"1024\" height=\"988\" src=\"https:\/\/serpmantics.com\/wp-content\/uploads\/2024\/08\/serpmantics-score-1024x988.png\" alt=\"\" class=\"wp-image-602\" srcset=\"https:\/\/serpmantics.com\/wp-content\/uploads\/2024\/08\/serpmantics-score-1024x988.png 1024w, https:\/\/serpmantics.com\/wp-content\/uploads\/2024\/08\/serpmantics-score-980x946.png 980w, https:\/\/serpmantics.com\/wp-content\/uploads\/2024\/08\/serpmantics-score-480x463.png 480w\" sizes=\"auto, (min-width: 0px) and (max-width: 480px) 480px, (min-width: 481px) and (max-width: 980px) 980px, (min-width: 981px) 1024px, 100vw\" \/><\/figure>\n\n\n\n<figure class=\"wp-block-image aligncenter size-full\"><img loading=\"lazy\" decoding=\"async\" width=\"400\" height=\"203\" src=\"https:\/\/serpmantics.com\/wp-content\/uploads\/2024\/08\/serpmantics-optimisation.gif\" alt=\"\" class=\"wp-image-597\"\/><\/figure>\n\n\n\n<h4 class=\"wp-block-heading\"><strong>Wyniki: Wydajno\u015b\u0107 wyk\u0142adnicza<\/strong><\/h4>\n\n\n\n<p>Wyniki osi\u0105gni\u0119te przez witryn\u0119 e-commerce Princesse Lia by\u0142y szybkie i imponuj\u0105ce:<\/p>\n\n\n\n<ul class=\"wp-block-list\">\n<li><strong>Pozycjonowanie s\u0142\u00f3w kluczowych<\/strong> W ci\u0105gu zaledwie trzech miesi\u0119cy s\u0142owa kluczowe takie jak \"olej konopny do twarzy\" i \"olej z nagietka\" awansowa\u0142y z 35. na 2. miejsce w Google.<\/li>\n<\/ul>\n\n\n\n<figure class=\"wp-block-image size-large\"><img loading=\"lazy\" decoding=\"async\" width=\"1024\" height=\"398\" src=\"https:\/\/serpmantics.com\/wp-content\/uploads\/2024\/08\/CleanShot-2024-08-26-at-17.58.04@2x-1024x398.png\" alt=\"\" class=\"wp-image-593\" srcset=\"https:\/\/serpmantics.com\/wp-content\/uploads\/2024\/08\/CleanShot-2024-08-26-at-17.58.04@2x-980x381.png 980w, https:\/\/serpmantics.com\/wp-content\/uploads\/2024\/08\/CleanShot-2024-08-26-at-17.58.04@2x-480x186.png 480w\" sizes=\"auto, (min-width: 0px) and (max-width: 480px) 480px, (min-width: 481px) and (max-width: 980px) 980px, (min-width: 981px) 1024px, 100vw\" \/><\/figure>\n\n\n\n<figure class=\"wp-block-image size-large\"><img loading=\"lazy\" decoding=\"async\" width=\"1024\" height=\"212\" src=\"https:\/\/serpmantics.com\/wp-content\/uploads\/2024\/08\/CleanShot-2024-08-26-at-17.54.35@2x-1024x212.png\" alt=\"\" class=\"wp-image-590\" srcset=\"https:\/\/serpmantics.com\/wp-content\/uploads\/2024\/08\/CleanShot-2024-08-26-at-17.54.35@2x-980x203.png 980w, https:\/\/serpmantics.com\/wp-content\/uploads\/2024\/08\/CleanShot-2024-08-26-at-17.54.35@2x-480x99.png 480w\" sizes=\"auto, (min-width: 0px) and (max-width: 480px) 480px, (min-width: 481px) and (max-width: 980px) 980px, (min-width: 981px) 1024px, 100vw\" \/><\/figure>\n\n\n\n<ul class=\"wp-block-list\">\n<li><strong>Zwi\u0119kszony ruch<\/strong> Miesi\u0119czny ruch na stronie prawie si\u0119 podwoi\u0142 od wrze\u015bnia (w ci\u0105gu zaledwie kilku miesi\u0119cy), ostatecznie wzrastaj\u0105c 27-krotnie w ci\u0105gu jednego roku (z 362 odwiedzaj\u0105cych\/miesi\u0105c, kiedy po raz pierwszy zarejestrowali si\u0119 na SERPmantics, do 9 641 odwiedzaj\u0105cych\/miesi\u0105c w po\u0142owie sierpnia rok p\u00f3\u017aniej).<\/li>\n<\/ul>\n\n\n\n<figure class=\"wp-block-image size-large\"><img loading=\"lazy\" decoding=\"async\" width=\"1024\" height=\"374\" src=\"https:\/\/serpmantics.com\/wp-content\/uploads\/2024\/08\/CleanShot-2024-08-26-at-17.55.26@2x-1024x374.png\" alt=\"\" class=\"wp-image-591\" srcset=\"https:\/\/serpmantics.com\/wp-content\/uploads\/2024\/08\/CleanShot-2024-08-26-at-17.55.26@2x-1024x374.png 1024w, https:\/\/serpmantics.com\/wp-content\/uploads\/2024\/08\/CleanShot-2024-08-26-at-17.55.26@2x-980x358.png 980w, https:\/\/serpmantics.com\/wp-content\/uploads\/2024\/08\/CleanShot-2024-08-26-at-17.55.26@2x-480x176.png 480w\" sizes=\"auto, (min-width: 0px) and (max-width: 480px) 480px, (min-width: 481px) and (max-width: 980px) 980px, (min-width: 981px) 1024px, 100vw\" \/><\/figure>\n\n\n\n<figure class=\"wp-block-image size-large\"><img loading=\"lazy\" decoding=\"async\" width=\"1024\" height=\"711\" src=\"https:\/\/serpmantics.com\/wp-content\/uploads\/2024\/08\/CleanShot-2024-08-26-at-13.40.51@2x-1024x711.png\" alt=\"\" class=\"wp-image-586\" srcset=\"https:\/\/serpmantics.com\/wp-content\/uploads\/2024\/08\/CleanShot-2024-08-26-at-13.40.51@2x-980x681.png 980w, https:\/\/serpmantics.com\/wp-content\/uploads\/2024\/08\/CleanShot-2024-08-26-at-13.40.51@2x-480x333.png 480w\" sizes=\"auto, (min-width: 0px) and (max-width: 480px) 480px, (min-width: 481px) and (max-width: 980px) 980px, (min-width: 981px) 1024px, 100vw\" \/><\/figure>\n\n\n\n<ul class=\"wp-block-list\">\n<li><strong>Dane dotycz\u0105ce sprzeda\u017cy<\/strong> Sprzeda\u017c: Dzi\u0119ki wzrostowi ruchu kwalifikowanego miesi\u0119czna sprzeda\u017c wzros\u0142a \u015brednio o 25 % miesi\u0119cznie.<\/li>\n<\/ul>\n\n\n\n<p>Wyniki te \u015bwiadcz\u0105 o skuteczno\u015bci SERPmantics, kt\u00f3ra umo\u017cliwi\u0142a witrynie princesselia przej\u015bcie od wysokowydajnej witryny o ograniczonej widoczno\u015bci do prawdziwie ugruntowanego gracza w swojej bran\u017cy pod wzgl\u0119dem naturalnych odniesie\u0144.<\/p>\n\n\n\n<div class=\"wp-block-buttons is-content-justification-center is-layout-flex wp-container-core-buttons-is-layout-16018d1d wp-block-buttons-is-layout-flex\">\n<div class=\"wp-block-button\"><a class=\"wp-block-button__link wp-element-button\" href=\"\/pl\/go\/signup\/\">Chcia\u0142bym zarejestrowa\u0107 si\u0119, aby rozwin\u0105\u0107 SEO mojej strony internetowej<\/a><\/div>\n<\/div>\n\n\n\n<h4 class=\"wp-block-heading\"><strong>Opinia: G\u0142adkie, zyskowne do\u015bwiadczenie<\/strong><\/h4>\n\n\n\n<p>\"SERPmantics sta\u0142 si\u0119 moim <strong>niezb\u0119dne narz\u0119dzie dla SEO<\/strong>. Jest prosty, skuteczny i pozwoli\u0142 mi szybko uporz\u0105dkowa\u0107 i ulepszy\u0107 moje strony. <strong>Rezultaty s\u0105 namacalne i widoczne w ci\u0105gu zaledwie kilku miesi\u0119cy, co jest bardzo zach\u0119caj\u0105ce.<\/strong> Jest to <strong>Inwestycja wi\u0119cej ni\u017c op\u0142acalna<\/strong> dla naszej firmy.<\/p>\n\n\n\n<h4 class=\"wp-block-heading\"><strong>Inwestycja, kt\u00f3ra robi r\u00f3\u017cnic\u0119<\/strong><\/h4>\n\n\n\n<p>Do\u015bwiadczenie Princess Lia pokazuje, \u017ce nawet w tak konkurencyjnym sektorze jak kosmetyczny, mo\u017cna <strong>wyr\u00f3\u017cni\u0107 si\u0119 z t\u0142umu dzi\u0119ki dobrze przemy\u015blanej strategii SEO i wydajnemu narz\u0119dziu<\/strong>. SERPmantics nie tylko umo\u017cliwi\u0142<strong>znacz\u0105co zwi\u0119kszy\u0107 widoczno\u015b\u0107 i ruch na stronie<\/strong>ale tak\u017ce <strong>zwi\u0119kszy\u0107 sprzeda\u017c<\/strong>jednocze\u015bnie u\u0142atwiaj\u0105c proces optymalizacji.<\/p>\n\n\n\n<div class=\"wp-block-buttons is-content-justification-center is-layout-flex wp-container-core-buttons-is-layout-16018d1d wp-block-buttons-is-layout-flex\">\n<div class=\"wp-block-button\"><a class=\"wp-block-button__link wp-element-button\" href=\"\/pl\/go\/signup\/\">Pr\u00f3buj\u0119 teraz SERPmantics<\/a><\/div>\n<\/div>\n\n\n\n<p><\/p>","protected":false},"excerpt":{"rendered":"<p>princesselia.com est une entreprise de e-commerce sp\u00e9cialis\u00e9e dans la cosm\u00e9tique, a r\u00e9cemment d\u00e9cid\u00e9 de changer de CMS en juillet dernier. Leur site Internet, bien qu&rsquo;ayant une communaut\u00e9 solide, n\u2019avait jamais \u00e9t\u00e9 v\u00e9ritablement optimis\u00e9 pour le SEO. Malgr\u00e9 cela, l\u2019ann\u00e9e pr\u00e9c\u00e9dente, le site avait vu son chiffre d\u2019affaires doubler sans effort sp\u00e9cifique. Ce succ\u00e8s inattendu a [&hellip;]<\/p>","protected":false},"author":1,"featured_media":2841,"parent":0,"menu_order":0,"comment_status":"closed","ping_status":"closed","template":"","meta":{"_et_pb_use_builder":"off","_et_pb_old_content":"","_et_gb_content_width":"","footnotes":""},"class_list":["post-581","page","type-page","status-publish","has-post-thumbnail","hentry"],"yoast_head":"<!-- This site is optimized with the Yoast SEO plugin v23.2 - https:\/\/yoast.com\/wordpress\/plugins\/seo\/ -->\n<title>Multiplier son trafic SEO par 27 en optimisant ses contenus existants \ud83d\udcc8 - Etude de cas &amp; Avis SERPmantics de Princesse Lia<\/title>\n<meta name=\"robots\" content=\"index, follow, max-snippet:-1, max-image-preview:large, max-video-preview:-1\" \/>\n<link rel=\"canonical\" href=\"https:\/\/serpmantics.com\/pl\/studium-przypadku-princesselia\/\" \/>\n<meta property=\"og:locale\" content=\"pl_PL\" \/>\n<meta property=\"og:type\" content=\"article\" \/>\n<meta property=\"og:title\" content=\"Multiplier son trafic SEO par 27 en optimisant ses contenus existants \ud83d\udcc8 - Etude de cas &amp; Avis SERPmantics de Princesse Lia\" \/>\n<meta property=\"og:description\" content=\"princesselia.com est une entreprise de e-commerce sp\u00e9cialis\u00e9e dans la cosm\u00e9tique, a r\u00e9cemment d\u00e9cid\u00e9 de changer de CMS en juillet dernier. Leur site Internet, bien qu&rsquo;ayant une communaut\u00e9 solide, n\u2019avait jamais \u00e9t\u00e9 v\u00e9ritablement optimis\u00e9 pour le SEO. Malgr\u00e9 cela, l\u2019ann\u00e9e pr\u00e9c\u00e9dente, le site avait vu son chiffre d\u2019affaires doubler sans effort sp\u00e9cifique. Ce succ\u00e8s inattendu a [&hellip;]\" \/>\n<meta property=\"og:url\" content=\"https:\/\/serpmantics.com\/pl\/studium-przypadku-princesselia\/\" \/>\n<meta property=\"og:site_name\" content=\"SERPmantics\" \/>\n<meta property=\"article:modified_time\" content=\"2025-06-28T09:10:36+00:00\" \/>\n<meta property=\"og:image\" content=\"https:\/\/serpmantics.com\/wp-content\/uploads\/2025\/06\/SERPmantics-couverture-etude-de-cas-princesse-lia.png\" \/>\n\t<meta property=\"og:image:width\" content=\"1200\" \/>\n\t<meta property=\"og:image:height\" content=\"628\" \/>\n\t<meta property=\"og:image:type\" content=\"image\/png\" \/>\n<meta name=\"twitter:card\" content=\"summary_large_image\" \/>\n<meta name=\"twitter:label1\" content=\"Szacowany czas czytania\" \/>\n\t<meta name=\"twitter:data1\" content=\"5 minut\" \/>\n<script type=\"application\/ld+json\" class=\"yoast-schema-graph\">{\"@context\":\"https:\/\/schema.org\",\"@graph\":[{\"@type\":\"WebPage\",\"@id\":\"https:\/\/serpmantics.com\/case-study-princesselia\/\",\"url\":\"https:\/\/serpmantics.com\/case-study-princesselia\/\",\"name\":\"Multiplier son trafic SEO par 27 en optimisant ses contenus existants \ud83d\udcc8 - Etude de cas &amp; Avis SERPmantics de Princesse Lia\",\"isPartOf\":{\"@id\":\"https:\/\/serpmantics.com\/#website\"},\"primaryImageOfPage\":{\"@id\":\"https:\/\/serpmantics.com\/case-study-princesselia\/#primaryimage\"},\"image\":{\"@id\":\"https:\/\/serpmantics.com\/case-study-princesselia\/#primaryimage\"},\"thumbnailUrl\":\"https:\/\/serpmantics.com\/wp-content\/uploads\/2025\/06\/SERPmantics-couverture-etude-de-cas-princesse-lia.png\",\"datePublished\":\"2024-08-27T08:58:39+00:00\",\"dateModified\":\"2025-06-28T09:10:36+00:00\",\"breadcrumb\":{\"@id\":\"https:\/\/serpmantics.com\/case-study-princesselia\/#breadcrumb\"},\"inLanguage\":\"pl-PL\",\"potentialAction\":[{\"@type\":\"ReadAction\",\"target\":[\"https:\/\/serpmantics.com\/case-study-princesselia\/\"]}]},{\"@type\":\"ImageObject\",\"inLanguage\":\"pl-PL\",\"@id\":\"https:\/\/serpmantics.com\/case-study-princesselia\/#primaryimage\",\"url\":\"https:\/\/serpmantics.com\/wp-content\/uploads\/2025\/06\/SERPmantics-couverture-etude-de-cas-princesse-lia.png\",\"contentUrl\":\"https:\/\/serpmantics.com\/wp-content\/uploads\/2025\/06\/SERPmantics-couverture-etude-de-cas-princesse-lia.png\",\"width\":1200,\"height\":628,\"caption\":\"Etude de cas SERPmantics x PrincesseLia\"},{\"@type\":\"BreadcrumbList\",\"@id\":\"https:\/\/serpmantics.com\/case-study-princesselia\/#breadcrumb\",\"itemListElement\":[{\"@type\":\"ListItem\",\"position\":1,\"name\":\"Home\",\"item\":\"https:\/\/serpmantics.com\/\"},{\"@type\":\"ListItem\",\"position\":2,\"name\":\"Multiplier son trafic SEO par 27 en optimisant ses contenus existants \ud83d\udcc8 &#8211; Etude de cas &amp; Avis SERPmantics de Princesse Lia\"}]},{\"@type\":\"WebSite\",\"@id\":\"https:\/\/serpmantics.com\/#website\",\"url\":\"https:\/\/serpmantics.com\/\",\"name\":\"SERPmantics\",\"description\":\"L&#039;Optimisation S\u00e9mantique pouss\u00e9e pour passer 1er sur Google\",\"potentialAction\":[{\"@type\":\"SearchAction\",\"target\":{\"@type\":\"EntryPoint\",\"urlTemplate\":\"https:\/\/serpmantics.com\/?s={search_term_string}\"},\"query-input\":\"required name=search_term_string\"}],\"inLanguage\":\"pl-PL\"}]}<\/script>\n<!-- \/ Yoast SEO plugin. -->","yoast_head_json":{"title":"Multiplier son trafic SEO par 27 en optimisant ses contenus existants \ud83d\udcc8 - Etude de cas &amp; Avis SERPmantics de Princesse Lia","robots":{"index":"index","follow":"follow","max-snippet":"max-snippet:-1","max-image-preview":"max-image-preview:large","max-video-preview":"max-video-preview:-1"},"canonical":"https:\/\/serpmantics.com\/pl\/studium-przypadku-princesselia\/","og_locale":"pl_PL","og_type":"article","og_title":"Multiplier son trafic SEO par 27 en optimisant ses contenus existants \ud83d\udcc8 - Etude de cas &amp; Avis SERPmantics de Princesse Lia","og_description":"princesselia.com est une entreprise de e-commerce sp\u00e9cialis\u00e9e dans la cosm\u00e9tique, a r\u00e9cemment d\u00e9cid\u00e9 de changer de CMS en juillet dernier. Leur site Internet, bien qu&rsquo;ayant une communaut\u00e9 solide, n\u2019avait jamais \u00e9t\u00e9 v\u00e9ritablement optimis\u00e9 pour le SEO. Malgr\u00e9 cela, l\u2019ann\u00e9e pr\u00e9c\u00e9dente, le site avait vu son chiffre d\u2019affaires doubler sans effort sp\u00e9cifique. Ce succ\u00e8s inattendu a [&hellip;]","og_url":"https:\/\/serpmantics.com\/pl\/studium-przypadku-princesselia\/","og_site_name":"SERPmantics","article_modified_time":"2025-06-28T09:10:36+00:00","og_image":[{"width":1200,"height":628,"url":"https:\/\/serpmantics.com\/wp-content\/uploads\/2025\/06\/SERPmantics-couverture-etude-de-cas-princesse-lia.png","type":"image\/png"}],"twitter_card":"summary_large_image","twitter_misc":{"Szacowany czas czytania":"5 minut"},"schema":{"@context":"https:\/\/schema.org","@graph":[{"@type":"WebPage","@id":"https:\/\/serpmantics.com\/case-study-princesselia\/","url":"https:\/\/serpmantics.com\/case-study-princesselia\/","name":"Multiplier son trafic SEO par 27 en optimisant ses contenus existants \ud83d\udcc8 - Etude de cas &amp; Avis SERPmantics de Princesse Lia","isPartOf":{"@id":"https:\/\/serpmantics.com\/#website"},"primaryImageOfPage":{"@id":"https:\/\/serpmantics.com\/case-study-princesselia\/#primaryimage"},"image":{"@id":"https:\/\/serpmantics.com\/case-study-princesselia\/#primaryimage"},"thumbnailUrl":"https:\/\/serpmantics.com\/wp-content\/uploads\/2025\/06\/SERPmantics-couverture-etude-de-cas-princesse-lia.png","datePublished":"2024-08-27T08:58:39+00:00","dateModified":"2025-06-28T09:10:36+00:00","breadcrumb":{"@id":"https:\/\/serpmantics.com\/case-study-princesselia\/#breadcrumb"},"inLanguage":"pl-PL","potentialAction":[{"@type":"ReadAction","target":["https:\/\/serpmantics.com\/case-study-princesselia\/"]}]},{"@type":"ImageObject","inLanguage":"pl-PL","@id":"https:\/\/serpmantics.com\/case-study-princesselia\/#primaryimage","url":"https:\/\/serpmantics.com\/wp-content\/uploads\/2025\/06\/SERPmantics-couverture-etude-de-cas-princesse-lia.png","contentUrl":"https:\/\/serpmantics.com\/wp-content\/uploads\/2025\/06\/SERPmantics-couverture-etude-de-cas-princesse-lia.png","width":1200,"height":628,"caption":"Etude de cas SERPmantics x PrincesseLia"},{"@type":"BreadcrumbList","@id":"https:\/\/serpmantics.com\/case-study-princesselia\/#breadcrumb","itemListElement":[{"@type":"ListItem","position":1,"name":"Home","item":"https:\/\/serpmantics.com\/"},{"@type":"ListItem","position":2,"name":"Multiplier son trafic SEO par 27 en optimisant ses contenus existants \ud83d\udcc8 &#8211; Etude de cas &amp; Avis SERPmantics de Princesse Lia"}]},{"@type":"WebSite","@id":"https:\/\/serpmantics.com\/#website","url":"https:\/\/serpmantics.com\/","name":"SERPmantics","description":"L&#039;Optimisation S\u00e9mantique pouss\u00e9e pour passer 1er sur Google","potentialAction":[{"@type":"SearchAction","target":{"@type":"EntryPoint","urlTemplate":"https:\/\/serpmantics.com\/?s={search_term_string}"},"query-input":"required name=search_term_string"}],"inLanguage":"pl-PL"}]}},"_links":{"self":[{"href":"https:\/\/serpmantics.com\/pl\/wp-json\/wp\/v2\/pages\/581","targetHints":{"allow":["GET"]}}],"collection":[{"href":"https:\/\/serpmantics.com\/pl\/wp-json\/wp\/v2\/pages"}],"about":[{"href":"https:\/\/serpmantics.com\/pl\/wp-json\/wp\/v2\/types\/page"}],"author":[{"embeddable":true,"href":"https:\/\/serpmantics.com\/pl\/wp-json\/wp\/v2\/users\/1"}],"replies":[{"embeddable":true,"href":"https:\/\/serpmantics.com\/pl\/wp-json\/wp\/v2\/comments?post=581"}],"version-history":[{"count":15,"href":"https:\/\/serpmantics.com\/pl\/wp-json\/wp\/v2\/pages\/581\/revisions"}],"predecessor-version":[{"id":605,"href":"https:\/\/serpmantics.com\/pl\/wp-json\/wp\/v2\/pages\/581\/revisions\/605"}],"wp:featuredmedia":[{"embeddable":true,"href":"https:\/\/serpmantics.com\/pl\/wp-json\/wp\/v2\/media\/2841"}],"wp:attachment":[{"href":"https:\/\/serpmantics.com\/pl\/wp-json\/wp\/v2\/media?parent=581"}],"curies":[{"name":"wp","href":"https:\/\/api.w.org\/{rel}","templated":true}]}}