{"id":2724,"date":"2025-06-23T13:01:24","date_gmt":"2025-06-23T13:01:24","guid":{"rendered":"https:\/\/serpmantics.com\/?page_id=2724"},"modified":"2025-06-28T09:08:25","modified_gmt":"2025-06-28T09:08:25","slug":"case-study-aurelien-richard","status":"publish","type":"page","link":"https:\/\/serpmantics.com\/pl\/studium-przypadku-aurelien-richard\/","title":{"rendered":"SERPmantics pomaga Aur\u00e9lienowi optymalizowa\u0107 tre\u015bci jego klient\u00f3w pod k\u0105tem SEO"},"content":{"rendered":"<h2 class=\"wp-block-heading\">Prezentacja klienta&nbsp;<\/h2>\n\n\n\n<p>Aur\u00e9lien Richard to <strong>niezale\u017cny konsultant SEO.<\/strong> Po kilku latach do\u015bwiadczenia w marketingu cyfrowym (CRM, automatyzacja, copywriting), zdecydowa\u0142 si\u0119 specjalizowa\u0107 w marketingu cyfrowym.<strong> naturalne odniesienia<\/strong>Jest to dziedzina, kt\u00f3ra \u0142\u0105czy jego dwie pasje: analiz\u0119 techniczn\u0105 i pisanie tre\u015bci. Aby zaoferowa\u0107 <strong>jako\u015b\u0107 <\/strong>dla swoich przysz\u0142ych klient\u00f3w, Aur\u00e9lien szkoli\u0142 si\u0119 sam (Live Mentor, bootcampy, filmy na YouTube na temat SEO), zanim za\u0142o\u017cy\u0142 w\u0142asn\u0105 pe\u0142noetatow\u0105 firm\u0119 jako<strong>niezale\u017cny.<\/strong><\/p>\n\n\n\n<p>Obecnie wsp\u00f3\u0142pracuje z firm\u0105 specjalizuj\u0105c\u0105 si\u0119 w rekrutacji luksusowego personelu domowego. Ich celem jest<strong> rozwija\u0107 francuskoj\u0119zyczn\u0105 wersj\u0119 swojej strony<\/strong> aby lepiej dotrze\u0107 do tego rynku. Jego g\u0142\u00f3wna misja:&nbsp;<\/p>\n\n\n\n<ul class=\"wp-block-list\">\n<li>tworzenie stron docelowych<strong> Zoptymalizowany pod k\u0105tem SEO<\/strong> ;<\/li>\n\n\n\n<li>produkowa\u0107 <strong>jako\u015b\u0107 tre\u015bci<\/strong>zgodnie z warto\u015bciami marki;<\/li>\n\n\n\n<li>opracowa\u0107 jasn\u0105, ukierunkowan\u0105 i skuteczn\u0105 strategi\u0119 dotycz\u0105c\u0105 tre\u015bci<\/li>\n<\/ul>\n\n\n\n<h2 class=\"wp-block-heading\">Przed u\u017cyciem SERPmantics&nbsp;<\/h2>\n\n\n\n<p>Przed u\u017cyciem <strong>SERPmantics<\/strong>Metoda pracy Aur\u00e9liena by\u0142a zasadniczo <strong>podr\u0119cznik <\/strong>:&nbsp;<\/p>\n\n\n\n<ul class=\"wp-block-list\">\n<li>analiza <strong>SERP <\/strong>;<\/li>\n\n\n\n<li>refleksja nad <strong>zamierzenia badawcze<\/strong> ;<\/li>\n\n\n\n<li>analiza <strong>konkurenci <\/strong>;<\/li>\n\n\n\n<li>wyszukiwanie<strong> <\/strong>bony <strong>s\u0142owa kluczowe<\/strong> i odpowiednie s\u0142ownictwo.<\/li>\n<\/ul>\n\n\n\n<p>Ale kilka <strong>frustracje <\/strong>pojawiaj\u0105 si\u0119:&nbsp;<\/p>\n\n\n\n<ul class=\"wp-block-list\">\n<li>a <strong>trudno\u015bci z identyfikacj\u0105 w\u0142a\u015bciwych s\u0142\u00f3w kluczowych<\/strong> i odpowiednie pole leksykalne ;<\/li>\n\n\n\n<li>a <strong>niepewno\u015b\u0107 co do optymalizacji <\/strong>tre\u015bci i pozycjonowania stron;<\/li>\n\n\n\n<li>z <strong>w\u0105tpliwo\u015bci <\/strong>na <strong>struktura <\/strong>jego zawarto\u015bci.<\/li>\n<\/ul>\n\n\n\n<p>Zapytany o to, co zaj\u0119\u0142o mu najwi\u0119cej czasu, odpowiedzia\u0142:<\/p>\n\n\n\n<blockquote class=\"wp-block-quote is-layout-flow wp-block-quote-is-layout-flow\">\n<p><em><em>\"\u00a0<\/em>brak dobrze zdefiniowanego planu, a tak\u017ce tego, kt\u00f3rego pola leksykalnego u\u017cy\u0107, kt\u00f3re s\u0142owa kluczowe, ile razy je powt\u00f3rzy\u0107\".<\/em><\/p>\n<\/blockquote>\n\n\n\n<h2 class=\"wp-block-heading\">Rozwi\u0105zanie: SERPmantics do strukturyzowania, prowadzenia i udoskonalania<\/h2>\n\n\n\n<p>Aur\u00e9lien odkrywa narz\u0119dzie <strong>SERPmantics <\/strong>i integruje go ze swoim procesem, kt\u00f3ry <strong>automatyzuje <\/strong>du\u017ca liczba element\u00f3w. Jest to<strong> narz\u0119dzie do optymalizacji semantycznej<\/strong> to pomaga <strong>poprawa jako\u015bci <\/strong>Tre\u015b\u0107 zoptymalizowana pod k\u0105tem <strong>naturalne odniesienia<\/strong> i dla <strong>U\u017cytkownicy Internetu<\/strong>. Oto g\u0142\u00f3wne cechy narz\u0119dzia, kt\u00f3re przemawiaj\u0105 do niego:<\/p>\n\n\n\n<h3 class=\"wp-block-heading\">Szczeg\u00f3\u0142owa analiza intencji wyszukiwania<\/h3>\n\n\n\n<p>SERPmantics<strong> analizuje SERP <\/strong>i automatycznie identyfikuje<strong> zamierzenia badawcze <\/strong>dla docelowego s\u0142owa kluczowego. Dzi\u0119ki temu mog\u0105 wiedzie\u0107, jakich tytu\u0142\u00f3w u\u017cy\u0107 i jakie tematy poruszy\u0107 w swoich tre\u015bciach. Narz\u0119dzie zapewnia r\u00f3wnie\u017c <strong>lista s\u0142\u00f3w kluczowych, kt\u00f3re nale\u017cy uwzgl\u0119dni\u0107 i kt\u00f3rych nale\u017cy unika\u0107<\/strong>cecha, kt\u00f3r\u0105 uwa\u017ca za<strong> bardzo przydatne.<\/strong><\/p>\n\n\n\n<blockquote class=\"wp-block-quote is-layout-flow wp-block-quote-is-layout-flow\">\n<p><em>\"To, co naprawd\u0119 podoba mi si\u0119 w SERPmantics, to spos\u00f3b, w jaki identyfikuje intencje wyszukiwania.<\/em> (&#8230;) <em>To naprawd\u0119 daje nam bezpo\u015bredni wgl\u0105d w to, czego ludzie naprawd\u0119 szukaj\u0105.<\/em><\/p>\n<\/blockquote>\n\n\n\n<blockquote class=\"wp-block-quote is-layout-flow wp-block-quote-is-layout-flow\">\n<p><em>\"Spodoba\u0142 mi si\u0119 SERPmantics, poniewa\u017c jest nieco inny, poniewa\u017c umieszcza s\u0142owa kluczowe, kt\u00f3rych nale\u017cy unika\u0107, a to jest co\u015b, czego inne narz\u0119dzia nie robi\u0105\".<\/em><\/p>\n<\/blockquote>\n\n\n\n<h3 class=\"wp-block-heading\">Szczeg\u00f3\u0142owy, prosty plan zawarto\u015bci<\/h3>\n\n\n\n<p>Narz\u0119dzie umo\u017cliwia <strong>Plan zawarto\u015bci jednym klikni\u0119ciem<\/strong> zgodne z intencjami i oczekiwaniami wyszukiwarki Google. To sprawia, \u017ce <strong>oszcz\u0119dno\u015b\u0107 cennego czasu<\/strong> Aur\u00e9lienowi, kt\u00f3ry mo\u017ce skoncentrowa\u0107 si\u0119 na pisaniu, maj\u0105c pewno\u015b\u0107, \u017ce plan jest przyjazny dla SEO.<\/p>\n\n\n\n<blockquote class=\"wp-block-quote is-layout-flow wp-block-quote-is-layout-flow\">\n<p><em>\u00ab\u00a0La g\u00e9n\u00e9ration du plan est vraiment tr\u00e8s tr\u00e8s bonne (&#8230;) avoir un plan comme il est d\u00e9taill\u00e9 sur SERPmantics, \u00e7a tient vraiment la route. Tu as juste apr\u00e8s \u00e0 faire tes paragraphes et puis c&rsquo;est bon.\u00a0\u00bb<\/em><\/p>\n<\/blockquote>\n\n\n\n<h3 class=\"wp-block-heading\">Wynik optymalizacji&nbsp;<\/h3>\n\n\n\n<p>Podczas pisania tre\u015bci dla <strong>edytor narz\u0119dzi<\/strong>kt\u00f3ry oblicza wynik optymalizacji w czasie rzeczywistym na podstawie wydanych zalece\u0144, umo\u017cliwiaj\u0105c Aur\u00e9lienowi<strong> zweryfikowa\u0107 jako\u015b\u0107 jego tre\u015bci. <\/strong>Naprawd\u0119 docenia ten system punktacji: kiedy pisze tre\u015b\u0107 w narz\u0119dziu, wie teraz, czy jest ona pozycjonowana lepiej czy gorzej ni\u017c konkurencyjne strony.<\/p>\n\n\n\n<h3 class=\"wp-block-heading\">Sugestie dotycz\u0105ce linkowania wewn\u0119trznego<\/h3>\n\n\n\n<p>SERPmantics posiada dedykowan\u0105 funkcj\u0119 <strong>sie\u0107 wewn\u0119trzna.<\/strong> Sugeruje <strong>mo\u017cliwo\u015bci powi\u0105za\u0144<\/strong> przychodz\u0105ce i wychodz\u0105ce, kt\u00f3re maj\u0105 by\u0107 zintegrowane z jego tre\u015bci\u0105 w celu <strong>optymalizacja<\/strong>.<\/p>\n\n\n\n<blockquote class=\"wp-block-quote is-layout-flow wp-block-quote-is-layout-flow\">\n<p><em>\"To, co jest naprawd\u0119 interesuj\u0105ce w SERPmantics, to fakt, \u017ce mo\u017cesz mie\u0107 sugestie dotycz\u0105ce wszystkiego, co ma zwi\u0105zek z linkowaniem wewn\u0119trznym. Robienie tego r\u0119cznie mo\u017ce zaj\u0105\u0107 troch\u0119 czasu\".<\/em><\/p>\n<\/blockquote>\n\n\n\n<h2 class=\"wp-block-heading\">Og\u00f3lne wra\u017cenia klienta po 2 miesi\u0105cach u\u017cytkowania<\/h2>\n\n\n\n<p>Aur\u00e9lien docenia to narz\u0119dzie, a w szczeg\u00f3lno\u015bci jego <strong>Intuicyjny interfejs<\/strong> i \u0142atwo\u015b\u0107 u\u017cytkowania.<\/p>\n\n\n\n<blockquote class=\"wp-block-quote is-layout-flow wp-block-quote-is-layout-flow\">\n<p><em> \"Uwa\u017cam, \u017ce to naprawd\u0119 proste, naprawd\u0119 \u0142atwe. Szczerze m\u00f3wi\u0105c, to bardzo, bardzo \u0142atwe\".<\/em><\/p>\n<\/blockquote>\n\n\n\n<p>Docenia r\u00f3wnie\u017c <strong>jako\u015b\u0107 zalece\u0144<\/strong> przez narz\u0119dzie.<\/p>\n\n\n\n<blockquote class=\"wp-block-quote is-layout-flow wp-block-quote-is-layout-flow\">\n<p><em>\u201cJ&rsquo;\u00e9tais vraiment tr\u00e8s surpris de la qualit\u00e9 (&#8230;) Au final, je me suis rendu compte que parfois c&rsquo;est pas forc\u00e9ment ceux dont on parle le plus qui sont les meilleurs\u201d.<\/em><\/p>\n<\/blockquote>\n\n\n\n<p>Oto, co powiedzia\u0142by komu\u015b, kto waha si\u0119 przed u\u017cyciem <strong>SERPmantics <\/strong>dla<strong> Optymalizacja tre\u015bci<\/strong> :<\/p>\n\n\n\n<blockquote class=\"wp-block-quote is-layout-flow wp-block-quote-is-layout-flow\">\n<p><em>\"Powiedzia\u0142bym mu, \u017ce je\u015bli chce narz\u0119dzia, w kt\u00f3rym jest co\u015b ultra-jako\u015bciowego, kt\u00f3re pozycjonuje si\u0119 bezpo\u015brednio poprzez analiz\u0119 intencji wyszukiwania na bie\u017c\u0105cych stronach Google i chce bardzo szczeg\u00f3\u0142owego planu, powinien przej\u015b\u0107 bezpo\u015brednio do SERPmantics.<\/em><\/p>\n<\/blockquote>","protected":false},"excerpt":{"rendered":"<p>Pr\u00e9sentation du client&nbsp; Aur\u00e9lien Richard est consultant SEO freelance. Apr\u00e8s plusieurs ann\u00e9es d&rsquo;exp\u00e9rience en marketing digital (CRM, automation, r\u00e9daction, copywriting), il d\u00e9cide de se sp\u00e9cialiser dans le r\u00e9f\u00e9rencement naturel, un domaine qui allie ses deux passions : l&rsquo;analyse technique et la r\u00e9daction de contenu. De mani\u00e8re \u00e0 proposer un service de qualit\u00e9 \u00e0 ses futurs [&hellip;]<\/p>","protected":false},"author":1,"featured_media":2837,"parent":0,"menu_order":0,"comment_status":"closed","ping_status":"closed","template":"","meta":{"_et_pb_use_builder":"off","_et_pb_old_content":"","_et_gb_content_width":"","footnotes":""},"class_list":["post-2724","page","type-page","status-publish","has-post-thumbnail","hentry"],"yoast_head":"<!-- This site is optimized with the Yoast SEO plugin v23.2 - https:\/\/yoast.com\/wordpress\/plugins\/seo\/ -->\n<title>SERPmantics aide Aur\u00e9lien \u00e0 optimiser les contenus de ses clients pour le SEO<\/title>\n<meta name=\"robots\" content=\"index, follow, max-snippet:-1, max-image-preview:large, max-video-preview:-1\" \/>\n<link rel=\"canonical\" href=\"https:\/\/serpmantics.com\/pl\/studium-przypadku-aurelien-richard\/\" \/>\n<meta property=\"og:locale\" content=\"pl_PL\" \/>\n<meta property=\"og:type\" content=\"article\" \/>\n<meta property=\"og:title\" content=\"SERPmantics aide Aur\u00e9lien \u00e0 optimiser les contenus de ses clients pour le SEO\" \/>\n<meta property=\"og:description\" content=\"Pr\u00e9sentation du client&nbsp; Aur\u00e9lien Richard est consultant SEO freelance. Apr\u00e8s plusieurs ann\u00e9es d&rsquo;exp\u00e9rience en marketing digital (CRM, automation, r\u00e9daction, copywriting), il d\u00e9cide de se sp\u00e9cialiser dans le r\u00e9f\u00e9rencement naturel, un domaine qui allie ses deux passions : l&rsquo;analyse technique et la r\u00e9daction de contenu. De mani\u00e8re \u00e0 proposer un service de qualit\u00e9 \u00e0 ses futurs [&hellip;]\" \/>\n<meta property=\"og:url\" content=\"https:\/\/serpmantics.com\/pl\/studium-przypadku-aurelien-richard\/\" \/>\n<meta property=\"og:site_name\" content=\"SERPmantics\" \/>\n<meta property=\"article:modified_time\" content=\"2025-06-28T09:08:25+00:00\" \/>\n<meta property=\"og:image\" content=\"https:\/\/serpmantics.com\/wp-content\/uploads\/2025\/06\/SERPmantics-couverture-etude-de-cas-aurelien.png\" \/>\n\t<meta property=\"og:image:width\" content=\"1200\" \/>\n\t<meta property=\"og:image:height\" content=\"628\" \/>\n\t<meta property=\"og:image:type\" content=\"image\/png\" \/>\n<meta name=\"twitter:card\" content=\"summary_large_image\" \/>\n<meta name=\"twitter:label1\" content=\"Szacowany czas czytania\" \/>\n\t<meta name=\"twitter:data1\" content=\"3 minuty\" \/>\n<script type=\"application\/ld+json\" class=\"yoast-schema-graph\">{\"@context\":\"https:\/\/schema.org\",\"@graph\":[{\"@type\":\"WebPage\",\"@id\":\"https:\/\/serpmantics.com\/case-study-aurelien-richard\/\",\"url\":\"https:\/\/serpmantics.com\/case-study-aurelien-richard\/\",\"name\":\"SERPmantics aide Aur\u00e9lien \u00e0 optimiser les contenus de ses clients pour le SEO\",\"isPartOf\":{\"@id\":\"https:\/\/serpmantics.com\/#website\"},\"primaryImageOfPage\":{\"@id\":\"https:\/\/serpmantics.com\/case-study-aurelien-richard\/#primaryimage\"},\"image\":{\"@id\":\"https:\/\/serpmantics.com\/case-study-aurelien-richard\/#primaryimage\"},\"thumbnailUrl\":\"https:\/\/serpmantics.com\/wp-content\/uploads\/2025\/06\/SERPmantics-couverture-etude-de-cas-aurelien.png\",\"datePublished\":\"2025-06-23T13:01:24+00:00\",\"dateModified\":\"2025-06-28T09:08:25+00:00\",\"breadcrumb\":{\"@id\":\"https:\/\/serpmantics.com\/case-study-aurelien-richard\/#breadcrumb\"},\"inLanguage\":\"pl-PL\",\"potentialAction\":[{\"@type\":\"ReadAction\",\"target\":[\"https:\/\/serpmantics.com\/case-study-aurelien-richard\/\"]}]},{\"@type\":\"ImageObject\",\"inLanguage\":\"pl-PL\",\"@id\":\"https:\/\/serpmantics.com\/case-study-aurelien-richard\/#primaryimage\",\"url\":\"https:\/\/serpmantics.com\/wp-content\/uploads\/2025\/06\/SERPmantics-couverture-etude-de-cas-aurelien.png\",\"contentUrl\":\"https:\/\/serpmantics.com\/wp-content\/uploads\/2025\/06\/SERPmantics-couverture-etude-de-cas-aurelien.png\",\"width\":1200,\"height\":628,\"caption\":\"Etude de cas SERPmantics d'un consultant ind\u00e9pendant\"},{\"@type\":\"BreadcrumbList\",\"@id\":\"https:\/\/serpmantics.com\/case-study-aurelien-richard\/#breadcrumb\",\"itemListElement\":[{\"@type\":\"ListItem\",\"position\":1,\"name\":\"Home\",\"item\":\"https:\/\/serpmantics.com\/\"},{\"@type\":\"ListItem\",\"position\":2,\"name\":\"SERPmantics aide Aur\u00e9lien \u00e0 optimiser les contenus de ses clients pour le SEO\"}]},{\"@type\":\"WebSite\",\"@id\":\"https:\/\/serpmantics.com\/#website\",\"url\":\"https:\/\/serpmantics.com\/\",\"name\":\"SERPmantics\",\"description\":\"L&#039;Optimisation S\u00e9mantique pouss\u00e9e pour passer 1er sur Google\",\"potentialAction\":[{\"@type\":\"SearchAction\",\"target\":{\"@type\":\"EntryPoint\",\"urlTemplate\":\"https:\/\/serpmantics.com\/?s={search_term_string}\"},\"query-input\":\"required name=search_term_string\"}],\"inLanguage\":\"pl-PL\"}]}<\/script>\n<!-- \/ Yoast SEO plugin. -->","yoast_head_json":{"title":"SERPmantics aide Aur\u00e9lien \u00e0 optimiser les contenus de ses clients pour le SEO","robots":{"index":"index","follow":"follow","max-snippet":"max-snippet:-1","max-image-preview":"max-image-preview:large","max-video-preview":"max-video-preview:-1"},"canonical":"https:\/\/serpmantics.com\/pl\/studium-przypadku-aurelien-richard\/","og_locale":"pl_PL","og_type":"article","og_title":"SERPmantics aide Aur\u00e9lien \u00e0 optimiser les contenus de ses clients pour le SEO","og_description":"Pr\u00e9sentation du client&nbsp; Aur\u00e9lien Richard est consultant SEO freelance. Apr\u00e8s plusieurs ann\u00e9es d&rsquo;exp\u00e9rience en marketing digital (CRM, automation, r\u00e9daction, copywriting), il d\u00e9cide de se sp\u00e9cialiser dans le r\u00e9f\u00e9rencement naturel, un domaine qui allie ses deux passions : l&rsquo;analyse technique et la r\u00e9daction de contenu. De mani\u00e8re \u00e0 proposer un service de qualit\u00e9 \u00e0 ses futurs [&hellip;]","og_url":"https:\/\/serpmantics.com\/pl\/studium-przypadku-aurelien-richard\/","og_site_name":"SERPmantics","article_modified_time":"2025-06-28T09:08:25+00:00","og_image":[{"width":1200,"height":628,"url":"https:\/\/serpmantics.com\/wp-content\/uploads\/2025\/06\/SERPmantics-couverture-etude-de-cas-aurelien.png","type":"image\/png"}],"twitter_card":"summary_large_image","twitter_misc":{"Szacowany czas czytania":"3 minuty"},"schema":{"@context":"https:\/\/schema.org","@graph":[{"@type":"WebPage","@id":"https:\/\/serpmantics.com\/case-study-aurelien-richard\/","url":"https:\/\/serpmantics.com\/case-study-aurelien-richard\/","name":"SERPmantics aide Aur\u00e9lien \u00e0 optimiser les contenus de ses clients pour le SEO","isPartOf":{"@id":"https:\/\/serpmantics.com\/#website"},"primaryImageOfPage":{"@id":"https:\/\/serpmantics.com\/case-study-aurelien-richard\/#primaryimage"},"image":{"@id":"https:\/\/serpmantics.com\/case-study-aurelien-richard\/#primaryimage"},"thumbnailUrl":"https:\/\/serpmantics.com\/wp-content\/uploads\/2025\/06\/SERPmantics-couverture-etude-de-cas-aurelien.png","datePublished":"2025-06-23T13:01:24+00:00","dateModified":"2025-06-28T09:08:25+00:00","breadcrumb":{"@id":"https:\/\/serpmantics.com\/case-study-aurelien-richard\/#breadcrumb"},"inLanguage":"pl-PL","potentialAction":[{"@type":"ReadAction","target":["https:\/\/serpmantics.com\/case-study-aurelien-richard\/"]}]},{"@type":"ImageObject","inLanguage":"pl-PL","@id":"https:\/\/serpmantics.com\/case-study-aurelien-richard\/#primaryimage","url":"https:\/\/serpmantics.com\/wp-content\/uploads\/2025\/06\/SERPmantics-couverture-etude-de-cas-aurelien.png","contentUrl":"https:\/\/serpmantics.com\/wp-content\/uploads\/2025\/06\/SERPmantics-couverture-etude-de-cas-aurelien.png","width":1200,"height":628,"caption":"Etude de cas SERPmantics d'un consultant ind\u00e9pendant"},{"@type":"BreadcrumbList","@id":"https:\/\/serpmantics.com\/case-study-aurelien-richard\/#breadcrumb","itemListElement":[{"@type":"ListItem","position":1,"name":"Home","item":"https:\/\/serpmantics.com\/"},{"@type":"ListItem","position":2,"name":"SERPmantics aide Aur\u00e9lien \u00e0 optimiser les contenus de ses clients pour le SEO"}]},{"@type":"WebSite","@id":"https:\/\/serpmantics.com\/#website","url":"https:\/\/serpmantics.com\/","name":"SERPmantics","description":"L&#039;Optimisation S\u00e9mantique pouss\u00e9e pour passer 1er sur Google","potentialAction":[{"@type":"SearchAction","target":{"@type":"EntryPoint","urlTemplate":"https:\/\/serpmantics.com\/?s={search_term_string}"},"query-input":"required name=search_term_string"}],"inLanguage":"pl-PL"}]}},"_links":{"self":[{"href":"https:\/\/serpmantics.com\/pl\/wp-json\/wp\/v2\/pages\/2724","targetHints":{"allow":["GET"]}}],"collection":[{"href":"https:\/\/serpmantics.com\/pl\/wp-json\/wp\/v2\/pages"}],"about":[{"href":"https:\/\/serpmantics.com\/pl\/wp-json\/wp\/v2\/types\/page"}],"author":[{"embeddable":true,"href":"https:\/\/serpmantics.com\/pl\/wp-json\/wp\/v2\/users\/1"}],"replies":[{"embeddable":true,"href":"https:\/\/serpmantics.com\/pl\/wp-json\/wp\/v2\/comments?post=2724"}],"version-history":[{"count":2,"href":"https:\/\/serpmantics.com\/pl\/wp-json\/wp\/v2\/pages\/2724\/revisions"}],"predecessor-version":[{"id":2729,"href":"https:\/\/serpmantics.com\/pl\/wp-json\/wp\/v2\/pages\/2724\/revisions\/2729"}],"wp:featuredmedia":[{"embeddable":true,"href":"https:\/\/serpmantics.com\/pl\/wp-json\/wp\/v2\/media\/2837"}],"wp:attachment":[{"href":"https:\/\/serpmantics.com\/pl\/wp-json\/wp\/v2\/media?parent=2724"}],"curies":[{"name":"wp","href":"https:\/\/api.w.org\/{rel}","templated":true}]}}