{"id":137,"date":"2023-07-03T08:28:23","date_gmt":"2023-07-03T08:28:23","guid":{"rendered":"https:\/\/serpmantics.com\/?page_id=137"},"modified":"2025-08-05T09:03:40","modified_gmt":"2025-08-05T07:03:40","slug":"conditions-affiliation","status":"publish","type":"page","link":"https:\/\/serpmantics.com\/pl\/warunki-czlonkostwa\/","title":{"rendered":"Warunki programu partnerskiego dla SERPmantics"},"content":{"rendered":"<h2 class=\"wp-block-heading\">1. Kwalifikowalno\u015b\u0107<\/h2>\n\n\n\n<p>Aby kwalifikowa\u0107 si\u0119 do naszego programu partnerskiego, musisz przestrzega\u0107 wszystkich obowi\u0105zuj\u0105cych przepis\u00f3w prawa i regulacji oraz nie anga\u017cowa\u0107 si\u0119 w obra\u017aliwe, znies\u0142awiaj\u0105ce lub nielegalne post\u0119powanie. SERPmantics.com zastrzega sobie prawo do odmowy przyj\u0119cia dowolnego kandydata do programu partnerskiego wed\u0142ug w\u0142asnego uznania.<\/p>\n\n\n\n<h2 class=\"wp-block-heading\">2. Identyfikacja partner\u00f3w i generowanie adres\u00f3w URL<\/h2>\n\n\n\n<p>Jako partner mo\u017cesz generowa\u0107 adresy URL oznaczone unikalnym identyfikatorem partnera (affid). Identyfikator ten jest dostarczany podczas rejestracji w naszym programie partnerskim i mo\u017ce by\u0107 u\u017cywany do tworzenia link\u00f3w do naszej witryny. Funkcje te s\u0105 dost\u0119pne pod tym adresem: <a href=\"https:\/\/app.serpmantics.com\/promote\">https:\/\/app.serpmantics.com\/promote<\/a>&nbsp;<\/p>\n\n\n\n<h2 class=\"wp-block-heading\">3. Identyfikowalno\u015b\u0107 i Komisja<\/h2>\n\n\n\n<p>Gdy u\u017cytkownik odwiedza nasz\u0105 witryn\u0119 za po\u015brednictwem linku partnerskiego, tworzony jest plik cookie wa\u017cny przez 30 dni. Je\u015bli u\u017cytkownik utworzy konto w tym okresie, zostanie ono przypisane do identyfikatora afilianta. U\u017cytkownik otrzyma <strong>30% prowizja od wszystkich p\u0142atno\u015bci subskrypcyjnych dokonanych przez tego klienta<\/strong> przez 2 lata po rejestracji tylko dla subskrypcji standardowych, obliczona na podstawie kwoty zafakturowanej klientowi bez podatku VAT. Nie dotyczy to niestandardowych plan\u00f3w i subskrypcji. Tokeny s\u0105 r\u00f3wnie\u017c wy\u0142\u0105czone. Prowizje zostan\u0105 wstrzymane na okres 30 dni od dokonania p\u0142atno\u015bci przez klienta. Po tym okresie prowizje s\u0105 wyp\u0142acane w ci\u0105gu 30 dni od przedstawienia faktury przelewem bankowym lub Paypal, z zastrze\u017ceniem minimalnego progu p\u0142atno\u015bci w wysoko\u015bci 100 \u20ac bez VAT.<\/p>\n\n\n\n<h2 class=\"wp-block-heading\">4. Zasady promocji<\/h2>\n\n\n\n<p>SERPmantics.com mo\u017ce by\u0107 promowana za po\u015brednictwem sieci spo\u0142eczno\u015bciowych, poczty elektronicznej lub w inny spos\u00f3b zgodny z obowi\u0105zuj\u0105cymi przepisami prawa. Jednak jako partner nie mo\u017cesz pozycjonowa\u0107 si\u0119 na naszej marce w swoich dzia\u0142aniach marketingowych i komunikacyjnych. Musisz r\u00f3wnie\u017c zachowa\u0107 przejrzysto\u015b\u0107 w zakresie swojej roli jako partnera i reprezentowa\u0107 nasz\u0105 mark\u0119 w pozytywny i dok\u0142adny spos\u00f3b. Samozatrudnienie jest zabronione, podobnie jak wszelkie obra\u017aliwe zachowania.<\/p>\n\n\n\n<h2 class=\"wp-block-heading\">5. Fakturowanie i p\u0142atno\u015bci<\/h2>\n\n\n\n<p>P\u0142atno\u015bci b\u0119d\u0105 dokonywane na podstawie faktur przesy\u0142anych przez u\u017cytkownika. P\u0142atno\u015b\u0107 tych faktur zostanie dokonana 30 dni po zako\u0144czeniu 30-dniowego okresu oczekiwania, o kt\u00f3rym mowa powy\u017cej, pod warunkiem, \u017ce nale\u017cna kwota przekracza 100 EUR.<\/p>\n\n\n\n<h2 class=\"wp-block-heading\">6. Czas trwania i zako\u0144czenie<\/h2>\n\n\n\n<p>Niniejsza umowa wchodzi w \u017cycie z chwil\u0105 jej zaakceptowania przez u\u017cytkownika i obowi\u0105zuje do momentu jej rozwi\u0105zania przez kt\u00f3r\u0105kolwiek ze stron. SERPmantics.com zastrzega sobie prawo do rozwi\u0105zania niniejszej umowy w dowolnym momencie, z podaniem lub bez podania przyczyny i bez odszkodowania, za uprzednim 7-dniowym pisemnym powiadomieniem drugiej strony.<\/p>\n\n\n\n<h2 class=\"wp-block-heading\">7. Akceptacja warunk\u00f3w i aktualizacji<\/h2>\n\n\n\n<p>Przyst\u0105pienie do naszego programu partnerskiego oznacza wyra\u017cenie zgody na niniejsze warunki i wszelkie przysz\u0142e aktualizacje. Zach\u0119camy do regularnego sprawdzania tej strony pod k\u0105tem aktualizacji niniejszej umowy.<\/p>","protected":false},"excerpt":{"rendered":"<p>1. Admissibilit\u00e9 Pour \u00eatre admissible \u00e0 notre programme d&rsquo;affiliation, vous devez respecter toutes les lois et r\u00e9gulations applicables et ne pas engager de comportement offensant, diffamatoire ou ill\u00e9gal. SERPmantics.com se r\u00e9serve le droit de refuser l&rsquo;admission \u00e0 tout candidat affili\u00e9 \u00e0 sa seule discr\u00e9tion. 2. Identification d&rsquo;Affili\u00e9 et G\u00e9n\u00e9ration des URL En tant qu&rsquo;affili\u00e9, vous [&hellip;]<\/p>","protected":false},"author":1,"featured_media":0,"parent":0,"menu_order":0,"comment_status":"closed","ping_status":"closed","template":"","meta":{"_et_pb_use_builder":"off","_et_pb_old_content":"","_et_gb_content_width":"","footnotes":""},"class_list":["post-137","page","type-page","status-publish","hentry"],"yoast_head":"<!-- This site is optimized with the Yoast SEO plugin v23.2 - https:\/\/yoast.com\/wordpress\/plugins\/seo\/ -->\n<title>Conditions G\u00e9n\u00e9rales d&#039;Affiliation pour SERPmantics<\/title>\n<meta name=\"robots\" content=\"noindex, follow\" \/>\n<meta property=\"og:locale\" content=\"pl_PL\" \/>\n<meta property=\"og:type\" content=\"article\" \/>\n<meta property=\"og:title\" content=\"Conditions G\u00e9n\u00e9rales d&#039;Affiliation pour SERPmantics\" \/>\n<meta property=\"og:description\" content=\"1. Admissibilit\u00e9 Pour \u00eatre admissible \u00e0 notre programme d&rsquo;affiliation, vous devez respecter toutes les lois et r\u00e9gulations applicables et ne pas engager de comportement offensant, diffamatoire ou ill\u00e9gal. SERPmantics.com se r\u00e9serve le droit de refuser l&rsquo;admission \u00e0 tout candidat affili\u00e9 \u00e0 sa seule discr\u00e9tion. 2. Identification d&rsquo;Affili\u00e9 et G\u00e9n\u00e9ration des URL En tant qu&rsquo;affili\u00e9, vous [&hellip;]\" \/>\n<meta property=\"og:url\" content=\"https:\/\/serpmantics.com\/pl\/warunki-czlonkostwa\/\" \/>\n<meta property=\"og:site_name\" content=\"SERPmantics\" \/>\n<meta property=\"article:modified_time\" content=\"2025-08-05T07:03:40+00:00\" \/>\n<meta name=\"twitter:card\" content=\"summary_large_image\" \/>\n<meta name=\"twitter:label1\" content=\"Szacowany czas czytania\" \/>\n\t<meta name=\"twitter:data1\" content=\"3 minuty\" \/>\n<script type=\"application\/ld+json\" class=\"yoast-schema-graph\">{\"@context\":\"https:\/\/schema.org\",\"@graph\":[{\"@type\":\"WebPage\",\"@id\":\"https:\/\/serpmantics.com\/conditions-affiliation\/\",\"url\":\"https:\/\/serpmantics.com\/conditions-affiliation\/\",\"name\":\"Conditions G\u00e9n\u00e9rales d'Affiliation pour SERPmantics\",\"isPartOf\":{\"@id\":\"https:\/\/serpmantics.com\/#website\"},\"datePublished\":\"2023-07-03T08:28:23+00:00\",\"dateModified\":\"2025-08-05T07:03:40+00:00\",\"breadcrumb\":{\"@id\":\"https:\/\/serpmantics.com\/conditions-affiliation\/#breadcrumb\"},\"inLanguage\":\"pl-PL\",\"potentialAction\":[{\"@type\":\"ReadAction\",\"target\":[\"https:\/\/serpmantics.com\/conditions-affiliation\/\"]}]},{\"@type\":\"BreadcrumbList\",\"@id\":\"https:\/\/serpmantics.com\/conditions-affiliation\/#breadcrumb\",\"itemListElement\":[{\"@type\":\"ListItem\",\"position\":1,\"name\":\"Home\",\"item\":\"https:\/\/serpmantics.com\/\"},{\"@type\":\"ListItem\",\"position\":2,\"name\":\"Conditions G\u00e9n\u00e9rales d&rsquo;Affiliation pour SERPmantics\"}]},{\"@type\":\"WebSite\",\"@id\":\"https:\/\/serpmantics.com\/#website\",\"url\":\"https:\/\/serpmantics.com\/\",\"name\":\"SERPmantics\",\"description\":\"L&#039;Optimisation S\u00e9mantique pouss\u00e9e pour passer 1er sur Google\",\"potentialAction\":[{\"@type\":\"SearchAction\",\"target\":{\"@type\":\"EntryPoint\",\"urlTemplate\":\"https:\/\/serpmantics.com\/?s={search_term_string}\"},\"query-input\":\"required name=search_term_string\"}],\"inLanguage\":\"pl-PL\"}]}<\/script>\n<!-- \/ Yoast SEO plugin. -->","yoast_head_json":{"title":"Conditions G\u00e9n\u00e9rales d'Affiliation pour SERPmantics","robots":{"index":"noindex","follow":"follow"},"og_locale":"pl_PL","og_type":"article","og_title":"Conditions G\u00e9n\u00e9rales d'Affiliation pour SERPmantics","og_description":"1. Admissibilit\u00e9 Pour \u00eatre admissible \u00e0 notre programme d&rsquo;affiliation, vous devez respecter toutes les lois et r\u00e9gulations applicables et ne pas engager de comportement offensant, diffamatoire ou ill\u00e9gal. SERPmantics.com se r\u00e9serve le droit de refuser l&rsquo;admission \u00e0 tout candidat affili\u00e9 \u00e0 sa seule discr\u00e9tion. 2. Identification d&rsquo;Affili\u00e9 et G\u00e9n\u00e9ration des URL En tant qu&rsquo;affili\u00e9, vous [&hellip;]","og_url":"https:\/\/serpmantics.com\/pl\/warunki-czlonkostwa\/","og_site_name":"SERPmantics","article_modified_time":"2025-08-05T07:03:40+00:00","twitter_card":"summary_large_image","twitter_misc":{"Szacowany czas czytania":"3 minuty"},"schema":{"@context":"https:\/\/schema.org","@graph":[{"@type":"WebPage","@id":"https:\/\/serpmantics.com\/conditions-affiliation\/","url":"https:\/\/serpmantics.com\/conditions-affiliation\/","name":"Conditions G\u00e9n\u00e9rales d'Affiliation pour SERPmantics","isPartOf":{"@id":"https:\/\/serpmantics.com\/#website"},"datePublished":"2023-07-03T08:28:23+00:00","dateModified":"2025-08-05T07:03:40+00:00","breadcrumb":{"@id":"https:\/\/serpmantics.com\/conditions-affiliation\/#breadcrumb"},"inLanguage":"pl-PL","potentialAction":[{"@type":"ReadAction","target":["https:\/\/serpmantics.com\/conditions-affiliation\/"]}]},{"@type":"BreadcrumbList","@id":"https:\/\/serpmantics.com\/conditions-affiliation\/#breadcrumb","itemListElement":[{"@type":"ListItem","position":1,"name":"Home","item":"https:\/\/serpmantics.com\/"},{"@type":"ListItem","position":2,"name":"Conditions G\u00e9n\u00e9rales d&rsquo;Affiliation pour SERPmantics"}]},{"@type":"WebSite","@id":"https:\/\/serpmantics.com\/#website","url":"https:\/\/serpmantics.com\/","name":"SERPmantics","description":"L&#039;Optimisation S\u00e9mantique pouss\u00e9e pour passer 1er sur Google","potentialAction":[{"@type":"SearchAction","target":{"@type":"EntryPoint","urlTemplate":"https:\/\/serpmantics.com\/?s={search_term_string}"},"query-input":"required name=search_term_string"}],"inLanguage":"pl-PL"}]}},"_links":{"self":[{"href":"https:\/\/serpmantics.com\/pl\/wp-json\/wp\/v2\/pages\/137","targetHints":{"allow":["GET"]}}],"collection":[{"href":"https:\/\/serpmantics.com\/pl\/wp-json\/wp\/v2\/pages"}],"about":[{"href":"https:\/\/serpmantics.com\/pl\/wp-json\/wp\/v2\/types\/page"}],"author":[{"embeddable":true,"href":"https:\/\/serpmantics.com\/pl\/wp-json\/wp\/v2\/users\/1"}],"replies":[{"embeddable":true,"href":"https:\/\/serpmantics.com\/pl\/wp-json\/wp\/v2\/comments?post=137"}],"version-history":[{"count":10,"href":"https:\/\/serpmantics.com\/pl\/wp-json\/wp\/v2\/pages\/137\/revisions"}],"predecessor-version":[{"id":3498,"href":"https:\/\/serpmantics.com\/pl\/wp-json\/wp\/v2\/pages\/137\/revisions\/3498"}],"wp:attachment":[{"href":"https:\/\/serpmantics.com\/pl\/wp-json\/wp\/v2\/media?parent=137"}],"curies":[{"name":"wp","href":"https:\/\/api.w.org\/{rel}","templated":true}]}}