{"id":581,"date":"2024-08-27T08:58:39","date_gmt":"2024-08-27T08:58:39","guid":{"rendered":"https:\/\/serpmantics.com\/?page_id=581"},"modified":"2025-06-28T09:10:36","modified_gmt":"2025-06-28T09:10:36","slug":"case-study-princesselia","status":"publish","type":"page","link":"https:\/\/serpmantics.com\/nl\/casestudie-prinseselia\/","title":{"rendered":"Vermenigvuldig je SEO verkeer met 27 door je bestaande content te optimaliseren \ud83d\udcc8 - Casestudy &amp; SERPmantics beoordeling van Princess Lia"},"content":{"rendered":"<p>princesselia.com is een e-commerce bedrijf gespecialiseerd in cosmetica, dat onlangs in juli besloot om van CMS te veranderen. Hun website heeft, ondanks een sterke community, <strong>nooit echt geoptimaliseerd was voor SEO<\/strong>. Desondanks had de site het jaar daarvoor zijn verkoop zien verdubbelen zonder enige specifieke inspanning. Dit onverwachte succes zette het bedrijf ertoe aan om <strong>serieus nadenken over SEO-optimalisatie om hun potentieel nog verder te maximaliseren<\/strong>.<\/p>\n\n\n\n<p>Wil je liever de video bekijken? <\/p>\n\n\n\n<p>Hier is de <strong>verkorte versie<\/strong> :<\/p>\n\n\n\n<figure class=\"wp-block-embed is-type-video is-provider-youtube wp-block-embed-youtube wp-embed-aspect-4-3 wp-has-aspect-ratio\"><div class=\"wp-block-embed__wrapper\">\n<iframe loading=\"lazy\" title=\"Vermenigvuldig je SEO verkeer met 27 door je bestaande e-commerce content te optimaliseren \ud83d\udcc8 (Korte versie)\" width=\"1080\" height=\"608\" src=\"https:\/\/www.youtube.com\/embed\/u3fb2zCg9iI?feature=oembed&#038;enablejsapi=1&#038;origin=https:\/\/serpmantics.com\"  allow=\"accelerometer; autoplay; clipboard-write; encrypted-media; gyroscope; picture-in-picture; web-share\" referrerpolicy=\"strict-origin-when-cross-origin\" allowfullscreen><\/iframe>\n<\/div><\/figure>\n\n\n\n<p>Hier is de <strong>volledige versie<\/strong> :<\/p>\n\n\n\n<figure class=\"wp-block-embed is-type-video is-provider-youtube wp-block-embed-youtube wp-embed-aspect-16-9 wp-has-aspect-ratio\"><div class=\"wp-block-embed__wrapper\">\n<iframe loading=\"lazy\" title=\"Vermenigvuldig je SEO verkeer met 27 door je bestaande e-commerce content te optimaliseren \ud83d\udcc8 - Praktijkvoorbeeld\" width=\"1080\" height=\"608\" src=\"https:\/\/www.youtube.com\/embed\/yo07gnHa7xE?feature=oembed&#038;enablejsapi=1&#038;origin=https:\/\/serpmantics.com\"  allow=\"accelerometer; autoplay; clipboard-write; encrypted-media; gyroscope; picture-in-picture; web-share\" referrerpolicy=\"strict-origin-when-cross-origin\" allowfullscreen><\/iframe>\n<\/div><\/figure>\n\n\n\n<h4 class=\"wp-block-heading\"><strong>Uitdaging: Een zeer concurrerende sector<\/strong><\/h4>\n\n\n\n<p>De bedenkers van Princesse Lia, die actief zijn in de bijzonder competitieve cosmeticasector, wisten dat op de eerste pagina van de zoekresultaten komen niet vanzelf ging. De grootste uitdaging lag in het begrijpen en toepassen van SEO best practices, een vakgebied dat vaak als complex en technisch wordt gezien.<\/p>\n\n\n\n<p>Voordat ze SERPmantics ontdekten, werden ze geconfronteerd met twee grote obstakels:<\/p>\n\n\n\n<ol class=\"wp-block-list\">\n<li><strong>De keuze van trefwoorden<\/strong> De meest relevante zoekwoorden identificeren zonder een duidelijke strategie.<\/li>\n\n\n\n<li><strong>Inhoud optimaliseren<\/strong> Begrijpen <strong>hoe je pagina's structureert en verbetert<\/strong> rond trefwoorden die zijn gekozen om hun zichtbaarheid te maximaliseren.<\/li>\n<\/ol>\n\n\n\n<div class=\"wp-block-buttons is-content-justification-center is-layout-flex wp-container-core-buttons-is-layout-16018d1d wp-block-buttons-is-layout-flex\">\n<div class=\"wp-block-button\"><a class=\"wp-block-button__link wp-element-button\" href=\"\/nl\/go\/signup\/\">Test SERPmantics gratis<\/a><\/div>\n<\/div>\n\n\n\n<h4 class=\"wp-block-heading\"><strong>Oplossing: Een eenvoudige en effectieve aanpak met SERPmantics<\/strong><\/h4>\n\n\n\n<p>Na het testen van verschillende tools, vari\u00ebrend van simplistische oplossingen tot overdreven technische opties, ontdekte Laurie van Princess Lia SERPmantics. Het bood een <strong>ideale balans<\/strong> a <strong>eenvoudige maar krachtige interface<\/strong>naar <strong>inhoud in een oogwenk structureren en optimaliseren<\/strong>.<\/p>\n\n\n\n<p>De functies die het team het meest waardeert zijn onder andere :<\/p>\n\n\n\n<ul class=\"wp-block-list\">\n<li><strong>Directe analyse<\/strong> Een duidelijk rapport over de SEO-prestaties van elke pagina, met specifieke aanbevelingen over wat er moet worden verbeterd.<\/li>\n\n\n\n<li><strong>Semantische verrijking<\/strong> Suggesties voor alternatieve trefwoorden om overmatige herhaling te voorkomen en de tekst te verrijken.<\/li>\n\n\n\n<li><strong>Benchmarking<\/strong> De mogelijkheid om top-ranking pagina's te raadplegen voor inspiratie over best practices.<\/li>\n<\/ul>\n\n\n\n<div class=\"wp-block-columns is-layout-flex wp-container-core-columns-is-layout-9d6595d7 wp-block-columns-is-layout-flex\">\n<div class=\"wp-block-column is-layout-flow wp-block-column-is-layout-flow\" style=\"flex-basis:100%\">\n<div class=\"wp-block-buttons is-content-justification-center is-layout-flex wp-container-core-buttons-is-layout-16018d1d wp-block-buttons-is-layout-flex\">\n<div class=\"wp-block-button\"><a class=\"wp-block-button__link wp-element-button\" href=\"\/nl\/go\/signup\/\">Test SERPmantics gratis<\/a><\/div>\n<\/div>\n<\/div>\n<\/div>\n\n\n\n<figure class=\"wp-block-image size-large\"><img loading=\"lazy\" decoding=\"async\" width=\"1024\" height=\"988\" src=\"https:\/\/serpmantics.com\/wp-content\/uploads\/2024\/08\/serpmantics-score-1024x988.png\" alt=\"\" class=\"wp-image-602\" srcset=\"https:\/\/serpmantics.com\/wp-content\/uploads\/2024\/08\/serpmantics-score-1024x988.png 1024w, https:\/\/serpmantics.com\/wp-content\/uploads\/2024\/08\/serpmantics-score-980x946.png 980w, https:\/\/serpmantics.com\/wp-content\/uploads\/2024\/08\/serpmantics-score-480x463.png 480w\" sizes=\"auto, (min-width: 0px) and (max-width: 480px) 480px, (min-width: 481px) and (max-width: 980px) 980px, (min-width: 981px) 1024px, 100vw\" \/><\/figure>\n\n\n\n<figure class=\"wp-block-image aligncenter size-full\"><img loading=\"lazy\" decoding=\"async\" width=\"400\" height=\"203\" src=\"https:\/\/serpmantics.com\/wp-content\/uploads\/2024\/08\/serpmantics-optimisation.gif\" alt=\"\" class=\"wp-image-597\"\/><\/figure>\n\n\n\n<h4 class=\"wp-block-heading\"><strong>Resultaten: Exponenti\u00eble prestaties<\/strong><\/h4>\n\n\n\n<p>De resultaten van de e-commercesite van Princesse Lia waren snel en indrukwekkend:<\/p>\n\n\n\n<ul class=\"wp-block-list\">\n<li><strong>Trefwoord positionering<\/strong> In slechts drie maanden zijn zoekwoorden als \"hennepolie gezicht\" en \"calendula olie\" gestegen van de 35e naar de 2e plaats op Google.<\/li>\n<\/ul>\n\n\n\n<figure class=\"wp-block-image size-large\"><img loading=\"lazy\" decoding=\"async\" width=\"1024\" height=\"398\" src=\"https:\/\/serpmantics.com\/wp-content\/uploads\/2024\/08\/CleanShot-2024-08-26-at-17.58.04@2x-1024x398.png\" alt=\"\" class=\"wp-image-593\" srcset=\"https:\/\/serpmantics.com\/wp-content\/uploads\/2024\/08\/CleanShot-2024-08-26-at-17.58.04@2x-980x381.png 980w, https:\/\/serpmantics.com\/wp-content\/uploads\/2024\/08\/CleanShot-2024-08-26-at-17.58.04@2x-480x186.png 480w\" sizes=\"auto, (min-width: 0px) and (max-width: 480px) 480px, (min-width: 481px) and (max-width: 980px) 980px, (min-width: 981px) 1024px, 100vw\" \/><\/figure>\n\n\n\n<figure class=\"wp-block-image size-large\"><img loading=\"lazy\" decoding=\"async\" width=\"1024\" height=\"212\" src=\"https:\/\/serpmantics.com\/wp-content\/uploads\/2024\/08\/CleanShot-2024-08-26-at-17.54.35@2x-1024x212.png\" alt=\"\" class=\"wp-image-590\" srcset=\"https:\/\/serpmantics.com\/wp-content\/uploads\/2024\/08\/CleanShot-2024-08-26-at-17.54.35@2x-980x203.png 980w, https:\/\/serpmantics.com\/wp-content\/uploads\/2024\/08\/CleanShot-2024-08-26-at-17.54.35@2x-480x99.png 480w\" sizes=\"auto, (min-width: 0px) and (max-width: 480px) 480px, (min-width: 481px) and (max-width: 980px) 980px, (min-width: 981px) 1024px, 100vw\" \/><\/figure>\n\n\n\n<ul class=\"wp-block-list\">\n<li><strong>Meer verkeer<\/strong> Het maandelijkse verkeer op de site is sinds september bijna verdubbeld (in slechts een paar maanden tijd) en uiteindelijk 27 keer zo groot geworden in een jaar tijd (van 362 bezoekers\/maand toen ze zich voor het eerst inschreven op SERPmantics tot 9.641 bezoekers\/maand halverwege augustus een jaar later).<\/li>\n<\/ul>\n\n\n\n<figure class=\"wp-block-image size-large\"><img loading=\"lazy\" decoding=\"async\" width=\"1024\" height=\"374\" src=\"https:\/\/serpmantics.com\/wp-content\/uploads\/2024\/08\/CleanShot-2024-08-26-at-17.55.26@2x-1024x374.png\" alt=\"\" class=\"wp-image-591\" srcset=\"https:\/\/serpmantics.com\/wp-content\/uploads\/2024\/08\/CleanShot-2024-08-26-at-17.55.26@2x-1024x374.png 1024w, https:\/\/serpmantics.com\/wp-content\/uploads\/2024\/08\/CleanShot-2024-08-26-at-17.55.26@2x-980x358.png 980w, https:\/\/serpmantics.com\/wp-content\/uploads\/2024\/08\/CleanShot-2024-08-26-at-17.55.26@2x-480x176.png 480w\" sizes=\"auto, (min-width: 0px) and (max-width: 480px) 480px, (min-width: 481px) and (max-width: 980px) 980px, (min-width: 981px) 1024px, 100vw\" \/><\/figure>\n\n\n\n<figure class=\"wp-block-image size-large\"><img loading=\"lazy\" decoding=\"async\" width=\"1024\" height=\"711\" src=\"https:\/\/serpmantics.com\/wp-content\/uploads\/2024\/08\/CleanShot-2024-08-26-at-13.40.51@2x-1024x711.png\" alt=\"\" class=\"wp-image-586\" srcset=\"https:\/\/serpmantics.com\/wp-content\/uploads\/2024\/08\/CleanShot-2024-08-26-at-13.40.51@2x-980x681.png 980w, https:\/\/serpmantics.com\/wp-content\/uploads\/2024\/08\/CleanShot-2024-08-26-at-13.40.51@2x-480x333.png 480w\" sizes=\"auto, (min-width: 0px) and (max-width: 480px) 480px, (min-width: 481px) and (max-width: 980px) 980px, (min-width: 981px) 1024px, 100vw\" \/><\/figure>\n\n\n\n<ul class=\"wp-block-list\">\n<li><strong>Verkoopcijfers<\/strong> Verkoop: Dankzij de toename van gekwalificeerd verkeer is de maandelijkse verkoop gestegen met gemiddeld 25 % per maand.<\/li>\n<\/ul>\n\n\n\n<p>Deze resultaten getuigen van de effectiviteit van SERPmantics, waardoor de site van Princesselia van een goed presterende site met beperkte zichtbaarheid is uitgegroeid tot een echte gevestigde speler in zijn sector op het gebied van natuurlijke verwijzingen.<\/p>\n\n\n\n<div class=\"wp-block-buttons is-content-justification-center is-layout-flex wp-container-core-buttons-is-layout-16018d1d wp-block-buttons-is-layout-flex\">\n<div class=\"wp-block-button\"><a class=\"wp-block-button__link wp-element-button\" href=\"\/nl\/go\/signup\/\">Ik wil me registreren om de SEO van mijn website te ontwikkelen<\/a><\/div>\n<\/div>\n\n\n\n<h4 class=\"wp-block-heading\"><strong>Getuigenis: Een vlotte, winstgevende ervaring<\/strong><\/h4>\n\n\n\n<p>\"SERPmantics is mijn <strong>een essentieel hulpmiddel voor SEO<\/strong>. Het is eenvoudig, effectief en heeft me in staat gesteld om mijn pagina's snel te structureren en te verbeteren. <strong>De resultaten zijn tastbaar en zichtbaar in slechts een paar maanden, wat erg bemoedigend is.<\/strong> Het is een <strong>een meer dan winstgevende investering<\/strong> voor ons bedrijf.<\/p>\n\n\n\n<h4 class=\"wp-block-heading\"><strong>Een investering die het verschil maakt<\/strong><\/h4>\n\n\n\n<p>De ervaring van Princess Lia laat zien dat het zelfs in een concurrerende sector als cosmetica mogelijk is om <strong>zich onderscheiden van de massa dankzij een goed doordachte SEO-strategie en een hoogwaardige tool<\/strong>. SERPmantics heeft het niet alleen mogelijk gemaakt om<strong>de zichtbaarheid en het verkeer van de site aanzienlijk verhogen<\/strong>maar ook <strong>verkoop stimuleren<\/strong>terwijl het optimalisatieproces wordt vergemakkelijkt.<\/p>\n\n\n\n<div class=\"wp-block-buttons is-content-justification-center is-layout-flex wp-container-core-buttons-is-layout-16018d1d wp-block-buttons-is-layout-flex\">\n<div class=\"wp-block-button\"><a class=\"wp-block-button__link wp-element-button\" href=\"\/nl\/go\/signup\/\">Ik probeer nu SERPmantics<\/a><\/div>\n<\/div>\n\n\n\n<p><\/p>","protected":false},"excerpt":{"rendered":"<p>princesselia.com est une entreprise de e-commerce sp\u00e9cialis\u00e9e dans la cosm\u00e9tique, a r\u00e9cemment d\u00e9cid\u00e9 de changer de CMS en juillet dernier. Leur site Internet, bien qu&rsquo;ayant une communaut\u00e9 solide, n\u2019avait jamais \u00e9t\u00e9 v\u00e9ritablement optimis\u00e9 pour le SEO. Malgr\u00e9 cela, l\u2019ann\u00e9e pr\u00e9c\u00e9dente, le site avait vu son chiffre d\u2019affaires doubler sans effort sp\u00e9cifique. Ce succ\u00e8s inattendu a [&hellip;]<\/p>","protected":false},"author":1,"featured_media":2841,"parent":0,"menu_order":0,"comment_status":"closed","ping_status":"closed","template":"","meta":{"_et_pb_use_builder":"off","_et_pb_old_content":"","_et_gb_content_width":"","footnotes":""},"class_list":["post-581","page","type-page","status-publish","has-post-thumbnail","hentry"],"yoast_head":"<!-- This site is optimized with the Yoast SEO plugin v23.2 - https:\/\/yoast.com\/wordpress\/plugins\/seo\/ -->\n<title>Multiplier son trafic SEO par 27 en optimisant ses contenus existants \ud83d\udcc8 - Etude de cas &amp; Avis SERPmantics de Princesse Lia<\/title>\n<meta name=\"robots\" content=\"index, follow, max-snippet:-1, max-image-preview:large, max-video-preview:-1\" \/>\n<link rel=\"canonical\" href=\"https:\/\/serpmantics.com\/nl\/casestudie-prinseselia\/\" \/>\n<meta property=\"og:locale\" content=\"nl_NL\" \/>\n<meta property=\"og:type\" content=\"article\" \/>\n<meta property=\"og:title\" content=\"Multiplier son trafic SEO par 27 en optimisant ses contenus existants \ud83d\udcc8 - Etude de cas &amp; Avis SERPmantics de Princesse Lia\" \/>\n<meta property=\"og:description\" content=\"princesselia.com est une entreprise de e-commerce sp\u00e9cialis\u00e9e dans la cosm\u00e9tique, a r\u00e9cemment d\u00e9cid\u00e9 de changer de CMS en juillet dernier. Leur site Internet, bien qu&rsquo;ayant une communaut\u00e9 solide, n\u2019avait jamais \u00e9t\u00e9 v\u00e9ritablement optimis\u00e9 pour le SEO. Malgr\u00e9 cela, l\u2019ann\u00e9e pr\u00e9c\u00e9dente, le site avait vu son chiffre d\u2019affaires doubler sans effort sp\u00e9cifique. Ce succ\u00e8s inattendu a [&hellip;]\" \/>\n<meta property=\"og:url\" content=\"https:\/\/serpmantics.com\/nl\/casestudie-prinseselia\/\" \/>\n<meta property=\"og:site_name\" content=\"SERPmantics\" \/>\n<meta property=\"article:modified_time\" content=\"2025-06-28T09:10:36+00:00\" \/>\n<meta property=\"og:image\" content=\"https:\/\/serpmantics.com\/wp-content\/uploads\/2025\/06\/SERPmantics-couverture-etude-de-cas-princesse-lia.png\" \/>\n\t<meta property=\"og:image:width\" content=\"1200\" \/>\n\t<meta property=\"og:image:height\" content=\"628\" \/>\n\t<meta property=\"og:image:type\" content=\"image\/png\" \/>\n<meta name=\"twitter:card\" content=\"summary_large_image\" \/>\n<meta name=\"twitter:label1\" content=\"Geschatte leestijd\" \/>\n\t<meta name=\"twitter:data1\" content=\"5 minuten\" \/>\n<script type=\"application\/ld+json\" class=\"yoast-schema-graph\">{\"@context\":\"https:\/\/schema.org\",\"@graph\":[{\"@type\":\"WebPage\",\"@id\":\"https:\/\/serpmantics.com\/case-study-princesselia\/\",\"url\":\"https:\/\/serpmantics.com\/case-study-princesselia\/\",\"name\":\"Multiplier son trafic SEO par 27 en optimisant ses contenus existants \ud83d\udcc8 - Etude de cas &amp; Avis SERPmantics de Princesse Lia\",\"isPartOf\":{\"@id\":\"https:\/\/serpmantics.com\/#website\"},\"primaryImageOfPage\":{\"@id\":\"https:\/\/serpmantics.com\/case-study-princesselia\/#primaryimage\"},\"image\":{\"@id\":\"https:\/\/serpmantics.com\/case-study-princesselia\/#primaryimage\"},\"thumbnailUrl\":\"https:\/\/serpmantics.com\/wp-content\/uploads\/2025\/06\/SERPmantics-couverture-etude-de-cas-princesse-lia.png\",\"datePublished\":\"2024-08-27T08:58:39+00:00\",\"dateModified\":\"2025-06-28T09:10:36+00:00\",\"breadcrumb\":{\"@id\":\"https:\/\/serpmantics.com\/case-study-princesselia\/#breadcrumb\"},\"inLanguage\":\"nl-NL\",\"potentialAction\":[{\"@type\":\"ReadAction\",\"target\":[\"https:\/\/serpmantics.com\/case-study-princesselia\/\"]}]},{\"@type\":\"ImageObject\",\"inLanguage\":\"nl-NL\",\"@id\":\"https:\/\/serpmantics.com\/case-study-princesselia\/#primaryimage\",\"url\":\"https:\/\/serpmantics.com\/wp-content\/uploads\/2025\/06\/SERPmantics-couverture-etude-de-cas-princesse-lia.png\",\"contentUrl\":\"https:\/\/serpmantics.com\/wp-content\/uploads\/2025\/06\/SERPmantics-couverture-etude-de-cas-princesse-lia.png\",\"width\":1200,\"height\":628,\"caption\":\"Etude de cas SERPmantics x PrincesseLia\"},{\"@type\":\"BreadcrumbList\",\"@id\":\"https:\/\/serpmantics.com\/case-study-princesselia\/#breadcrumb\",\"itemListElement\":[{\"@type\":\"ListItem\",\"position\":1,\"name\":\"Home\",\"item\":\"https:\/\/serpmantics.com\/\"},{\"@type\":\"ListItem\",\"position\":2,\"name\":\"Multiplier son trafic SEO par 27 en optimisant ses contenus existants \ud83d\udcc8 &#8211; Etude de cas &amp; Avis SERPmantics de Princesse Lia\"}]},{\"@type\":\"WebSite\",\"@id\":\"https:\/\/serpmantics.com\/#website\",\"url\":\"https:\/\/serpmantics.com\/\",\"name\":\"SERPmantics\",\"description\":\"L&#039;Optimisation S\u00e9mantique pouss\u00e9e pour passer 1er sur Google\",\"potentialAction\":[{\"@type\":\"SearchAction\",\"target\":{\"@type\":\"EntryPoint\",\"urlTemplate\":\"https:\/\/serpmantics.com\/?s={search_term_string}\"},\"query-input\":\"required name=search_term_string\"}],\"inLanguage\":\"nl-NL\"}]}<\/script>\n<!-- \/ Yoast SEO plugin. -->","yoast_head_json":{"title":"Multiplier son trafic SEO par 27 en optimisant ses contenus existants \ud83d\udcc8 - Etude de cas &amp; Avis SERPmantics de Princesse Lia","robots":{"index":"index","follow":"follow","max-snippet":"max-snippet:-1","max-image-preview":"max-image-preview:large","max-video-preview":"max-video-preview:-1"},"canonical":"https:\/\/serpmantics.com\/nl\/casestudie-prinseselia\/","og_locale":"nl_NL","og_type":"article","og_title":"Multiplier son trafic SEO par 27 en optimisant ses contenus existants \ud83d\udcc8 - Etude de cas &amp; Avis SERPmantics de Princesse Lia","og_description":"princesselia.com est une entreprise de e-commerce sp\u00e9cialis\u00e9e dans la cosm\u00e9tique, a r\u00e9cemment d\u00e9cid\u00e9 de changer de CMS en juillet dernier. Leur site Internet, bien qu&rsquo;ayant une communaut\u00e9 solide, n\u2019avait jamais \u00e9t\u00e9 v\u00e9ritablement optimis\u00e9 pour le SEO. Malgr\u00e9 cela, l\u2019ann\u00e9e pr\u00e9c\u00e9dente, le site avait vu son chiffre d\u2019affaires doubler sans effort sp\u00e9cifique. Ce succ\u00e8s inattendu a [&hellip;]","og_url":"https:\/\/serpmantics.com\/nl\/casestudie-prinseselia\/","og_site_name":"SERPmantics","article_modified_time":"2025-06-28T09:10:36+00:00","og_image":[{"width":1200,"height":628,"url":"https:\/\/serpmantics.com\/wp-content\/uploads\/2025\/06\/SERPmantics-couverture-etude-de-cas-princesse-lia.png","type":"image\/png"}],"twitter_card":"summary_large_image","twitter_misc":{"Geschatte leestijd":"5 minuten"},"schema":{"@context":"https:\/\/schema.org","@graph":[{"@type":"WebPage","@id":"https:\/\/serpmantics.com\/case-study-princesselia\/","url":"https:\/\/serpmantics.com\/case-study-princesselia\/","name":"Multiplier son trafic SEO par 27 en optimisant ses contenus existants \ud83d\udcc8 - Etude de cas &amp; Avis SERPmantics de Princesse Lia","isPartOf":{"@id":"https:\/\/serpmantics.com\/#website"},"primaryImageOfPage":{"@id":"https:\/\/serpmantics.com\/case-study-princesselia\/#primaryimage"},"image":{"@id":"https:\/\/serpmantics.com\/case-study-princesselia\/#primaryimage"},"thumbnailUrl":"https:\/\/serpmantics.com\/wp-content\/uploads\/2025\/06\/SERPmantics-couverture-etude-de-cas-princesse-lia.png","datePublished":"2024-08-27T08:58:39+00:00","dateModified":"2025-06-28T09:10:36+00:00","breadcrumb":{"@id":"https:\/\/serpmantics.com\/case-study-princesselia\/#breadcrumb"},"inLanguage":"nl-NL","potentialAction":[{"@type":"ReadAction","target":["https:\/\/serpmantics.com\/case-study-princesselia\/"]}]},{"@type":"ImageObject","inLanguage":"nl-NL","@id":"https:\/\/serpmantics.com\/case-study-princesselia\/#primaryimage","url":"https:\/\/serpmantics.com\/wp-content\/uploads\/2025\/06\/SERPmantics-couverture-etude-de-cas-princesse-lia.png","contentUrl":"https:\/\/serpmantics.com\/wp-content\/uploads\/2025\/06\/SERPmantics-couverture-etude-de-cas-princesse-lia.png","width":1200,"height":628,"caption":"Etude de cas SERPmantics x PrincesseLia"},{"@type":"BreadcrumbList","@id":"https:\/\/serpmantics.com\/case-study-princesselia\/#breadcrumb","itemListElement":[{"@type":"ListItem","position":1,"name":"Home","item":"https:\/\/serpmantics.com\/"},{"@type":"ListItem","position":2,"name":"Multiplier son trafic SEO par 27 en optimisant ses contenus existants \ud83d\udcc8 &#8211; Etude de cas &amp; Avis SERPmantics de Princesse Lia"}]},{"@type":"WebSite","@id":"https:\/\/serpmantics.com\/#website","url":"https:\/\/serpmantics.com\/","name":"SERPmantics","description":"L&#039;Optimisation S\u00e9mantique pouss\u00e9e pour passer 1er sur Google","potentialAction":[{"@type":"SearchAction","target":{"@type":"EntryPoint","urlTemplate":"https:\/\/serpmantics.com\/?s={search_term_string}"},"query-input":"required name=search_term_string"}],"inLanguage":"nl-NL"}]}},"_links":{"self":[{"href":"https:\/\/serpmantics.com\/nl\/wp-json\/wp\/v2\/pages\/581","targetHints":{"allow":["GET"]}}],"collection":[{"href":"https:\/\/serpmantics.com\/nl\/wp-json\/wp\/v2\/pages"}],"about":[{"href":"https:\/\/serpmantics.com\/nl\/wp-json\/wp\/v2\/types\/page"}],"author":[{"embeddable":true,"href":"https:\/\/serpmantics.com\/nl\/wp-json\/wp\/v2\/users\/1"}],"replies":[{"embeddable":true,"href":"https:\/\/serpmantics.com\/nl\/wp-json\/wp\/v2\/comments?post=581"}],"version-history":[{"count":15,"href":"https:\/\/serpmantics.com\/nl\/wp-json\/wp\/v2\/pages\/581\/revisions"}],"predecessor-version":[{"id":605,"href":"https:\/\/serpmantics.com\/nl\/wp-json\/wp\/v2\/pages\/581\/revisions\/605"}],"wp:featuredmedia":[{"embeddable":true,"href":"https:\/\/serpmantics.com\/nl\/wp-json\/wp\/v2\/media\/2841"}],"wp:attachment":[{"href":"https:\/\/serpmantics.com\/nl\/wp-json\/wp\/v2\/media?parent=581"}],"curies":[{"name":"wp","href":"https:\/\/api.w.org\/{rel}","templated":true}]}}