{"id":2724,"date":"2025-06-23T13:01:24","date_gmt":"2025-06-23T13:01:24","guid":{"rendered":"https:\/\/serpmantics.com\/?page_id=2724"},"modified":"2025-06-28T09:08:25","modified_gmt":"2025-06-28T09:08:25","slug":"case-study-aurelien-richard","status":"publish","type":"page","link":"https:\/\/serpmantics.com\/nl\/casestudy-aurelien-richard\/","title":{"rendered":"SERPmantics helpt Aur\u00e9lien de inhoud van zijn klanten te optimaliseren voor SEO"},"content":{"rendered":"<h2 class=\"wp-block-heading\">Presentatie voor klanten&nbsp;<\/h2>\n\n\n\n<p>Aur\u00e9lien Richard is <strong>freelance SEO consultant.<\/strong> Na enkele jaren ervaring in digitale marketing (CRM, automatisering, copywriting) besloot hij zich te specialiseren in de<strong> natuurlijke verwijzingen<\/strong>Dit is een vakgebied dat zijn twee passies combineert: technische analyse en het schrijven van inhoud. Om een <strong>kwaliteit <\/strong>voor zijn toekomstige klanten, trainde Aur\u00e9lien zichzelf (Live Mentor, bootcamps, YouTube-video's over SEO) voordat hij zijn eigen fulltime bedrijf opzette als<strong>onafhankelijk.<\/strong><\/p>\n\n\n\n<p>Hij werkt momenteel samen met een bedrijf dat gespecialiseerd is in het werven van luxe huishoudelijk personeel. Hun doel is om<strong> de Franstalige versie van hun site ontwikkelen<\/strong> om deze markt beter te bereiken. Haar belangrijkste missie:&nbsp;<\/p>\n\n\n\n<ul class=\"wp-block-list\">\n<li>landingspagina's maken<strong> SEO geoptimaliseerd<\/strong> ;<\/li>\n\n\n\n<li>een <strong>kwalitatieve inhoud<\/strong>in lijn met de waarden van het merk;<\/li>\n\n\n\n<li>een duidelijke, doelgerichte en effectieve inhoudsstrategie structureren<\/li>\n<\/ul>\n\n\n\n<h2 class=\"wp-block-heading\">Voordat u SERPmantics gebruikt&nbsp;<\/h2>\n\n\n\n<p>Voor gebruik <strong>SERPmantics<\/strong>Aur\u00e9lien's werkwijze was in essentie <strong>handmatig <\/strong>:&nbsp;<\/p>\n\n\n\n<ul class=\"wp-block-list\">\n<li>analyse van de <strong>SERP <\/strong>;<\/li>\n\n\n\n<li>reflectie op <strong>onderzoeksintenties<\/strong> ;<\/li>\n\n\n\n<li>analyse van <strong>concurrenten <\/strong>;<\/li>\n\n\n\n<li>zoeken naar<strong> <\/strong>vouchers <strong>trefwoorden<\/strong> en de juiste woordenschat.<\/li>\n<\/ul>\n\n\n\n<p>Maar verschillende <strong>frustraties <\/strong>verschijnen:&nbsp;<\/p>\n\n\n\n<ul class=\"wp-block-list\">\n<li>a <strong>Moeite met het vinden van de juiste trefwoorden<\/strong> en het juiste lexicale veld ;<\/li>\n\n\n\n<li>a <strong>onzekerheid over optimalisatie <\/strong>van de inhoud en de positionering van de pagina's;<\/li>\n\n\n\n<li>van <strong>twijfels <\/strong>op de <strong>structuur <\/strong>van de inhoud.<\/li>\n<\/ul>\n\n\n\n<p>Op de vraag waar hij het langst over deed, antwoordde hij:<\/p>\n\n\n\n<blockquote class=\"wp-block-quote is-layout-flow wp-block-quote-is-layout-flow\">\n<p><em><em>\"\u00a0<\/em>geen duidelijk omlijnd plan hebben en ook niet welk lexicaal veld te gebruiken, welke sleutelwoorden, hoe vaak ze te herhalen\".<\/em><\/p>\n<\/blockquote>\n\n\n\n<h2 class=\"wp-block-heading\">De oplossing: SERPmantics voor structureren, begeleiden en verfijnen<\/h2>\n\n\n\n<p>Aur\u00e9lien ontdekt het gereedschap <strong>SERPmantics <\/strong>en integreert het in zijn proces, dat <strong>automatiseert <\/strong>een groot aantal elementen. Het is een<strong> hulpmiddel voor semantische optimalisatie<\/strong> dat helpt <strong>verbeterende kwaliteit <\/strong>inhoud geoptimaliseerd voor de <strong>natuurlijke verwijzingen<\/strong> en voor <strong>Internetgebruikers<\/strong>. Hier zijn de belangrijkste kenmerken van de tool die hem aanspreken :<\/p>\n\n\n\n<h3 class=\"wp-block-heading\">Gedetailleerde analyse van zoekintenties<\/h3>\n\n\n\n<p>SERPmantics<strong> analyseert de SERP <\/strong>en identificeert automatisch<strong> onderzoeksintenties <\/strong>voor een gericht trefwoord. Zo weten ze welke titels ze moeten gebruiken en welke onderwerpen ze in hun inhoud moeten behandelen. De tool biedt ook een <strong>lijst met trefwoorden die moeten worden opgenomen en vermeden<\/strong>een kenmerk dat hij beschouwt als<strong> zeer nuttig.<\/strong><\/p>\n\n\n\n<blockquote class=\"wp-block-quote is-layout-flow wp-block-quote-is-layout-flow\">\n<p><em>\"Wat ik echt goed vind aan SERPmantics is de manier waarop het zoekintentie identificeert.<\/em> (&#8230;) <em>Het geeft ons echt een direct inzicht in waar mensen echt naar op zoek zijn.<\/em><\/p>\n<\/blockquote>\n\n\n\n<blockquote class=\"wp-block-quote is-layout-flow wp-block-quote-is-layout-flow\">\n<p><em>\"Ik vond SERPmantics leuk omdat het een beetje anders is dat het zoekwoorden vermijdt en dat is iets wat andere tools niet doen.\"<\/em><\/p>\n<\/blockquote>\n\n\n\n<h3 class=\"wp-block-heading\">Een gedetailleerd, duidelijk inhoudsplan<\/h3>\n\n\n\n<p>Met de tool kun je <strong>een inhoudsplan in \u00e9\u00e9n klik<\/strong> afgestemd op de zoekintenties en -verwachtingen van Google. Dit maakt <strong>kostbare tijd besparen<\/strong> aan Aur\u00e9lien, die zich kan concentreren op het schrijven, met de zekerheid van een SEO-vriendelijk plan.<\/p>\n\n\n\n<blockquote class=\"wp-block-quote is-layout-flow wp-block-quote-is-layout-flow\">\n<p><em>\u00ab\u00a0La g\u00e9n\u00e9ration du plan est vraiment tr\u00e8s tr\u00e8s bonne (&#8230;) avoir un plan comme il est d\u00e9taill\u00e9 sur SERPmantics, \u00e7a tient vraiment la route. Tu as juste apr\u00e8s \u00e0 faire tes paragraphes et puis c&rsquo;est bon.\u00a0\u00bb<\/em><\/p>\n<\/blockquote>\n\n\n\n<h3 class=\"wp-block-heading\">Optimalisatiescore&nbsp;<\/h3>\n\n\n\n<p>Wanneer je inhoud schrijft voor <strong>de gereedschapseditor<\/strong>die in realtime een optimalisatiescore berekent op basis van de gedane aanbevelingen, waardoor Aur\u00e9lien het volgende kan doen<strong> de kwaliteit van de inhoud valideren. <\/strong>Hij is erg blij met dit scoresysteem: wanneer hij inhoud schrijft in de tool, weet hij nu of deze beter of slechter is gepositioneerd dan de concurrerende pagina's.<\/p>\n\n\n\n<h3 class=\"wp-block-heading\">Suggesties voor intern linken<\/h3>\n\n\n\n<p>SERPmantics heeft een speciale functie <strong>interne netwerken.<\/strong> Het suggereert <strong>mogelijkheden voor links<\/strong> inbound en outbound worden ge\u00efntegreerd in de inhoud om <strong>optimaliseren<\/strong>.<\/p>\n\n\n\n<blockquote class=\"wp-block-quote is-layout-flow wp-block-quote-is-layout-flow\">\n<p><em>\"Wat echt interessant is aan SERPmantics is dat je een suggestie kunt krijgen voor alles wat met interne linking te maken heeft. Als je het met de hand doet, kan dat wat tijd kosten.\"<\/em><\/p>\n<\/blockquote>\n\n\n\n<h2 class=\"wp-block-heading\">Algehele klantervaring na 2 maanden gebruik<\/h2>\n\n\n\n<p>Aur\u00e9lien waardeert het gereedschap, vooral zijn <strong>intu\u00eftieve interface<\/strong> en het gebruiksgemak.<\/p>\n\n\n\n<blockquote class=\"wp-block-quote is-layout-flow wp-block-quote-is-layout-flow\">\n<p><em> \"Ik vind het heel eenvoudig, heel gemakkelijk. Eerlijk gezegd is het heel erg makkelijk.\"<\/em><\/p>\n<\/blockquote>\n\n\n\n<p>Hij waardeert ook de <strong>kwaliteit van aanbevelingen<\/strong> door het gereedschap.<\/p>\n\n\n\n<blockquote class=\"wp-block-quote is-layout-flow wp-block-quote-is-layout-flow\">\n<p><em>\u201cJ&rsquo;\u00e9tais vraiment tr\u00e8s surpris de la qualit\u00e9 (&#8230;) Au final, je me suis rendu compte que parfois c&rsquo;est pas forc\u00e9ment ceux dont on parle le plus qui sont les meilleurs\u201d.<\/em><\/p>\n<\/blockquote>\n\n\n\n<p>Dit is wat hij zou zeggen tegen iemand die aarzelde om te gebruiken <strong>SERPmantics <\/strong>voor<strong> inhoud optimaliseren<\/strong> :<\/p>\n\n\n\n<blockquote class=\"wp-block-quote is-layout-flow wp-block-quote-is-layout-flow\">\n<p><em>\"Ik zou hem vertellen dat als hij een tool wil waarbij er iets ultra-kwalitatiefs is dat zich direct positioneert door het analyseren van zoekintenties op de huidige pagina's van Google, en hij wil een ultra-gedetailleerd plan, hij direct naar SERPmantics moet gaan.<\/em><\/p>\n<\/blockquote>","protected":false},"excerpt":{"rendered":"<p>Pr\u00e9sentation du client&nbsp; Aur\u00e9lien Richard est consultant SEO freelance. Apr\u00e8s plusieurs ann\u00e9es d&rsquo;exp\u00e9rience en marketing digital (CRM, automation, r\u00e9daction, copywriting), il d\u00e9cide de se sp\u00e9cialiser dans le r\u00e9f\u00e9rencement naturel, un domaine qui allie ses deux passions : l&rsquo;analyse technique et la r\u00e9daction de contenu. De mani\u00e8re \u00e0 proposer un service de qualit\u00e9 \u00e0 ses futurs [&hellip;]<\/p>","protected":false},"author":1,"featured_media":2837,"parent":0,"menu_order":0,"comment_status":"closed","ping_status":"closed","template":"","meta":{"_et_pb_use_builder":"off","_et_pb_old_content":"","_et_gb_content_width":"","footnotes":""},"class_list":["post-2724","page","type-page","status-publish","has-post-thumbnail","hentry"],"yoast_head":"<!-- This site is optimized with the Yoast SEO plugin v23.2 - https:\/\/yoast.com\/wordpress\/plugins\/seo\/ -->\n<title>SERPmantics aide Aur\u00e9lien \u00e0 optimiser les contenus de ses clients pour le SEO<\/title>\n<meta name=\"robots\" content=\"index, follow, max-snippet:-1, max-image-preview:large, max-video-preview:-1\" \/>\n<link rel=\"canonical\" href=\"https:\/\/serpmantics.com\/nl\/casestudy-aurelien-richard\/\" \/>\n<meta property=\"og:locale\" content=\"nl_NL\" \/>\n<meta property=\"og:type\" content=\"article\" \/>\n<meta property=\"og:title\" content=\"SERPmantics aide Aur\u00e9lien \u00e0 optimiser les contenus de ses clients pour le SEO\" \/>\n<meta property=\"og:description\" content=\"Pr\u00e9sentation du client&nbsp; Aur\u00e9lien Richard est consultant SEO freelance. Apr\u00e8s plusieurs ann\u00e9es d&rsquo;exp\u00e9rience en marketing digital (CRM, automation, r\u00e9daction, copywriting), il d\u00e9cide de se sp\u00e9cialiser dans le r\u00e9f\u00e9rencement naturel, un domaine qui allie ses deux passions : l&rsquo;analyse technique et la r\u00e9daction de contenu. De mani\u00e8re \u00e0 proposer un service de qualit\u00e9 \u00e0 ses futurs [&hellip;]\" \/>\n<meta property=\"og:url\" content=\"https:\/\/serpmantics.com\/nl\/casestudy-aurelien-richard\/\" \/>\n<meta property=\"og:site_name\" content=\"SERPmantics\" \/>\n<meta property=\"article:modified_time\" content=\"2025-06-28T09:08:25+00:00\" \/>\n<meta property=\"og:image\" content=\"https:\/\/serpmantics.com\/wp-content\/uploads\/2025\/06\/SERPmantics-couverture-etude-de-cas-aurelien.png\" \/>\n\t<meta property=\"og:image:width\" content=\"1200\" \/>\n\t<meta property=\"og:image:height\" content=\"628\" \/>\n\t<meta property=\"og:image:type\" content=\"image\/png\" \/>\n<meta name=\"twitter:card\" content=\"summary_large_image\" \/>\n<meta name=\"twitter:label1\" content=\"Geschatte leestijd\" \/>\n\t<meta name=\"twitter:data1\" content=\"3 minuten\" \/>\n<script type=\"application\/ld+json\" class=\"yoast-schema-graph\">{\"@context\":\"https:\/\/schema.org\",\"@graph\":[{\"@type\":\"WebPage\",\"@id\":\"https:\/\/serpmantics.com\/case-study-aurelien-richard\/\",\"url\":\"https:\/\/serpmantics.com\/case-study-aurelien-richard\/\",\"name\":\"SERPmantics aide Aur\u00e9lien \u00e0 optimiser les contenus de ses clients pour le SEO\",\"isPartOf\":{\"@id\":\"https:\/\/serpmantics.com\/#website\"},\"primaryImageOfPage\":{\"@id\":\"https:\/\/serpmantics.com\/case-study-aurelien-richard\/#primaryimage\"},\"image\":{\"@id\":\"https:\/\/serpmantics.com\/case-study-aurelien-richard\/#primaryimage\"},\"thumbnailUrl\":\"https:\/\/serpmantics.com\/wp-content\/uploads\/2025\/06\/SERPmantics-couverture-etude-de-cas-aurelien.png\",\"datePublished\":\"2025-06-23T13:01:24+00:00\",\"dateModified\":\"2025-06-28T09:08:25+00:00\",\"breadcrumb\":{\"@id\":\"https:\/\/serpmantics.com\/case-study-aurelien-richard\/#breadcrumb\"},\"inLanguage\":\"nl-NL\",\"potentialAction\":[{\"@type\":\"ReadAction\",\"target\":[\"https:\/\/serpmantics.com\/case-study-aurelien-richard\/\"]}]},{\"@type\":\"ImageObject\",\"inLanguage\":\"nl-NL\",\"@id\":\"https:\/\/serpmantics.com\/case-study-aurelien-richard\/#primaryimage\",\"url\":\"https:\/\/serpmantics.com\/wp-content\/uploads\/2025\/06\/SERPmantics-couverture-etude-de-cas-aurelien.png\",\"contentUrl\":\"https:\/\/serpmantics.com\/wp-content\/uploads\/2025\/06\/SERPmantics-couverture-etude-de-cas-aurelien.png\",\"width\":1200,\"height\":628,\"caption\":\"Etude de cas SERPmantics d'un consultant ind\u00e9pendant\"},{\"@type\":\"BreadcrumbList\",\"@id\":\"https:\/\/serpmantics.com\/case-study-aurelien-richard\/#breadcrumb\",\"itemListElement\":[{\"@type\":\"ListItem\",\"position\":1,\"name\":\"Home\",\"item\":\"https:\/\/serpmantics.com\/\"},{\"@type\":\"ListItem\",\"position\":2,\"name\":\"SERPmantics aide Aur\u00e9lien \u00e0 optimiser les contenus de ses clients pour le SEO\"}]},{\"@type\":\"WebSite\",\"@id\":\"https:\/\/serpmantics.com\/#website\",\"url\":\"https:\/\/serpmantics.com\/\",\"name\":\"SERPmantics\",\"description\":\"L&#039;Optimisation S\u00e9mantique pouss\u00e9e pour passer 1er sur Google\",\"potentialAction\":[{\"@type\":\"SearchAction\",\"target\":{\"@type\":\"EntryPoint\",\"urlTemplate\":\"https:\/\/serpmantics.com\/?s={search_term_string}\"},\"query-input\":\"required name=search_term_string\"}],\"inLanguage\":\"nl-NL\"}]}<\/script>\n<!-- \/ Yoast SEO plugin. -->","yoast_head_json":{"title":"SERPmantics aide Aur\u00e9lien \u00e0 optimiser les contenus de ses clients pour le SEO","robots":{"index":"index","follow":"follow","max-snippet":"max-snippet:-1","max-image-preview":"max-image-preview:large","max-video-preview":"max-video-preview:-1"},"canonical":"https:\/\/serpmantics.com\/nl\/casestudy-aurelien-richard\/","og_locale":"nl_NL","og_type":"article","og_title":"SERPmantics aide Aur\u00e9lien \u00e0 optimiser les contenus de ses clients pour le SEO","og_description":"Pr\u00e9sentation du client&nbsp; Aur\u00e9lien Richard est consultant SEO freelance. Apr\u00e8s plusieurs ann\u00e9es d&rsquo;exp\u00e9rience en marketing digital (CRM, automation, r\u00e9daction, copywriting), il d\u00e9cide de se sp\u00e9cialiser dans le r\u00e9f\u00e9rencement naturel, un domaine qui allie ses deux passions : l&rsquo;analyse technique et la r\u00e9daction de contenu. De mani\u00e8re \u00e0 proposer un service de qualit\u00e9 \u00e0 ses futurs [&hellip;]","og_url":"https:\/\/serpmantics.com\/nl\/casestudy-aurelien-richard\/","og_site_name":"SERPmantics","article_modified_time":"2025-06-28T09:08:25+00:00","og_image":[{"width":1200,"height":628,"url":"https:\/\/serpmantics.com\/wp-content\/uploads\/2025\/06\/SERPmantics-couverture-etude-de-cas-aurelien.png","type":"image\/png"}],"twitter_card":"summary_large_image","twitter_misc":{"Geschatte leestijd":"3 minuten"},"schema":{"@context":"https:\/\/schema.org","@graph":[{"@type":"WebPage","@id":"https:\/\/serpmantics.com\/case-study-aurelien-richard\/","url":"https:\/\/serpmantics.com\/case-study-aurelien-richard\/","name":"SERPmantics aide Aur\u00e9lien \u00e0 optimiser les contenus de ses clients pour le SEO","isPartOf":{"@id":"https:\/\/serpmantics.com\/#website"},"primaryImageOfPage":{"@id":"https:\/\/serpmantics.com\/case-study-aurelien-richard\/#primaryimage"},"image":{"@id":"https:\/\/serpmantics.com\/case-study-aurelien-richard\/#primaryimage"},"thumbnailUrl":"https:\/\/serpmantics.com\/wp-content\/uploads\/2025\/06\/SERPmantics-couverture-etude-de-cas-aurelien.png","datePublished":"2025-06-23T13:01:24+00:00","dateModified":"2025-06-28T09:08:25+00:00","breadcrumb":{"@id":"https:\/\/serpmantics.com\/case-study-aurelien-richard\/#breadcrumb"},"inLanguage":"nl-NL","potentialAction":[{"@type":"ReadAction","target":["https:\/\/serpmantics.com\/case-study-aurelien-richard\/"]}]},{"@type":"ImageObject","inLanguage":"nl-NL","@id":"https:\/\/serpmantics.com\/case-study-aurelien-richard\/#primaryimage","url":"https:\/\/serpmantics.com\/wp-content\/uploads\/2025\/06\/SERPmantics-couverture-etude-de-cas-aurelien.png","contentUrl":"https:\/\/serpmantics.com\/wp-content\/uploads\/2025\/06\/SERPmantics-couverture-etude-de-cas-aurelien.png","width":1200,"height":628,"caption":"Etude de cas SERPmantics d'un consultant ind\u00e9pendant"},{"@type":"BreadcrumbList","@id":"https:\/\/serpmantics.com\/case-study-aurelien-richard\/#breadcrumb","itemListElement":[{"@type":"ListItem","position":1,"name":"Home","item":"https:\/\/serpmantics.com\/"},{"@type":"ListItem","position":2,"name":"SERPmantics aide Aur\u00e9lien \u00e0 optimiser les contenus de ses clients pour le SEO"}]},{"@type":"WebSite","@id":"https:\/\/serpmantics.com\/#website","url":"https:\/\/serpmantics.com\/","name":"SERPmantics","description":"L&#039;Optimisation S\u00e9mantique pouss\u00e9e pour passer 1er sur Google","potentialAction":[{"@type":"SearchAction","target":{"@type":"EntryPoint","urlTemplate":"https:\/\/serpmantics.com\/?s={search_term_string}"},"query-input":"required name=search_term_string"}],"inLanguage":"nl-NL"}]}},"_links":{"self":[{"href":"https:\/\/serpmantics.com\/nl\/wp-json\/wp\/v2\/pages\/2724","targetHints":{"allow":["GET"]}}],"collection":[{"href":"https:\/\/serpmantics.com\/nl\/wp-json\/wp\/v2\/pages"}],"about":[{"href":"https:\/\/serpmantics.com\/nl\/wp-json\/wp\/v2\/types\/page"}],"author":[{"embeddable":true,"href":"https:\/\/serpmantics.com\/nl\/wp-json\/wp\/v2\/users\/1"}],"replies":[{"embeddable":true,"href":"https:\/\/serpmantics.com\/nl\/wp-json\/wp\/v2\/comments?post=2724"}],"version-history":[{"count":2,"href":"https:\/\/serpmantics.com\/nl\/wp-json\/wp\/v2\/pages\/2724\/revisions"}],"predecessor-version":[{"id":2729,"href":"https:\/\/serpmantics.com\/nl\/wp-json\/wp\/v2\/pages\/2724\/revisions\/2729"}],"wp:featuredmedia":[{"embeddable":true,"href":"https:\/\/serpmantics.com\/nl\/wp-json\/wp\/v2\/media\/2837"}],"wp:attachment":[{"href":"https:\/\/serpmantics.com\/nl\/wp-json\/wp\/v2\/media?parent=2724"}],"curies":[{"name":"wp","href":"https:\/\/api.w.org\/{rel}","templated":true}]}}