{"id":581,"date":"2024-08-27T08:58:39","date_gmt":"2024-08-27T08:58:39","guid":{"rendered":"https:\/\/serpmantics.com\/?page_id=581"},"modified":"2025-06-28T09:10:36","modified_gmt":"2025-06-28T09:10:36","slug":"case-study-princesselia","status":"publish","type":"page","link":"https:\/\/serpmantics.com\/it\/studio-di-caso-della-principessa\/","title":{"rendered":"Moltiplicate il vostro traffico SEO per 27 ottimizzando i vostri contenuti esistenti \ud83d\udcc8 - Caso di studio e recensione SERPmantics di Princess Lia"},"content":{"rendered":"<p>princesselia.com \u00e8 un'azienda di e-commerce specializzata in cosmetici, che ha recentemente deciso di cambiare il proprio CMS a luglio. Il loro sito web, pur avendo una forte comunit\u00e0, <strong>non \u00e8 mai stato veramente ottimizzato per la SEO<\/strong>. Nonostante ci\u00f2, l'anno precedente il sito aveva visto raddoppiare le vendite senza alcuno sforzo specifico. Questo successo inaspettato ha spinto l'azienda a <strong>pensare seriamente all'ottimizzazione SEO per massimizzare ulteriormente il loro potenziale<\/strong>.<\/p>\n\n\n\n<p>Preferite guardare il video? <\/p>\n\n\n\n<p>Ecco il <strong>versione condensata<\/strong> :<\/p>\n\n\n\n<figure class=\"wp-block-embed is-type-video is-provider-youtube wp-block-embed-youtube wp-embed-aspect-4-3 wp-has-aspect-ratio\"><div class=\"wp-block-embed__wrapper\">\n<iframe loading=\"lazy\" title=\"Moltiplicate il vostro traffico SEO per 27 ottimizzando i contenuti del vostro e-commerce esistente \ud83d\udcc8 (versione breve)\" width=\"1080\" height=\"608\" src=\"https:\/\/www.youtube.com\/embed\/u3fb2zCg9iI?feature=oembed&#038;enablejsapi=1&#038;origin=https:\/\/serpmantics.com\"  allow=\"accelerometer; autoplay; clipboard-write; encrypted-media; gyroscope; picture-in-picture; web-share\" referrerpolicy=\"strict-origin-when-cross-origin\" allowfullscreen><\/iframe>\n<\/div><\/figure>\n\n\n\n<p>Ecco il <strong>versione completa<\/strong> :<\/p>\n\n\n\n<figure class=\"wp-block-embed is-type-video is-provider-youtube wp-block-embed-youtube wp-embed-aspect-16-9 wp-has-aspect-ratio\"><div class=\"wp-block-embed__wrapper\">\n<iframe loading=\"lazy\" title=\"Moltiplicate il vostro traffico SEO per 27 ottimizzando i contenuti del vostro e-commerce esistente \ud83d\udcc8 - Caso di studio\" width=\"1080\" height=\"608\" src=\"https:\/\/www.youtube.com\/embed\/yo07gnHa7xE?feature=oembed&#038;enablejsapi=1&#038;origin=https:\/\/serpmantics.com\"  allow=\"accelerometer; autoplay; clipboard-write; encrypted-media; gyroscope; picture-in-picture; web-share\" referrerpolicy=\"strict-origin-when-cross-origin\" allowfullscreen><\/iframe>\n<\/div><\/figure>\n\n\n\n<h4 class=\"wp-block-heading\"><strong>Sfida: un settore altamente competitivo<\/strong><\/h4>\n\n\n\n<p>Operando in un settore particolarmente competitivo come quello della cosmetica, i creatori di Princesse Lia sapevano che apparire nella prima pagina dei risultati di ricerca non sarebbe avvenuto per magia. La sfida principale consisteva nel comprendere e applicare le migliori pratiche SEO, un campo spesso percepito come complesso e tecnico.<\/p>\n\n\n\n<p>Prima di scoprire SERPmantics, hanno dovuto affrontare due ostacoli principali:<\/p>\n\n\n\n<ol class=\"wp-block-list\">\n<li><strong>La scelta delle parole chiave<\/strong> Identificare le parole chiave pi\u00f9 rilevanti senza una strategia chiara.<\/li>\n\n\n\n<li><strong>Ottimizzazione dei contenuti<\/strong> : Comprensione <strong>come strutturare e migliorare le pagine<\/strong> intorno a parole chiave scelte per massimizzare la loro visibilit\u00e0.<\/li>\n<\/ol>\n\n\n\n<div class=\"wp-block-buttons is-content-justification-center is-layout-flex wp-container-core-buttons-is-layout-16018d1d wp-block-buttons-is-layout-flex\">\n<div class=\"wp-block-button\"><a class=\"wp-block-button__link wp-element-button\" href=\"\/it\/go\/signup\/\">Prova SERPmantics gratuitamente<\/a><\/div>\n<\/div>\n\n\n\n<h4 class=\"wp-block-heading\"><strong>Soluzione: un approccio semplice ed efficace con SERPmantics<\/strong><\/h4>\n\n\n\n<p>Dopo aver testato diversi strumenti, da soluzioni semplicistiche a opzioni troppo tecniche, Laurie di Princess Lia ha scoperto SERPmantics. Offre un <strong>equilibrio perfetto<\/strong> a <strong>interfaccia semplice ma potente<\/strong>a <strong>strutturare e ottimizzare i contenuti in un batter d'occhio<\/strong>.<\/p>\n\n\n\n<p>Le caratteristiche pi\u00f9 apprezzate dal team includono :<\/p>\n\n\n\n<ul class=\"wp-block-list\">\n<li><strong>Analisi istantanea<\/strong> Un rapporto chiaro sulle prestazioni SEO di ogni pagina, con raccomandazioni specifiche su ci\u00f2 che deve essere migliorato.<\/li>\n\n\n\n<li><strong>Arricchimento semantico<\/strong> Suggerimenti di parole chiave alternative per evitare eccessive ripetizioni e arricchire il testo.<\/li>\n\n\n\n<li><strong>Benchmarking<\/strong> La possibilit\u00e0 di consultare le pagine pi\u00f9 votate per trarre ispirazione dalle migliori pratiche.<\/li>\n<\/ul>\n\n\n\n<div class=\"wp-block-columns is-layout-flex wp-container-core-columns-is-layout-9d6595d7 wp-block-columns-is-layout-flex\">\n<div class=\"wp-block-column is-layout-flow wp-block-column-is-layout-flow\" style=\"flex-basis:100%\">\n<div class=\"wp-block-buttons is-content-justification-center is-layout-flex wp-container-core-buttons-is-layout-16018d1d wp-block-buttons-is-layout-flex\">\n<div class=\"wp-block-button\"><a class=\"wp-block-button__link wp-element-button\" href=\"\/it\/go\/signup\/\">Prova SERPmantics gratuitamente<\/a><\/div>\n<\/div>\n<\/div>\n<\/div>\n\n\n\n<figure class=\"wp-block-image size-large\"><img loading=\"lazy\" decoding=\"async\" width=\"1024\" height=\"988\" src=\"https:\/\/serpmantics.com\/wp-content\/uploads\/2024\/08\/serpmantics-score-1024x988.png\" alt=\"\" class=\"wp-image-602\" srcset=\"https:\/\/serpmantics.com\/wp-content\/uploads\/2024\/08\/serpmantics-score-1024x988.png 1024w, https:\/\/serpmantics.com\/wp-content\/uploads\/2024\/08\/serpmantics-score-980x946.png 980w, https:\/\/serpmantics.com\/wp-content\/uploads\/2024\/08\/serpmantics-score-480x463.png 480w\" sizes=\"auto, (min-width: 0px) and (max-width: 480px) 480px, (min-width: 481px) and (max-width: 980px) 980px, (min-width: 981px) 1024px, 100vw\" \/><\/figure>\n\n\n\n<figure class=\"wp-block-image aligncenter size-full\"><img loading=\"lazy\" decoding=\"async\" width=\"400\" height=\"203\" src=\"https:\/\/serpmantics.com\/wp-content\/uploads\/2024\/08\/serpmantics-optimisation.gif\" alt=\"\" class=\"wp-image-597\"\/><\/figure>\n\n\n\n<h4 class=\"wp-block-heading\"><strong>Risultati: prestazioni esponenziali<\/strong><\/h4>\n\n\n\n<p>I risultati ottenuti dal sito di e-commerce di Princesse Lia sono stati rapidi e impressionanti:<\/p>\n\n\n\n<ul class=\"wp-block-list\">\n<li><strong>Posizionamento delle parole chiave<\/strong> In soli tre mesi, parole chiave come \"olio di canapa per il viso\" e \"olio di calendula\" sono passate dal 35\u00b0 al 2\u00b0 posto su Google.<\/li>\n<\/ul>\n\n\n\n<figure class=\"wp-block-image size-large\"><img loading=\"lazy\" decoding=\"async\" width=\"1024\" height=\"398\" src=\"https:\/\/serpmantics.com\/wp-content\/uploads\/2024\/08\/CleanShot-2024-08-26-at-17.58.04@2x-1024x398.png\" alt=\"\" class=\"wp-image-593\" srcset=\"https:\/\/serpmantics.com\/wp-content\/uploads\/2024\/08\/CleanShot-2024-08-26-at-17.58.04@2x-980x381.png 980w, https:\/\/serpmantics.com\/wp-content\/uploads\/2024\/08\/CleanShot-2024-08-26-at-17.58.04@2x-480x186.png 480w\" sizes=\"auto, (min-width: 0px) and (max-width: 480px) 480px, (min-width: 481px) and (max-width: 980px) 980px, (min-width: 981px) 1024px, 100vw\" \/><\/figure>\n\n\n\n<figure class=\"wp-block-image size-large\"><img loading=\"lazy\" decoding=\"async\" width=\"1024\" height=\"212\" src=\"https:\/\/serpmantics.com\/wp-content\/uploads\/2024\/08\/CleanShot-2024-08-26-at-17.54.35@2x-1024x212.png\" alt=\"\" class=\"wp-image-590\" srcset=\"https:\/\/serpmantics.com\/wp-content\/uploads\/2024\/08\/CleanShot-2024-08-26-at-17.54.35@2x-980x203.png 980w, https:\/\/serpmantics.com\/wp-content\/uploads\/2024\/08\/CleanShot-2024-08-26-at-17.54.35@2x-480x99.png 480w\" sizes=\"auto, (min-width: 0px) and (max-width: 480px) 480px, (min-width: 481px) and (max-width: 980px) 980px, (min-width: 981px) 1024px, 100vw\" \/><\/figure>\n\n\n\n<ul class=\"wp-block-list\">\n<li><strong>Aumento del traffico<\/strong> Il traffico mensile sul sito \u00e8 quasi raddoppiato da settembre (in pochi mesi), aumentando infine di 27 volte in un anno (da 362 visitatori\/mese al momento della prima registrazione su SERPmantics a 9.641 visitatori\/mese a met\u00e0 agosto di un anno dopo).<\/li>\n<\/ul>\n\n\n\n<figure class=\"wp-block-image size-large\"><img loading=\"lazy\" decoding=\"async\" width=\"1024\" height=\"374\" src=\"https:\/\/serpmantics.com\/wp-content\/uploads\/2024\/08\/CleanShot-2024-08-26-at-17.55.26@2x-1024x374.png\" alt=\"\" class=\"wp-image-591\" srcset=\"https:\/\/serpmantics.com\/wp-content\/uploads\/2024\/08\/CleanShot-2024-08-26-at-17.55.26@2x-1024x374.png 1024w, https:\/\/serpmantics.com\/wp-content\/uploads\/2024\/08\/CleanShot-2024-08-26-at-17.55.26@2x-980x358.png 980w, https:\/\/serpmantics.com\/wp-content\/uploads\/2024\/08\/CleanShot-2024-08-26-at-17.55.26@2x-480x176.png 480w\" sizes=\"auto, (min-width: 0px) and (max-width: 480px) 480px, (min-width: 481px) and (max-width: 980px) 980px, (min-width: 981px) 1024px, 100vw\" \/><\/figure>\n\n\n\n<figure class=\"wp-block-image size-large\"><img loading=\"lazy\" decoding=\"async\" width=\"1024\" height=\"711\" src=\"https:\/\/serpmantics.com\/wp-content\/uploads\/2024\/08\/CleanShot-2024-08-26-at-13.40.51@2x-1024x711.png\" alt=\"\" class=\"wp-image-586\" srcset=\"https:\/\/serpmantics.com\/wp-content\/uploads\/2024\/08\/CleanShot-2024-08-26-at-13.40.51@2x-980x681.png 980w, https:\/\/serpmantics.com\/wp-content\/uploads\/2024\/08\/CleanShot-2024-08-26-at-13.40.51@2x-480x333.png 480w\" sizes=\"auto, (min-width: 0px) and (max-width: 480px) 480px, (min-width: 481px) and (max-width: 980px) 980px, (min-width: 981px) 1024px, 100vw\" \/><\/figure>\n\n\n\n<ul class=\"wp-block-list\">\n<li><strong>Dati di vendita<\/strong> Vendite: grazie all'aumento del traffico qualificato, le vendite mensili sono aumentate di una media di 25 % al mese.<\/li>\n<\/ul>\n\n\n\n<p>Questi risultati testimoniano l'efficacia di SERPmantics, che ha permesso al sito di princesselia di passare da un sito altamente performante con visibilit\u00e0 limitata a un vero e proprio player affermato nel suo settore in termini di referenziamento naturale.<\/p>\n\n\n\n<div class=\"wp-block-buttons is-content-justification-center is-layout-flex wp-container-core-buttons-is-layout-16018d1d wp-block-buttons-is-layout-flex\">\n<div class=\"wp-block-button\"><a class=\"wp-block-button__link wp-element-button\" href=\"\/it\/go\/signup\/\">Vorrei iscrivermi per sviluppare il SEO del mio sito web<\/a><\/div>\n<\/div>\n\n\n\n<h4 class=\"wp-block-heading\"><strong>Testimonianza: Un'esperienza fluida e redditizia<\/strong><\/h4>\n\n\n\n<p>\"SERPmantics \u00e8 diventato il mio <strong>uno strumento essenziale per la SEO<\/strong>. \u00c8 semplice, efficace e mi ha permesso di strutturare e migliorare rapidamente le mie pagine. <strong>I risultati sono tangibili e visibili in pochi mesi, il che \u00e8 molto incoraggiante.<\/strong> Si tratta di un <strong>un investimento pi\u00f9 che redditizio<\/strong> per la nostra azienda.<\/p>\n\n\n\n<h4 class=\"wp-block-heading\"><strong>Un investimento che fa la differenza<\/strong><\/h4>\n\n\n\n<p>L'esperienza di Princess Lia dimostra che anche in un settore competitivo come quello della cosmesi \u00e8 possibile <strong>distinguersi dalla massa grazie a una strategia SEO ben studiata e a uno strumento altamente performante<\/strong>. SERPmantics non solo ha reso possibile<strong>aumentare significativamente la visibilit\u00e0 e il traffico del sito<\/strong>ma anche <strong>incrementare le vendite<\/strong>facilitando il processo di ottimizzazione.<\/p>\n\n\n\n<div class=\"wp-block-buttons is-content-justification-center is-layout-flex wp-container-core-buttons-is-layout-16018d1d wp-block-buttons-is-layout-flex\">\n<div class=\"wp-block-button\"><a class=\"wp-block-button__link wp-element-button\" href=\"\/it\/go\/signup\/\">Sto provando SERPmantics adesso<\/a><\/div>\n<\/div>\n\n\n\n<p><\/p>","protected":false},"excerpt":{"rendered":"<p>princesselia.com est une entreprise de e-commerce sp\u00e9cialis\u00e9e dans la cosm\u00e9tique, a r\u00e9cemment d\u00e9cid\u00e9 de changer de CMS en juillet dernier. Leur site Internet, bien qu&rsquo;ayant une communaut\u00e9 solide, n\u2019avait jamais \u00e9t\u00e9 v\u00e9ritablement optimis\u00e9 pour le SEO. Malgr\u00e9 cela, l\u2019ann\u00e9e pr\u00e9c\u00e9dente, le site avait vu son chiffre d\u2019affaires doubler sans effort sp\u00e9cifique. Ce succ\u00e8s inattendu a [&hellip;]<\/p>","protected":false},"author":1,"featured_media":2841,"parent":0,"menu_order":0,"comment_status":"closed","ping_status":"closed","template":"","meta":{"_et_pb_use_builder":"off","_et_pb_old_content":"","_et_gb_content_width":"","footnotes":""},"class_list":["post-581","page","type-page","status-publish","has-post-thumbnail","hentry"],"yoast_head":"<!-- This site is optimized with the Yoast SEO plugin v23.2 - https:\/\/yoast.com\/wordpress\/plugins\/seo\/ -->\n<title>Multiplier son trafic SEO par 27 en optimisant ses contenus existants \ud83d\udcc8 - Etude de cas &amp; Avis SERPmantics de Princesse Lia<\/title>\n<meta name=\"robots\" content=\"index, follow, max-snippet:-1, max-image-preview:large, max-video-preview:-1\" \/>\n<link rel=\"canonical\" href=\"https:\/\/serpmantics.com\/it\/studio-di-caso-della-principessa\/\" \/>\n<meta property=\"og:locale\" content=\"it_IT\" \/>\n<meta property=\"og:type\" content=\"article\" \/>\n<meta property=\"og:title\" content=\"Multiplier son trafic SEO par 27 en optimisant ses contenus existants \ud83d\udcc8 - Etude de cas &amp; Avis SERPmantics de Princesse Lia\" \/>\n<meta property=\"og:description\" content=\"princesselia.com est une entreprise de e-commerce sp\u00e9cialis\u00e9e dans la cosm\u00e9tique, a r\u00e9cemment d\u00e9cid\u00e9 de changer de CMS en juillet dernier. Leur site Internet, bien qu&rsquo;ayant une communaut\u00e9 solide, n\u2019avait jamais \u00e9t\u00e9 v\u00e9ritablement optimis\u00e9 pour le SEO. Malgr\u00e9 cela, l\u2019ann\u00e9e pr\u00e9c\u00e9dente, le site avait vu son chiffre d\u2019affaires doubler sans effort sp\u00e9cifique. Ce succ\u00e8s inattendu a [&hellip;]\" \/>\n<meta property=\"og:url\" content=\"https:\/\/serpmantics.com\/it\/studio-di-caso-della-principessa\/\" \/>\n<meta property=\"og:site_name\" content=\"SERPmantics\" \/>\n<meta property=\"article:modified_time\" content=\"2025-06-28T09:10:36+00:00\" \/>\n<meta property=\"og:image\" content=\"https:\/\/serpmantics.com\/wp-content\/uploads\/2025\/06\/SERPmantics-couverture-etude-de-cas-princesse-lia.png\" \/>\n\t<meta property=\"og:image:width\" content=\"1200\" \/>\n\t<meta property=\"og:image:height\" content=\"628\" \/>\n\t<meta property=\"og:image:type\" content=\"image\/png\" \/>\n<meta name=\"twitter:card\" content=\"summary_large_image\" \/>\n<meta name=\"twitter:label1\" content=\"Tempo di lettura stimato\" \/>\n\t<meta name=\"twitter:data1\" content=\"5 minuti\" \/>\n<script type=\"application\/ld+json\" class=\"yoast-schema-graph\">{\"@context\":\"https:\/\/schema.org\",\"@graph\":[{\"@type\":\"WebPage\",\"@id\":\"https:\/\/serpmantics.com\/case-study-princesselia\/\",\"url\":\"https:\/\/serpmantics.com\/case-study-princesselia\/\",\"name\":\"Multiplier son trafic SEO par 27 en optimisant ses contenus existants \ud83d\udcc8 - Etude de cas &amp; Avis SERPmantics de Princesse Lia\",\"isPartOf\":{\"@id\":\"https:\/\/serpmantics.com\/#website\"},\"primaryImageOfPage\":{\"@id\":\"https:\/\/serpmantics.com\/case-study-princesselia\/#primaryimage\"},\"image\":{\"@id\":\"https:\/\/serpmantics.com\/case-study-princesselia\/#primaryimage\"},\"thumbnailUrl\":\"https:\/\/serpmantics.com\/wp-content\/uploads\/2025\/06\/SERPmantics-couverture-etude-de-cas-princesse-lia.png\",\"datePublished\":\"2024-08-27T08:58:39+00:00\",\"dateModified\":\"2025-06-28T09:10:36+00:00\",\"breadcrumb\":{\"@id\":\"https:\/\/serpmantics.com\/case-study-princesselia\/#breadcrumb\"},\"inLanguage\":\"it-IT\",\"potentialAction\":[{\"@type\":\"ReadAction\",\"target\":[\"https:\/\/serpmantics.com\/case-study-princesselia\/\"]}]},{\"@type\":\"ImageObject\",\"inLanguage\":\"it-IT\",\"@id\":\"https:\/\/serpmantics.com\/case-study-princesselia\/#primaryimage\",\"url\":\"https:\/\/serpmantics.com\/wp-content\/uploads\/2025\/06\/SERPmantics-couverture-etude-de-cas-princesse-lia.png\",\"contentUrl\":\"https:\/\/serpmantics.com\/wp-content\/uploads\/2025\/06\/SERPmantics-couverture-etude-de-cas-princesse-lia.png\",\"width\":1200,\"height\":628,\"caption\":\"Etude de cas SERPmantics x PrincesseLia\"},{\"@type\":\"BreadcrumbList\",\"@id\":\"https:\/\/serpmantics.com\/case-study-princesselia\/#breadcrumb\",\"itemListElement\":[{\"@type\":\"ListItem\",\"position\":1,\"name\":\"Home\",\"item\":\"https:\/\/serpmantics.com\/\"},{\"@type\":\"ListItem\",\"position\":2,\"name\":\"Multiplier son trafic SEO par 27 en optimisant ses contenus existants \ud83d\udcc8 &#8211; Etude de cas &amp; Avis SERPmantics de Princesse Lia\"}]},{\"@type\":\"WebSite\",\"@id\":\"https:\/\/serpmantics.com\/#website\",\"url\":\"https:\/\/serpmantics.com\/\",\"name\":\"SERPmantics\",\"description\":\"L&#039;Optimisation S\u00e9mantique pouss\u00e9e pour passer 1er sur Google\",\"potentialAction\":[{\"@type\":\"SearchAction\",\"target\":{\"@type\":\"EntryPoint\",\"urlTemplate\":\"https:\/\/serpmantics.com\/?s={search_term_string}\"},\"query-input\":\"required name=search_term_string\"}],\"inLanguage\":\"it-IT\"}]}<\/script>\n<!-- \/ Yoast SEO plugin. -->","yoast_head_json":{"title":"Multiplier son trafic SEO par 27 en optimisant ses contenus existants \ud83d\udcc8 - Etude de cas &amp; Avis SERPmantics de Princesse Lia","robots":{"index":"index","follow":"follow","max-snippet":"max-snippet:-1","max-image-preview":"max-image-preview:large","max-video-preview":"max-video-preview:-1"},"canonical":"https:\/\/serpmantics.com\/it\/studio-di-caso-della-principessa\/","og_locale":"it_IT","og_type":"article","og_title":"Multiplier son trafic SEO par 27 en optimisant ses contenus existants \ud83d\udcc8 - Etude de cas &amp; Avis SERPmantics de Princesse Lia","og_description":"princesselia.com est une entreprise de e-commerce sp\u00e9cialis\u00e9e dans la cosm\u00e9tique, a r\u00e9cemment d\u00e9cid\u00e9 de changer de CMS en juillet dernier. Leur site Internet, bien qu&rsquo;ayant une communaut\u00e9 solide, n\u2019avait jamais \u00e9t\u00e9 v\u00e9ritablement optimis\u00e9 pour le SEO. Malgr\u00e9 cela, l\u2019ann\u00e9e pr\u00e9c\u00e9dente, le site avait vu son chiffre d\u2019affaires doubler sans effort sp\u00e9cifique. Ce succ\u00e8s inattendu a [&hellip;]","og_url":"https:\/\/serpmantics.com\/it\/studio-di-caso-della-principessa\/","og_site_name":"SERPmantics","article_modified_time":"2025-06-28T09:10:36+00:00","og_image":[{"width":1200,"height":628,"url":"https:\/\/serpmantics.com\/wp-content\/uploads\/2025\/06\/SERPmantics-couverture-etude-de-cas-princesse-lia.png","type":"image\/png"}],"twitter_card":"summary_large_image","twitter_misc":{"Tempo di lettura stimato":"5 minuti"},"schema":{"@context":"https:\/\/schema.org","@graph":[{"@type":"WebPage","@id":"https:\/\/serpmantics.com\/case-study-princesselia\/","url":"https:\/\/serpmantics.com\/case-study-princesselia\/","name":"Multiplier son trafic SEO par 27 en optimisant ses contenus existants \ud83d\udcc8 - Etude de cas &amp; Avis SERPmantics de Princesse Lia","isPartOf":{"@id":"https:\/\/serpmantics.com\/#website"},"primaryImageOfPage":{"@id":"https:\/\/serpmantics.com\/case-study-princesselia\/#primaryimage"},"image":{"@id":"https:\/\/serpmantics.com\/case-study-princesselia\/#primaryimage"},"thumbnailUrl":"https:\/\/serpmantics.com\/wp-content\/uploads\/2025\/06\/SERPmantics-couverture-etude-de-cas-princesse-lia.png","datePublished":"2024-08-27T08:58:39+00:00","dateModified":"2025-06-28T09:10:36+00:00","breadcrumb":{"@id":"https:\/\/serpmantics.com\/case-study-princesselia\/#breadcrumb"},"inLanguage":"it-IT","potentialAction":[{"@type":"ReadAction","target":["https:\/\/serpmantics.com\/case-study-princesselia\/"]}]},{"@type":"ImageObject","inLanguage":"it-IT","@id":"https:\/\/serpmantics.com\/case-study-princesselia\/#primaryimage","url":"https:\/\/serpmantics.com\/wp-content\/uploads\/2025\/06\/SERPmantics-couverture-etude-de-cas-princesse-lia.png","contentUrl":"https:\/\/serpmantics.com\/wp-content\/uploads\/2025\/06\/SERPmantics-couverture-etude-de-cas-princesse-lia.png","width":1200,"height":628,"caption":"Etude de cas SERPmantics x PrincesseLia"},{"@type":"BreadcrumbList","@id":"https:\/\/serpmantics.com\/case-study-princesselia\/#breadcrumb","itemListElement":[{"@type":"ListItem","position":1,"name":"Home","item":"https:\/\/serpmantics.com\/"},{"@type":"ListItem","position":2,"name":"Multiplier son trafic SEO par 27 en optimisant ses contenus existants \ud83d\udcc8 &#8211; Etude de cas &amp; Avis SERPmantics de Princesse Lia"}]},{"@type":"WebSite","@id":"https:\/\/serpmantics.com\/#website","url":"https:\/\/serpmantics.com\/","name":"SERPmantics","description":"L&#039;Optimisation S\u00e9mantique pouss\u00e9e pour passer 1er sur Google","potentialAction":[{"@type":"SearchAction","target":{"@type":"EntryPoint","urlTemplate":"https:\/\/serpmantics.com\/?s={search_term_string}"},"query-input":"required name=search_term_string"}],"inLanguage":"it-IT"}]}},"_links":{"self":[{"href":"https:\/\/serpmantics.com\/it\/wp-json\/wp\/v2\/pages\/581","targetHints":{"allow":["GET"]}}],"collection":[{"href":"https:\/\/serpmantics.com\/it\/wp-json\/wp\/v2\/pages"}],"about":[{"href":"https:\/\/serpmantics.com\/it\/wp-json\/wp\/v2\/types\/page"}],"author":[{"embeddable":true,"href":"https:\/\/serpmantics.com\/it\/wp-json\/wp\/v2\/users\/1"}],"replies":[{"embeddable":true,"href":"https:\/\/serpmantics.com\/it\/wp-json\/wp\/v2\/comments?post=581"}],"version-history":[{"count":15,"href":"https:\/\/serpmantics.com\/it\/wp-json\/wp\/v2\/pages\/581\/revisions"}],"predecessor-version":[{"id":605,"href":"https:\/\/serpmantics.com\/it\/wp-json\/wp\/v2\/pages\/581\/revisions\/605"}],"wp:featuredmedia":[{"embeddable":true,"href":"https:\/\/serpmantics.com\/it\/wp-json\/wp\/v2\/media\/2841"}],"wp:attachment":[{"href":"https:\/\/serpmantics.com\/it\/wp-json\/wp\/v2\/media?parent=581"}],"curies":[{"name":"wp","href":"https:\/\/api.w.org\/{rel}","templated":true}]}}