{"id":2724,"date":"2025-06-23T13:01:24","date_gmt":"2025-06-23T13:01:24","guid":{"rendered":"https:\/\/serpmantics.com\/?page_id=2724"},"modified":"2025-06-28T09:08:25","modified_gmt":"2025-06-28T09:08:25","slug":"case-study-aurelien-richard","status":"publish","type":"page","link":"https:\/\/serpmantics.com\/it\/caso-di-studio-aurelien-richard\/","title":{"rendered":"SERPmantics aiuta Aur\u00e9lien a ottimizzare i contenuti dei suoi clienti per il SEO"},"content":{"rendered":"<h2 class=\"wp-block-heading\">Presentazione del cliente&nbsp;<\/h2>\n\n\n\n<p>Aur\u00e9lien Richard \u00e8 <strong>consulente SEO freelance.<\/strong> Dopo diversi anni di esperienza nel marketing digitale (CRM, automazione, copywriting), ha deciso di specializzarsi nel settore del marketing digitale.<strong> referenziazione naturale<\/strong>Si tratta di un campo che unisce le sue due passioni: l'analisi tecnica e la scrittura di contenuti. Al fine di offrire un <strong>qualit\u00e0 <\/strong>ai suoi futuri clienti, Aur\u00e9lien si \u00e8 formato da solo (Live Mentor, bootcamp, video su YouTube sulla SEO) prima di avviare la sua attivit\u00e0 a tempo pieno come<strong>indipendente.<\/strong><\/p>\n\n\n\n<p>Attualmente lavora con una societ\u00e0 specializzata nel reclutamento di personale domestico di lusso. Il loro obiettivo \u00e8<strong> sviluppare la versione in lingua francese del loro sito<\/strong> per raggiungere meglio questo mercato. La sua missione principale:&nbsp;<\/p>\n\n\n\n<ul class=\"wp-block-list\">\n<li>creare pagine di destinazione<strong> Ottimizzato SEO<\/strong> ;<\/li>\n\n\n\n<li>produrre un <strong>contenuti di qualit\u00e0<\/strong>in linea con i valori del marchio;<\/li>\n\n\n\n<li>strutturare una strategia di contenuti chiara, mirata ed efficace<\/li>\n<\/ul>\n\n\n\n<h2 class=\"wp-block-heading\">Prima di utilizzare SERPmantics&nbsp;<\/h2>\n\n\n\n<p>Prima dell'uso <strong>SERPmantics<\/strong>Il metodo di lavoro di Aur\u00e9lien era essenzialmente <strong>manuale <\/strong>:&nbsp;<\/p>\n\n\n\n<ul class=\"wp-block-list\">\n<li>analisi del <strong>SERP <\/strong>;<\/li>\n\n\n\n<li>riflessione su <strong>intenzioni di ricerca<\/strong> ;<\/li>\n\n\n\n<li>analisi di <strong>concorrenti <\/strong>;<\/li>\n\n\n\n<li>ricerca di<strong> <\/strong>buoni <strong>parole chiave<\/strong> e il vocabolario giusto.<\/li>\n<\/ul>\n\n\n\n<p>Ma diversi <strong>frustrazioni <\/strong>apparire:&nbsp;<\/p>\n\n\n\n<ul class=\"wp-block-list\">\n<li>a <strong>difficolt\u00e0 a identificare le parole chiave giuste<\/strong> e il campo lessicale appropriato ;<\/li>\n\n\n\n<li>a <strong>incertezza sull'ottimizzazione <\/strong>dei suoi contenuti e del posizionamento delle sue pagine;<\/li>\n\n\n\n<li>da <strong>dubbi <\/strong>sul <strong>struttura <\/strong>del suo contenuto.<\/li>\n<\/ul>\n\n\n\n<p>Quando gli \u00e8 stato chiesto cosa gli ha richiesto pi\u00f9 tempo, ha risposto:<\/p>\n\n\n\n<blockquote class=\"wp-block-quote is-layout-flow wp-block-quote-is-layout-flow\">\n<p><em><em>\"\u00a0<\/em>non avere un piano ben definito e anche quale campo lessicale utilizzare, quali parole chiave, quante volte ripeterle\".<\/em><\/p>\n<\/blockquote>\n\n\n\n<h2 class=\"wp-block-heading\">La soluzione: SERPmantics per strutturare, guidare e raffinare<\/h2>\n\n\n\n<p>Aur\u00e9lien scopre lo strumento <strong>SERPmantics <\/strong>e lo integra nel suo processo, che <strong>automatizza <\/strong>un buon numero di elementi. \u00c8 un<strong> strumento di ottimizzazione semantica<\/strong> che aiuta <strong>migliorare la qualit\u00e0 <\/strong>contenuti ottimizzati per il <strong>referenziazione naturale<\/strong> e per <strong>Utenti di Internet<\/strong>. Ecco le principali caratteristiche dello strumento che lo interessano:<\/p>\n\n\n\n<h3 class=\"wp-block-heading\">Analisi dettagliata delle intenzioni di ricerca<\/h3>\n\n\n\n<p>SERPmantics<strong> analizza la SERP <\/strong>e identifica automaticamente<strong> intenzioni di ricerca <\/strong>per una parola chiave mirata. In questo modo possono sapere quali titoli utilizzare e quali argomenti trattare nei loro contenuti. Lo strumento fornisce anche un <strong>elenco di parole chiave da includere e da evitare<\/strong>una caratteristica che considera<strong> molto utile.<\/strong><\/p>\n\n\n\n<blockquote class=\"wp-block-quote is-layout-flow wp-block-quote-is-layout-flow\">\n<p><em>\"L'aspetto che mi piace molto di SERPmantics \u00e8 il modo in cui identifica l'intento di ricerca.<\/em> (&#8230;) <em>Ci permette di avere una visione diretta di ci\u00f2 che le persone stanno realmente cercando.<\/em><\/p>\n<\/blockquote>\n\n\n\n<blockquote class=\"wp-block-quote is-layout-flow wp-block-quote-is-layout-flow\">\n<p><em>\"Mi \u00e8 piaciuto SERPmantics perch\u00e9 la cosa un po' diversa \u00e8 anche che mette le parole chiave da evitare e questo \u00e8 qualcosa che altri strumenti non fanno\".<\/em><\/p>\n<\/blockquote>\n\n\n\n<h3 class=\"wp-block-heading\">Un piano di contenuti dettagliato e diretto<\/h3>\n\n\n\n<p>Lo strumento consente di <strong>un piano di contenuti in un clic<\/strong> allineati con le intenzioni e le aspettative di ricerca di Google. Questo rende <strong>risparmiare tempo prezioso<\/strong> ad Aur\u00e9lien, che pu\u00f2 concentrarsi sulla scrittura, con la certezza di un piano SEO-friendly.<\/p>\n\n\n\n<blockquote class=\"wp-block-quote is-layout-flow wp-block-quote-is-layout-flow\">\n<p><em>\u00ab\u00a0La g\u00e9n\u00e9ration du plan est vraiment tr\u00e8s tr\u00e8s bonne (&#8230;) avoir un plan comme il est d\u00e9taill\u00e9 sur SERPmantics, \u00e7a tient vraiment la route. Tu as juste apr\u00e8s \u00e0 faire tes paragraphes et puis c&rsquo;est bon.\u00a0\u00bb<\/em><\/p>\n<\/blockquote>\n\n\n\n<h3 class=\"wp-block-heading\">Punteggio di ottimizzazione&nbsp;<\/h3>\n\n\n\n<p>Quando si scrivono contenuti per <strong>l'editor degli strumenti<\/strong>che calcola in tempo reale un punteggio di ottimizzazione sulla base delle raccomandazioni fornite, consentendo ad Aur\u00e9lien di<strong> convalidare la qualit\u00e0 dei suoi contenuti. <\/strong>Apprezza molto questo sistema di punteggio: quando scrive un contenuto nello strumento, ora sa se \u00e8 posizionato meglio o peggio rispetto alle pagine della concorrenza.<\/p>\n\n\n\n<h3 class=\"wp-block-heading\">Suggerimenti per il collegamento interno<\/h3>\n\n\n\n<p>SERPmantics ha una funzione dedicata <strong>rete interna.<\/strong> Suggerisce <strong>opportunit\u00e0 di collegamento<\/strong> in entrata e in uscita da integrare nei suoi contenuti al fine di <strong>ottimizzarlo<\/strong>.<\/p>\n\n\n\n<blockquote class=\"wp-block-quote is-layout-flow wp-block-quote-is-layout-flow\">\n<p><em>\"L'aspetto davvero interessante di SERPmantics \u00e8 che si pu\u00f2 avere un suggerimento per tutto ci\u00f2 che riguarda il linking interno. Farlo a mano, beh, pu\u00f2 richiedere un po' di tempo\".<\/em><\/p>\n<\/blockquote>\n\n\n\n<h2 class=\"wp-block-heading\">Esperienza complessiva del cliente dopo 2 mesi di utilizzo<\/h2>\n\n\n\n<p>Aur\u00e9lien apprezza lo strumento, in particolare il suo <strong>Interfaccia intuitiva<\/strong> e la sua facilit\u00e0 d'uso.<\/p>\n\n\n\n<blockquote class=\"wp-block-quote is-layout-flow wp-block-quote-is-layout-flow\">\n<p><em> \"Lo trovo molto semplice, molto facile. Francamente, \u00e8 molto, molto facile\".<\/em><\/p>\n<\/blockquote>\n\n\n\n<p>Apprezza anche il <strong>qualit\u00e0 delle raccomandazioni<\/strong> dallo strumento.<\/p>\n\n\n\n<blockquote class=\"wp-block-quote is-layout-flow wp-block-quote-is-layout-flow\">\n<p><em>\u201cJ&rsquo;\u00e9tais vraiment tr\u00e8s surpris de la qualit\u00e9 (&#8230;) Au final, je me suis rendu compte que parfois c&rsquo;est pas forc\u00e9ment ceux dont on parle le plus qui sont les meilleurs\u201d.<\/em><\/p>\n<\/blockquote>\n\n\n\n<p>Ecco cosa direbbe a qualcuno che esita ad utilizzare <strong>SERPmantics <\/strong>per<strong> ottimizzare i contenuti<\/strong> :<\/p>\n\n\n\n<blockquote class=\"wp-block-quote is-layout-flow wp-block-quote-is-layout-flow\">\n<p><em>\"Gli direi che se vuole uno strumento ultra-qualitativo che si posiziona direttamente analizzando le intenzioni di ricerca sulle pagine attuali di Google, e vuole un piano ultra-dettagliato, dovrebbe andare direttamente su SERPmantics.<\/em><\/p>\n<\/blockquote>","protected":false},"excerpt":{"rendered":"<p>Pr\u00e9sentation du client&nbsp; Aur\u00e9lien Richard est consultant SEO freelance. Apr\u00e8s plusieurs ann\u00e9es d&rsquo;exp\u00e9rience en marketing digital (CRM, automation, r\u00e9daction, copywriting), il d\u00e9cide de se sp\u00e9cialiser dans le r\u00e9f\u00e9rencement naturel, un domaine qui allie ses deux passions : l&rsquo;analyse technique et la r\u00e9daction de contenu. De mani\u00e8re \u00e0 proposer un service de qualit\u00e9 \u00e0 ses futurs [&hellip;]<\/p>","protected":false},"author":1,"featured_media":2837,"parent":0,"menu_order":0,"comment_status":"closed","ping_status":"closed","template":"","meta":{"_et_pb_use_builder":"off","_et_pb_old_content":"","_et_gb_content_width":"","footnotes":""},"class_list":["post-2724","page","type-page","status-publish","has-post-thumbnail","hentry"],"yoast_head":"<!-- This site is optimized with the Yoast SEO plugin v23.2 - https:\/\/yoast.com\/wordpress\/plugins\/seo\/ -->\n<title>SERPmantics aide Aur\u00e9lien \u00e0 optimiser les contenus de ses clients pour le SEO<\/title>\n<meta name=\"robots\" content=\"index, follow, max-snippet:-1, max-image-preview:large, max-video-preview:-1\" \/>\n<link rel=\"canonical\" href=\"https:\/\/serpmantics.com\/it\/caso-di-studio-aurelien-richard\/\" \/>\n<meta property=\"og:locale\" content=\"it_IT\" \/>\n<meta property=\"og:type\" content=\"article\" \/>\n<meta property=\"og:title\" content=\"SERPmantics aide Aur\u00e9lien \u00e0 optimiser les contenus de ses clients pour le SEO\" \/>\n<meta property=\"og:description\" content=\"Pr\u00e9sentation du client&nbsp; Aur\u00e9lien Richard est consultant SEO freelance. Apr\u00e8s plusieurs ann\u00e9es d&rsquo;exp\u00e9rience en marketing digital (CRM, automation, r\u00e9daction, copywriting), il d\u00e9cide de se sp\u00e9cialiser dans le r\u00e9f\u00e9rencement naturel, un domaine qui allie ses deux passions : l&rsquo;analyse technique et la r\u00e9daction de contenu. De mani\u00e8re \u00e0 proposer un service de qualit\u00e9 \u00e0 ses futurs [&hellip;]\" \/>\n<meta property=\"og:url\" content=\"https:\/\/serpmantics.com\/it\/caso-di-studio-aurelien-richard\/\" \/>\n<meta property=\"og:site_name\" content=\"SERPmantics\" \/>\n<meta property=\"article:modified_time\" content=\"2025-06-28T09:08:25+00:00\" \/>\n<meta property=\"og:image\" content=\"https:\/\/serpmantics.com\/wp-content\/uploads\/2025\/06\/SERPmantics-couverture-etude-de-cas-aurelien.png\" \/>\n\t<meta property=\"og:image:width\" content=\"1200\" \/>\n\t<meta property=\"og:image:height\" content=\"628\" \/>\n\t<meta property=\"og:image:type\" content=\"image\/png\" \/>\n<meta name=\"twitter:card\" content=\"summary_large_image\" \/>\n<meta name=\"twitter:label1\" content=\"Tempo di lettura stimato\" \/>\n\t<meta name=\"twitter:data1\" content=\"3 minuti\" \/>\n<script type=\"application\/ld+json\" class=\"yoast-schema-graph\">{\"@context\":\"https:\/\/schema.org\",\"@graph\":[{\"@type\":\"WebPage\",\"@id\":\"https:\/\/serpmantics.com\/case-study-aurelien-richard\/\",\"url\":\"https:\/\/serpmantics.com\/case-study-aurelien-richard\/\",\"name\":\"SERPmantics aide Aur\u00e9lien \u00e0 optimiser les contenus de ses clients pour le SEO\",\"isPartOf\":{\"@id\":\"https:\/\/serpmantics.com\/#website\"},\"primaryImageOfPage\":{\"@id\":\"https:\/\/serpmantics.com\/case-study-aurelien-richard\/#primaryimage\"},\"image\":{\"@id\":\"https:\/\/serpmantics.com\/case-study-aurelien-richard\/#primaryimage\"},\"thumbnailUrl\":\"https:\/\/serpmantics.com\/wp-content\/uploads\/2025\/06\/SERPmantics-couverture-etude-de-cas-aurelien.png\",\"datePublished\":\"2025-06-23T13:01:24+00:00\",\"dateModified\":\"2025-06-28T09:08:25+00:00\",\"breadcrumb\":{\"@id\":\"https:\/\/serpmantics.com\/case-study-aurelien-richard\/#breadcrumb\"},\"inLanguage\":\"it-IT\",\"potentialAction\":[{\"@type\":\"ReadAction\",\"target\":[\"https:\/\/serpmantics.com\/case-study-aurelien-richard\/\"]}]},{\"@type\":\"ImageObject\",\"inLanguage\":\"it-IT\",\"@id\":\"https:\/\/serpmantics.com\/case-study-aurelien-richard\/#primaryimage\",\"url\":\"https:\/\/serpmantics.com\/wp-content\/uploads\/2025\/06\/SERPmantics-couverture-etude-de-cas-aurelien.png\",\"contentUrl\":\"https:\/\/serpmantics.com\/wp-content\/uploads\/2025\/06\/SERPmantics-couverture-etude-de-cas-aurelien.png\",\"width\":1200,\"height\":628,\"caption\":\"Etude de cas SERPmantics d'un consultant ind\u00e9pendant\"},{\"@type\":\"BreadcrumbList\",\"@id\":\"https:\/\/serpmantics.com\/case-study-aurelien-richard\/#breadcrumb\",\"itemListElement\":[{\"@type\":\"ListItem\",\"position\":1,\"name\":\"Home\",\"item\":\"https:\/\/serpmantics.com\/\"},{\"@type\":\"ListItem\",\"position\":2,\"name\":\"SERPmantics aide Aur\u00e9lien \u00e0 optimiser les contenus de ses clients pour le SEO\"}]},{\"@type\":\"WebSite\",\"@id\":\"https:\/\/serpmantics.com\/#website\",\"url\":\"https:\/\/serpmantics.com\/\",\"name\":\"SERPmantics\",\"description\":\"L&#039;Optimisation S\u00e9mantique pouss\u00e9e pour passer 1er sur Google\",\"potentialAction\":[{\"@type\":\"SearchAction\",\"target\":{\"@type\":\"EntryPoint\",\"urlTemplate\":\"https:\/\/serpmantics.com\/?s={search_term_string}\"},\"query-input\":\"required name=search_term_string\"}],\"inLanguage\":\"it-IT\"}]}<\/script>\n<!-- \/ Yoast SEO plugin. -->","yoast_head_json":{"title":"SERPmantics aide Aur\u00e9lien \u00e0 optimiser les contenus de ses clients pour le SEO","robots":{"index":"index","follow":"follow","max-snippet":"max-snippet:-1","max-image-preview":"max-image-preview:large","max-video-preview":"max-video-preview:-1"},"canonical":"https:\/\/serpmantics.com\/it\/caso-di-studio-aurelien-richard\/","og_locale":"it_IT","og_type":"article","og_title":"SERPmantics aide Aur\u00e9lien \u00e0 optimiser les contenus de ses clients pour le SEO","og_description":"Pr\u00e9sentation du client&nbsp; Aur\u00e9lien Richard est consultant SEO freelance. Apr\u00e8s plusieurs ann\u00e9es d&rsquo;exp\u00e9rience en marketing digital (CRM, automation, r\u00e9daction, copywriting), il d\u00e9cide de se sp\u00e9cialiser dans le r\u00e9f\u00e9rencement naturel, un domaine qui allie ses deux passions : l&rsquo;analyse technique et la r\u00e9daction de contenu. De mani\u00e8re \u00e0 proposer un service de qualit\u00e9 \u00e0 ses futurs [&hellip;]","og_url":"https:\/\/serpmantics.com\/it\/caso-di-studio-aurelien-richard\/","og_site_name":"SERPmantics","article_modified_time":"2025-06-28T09:08:25+00:00","og_image":[{"width":1200,"height":628,"url":"https:\/\/serpmantics.com\/wp-content\/uploads\/2025\/06\/SERPmantics-couverture-etude-de-cas-aurelien.png","type":"image\/png"}],"twitter_card":"summary_large_image","twitter_misc":{"Tempo di lettura stimato":"3 minuti"},"schema":{"@context":"https:\/\/schema.org","@graph":[{"@type":"WebPage","@id":"https:\/\/serpmantics.com\/case-study-aurelien-richard\/","url":"https:\/\/serpmantics.com\/case-study-aurelien-richard\/","name":"SERPmantics aide Aur\u00e9lien \u00e0 optimiser les contenus de ses clients pour le SEO","isPartOf":{"@id":"https:\/\/serpmantics.com\/#website"},"primaryImageOfPage":{"@id":"https:\/\/serpmantics.com\/case-study-aurelien-richard\/#primaryimage"},"image":{"@id":"https:\/\/serpmantics.com\/case-study-aurelien-richard\/#primaryimage"},"thumbnailUrl":"https:\/\/serpmantics.com\/wp-content\/uploads\/2025\/06\/SERPmantics-couverture-etude-de-cas-aurelien.png","datePublished":"2025-06-23T13:01:24+00:00","dateModified":"2025-06-28T09:08:25+00:00","breadcrumb":{"@id":"https:\/\/serpmantics.com\/case-study-aurelien-richard\/#breadcrumb"},"inLanguage":"it-IT","potentialAction":[{"@type":"ReadAction","target":["https:\/\/serpmantics.com\/case-study-aurelien-richard\/"]}]},{"@type":"ImageObject","inLanguage":"it-IT","@id":"https:\/\/serpmantics.com\/case-study-aurelien-richard\/#primaryimage","url":"https:\/\/serpmantics.com\/wp-content\/uploads\/2025\/06\/SERPmantics-couverture-etude-de-cas-aurelien.png","contentUrl":"https:\/\/serpmantics.com\/wp-content\/uploads\/2025\/06\/SERPmantics-couverture-etude-de-cas-aurelien.png","width":1200,"height":628,"caption":"Etude de cas SERPmantics d'un consultant ind\u00e9pendant"},{"@type":"BreadcrumbList","@id":"https:\/\/serpmantics.com\/case-study-aurelien-richard\/#breadcrumb","itemListElement":[{"@type":"ListItem","position":1,"name":"Home","item":"https:\/\/serpmantics.com\/"},{"@type":"ListItem","position":2,"name":"SERPmantics aide Aur\u00e9lien \u00e0 optimiser les contenus de ses clients pour le SEO"}]},{"@type":"WebSite","@id":"https:\/\/serpmantics.com\/#website","url":"https:\/\/serpmantics.com\/","name":"SERPmantics","description":"L&#039;Optimisation S\u00e9mantique pouss\u00e9e pour passer 1er sur Google","potentialAction":[{"@type":"SearchAction","target":{"@type":"EntryPoint","urlTemplate":"https:\/\/serpmantics.com\/?s={search_term_string}"},"query-input":"required name=search_term_string"}],"inLanguage":"it-IT"}]}},"_links":{"self":[{"href":"https:\/\/serpmantics.com\/it\/wp-json\/wp\/v2\/pages\/2724","targetHints":{"allow":["GET"]}}],"collection":[{"href":"https:\/\/serpmantics.com\/it\/wp-json\/wp\/v2\/pages"}],"about":[{"href":"https:\/\/serpmantics.com\/it\/wp-json\/wp\/v2\/types\/page"}],"author":[{"embeddable":true,"href":"https:\/\/serpmantics.com\/it\/wp-json\/wp\/v2\/users\/1"}],"replies":[{"embeddable":true,"href":"https:\/\/serpmantics.com\/it\/wp-json\/wp\/v2\/comments?post=2724"}],"version-history":[{"count":2,"href":"https:\/\/serpmantics.com\/it\/wp-json\/wp\/v2\/pages\/2724\/revisions"}],"predecessor-version":[{"id":2729,"href":"https:\/\/serpmantics.com\/it\/wp-json\/wp\/v2\/pages\/2724\/revisions\/2729"}],"wp:featuredmedia":[{"embeddable":true,"href":"https:\/\/serpmantics.com\/it\/wp-json\/wp\/v2\/media\/2837"}],"wp:attachment":[{"href":"https:\/\/serpmantics.com\/it\/wp-json\/wp\/v2\/media?parent=2724"}],"curies":[{"name":"wp","href":"https:\/\/api.w.org\/{rel}","templated":true}]}}