{"id":137,"date":"2023-07-03T08:28:23","date_gmt":"2023-07-03T08:28:23","guid":{"rendered":"https:\/\/serpmantics.com\/?page_id=137"},"modified":"2025-08-05T09:03:40","modified_gmt":"2025-08-05T07:03:40","slug":"conditions-affiliation","status":"publish","type":"page","link":"https:\/\/serpmantics.com\/it\/condizioni-di-adesione\/","title":{"rendered":"Termini e condizioni di affiliazione per SERPmantics"},"content":{"rendered":"<h2 class=\"wp-block-heading\">1. Ammissibilit\u00e0<\/h2>\n\n\n\n<p>Per essere ammessi al nostro programma di affiliazione, \u00e8 necessario rispettare tutte le leggi e i regolamenti applicabili e non impegnarsi in comportamenti offensivi, diffamatori o illegali. SERPmantics.com si riserva il diritto di rifiutare l'ammissione a qualsiasi richiedente affiliato a sua esclusiva discrezione.<\/p>\n\n\n\n<h2 class=\"wp-block-heading\">2. Identificazione dell'affiliato e generazione dell'URL<\/h2>\n\n\n\n<p>In qualit\u00e0 di affiliato, potete generare URL contrassegnati con il vostro identificativo unico di affiliato (affid). Questo identificativo vi viene fornito al momento della registrazione al nostro programma di affiliazione e pu\u00f2 essere utilizzato per creare link al nostro sito. Queste funzioni sono accessibili da questo indirizzo: <a href=\"https:\/\/app.serpmantics.com\/promote\">https:\/\/app.serpmantics.com\/promote<\/a>&nbsp;<\/p>\n\n\n\n<h2 class=\"wp-block-heading\">3. Tracciabilit\u00e0 e Commissione<\/h2>\n\n\n\n<p>Quando un utente visita il nostro sito tramite il vostro link di affiliazione, viene creato un cookie valido per 30 giorni. Se l'utente crea un account durante questo periodo, questo account verr\u00e0 assegnato al vostro ID affiliato. Riceverete un <strong>30% commissione su tutti i pagamenti dell'abbonamento effettuati da questo cliente<\/strong> per 2 anni dalla registrazione solo per gli abbonamenti standard, calcolati sull'importo fatturato al cliente, IVA esclusa. I piani e gli abbonamenti personalizzati non sono interessati. Sono esclusi anche i gettoni. Le commissioni vengono messe in attesa per un periodo di 30 giorni dal pagamento del cliente. Dopo questo periodo di convalida, le commissioni vengono pagate entro 30 giorni dalla presentazione della fattura, tramite bonifico bancario o Paypal, con una soglia minima di pagamento di 100 euro, IVA esclusa.<\/p>\n\n\n\n<h2 class=\"wp-block-heading\">4. Regole di promozione<\/h2>\n\n\n\n<p>SERPmantics.com pu\u00f2 essere promosso tramite social network, e-mail o qualsiasi altro mezzo conforme alle leggi e alle normative vigenti. Tuttavia, in qualit\u00e0 di affiliati, non potete posizionarvi sul nostro marchio nelle vostre attivit\u00e0 di marketing e comunicazione. Dovete inoltre essere trasparenti sul vostro ruolo di affiliati e rappresentare il nostro marchio in modo positivo e accurato. L'auto-affiliazione \u00e8 vietata, cos\u00ec come qualsiasi comportamento abusivo.<\/p>\n\n\n\n<h2 class=\"wp-block-heading\">5. Fatturazione e pagamento<\/h2>\n\n\n\n<p>Sarete pagati sulla base delle fatture che ci invierete. Il pagamento di tali fatture avverr\u00e0 30 giorni dopo la fine del periodo di attesa di 30 giorni di cui sopra, a condizione che l'importo dovuto sia superiore a 100 euro.<\/p>\n\n\n\n<h2 class=\"wp-block-heading\">6. Durata e cessazione<\/h2>\n\n\n\n<p>Il presente accordo entra in vigore al momento dell'accettazione da parte dell'utente e rimane in vigore fino alla risoluzione da parte di una delle due parti. SERPmantics.com si riserva il diritto di risolvere il presente accordo in qualsiasi momento, con o senza causa, e senza alcun compenso, con un preavviso scritto di 7 giorni alla controparte.<\/p>\n\n\n\n<h2 class=\"wp-block-heading\">7. Accettazione dei termini e degli aggiornamenti<\/h2>\n\n\n\n<p>Iscrivendosi al nostro programma di affiliazione, si accettano i presenti termini e condizioni ed eventuali aggiornamenti futuri. Vi invitiamo a controllare regolarmente questa pagina per verificare gli aggiornamenti di questo accordo.<\/p>","protected":false},"excerpt":{"rendered":"<p>1. Admissibilit\u00e9 Pour \u00eatre admissible \u00e0 notre programme d&rsquo;affiliation, vous devez respecter toutes les lois et r\u00e9gulations applicables et ne pas engager de comportement offensant, diffamatoire ou ill\u00e9gal. SERPmantics.com se r\u00e9serve le droit de refuser l&rsquo;admission \u00e0 tout candidat affili\u00e9 \u00e0 sa seule discr\u00e9tion. 2. Identification d&rsquo;Affili\u00e9 et G\u00e9n\u00e9ration des URL En tant qu&rsquo;affili\u00e9, vous [&hellip;]<\/p>","protected":false},"author":1,"featured_media":0,"parent":0,"menu_order":0,"comment_status":"closed","ping_status":"closed","template":"","meta":{"_et_pb_use_builder":"off","_et_pb_old_content":"","_et_gb_content_width":"","footnotes":""},"class_list":["post-137","page","type-page","status-publish","hentry"],"yoast_head":"<!-- This site is optimized with the Yoast SEO plugin v23.2 - https:\/\/yoast.com\/wordpress\/plugins\/seo\/ -->\n<title>Conditions G\u00e9n\u00e9rales d&#039;Affiliation pour SERPmantics<\/title>\n<meta name=\"robots\" content=\"noindex, follow\" \/>\n<meta property=\"og:locale\" content=\"it_IT\" \/>\n<meta property=\"og:type\" content=\"article\" \/>\n<meta property=\"og:title\" content=\"Conditions G\u00e9n\u00e9rales d&#039;Affiliation pour SERPmantics\" \/>\n<meta property=\"og:description\" content=\"1. Admissibilit\u00e9 Pour \u00eatre admissible \u00e0 notre programme d&rsquo;affiliation, vous devez respecter toutes les lois et r\u00e9gulations applicables et ne pas engager de comportement offensant, diffamatoire ou ill\u00e9gal. SERPmantics.com se r\u00e9serve le droit de refuser l&rsquo;admission \u00e0 tout candidat affili\u00e9 \u00e0 sa seule discr\u00e9tion. 2. Identification d&rsquo;Affili\u00e9 et G\u00e9n\u00e9ration des URL En tant qu&rsquo;affili\u00e9, vous [&hellip;]\" \/>\n<meta property=\"og:url\" content=\"https:\/\/serpmantics.com\/it\/condizioni-di-adesione\/\" \/>\n<meta property=\"og:site_name\" content=\"SERPmantics\" \/>\n<meta property=\"article:modified_time\" content=\"2025-08-05T07:03:40+00:00\" \/>\n<meta name=\"twitter:card\" content=\"summary_large_image\" \/>\n<meta name=\"twitter:label1\" content=\"Tempo di lettura stimato\" \/>\n\t<meta name=\"twitter:data1\" content=\"3 minuti\" \/>\n<script type=\"application\/ld+json\" class=\"yoast-schema-graph\">{\"@context\":\"https:\/\/schema.org\",\"@graph\":[{\"@type\":\"WebPage\",\"@id\":\"https:\/\/serpmantics.com\/conditions-affiliation\/\",\"url\":\"https:\/\/serpmantics.com\/conditions-affiliation\/\",\"name\":\"Conditions G\u00e9n\u00e9rales d'Affiliation pour SERPmantics\",\"isPartOf\":{\"@id\":\"https:\/\/serpmantics.com\/#website\"},\"datePublished\":\"2023-07-03T08:28:23+00:00\",\"dateModified\":\"2025-08-05T07:03:40+00:00\",\"breadcrumb\":{\"@id\":\"https:\/\/serpmantics.com\/conditions-affiliation\/#breadcrumb\"},\"inLanguage\":\"it-IT\",\"potentialAction\":[{\"@type\":\"ReadAction\",\"target\":[\"https:\/\/serpmantics.com\/conditions-affiliation\/\"]}]},{\"@type\":\"BreadcrumbList\",\"@id\":\"https:\/\/serpmantics.com\/conditions-affiliation\/#breadcrumb\",\"itemListElement\":[{\"@type\":\"ListItem\",\"position\":1,\"name\":\"Home\",\"item\":\"https:\/\/serpmantics.com\/\"},{\"@type\":\"ListItem\",\"position\":2,\"name\":\"Conditions G\u00e9n\u00e9rales d&rsquo;Affiliation pour SERPmantics\"}]},{\"@type\":\"WebSite\",\"@id\":\"https:\/\/serpmantics.com\/#website\",\"url\":\"https:\/\/serpmantics.com\/\",\"name\":\"SERPmantics\",\"description\":\"L&#039;Optimisation S\u00e9mantique pouss\u00e9e pour passer 1er sur Google\",\"potentialAction\":[{\"@type\":\"SearchAction\",\"target\":{\"@type\":\"EntryPoint\",\"urlTemplate\":\"https:\/\/serpmantics.com\/?s={search_term_string}\"},\"query-input\":\"required name=search_term_string\"}],\"inLanguage\":\"it-IT\"}]}<\/script>\n<!-- \/ Yoast SEO plugin. -->","yoast_head_json":{"title":"Conditions G\u00e9n\u00e9rales d'Affiliation pour SERPmantics","robots":{"index":"noindex","follow":"follow"},"og_locale":"it_IT","og_type":"article","og_title":"Conditions G\u00e9n\u00e9rales d'Affiliation pour SERPmantics","og_description":"1. Admissibilit\u00e9 Pour \u00eatre admissible \u00e0 notre programme d&rsquo;affiliation, vous devez respecter toutes les lois et r\u00e9gulations applicables et ne pas engager de comportement offensant, diffamatoire ou ill\u00e9gal. SERPmantics.com se r\u00e9serve le droit de refuser l&rsquo;admission \u00e0 tout candidat affili\u00e9 \u00e0 sa seule discr\u00e9tion. 2. Identification d&rsquo;Affili\u00e9 et G\u00e9n\u00e9ration des URL En tant qu&rsquo;affili\u00e9, vous [&hellip;]","og_url":"https:\/\/serpmantics.com\/it\/condizioni-di-adesione\/","og_site_name":"SERPmantics","article_modified_time":"2025-08-05T07:03:40+00:00","twitter_card":"summary_large_image","twitter_misc":{"Tempo di lettura stimato":"3 minuti"},"schema":{"@context":"https:\/\/schema.org","@graph":[{"@type":"WebPage","@id":"https:\/\/serpmantics.com\/conditions-affiliation\/","url":"https:\/\/serpmantics.com\/conditions-affiliation\/","name":"Conditions G\u00e9n\u00e9rales d'Affiliation pour SERPmantics","isPartOf":{"@id":"https:\/\/serpmantics.com\/#website"},"datePublished":"2023-07-03T08:28:23+00:00","dateModified":"2025-08-05T07:03:40+00:00","breadcrumb":{"@id":"https:\/\/serpmantics.com\/conditions-affiliation\/#breadcrumb"},"inLanguage":"it-IT","potentialAction":[{"@type":"ReadAction","target":["https:\/\/serpmantics.com\/conditions-affiliation\/"]}]},{"@type":"BreadcrumbList","@id":"https:\/\/serpmantics.com\/conditions-affiliation\/#breadcrumb","itemListElement":[{"@type":"ListItem","position":1,"name":"Home","item":"https:\/\/serpmantics.com\/"},{"@type":"ListItem","position":2,"name":"Conditions G\u00e9n\u00e9rales d&rsquo;Affiliation pour SERPmantics"}]},{"@type":"WebSite","@id":"https:\/\/serpmantics.com\/#website","url":"https:\/\/serpmantics.com\/","name":"SERPmantics","description":"L&#039;Optimisation S\u00e9mantique pouss\u00e9e pour passer 1er sur Google","potentialAction":[{"@type":"SearchAction","target":{"@type":"EntryPoint","urlTemplate":"https:\/\/serpmantics.com\/?s={search_term_string}"},"query-input":"required name=search_term_string"}],"inLanguage":"it-IT"}]}},"_links":{"self":[{"href":"https:\/\/serpmantics.com\/it\/wp-json\/wp\/v2\/pages\/137","targetHints":{"allow":["GET"]}}],"collection":[{"href":"https:\/\/serpmantics.com\/it\/wp-json\/wp\/v2\/pages"}],"about":[{"href":"https:\/\/serpmantics.com\/it\/wp-json\/wp\/v2\/types\/page"}],"author":[{"embeddable":true,"href":"https:\/\/serpmantics.com\/it\/wp-json\/wp\/v2\/users\/1"}],"replies":[{"embeddable":true,"href":"https:\/\/serpmantics.com\/it\/wp-json\/wp\/v2\/comments?post=137"}],"version-history":[{"count":10,"href":"https:\/\/serpmantics.com\/it\/wp-json\/wp\/v2\/pages\/137\/revisions"}],"predecessor-version":[{"id":3498,"href":"https:\/\/serpmantics.com\/it\/wp-json\/wp\/v2\/pages\/137\/revisions\/3498"}],"wp:attachment":[{"href":"https:\/\/serpmantics.com\/it\/wp-json\/wp\/v2\/media?parent=137"}],"curies":[{"name":"wp","href":"https:\/\/api.w.org\/{rel}","templated":true}]}}