{"id":581,"date":"2024-08-27T08:58:39","date_gmt":"2024-08-27T08:58:39","guid":{"rendered":"https:\/\/serpmantics.com\/?page_id=581"},"modified":"2025-06-28T09:10:36","modified_gmt":"2025-06-28T09:10:36","slug":"case-study-princesselia","status":"publish","type":"page","link":"https:\/\/serpmantics.com\/es\/estudio-de-caso-princesselia\/","title":{"rendered":"Multiplica tu tr\u00e1fico SEO por 27 optimizando tu contenido existente \ud83d\udcc8 - Estudio de caso y rese\u00f1a de SERPmantics de Princess Lia"},"content":{"rendered":"<p>princesselia.com es una empresa de comercio electr\u00f3nico especializada en cosm\u00e9ticos, que recientemente, en julio, decidi\u00f3 cambiar su CMS. Su sitio web, a pesar de contar con una s\u00f3lida comunidad, <strong>nunca se hab\u00eda optimizado realmente para SEO<\/strong>. A pesar de ello, el a\u00f1o anterior el sitio hab\u00eda visto duplicadas sus ventas sin ning\u00fan esfuerzo espec\u00edfico. Este \u00e9xito inesperado llev\u00f3 a la empresa a <strong>pensar seriamente en la optimizaci\u00f3n SEO para maximizar a\u00fan m\u00e1s su potencial<\/strong>.<\/p>\n\n\n\n<p>\u00bfPrefiere ver el v\u00eddeo? <\/p>\n\n\n\n<p>Aqu\u00ed est\u00e1 el <strong>versi\u00f3n resumida<\/strong> :<\/p>\n\n\n\n<figure class=\"wp-block-embed is-type-video is-provider-youtube wp-block-embed-youtube wp-embed-aspect-4-3 wp-has-aspect-ratio\"><div class=\"wp-block-embed__wrapper\">\n<iframe loading=\"lazy\" title=\"Multiplica por 27 tu tr\u00e1fico SEO optimizando el contenido existente de tu comercio electr\u00f3nico \ud83d\udcc8 (Versi\u00f3n corta)\" width=\"1080\" height=\"608\" src=\"https:\/\/www.youtube.com\/embed\/u3fb2zCg9iI?feature=oembed&#038;enablejsapi=1&#038;origin=https:\/\/serpmantics.com\"  allow=\"accelerometer; autoplay; clipboard-write; encrypted-media; gyroscope; picture-in-picture; web-share\" referrerpolicy=\"strict-origin-when-cross-origin\" allowfullscreen><\/iframe>\n<\/div><\/figure>\n\n\n\n<p>Aqu\u00ed est\u00e1 el <strong>versi\u00f3n completa<\/strong> :<\/p>\n\n\n\n<figure class=\"wp-block-embed is-type-video is-provider-youtube wp-block-embed-youtube wp-embed-aspect-16-9 wp-has-aspect-ratio\"><div class=\"wp-block-embed__wrapper\">\n<iframe loading=\"lazy\" title=\"Multiplica por 27 tu tr\u00e1fico SEO optimizando el contenido existente de tu comercio electr\u00f3nico \ud83d\udcc8 - Caso pr\u00e1ctico\" width=\"1080\" height=\"608\" src=\"https:\/\/www.youtube.com\/embed\/yo07gnHa7xE?feature=oembed&#038;enablejsapi=1&#038;origin=https:\/\/serpmantics.com\"  allow=\"accelerometer; autoplay; clipboard-write; encrypted-media; gyroscope; picture-in-picture; web-share\" referrerpolicy=\"strict-origin-when-cross-origin\" allowfullscreen><\/iframe>\n<\/div><\/figure>\n\n\n\n<h4 class=\"wp-block-heading\"><strong>Reto: un sector muy competitivo<\/strong><\/h4>\n\n\n\n<p>Los creadores de Princesse Lia, que operan en un sector tan competitivo como el de la cosm\u00e9tica, sab\u00edan que aparecer en la primera p\u00e1gina de los resultados de b\u00fasqueda no iba a ocurrir por arte de magia. El principal reto consist\u00eda en comprender y aplicar las mejores pr\u00e1cticas de SEO, un campo que a menudo se percibe como complejo y t\u00e9cnico.<\/p>\n\n\n\n<p>Antes de descubrir SERPmantics, se enfrentaban a dos grandes obst\u00e1culos:<\/p>\n\n\n\n<ol class=\"wp-block-list\">\n<li><strong>Elecci\u00f3n de palabras clave<\/strong> Identificar las palabras clave m\u00e1s relevantes sin una estrategia clara.<\/li>\n\n\n\n<li><strong>Optimizaci\u00f3n de contenidos<\/strong> : Comprensi\u00f3n <strong>c\u00f3mo estructurar y mejorar las p\u00e1ginas<\/strong> en torno a palabras clave elegidas para maximizar su visibilidad.<\/li>\n<\/ol>\n\n\n\n<div class=\"wp-block-buttons is-content-justification-center is-layout-flex wp-container-core-buttons-is-layout-16018d1d wp-block-buttons-is-layout-flex\">\n<div class=\"wp-block-button\"><a class=\"wp-block-button__link wp-element-button\" href=\"\/es\/go\/signup\/\">Pruebe SERPmantics gratis<\/a><\/div>\n<\/div>\n\n\n\n<h4 class=\"wp-block-heading\"><strong>Soluci\u00f3n: un enfoque sencillo y eficaz con SERPmantics<\/strong><\/h4>\n\n\n\n<p>Despu\u00e9s de probar varias herramientas, desde soluciones simplistas hasta opciones demasiado t\u00e9cnicas, Laurie de Princess Lia descubri\u00f3 SERPmantics. Ofrec\u00eda una <strong>equilibrio perfecto<\/strong> a <strong>interfaz sencilla pero potente<\/strong>a <strong>estructurar y optimizar contenidos en un abrir y cerrar de ojos<\/strong>.<\/p>\n\n\n\n<p>Entre las caracter\u00edsticas m\u00e1s apreciadas por el equipo figuran :<\/p>\n\n\n\n<ul class=\"wp-block-list\">\n<li><strong>An\u00e1lisis instant\u00e1neo<\/strong> Un informe claro sobre el rendimiento SEO de cada p\u00e1gina, con recomendaciones espec\u00edficas sobre lo que hay que mejorar.<\/li>\n\n\n\n<li><strong>Enriquecimiento sem\u00e1ntico<\/strong> Sugerencias de palabras clave alternativas para evitar repeticiones excesivas y enriquecer el texto.<\/li>\n\n\n\n<li><strong>Evaluaci\u00f3n comparativa<\/strong> La posibilidad de consultar las p\u00e1ginas mejor clasificadas para inspirarse en las mejores pr\u00e1cticas.<\/li>\n<\/ul>\n\n\n\n<div class=\"wp-block-columns is-layout-flex wp-container-core-columns-is-layout-9d6595d7 wp-block-columns-is-layout-flex\">\n<div class=\"wp-block-column is-layout-flow wp-block-column-is-layout-flow\" style=\"flex-basis:100%\">\n<div class=\"wp-block-buttons is-content-justification-center is-layout-flex wp-container-core-buttons-is-layout-16018d1d wp-block-buttons-is-layout-flex\">\n<div class=\"wp-block-button\"><a class=\"wp-block-button__link wp-element-button\" href=\"\/es\/go\/signup\/\">Pruebe SERPmantics gratis<\/a><\/div>\n<\/div>\n<\/div>\n<\/div>\n\n\n\n<figure class=\"wp-block-image size-large\"><img loading=\"lazy\" decoding=\"async\" width=\"1024\" height=\"988\" src=\"https:\/\/serpmantics.com\/wp-content\/uploads\/2024\/08\/serpmantics-score-1024x988.png\" alt=\"\" class=\"wp-image-602\" srcset=\"https:\/\/serpmantics.com\/wp-content\/uploads\/2024\/08\/serpmantics-score-1024x988.png 1024w, https:\/\/serpmantics.com\/wp-content\/uploads\/2024\/08\/serpmantics-score-980x946.png 980w, https:\/\/serpmantics.com\/wp-content\/uploads\/2024\/08\/serpmantics-score-480x463.png 480w\" sizes=\"auto, (min-width: 0px) and (max-width: 480px) 480px, (min-width: 481px) and (max-width: 980px) 980px, (min-width: 981px) 1024px, 100vw\" \/><\/figure>\n\n\n\n<figure class=\"wp-block-image aligncenter size-full\"><img loading=\"lazy\" decoding=\"async\" width=\"400\" height=\"203\" src=\"https:\/\/serpmantics.com\/wp-content\/uploads\/2024\/08\/serpmantics-optimisation.gif\" alt=\"\" class=\"wp-image-597\"\/><\/figure>\n\n\n\n<h4 class=\"wp-block-heading\"><strong>Resultados: Rendimiento exponencial<\/strong><\/h4>\n\n\n\n<p>Los resultados obtenidos por el sitio de comercio electr\u00f3nico de Princesse Lia fueron r\u00e1pidos e impresionantes:<\/p>\n\n\n\n<ul class=\"wp-block-list\">\n<li><strong>Posicionamiento de palabras clave<\/strong> En s\u00f3lo tres meses, palabras clave como \"aceite de c\u00e1\u00f1amo facial\" y \"aceite de cal\u00e9ndula\" han pasado del puesto 35 al 2 en Google.<\/li>\n<\/ul>\n\n\n\n<figure class=\"wp-block-image size-large\"><img loading=\"lazy\" decoding=\"async\" width=\"1024\" height=\"398\" src=\"https:\/\/serpmantics.com\/wp-content\/uploads\/2024\/08\/CleanShot-2024-08-26-at-17.58.04@2x-1024x398.png\" alt=\"\" class=\"wp-image-593\" srcset=\"https:\/\/serpmantics.com\/wp-content\/uploads\/2024\/08\/CleanShot-2024-08-26-at-17.58.04@2x-980x381.png 980w, https:\/\/serpmantics.com\/wp-content\/uploads\/2024\/08\/CleanShot-2024-08-26-at-17.58.04@2x-480x186.png 480w\" sizes=\"auto, (min-width: 0px) and (max-width: 480px) 480px, (min-width: 481px) and (max-width: 980px) 980px, (min-width: 981px) 1024px, 100vw\" \/><\/figure>\n\n\n\n<figure class=\"wp-block-image size-large\"><img loading=\"lazy\" decoding=\"async\" width=\"1024\" height=\"212\" src=\"https:\/\/serpmantics.com\/wp-content\/uploads\/2024\/08\/CleanShot-2024-08-26-at-17.54.35@2x-1024x212.png\" alt=\"\" class=\"wp-image-590\" srcset=\"https:\/\/serpmantics.com\/wp-content\/uploads\/2024\/08\/CleanShot-2024-08-26-at-17.54.35@2x-980x203.png 980w, https:\/\/serpmantics.com\/wp-content\/uploads\/2024\/08\/CleanShot-2024-08-26-at-17.54.35@2x-480x99.png 480w\" sizes=\"auto, (min-width: 0px) and (max-width: 480px) 480px, (min-width: 481px) and (max-width: 980px) 980px, (min-width: 981px) 1024px, 100vw\" \/><\/figure>\n\n\n\n<ul class=\"wp-block-list\">\n<li><strong>Aumento del tr\u00e1fico<\/strong> El tr\u00e1fico mensual del sitio casi se ha duplicado desde septiembre (en s\u00f3lo unos meses), llegando a multiplicarse por 27 en un a\u00f1o (de 362 visitantes\/mes cuando se registraron por primera vez en SERPmantics a 9.641 visitantes\/mes a mediados de agosto, un a\u00f1o despu\u00e9s).<\/li>\n<\/ul>\n\n\n\n<figure class=\"wp-block-image size-large\"><img loading=\"lazy\" decoding=\"async\" width=\"1024\" height=\"374\" src=\"https:\/\/serpmantics.com\/wp-content\/uploads\/2024\/08\/CleanShot-2024-08-26-at-17.55.26@2x-1024x374.png\" alt=\"\" class=\"wp-image-591\" srcset=\"https:\/\/serpmantics.com\/wp-content\/uploads\/2024\/08\/CleanShot-2024-08-26-at-17.55.26@2x-1024x374.png 1024w, https:\/\/serpmantics.com\/wp-content\/uploads\/2024\/08\/CleanShot-2024-08-26-at-17.55.26@2x-980x358.png 980w, https:\/\/serpmantics.com\/wp-content\/uploads\/2024\/08\/CleanShot-2024-08-26-at-17.55.26@2x-480x176.png 480w\" sizes=\"auto, (min-width: 0px) and (max-width: 480px) 480px, (min-width: 481px) and (max-width: 980px) 980px, (min-width: 981px) 1024px, 100vw\" \/><\/figure>\n\n\n\n<figure class=\"wp-block-image size-large\"><img loading=\"lazy\" decoding=\"async\" width=\"1024\" height=\"711\" src=\"https:\/\/serpmantics.com\/wp-content\/uploads\/2024\/08\/CleanShot-2024-08-26-at-13.40.51@2x-1024x711.png\" alt=\"\" class=\"wp-image-586\" srcset=\"https:\/\/serpmantics.com\/wp-content\/uploads\/2024\/08\/CleanShot-2024-08-26-at-13.40.51@2x-980x681.png 980w, https:\/\/serpmantics.com\/wp-content\/uploads\/2024\/08\/CleanShot-2024-08-26-at-13.40.51@2x-480x333.png 480w\" sizes=\"auto, (min-width: 0px) and (max-width: 480px) 480px, (min-width: 481px) and (max-width: 980px) 980px, (min-width: 981px) 1024px, 100vw\" \/><\/figure>\n\n\n\n<ul class=\"wp-block-list\">\n<li><strong>Cifras de ventas<\/strong> Ventas: Gracias al aumento del tr\u00e1fico cualificado, las ventas mensuales han aumentado una media de 25 % al mes.<\/li>\n<\/ul>\n\n\n\n<p>Estos resultados atestiguan la eficacia de SERPmantics, que ha permitido al sitio de princesselia pasar de ser un sitio de alto rendimiento con visibilidad limitada a convertirse en un actor realmente consolidado en su sector en t\u00e9rminos de referenciaci\u00f3n natural.<\/p>\n\n\n\n<div class=\"wp-block-buttons is-content-justification-center is-layout-flex wp-container-core-buttons-is-layout-16018d1d wp-block-buttons-is-layout-flex\">\n<div class=\"wp-block-button\"><a class=\"wp-block-button__link wp-element-button\" href=\"\/es\/go\/signup\/\">Me gustar\u00eda registrarme para desarrollar el SEO de mi sitio web<\/a><\/div>\n<\/div>\n\n\n\n<h4 class=\"wp-block-heading\"><strong>Testimonio: Una experiencia fluida y rentable<\/strong><\/h4>\n\n\n\n<p>\"SERPmantics se ha convertido en mi <strong>una herramienta esencial para el SEO<\/strong>. Es sencillo, eficaz y me ha permitido estructurar y mejorar mis p\u00e1ginas r\u00e1pidamente. <strong>Los resultados son tangibles y visibles en pocos meses, lo cual es muy alentador.<\/strong> Se trata de un <strong>una inversi\u00f3n m\u00e1s que rentable<\/strong> para nuestra empresa.<\/p>\n\n\n\n<h4 class=\"wp-block-heading\"><strong>Una inversi\u00f3n que marca la diferencia<\/strong><\/h4>\n\n\n\n<p>La experiencia de Princess Lia demuestra que, incluso en un sector tan competitivo como el de los cosm\u00e9ticos, es posible <strong>destacar entre la multitud gracias a una estrategia SEO bien pensada y una herramienta de alto rendimiento<\/strong>. SERPmantics no s\u00f3lo ha hecho posible<strong>aumentar significativamente la visibilidad y el tr\u00e1fico del sitio<\/strong>sino tambi\u00e9n <strong>aumentar las ventas<\/strong>facilitando al mismo tiempo el proceso de optimizaci\u00f3n.<\/p>\n\n\n\n<div class=\"wp-block-buttons is-content-justification-center is-layout-flex wp-container-core-buttons-is-layout-16018d1d wp-block-buttons-is-layout-flex\">\n<div class=\"wp-block-button\"><a class=\"wp-block-button__link wp-element-button\" href=\"\/es\/go\/signup\/\">Estoy probando SERPmantics ahora<\/a><\/div>\n<\/div>\n\n\n\n<p><\/p>","protected":false},"excerpt":{"rendered":"<p>princesselia.com est une entreprise de e-commerce sp\u00e9cialis\u00e9e dans la cosm\u00e9tique, a r\u00e9cemment d\u00e9cid\u00e9 de changer de CMS en juillet dernier. Leur site Internet, bien qu&rsquo;ayant une communaut\u00e9 solide, n\u2019avait jamais \u00e9t\u00e9 v\u00e9ritablement optimis\u00e9 pour le SEO. Malgr\u00e9 cela, l\u2019ann\u00e9e pr\u00e9c\u00e9dente, le site avait vu son chiffre d\u2019affaires doubler sans effort sp\u00e9cifique. Ce succ\u00e8s inattendu a [&hellip;]<\/p>","protected":false},"author":1,"featured_media":2841,"parent":0,"menu_order":0,"comment_status":"closed","ping_status":"closed","template":"","meta":{"_et_pb_use_builder":"off","_et_pb_old_content":"","_et_gb_content_width":"","footnotes":""},"class_list":["post-581","page","type-page","status-publish","has-post-thumbnail","hentry"],"yoast_head":"<!-- This site is optimized with the Yoast SEO plugin v23.2 - https:\/\/yoast.com\/wordpress\/plugins\/seo\/ -->\n<title>Multiplier son trafic SEO par 27 en optimisant ses contenus existants \ud83d\udcc8 - Etude de cas &amp; Avis SERPmantics de Princesse Lia<\/title>\n<meta name=\"robots\" content=\"index, follow, max-snippet:-1, max-image-preview:large, max-video-preview:-1\" \/>\n<link rel=\"canonical\" href=\"https:\/\/serpmantics.com\/es\/estudio-de-caso-princesselia\/\" \/>\n<meta property=\"og:locale\" content=\"es_ES\" \/>\n<meta property=\"og:type\" content=\"article\" \/>\n<meta property=\"og:title\" content=\"Multiplier son trafic SEO par 27 en optimisant ses contenus existants \ud83d\udcc8 - Etude de cas &amp; Avis SERPmantics de Princesse Lia\" \/>\n<meta property=\"og:description\" content=\"princesselia.com est une entreprise de e-commerce sp\u00e9cialis\u00e9e dans la cosm\u00e9tique, a r\u00e9cemment d\u00e9cid\u00e9 de changer de CMS en juillet dernier. Leur site Internet, bien qu&rsquo;ayant une communaut\u00e9 solide, n\u2019avait jamais \u00e9t\u00e9 v\u00e9ritablement optimis\u00e9 pour le SEO. Malgr\u00e9 cela, l\u2019ann\u00e9e pr\u00e9c\u00e9dente, le site avait vu son chiffre d\u2019affaires doubler sans effort sp\u00e9cifique. Ce succ\u00e8s inattendu a [&hellip;]\" \/>\n<meta property=\"og:url\" content=\"https:\/\/serpmantics.com\/es\/estudio-de-caso-princesselia\/\" \/>\n<meta property=\"og:site_name\" content=\"SERPmantics\" \/>\n<meta property=\"article:modified_time\" content=\"2025-06-28T09:10:36+00:00\" \/>\n<meta property=\"og:image\" content=\"https:\/\/serpmantics.com\/wp-content\/uploads\/2025\/06\/SERPmantics-couverture-etude-de-cas-princesse-lia.png\" \/>\n\t<meta property=\"og:image:width\" content=\"1200\" \/>\n\t<meta property=\"og:image:height\" content=\"628\" \/>\n\t<meta property=\"og:image:type\" content=\"image\/png\" \/>\n<meta name=\"twitter:card\" content=\"summary_large_image\" \/>\n<meta name=\"twitter:label1\" content=\"Tiempo de lectura\" \/>\n\t<meta name=\"twitter:data1\" content=\"5 minutos\" \/>\n<script type=\"application\/ld+json\" class=\"yoast-schema-graph\">{\"@context\":\"https:\/\/schema.org\",\"@graph\":[{\"@type\":\"WebPage\",\"@id\":\"https:\/\/serpmantics.com\/case-study-princesselia\/\",\"url\":\"https:\/\/serpmantics.com\/case-study-princesselia\/\",\"name\":\"Multiplier son trafic SEO par 27 en optimisant ses contenus existants \ud83d\udcc8 - Etude de cas &amp; Avis SERPmantics de Princesse Lia\",\"isPartOf\":{\"@id\":\"https:\/\/serpmantics.com\/#website\"},\"primaryImageOfPage\":{\"@id\":\"https:\/\/serpmantics.com\/case-study-princesselia\/#primaryimage\"},\"image\":{\"@id\":\"https:\/\/serpmantics.com\/case-study-princesselia\/#primaryimage\"},\"thumbnailUrl\":\"https:\/\/serpmantics.com\/wp-content\/uploads\/2025\/06\/SERPmantics-couverture-etude-de-cas-princesse-lia.png\",\"datePublished\":\"2024-08-27T08:58:39+00:00\",\"dateModified\":\"2025-06-28T09:10:36+00:00\",\"breadcrumb\":{\"@id\":\"https:\/\/serpmantics.com\/case-study-princesselia\/#breadcrumb\"},\"inLanguage\":\"es\",\"potentialAction\":[{\"@type\":\"ReadAction\",\"target\":[\"https:\/\/serpmantics.com\/case-study-princesselia\/\"]}]},{\"@type\":\"ImageObject\",\"inLanguage\":\"es\",\"@id\":\"https:\/\/serpmantics.com\/case-study-princesselia\/#primaryimage\",\"url\":\"https:\/\/serpmantics.com\/wp-content\/uploads\/2025\/06\/SERPmantics-couverture-etude-de-cas-princesse-lia.png\",\"contentUrl\":\"https:\/\/serpmantics.com\/wp-content\/uploads\/2025\/06\/SERPmantics-couverture-etude-de-cas-princesse-lia.png\",\"width\":1200,\"height\":628,\"caption\":\"Etude de cas SERPmantics x PrincesseLia\"},{\"@type\":\"BreadcrumbList\",\"@id\":\"https:\/\/serpmantics.com\/case-study-princesselia\/#breadcrumb\",\"itemListElement\":[{\"@type\":\"ListItem\",\"position\":1,\"name\":\"Home\",\"item\":\"https:\/\/serpmantics.com\/\"},{\"@type\":\"ListItem\",\"position\":2,\"name\":\"Multiplier son trafic SEO par 27 en optimisant ses contenus existants \ud83d\udcc8 &#8211; Etude de cas &amp; Avis SERPmantics de Princesse Lia\"}]},{\"@type\":\"WebSite\",\"@id\":\"https:\/\/serpmantics.com\/#website\",\"url\":\"https:\/\/serpmantics.com\/\",\"name\":\"SERPmantics\",\"description\":\"L&#039;Optimisation S\u00e9mantique pouss\u00e9e pour passer 1er sur Google\",\"potentialAction\":[{\"@type\":\"SearchAction\",\"target\":{\"@type\":\"EntryPoint\",\"urlTemplate\":\"https:\/\/serpmantics.com\/?s={search_term_string}\"},\"query-input\":\"required name=search_term_string\"}],\"inLanguage\":\"es\"}]}<\/script>\n<!-- \/ Yoast SEO plugin. -->","yoast_head_json":{"title":"Multiplier son trafic SEO par 27 en optimisant ses contenus existants \ud83d\udcc8 - Etude de cas &amp; Avis SERPmantics de Princesse Lia","robots":{"index":"index","follow":"follow","max-snippet":"max-snippet:-1","max-image-preview":"max-image-preview:large","max-video-preview":"max-video-preview:-1"},"canonical":"https:\/\/serpmantics.com\/es\/estudio-de-caso-princesselia\/","og_locale":"es_ES","og_type":"article","og_title":"Multiplier son trafic SEO par 27 en optimisant ses contenus existants \ud83d\udcc8 - Etude de cas &amp; Avis SERPmantics de Princesse Lia","og_description":"princesselia.com est une entreprise de e-commerce sp\u00e9cialis\u00e9e dans la cosm\u00e9tique, a r\u00e9cemment d\u00e9cid\u00e9 de changer de CMS en juillet dernier. Leur site Internet, bien qu&rsquo;ayant une communaut\u00e9 solide, n\u2019avait jamais \u00e9t\u00e9 v\u00e9ritablement optimis\u00e9 pour le SEO. Malgr\u00e9 cela, l\u2019ann\u00e9e pr\u00e9c\u00e9dente, le site avait vu son chiffre d\u2019affaires doubler sans effort sp\u00e9cifique. Ce succ\u00e8s inattendu a [&hellip;]","og_url":"https:\/\/serpmantics.com\/es\/estudio-de-caso-princesselia\/","og_site_name":"SERPmantics","article_modified_time":"2025-06-28T09:10:36+00:00","og_image":[{"width":1200,"height":628,"url":"https:\/\/serpmantics.com\/wp-content\/uploads\/2025\/06\/SERPmantics-couverture-etude-de-cas-princesse-lia.png","type":"image\/png"}],"twitter_card":"summary_large_image","twitter_misc":{"Tiempo de lectura":"5 minutos"},"schema":{"@context":"https:\/\/schema.org","@graph":[{"@type":"WebPage","@id":"https:\/\/serpmantics.com\/case-study-princesselia\/","url":"https:\/\/serpmantics.com\/case-study-princesselia\/","name":"Multiplier son trafic SEO par 27 en optimisant ses contenus existants \ud83d\udcc8 - Etude de cas &amp; Avis SERPmantics de Princesse Lia","isPartOf":{"@id":"https:\/\/serpmantics.com\/#website"},"primaryImageOfPage":{"@id":"https:\/\/serpmantics.com\/case-study-princesselia\/#primaryimage"},"image":{"@id":"https:\/\/serpmantics.com\/case-study-princesselia\/#primaryimage"},"thumbnailUrl":"https:\/\/serpmantics.com\/wp-content\/uploads\/2025\/06\/SERPmantics-couverture-etude-de-cas-princesse-lia.png","datePublished":"2024-08-27T08:58:39+00:00","dateModified":"2025-06-28T09:10:36+00:00","breadcrumb":{"@id":"https:\/\/serpmantics.com\/case-study-princesselia\/#breadcrumb"},"inLanguage":"es","potentialAction":[{"@type":"ReadAction","target":["https:\/\/serpmantics.com\/case-study-princesselia\/"]}]},{"@type":"ImageObject","inLanguage":"es","@id":"https:\/\/serpmantics.com\/case-study-princesselia\/#primaryimage","url":"https:\/\/serpmantics.com\/wp-content\/uploads\/2025\/06\/SERPmantics-couverture-etude-de-cas-princesse-lia.png","contentUrl":"https:\/\/serpmantics.com\/wp-content\/uploads\/2025\/06\/SERPmantics-couverture-etude-de-cas-princesse-lia.png","width":1200,"height":628,"caption":"Etude de cas SERPmantics x PrincesseLia"},{"@type":"BreadcrumbList","@id":"https:\/\/serpmantics.com\/case-study-princesselia\/#breadcrumb","itemListElement":[{"@type":"ListItem","position":1,"name":"Home","item":"https:\/\/serpmantics.com\/"},{"@type":"ListItem","position":2,"name":"Multiplier son trafic SEO par 27 en optimisant ses contenus existants \ud83d\udcc8 &#8211; Etude de cas &amp; Avis SERPmantics de Princesse Lia"}]},{"@type":"WebSite","@id":"https:\/\/serpmantics.com\/#website","url":"https:\/\/serpmantics.com\/","name":"SERPmantics","description":"L&#039;Optimisation S\u00e9mantique pouss\u00e9e pour passer 1er sur Google","potentialAction":[{"@type":"SearchAction","target":{"@type":"EntryPoint","urlTemplate":"https:\/\/serpmantics.com\/?s={search_term_string}"},"query-input":"required name=search_term_string"}],"inLanguage":"es"}]}},"_links":{"self":[{"href":"https:\/\/serpmantics.com\/es\/wp-json\/wp\/v2\/pages\/581","targetHints":{"allow":["GET"]}}],"collection":[{"href":"https:\/\/serpmantics.com\/es\/wp-json\/wp\/v2\/pages"}],"about":[{"href":"https:\/\/serpmantics.com\/es\/wp-json\/wp\/v2\/types\/page"}],"author":[{"embeddable":true,"href":"https:\/\/serpmantics.com\/es\/wp-json\/wp\/v2\/users\/1"}],"replies":[{"embeddable":true,"href":"https:\/\/serpmantics.com\/es\/wp-json\/wp\/v2\/comments?post=581"}],"version-history":[{"count":15,"href":"https:\/\/serpmantics.com\/es\/wp-json\/wp\/v2\/pages\/581\/revisions"}],"predecessor-version":[{"id":605,"href":"https:\/\/serpmantics.com\/es\/wp-json\/wp\/v2\/pages\/581\/revisions\/605"}],"wp:featuredmedia":[{"embeddable":true,"href":"https:\/\/serpmantics.com\/es\/wp-json\/wp\/v2\/media\/2841"}],"wp:attachment":[{"href":"https:\/\/serpmantics.com\/es\/wp-json\/wp\/v2\/media?parent=581"}],"curies":[{"name":"wp","href":"https:\/\/api.w.org\/{rel}","templated":true}]}}