{"id":2724,"date":"2025-06-23T13:01:24","date_gmt":"2025-06-23T13:01:24","guid":{"rendered":"https:\/\/serpmantics.com\/?page_id=2724"},"modified":"2025-06-28T09:08:25","modified_gmt":"2025-06-28T09:08:25","slug":"case-study-aurelien-richard","status":"publish","type":"page","link":"https:\/\/serpmantics.com\/es\/estudio-de-caso-aurelien-richard\/","title":{"rendered":"SERPmantics ayuda a Aur\u00e9lien a optimizar el contenido de sus clientes para el SEO"},"content":{"rendered":"<h2 class=\"wp-block-heading\">Presentaci\u00f3n al cliente&nbsp;<\/h2>\n\n\n\n<p>Aur\u00e9lien Richard es <strong>consultor SEO aut\u00f3nomo.<\/strong> Tras varios a\u00f1os de experiencia en marketing digital (CRM, automatizaci\u00f3n, redacci\u00f3n publicitaria), decidi\u00f3 especializarse en la<strong> referenciaci\u00f3n natural<\/strong>Es un campo que combina sus dos pasiones: el an\u00e1lisis t\u00e9cnico y la redacci\u00f3n de contenidos. Con el fin de ofrecer un <strong>calidad <\/strong>a sus futuros clientes, Aur\u00e9lien se form\u00f3 a s\u00ed mismo (Live Mentor, bootcamps, v\u00eddeos de YouTube sobre SEO) antes de crear su propia empresa a tiempo completo como<strong>independiente.<\/strong><\/p>\n\n\n\n<p>Actualmente colabora con una empresa especializada en la contrataci\u00f3n de personal dom\u00e9stico de lujo. Su objetivo es<strong> desarrollar la versi\u00f3n francesa de su sitio web<\/strong> para llegar mejor a este mercado. Su misi\u00f3n principal:&nbsp;<\/p>\n\n\n\n<ul class=\"wp-block-list\">\n<li>crear p\u00e1ginas de destino<strong> Optimizado para SEO<\/strong> ;<\/li>\n\n\n\n<li>producir un <strong>contenido de calidad<\/strong>en consonancia con los valores de la marca;<\/li>\n\n\n\n<li>estructurar una estrategia de contenidos clara, espec\u00edfica y eficaz<\/li>\n<\/ul>\n\n\n\n<h2 class=\"wp-block-heading\">Antes de utilizar SERPmantics&nbsp;<\/h2>\n\n\n\n<p>Antes de usar <strong>SERPmantics<\/strong>El m\u00e9todo de trabajo de Aur\u00e9lien era esencialmente <strong>manual <\/strong>:&nbsp;<\/p>\n\n\n\n<ul class=\"wp-block-list\">\n<li>an\u00e1lisis de la <strong>SERP <\/strong>;<\/li>\n\n\n\n<li>reflexi\u00f3n sobre <strong>intenciones de investigaci\u00f3n<\/strong> ;<\/li>\n\n\n\n<li>an\u00e1lisis de <strong>competidores <\/strong>;<\/li>\n\n\n\n<li>buscar<strong> <\/strong>vales <strong>palabras clave<\/strong> y el vocabulario adecuado.<\/li>\n<\/ul>\n\n\n\n<p>Pero varios <strong>frustraciones <\/strong>aparecer:&nbsp;<\/p>\n\n\n\n<ul class=\"wp-block-list\">\n<li>a <strong>dificultad para identificar las palabras clave adecuadas<\/strong> y el campo l\u00e9xico apropiado ;<\/li>\n\n\n\n<li>a <strong>incertidumbre sobre la optimizaci\u00f3n <\/strong>de su contenido y el posicionamiento de sus p\u00e1ginas;<\/li>\n\n\n\n<li>de <strong>dudas <\/strong>en el <strong>estructura <\/strong>de su contenido.<\/li>\n<\/ul>\n\n\n\n<p>A la pregunta de qu\u00e9 le llev\u00f3 m\u00e1s tiempo, respondi\u00f3<\/p>\n\n\n\n<blockquote class=\"wp-block-quote is-layout-flow wp-block-quote-is-layout-flow\">\n<p><em><em>\"\u00a0<\/em>no tener un plan bien definido y tambi\u00e9n qu\u00e9 campo l\u00e9xico utilizar, qu\u00e9 palabras clave, cu\u00e1ntas veces repetirlas\".<\/em><\/p>\n<\/blockquote>\n\n\n\n<h2 class=\"wp-block-heading\">La soluci\u00f3n: SERPmantics para estructurar, guiar y refinar<\/h2>\n\n\n\n<p>Aur\u00e9lien descubre la herramienta <strong>SERPmantics <\/strong>y lo integra en su proceso, que <strong>automatiza <\/strong>un buen n\u00famero de elementos. Se trata de un<strong> herramienta de optimizaci\u00f3n sem\u00e1ntica<\/strong> que ayuda a <strong>mejorar la calidad <\/strong>contenidos optimizados para el <strong>referenciaci\u00f3n natural<\/strong> y para <strong>Internautas<\/strong>. Estas son las principales caracter\u00edsticas de la herramienta que le atraen :<\/p>\n\n\n\n<h3 class=\"wp-block-heading\">An\u00e1lisis detallado de las intenciones de b\u00fasqueda<\/h3>\n\n\n\n<p>SERPmantics<strong> analiza la SERP <\/strong>e identifica autom\u00e1ticamente<strong> intenciones de investigaci\u00f3n <\/strong>para una palabra clave determinada. Esto les permite saber qu\u00e9 t\u00edtulos utilizar y qu\u00e9 temas tratar en sus contenidos. La herramienta tambi\u00e9n proporciona un <strong>lista de palabras clave a incluir y evitar<\/strong>una caracter\u00edstica que considera<strong> muy \u00fatil.<\/strong><\/p>\n\n\n\n<blockquote class=\"wp-block-quote is-layout-flow wp-block-quote-is-layout-flow\">\n<p><em>\"Lo que m\u00e1s me gusta de SERPmantics es la forma en que identifica la intenci\u00f3n de b\u00fasqueda.<\/em> (&#8230;) <em>Nos da una idea directa de lo que la gente busca realmente.<\/em><\/p>\n<\/blockquote>\n\n\n\n<blockquote class=\"wp-block-quote is-layout-flow wp-block-quote-is-layout-flow\">\n<p><em>\"Me gust\u00f3 SERPmantics porque lo que es un poco diferente es tambi\u00e9n que pone palabras clave a evitar y eso es algo que otras herramientas no hacen\".<\/em><\/p>\n<\/blockquote>\n\n\n\n<h3 class=\"wp-block-heading\">Un plan de contenidos detallado y directo<\/h3>\n\n\n\n<p>La herramienta le permite <strong>un plan de contenidos en un clic<\/strong> alineados con las intenciones y expectativas de b\u00fasqueda de Google. Esto hace que <strong>ahorre un tiempo precioso<\/strong> a Aur\u00e9lien, que puede concentrarse en la escritura, con la seguridad de un plan SEO-friendly.<\/p>\n\n\n\n<blockquote class=\"wp-block-quote is-layout-flow wp-block-quote-is-layout-flow\">\n<p><em>\u00ab\u00a0La g\u00e9n\u00e9ration du plan est vraiment tr\u00e8s tr\u00e8s bonne (&#8230;) avoir un plan comme il est d\u00e9taill\u00e9 sur SERPmantics, \u00e7a tient vraiment la route. Tu as juste apr\u00e8s \u00e0 faire tes paragraphes et puis c&rsquo;est bon.\u00a0\u00bb<\/em><\/p>\n<\/blockquote>\n\n\n\n<h3 class=\"wp-block-heading\">Puntuaci\u00f3n de optimizaci\u00f3n&nbsp;<\/h3>\n\n\n\n<p>Al redactar contenidos para <strong>el editor de herramientas<\/strong>que calcula en tiempo real una puntuaci\u00f3n de optimizaci\u00f3n basada en las recomendaciones realizadas, lo que permite a Aur\u00e9lien<strong> validar la calidad de su contenido. <\/strong>Aprecia mucho este sistema de puntuaci\u00f3n: cuando escribe un contenido en la herramienta, ahora sabe si est\u00e1 mejor o peor posicionado que las p\u00e1ginas de la competencia.<\/p>\n\n\n\n<h3 class=\"wp-block-heading\">Sugerencias para la vinculaci\u00f3n interna<\/h3>\n\n\n\n<p>SERPmantics dispone de una funci\u00f3n espec\u00edfica <strong>redes internas.<\/strong> Sugiere <strong>oportunidades para establecer v\u00ednculos<\/strong> entrantes y salientes se integren en sus contenidos para <strong>optimizarlo<\/strong>.<\/p>\n\n\n\n<blockquote class=\"wp-block-quote is-layout-flow wp-block-quote-is-layout-flow\">\n<p><em>\"Lo realmente interesante de SERPmantics es que puedes tener una sugerencia para todo lo relacionado con el enlazado interno. Hacerlo a mano, bueno eso puede llevar un poco de tiempo\".<\/em><\/p>\n<\/blockquote>\n\n\n\n<h2 class=\"wp-block-heading\">Experiencia general del cliente tras 2 meses de uso<\/h2>\n\n\n\n<p>Aur\u00e9lien aprecia la herramienta, en particular su <strong>interfaz intuitiva<\/strong> y su facilidad de uso.<\/p>\n\n\n\n<blockquote class=\"wp-block-quote is-layout-flow wp-block-quote-is-layout-flow\">\n<p><em> \"Me parece muy sencillo, muy f\u00e1cil. Francamente, es muy, muy f\u00e1cil\".<\/em><\/p>\n<\/blockquote>\n\n\n\n<p>Tambi\u00e9n aprecia la <strong>calidad de las recomendaciones<\/strong> por la herramienta.<\/p>\n\n\n\n<blockquote class=\"wp-block-quote is-layout-flow wp-block-quote-is-layout-flow\">\n<p><em>\u201cJ&rsquo;\u00e9tais vraiment tr\u00e8s surpris de la qualit\u00e9 (&#8230;) Au final, je me suis rendu compte que parfois c&rsquo;est pas forc\u00e9ment ceux dont on parle le plus qui sont les meilleurs\u201d.<\/em><\/p>\n<\/blockquote>\n\n\n\n<p>Esto es lo que le dir\u00eda a alguien que dudara en utilizar <strong>SERPmantics <\/strong>para<strong> optimizaci\u00f3n de contenidos<\/strong> :<\/p>\n\n\n\n<blockquote class=\"wp-block-quote is-layout-flow wp-block-quote-is-layout-flow\">\n<p><em>\"Yo le dir\u00eda que si quiere una herramienta en la que haya algo ultracualitativo que se posicione directamente analizando las intenciones de b\u00fasqueda en las p\u00e1ginas actuales de Google, y quiere un plan ultradetallado, que vaya directamente a SERPmantics.<\/em><\/p>\n<\/blockquote>","protected":false},"excerpt":{"rendered":"<p>Pr\u00e9sentation du client&nbsp; Aur\u00e9lien Richard est consultant SEO freelance. Apr\u00e8s plusieurs ann\u00e9es d&rsquo;exp\u00e9rience en marketing digital (CRM, automation, r\u00e9daction, copywriting), il d\u00e9cide de se sp\u00e9cialiser dans le r\u00e9f\u00e9rencement naturel, un domaine qui allie ses deux passions : l&rsquo;analyse technique et la r\u00e9daction de contenu. De mani\u00e8re \u00e0 proposer un service de qualit\u00e9 \u00e0 ses futurs [&hellip;]<\/p>","protected":false},"author":1,"featured_media":2837,"parent":0,"menu_order":0,"comment_status":"closed","ping_status":"closed","template":"","meta":{"_et_pb_use_builder":"off","_et_pb_old_content":"","_et_gb_content_width":"","footnotes":""},"class_list":["post-2724","page","type-page","status-publish","has-post-thumbnail","hentry"],"yoast_head":"<!-- This site is optimized with the Yoast SEO plugin v23.2 - https:\/\/yoast.com\/wordpress\/plugins\/seo\/ -->\n<title>SERPmantics aide Aur\u00e9lien \u00e0 optimiser les contenus de ses clients pour le SEO<\/title>\n<meta name=\"robots\" content=\"index, follow, max-snippet:-1, max-image-preview:large, max-video-preview:-1\" \/>\n<link rel=\"canonical\" href=\"https:\/\/serpmantics.com\/es\/estudio-de-caso-aurelien-richard\/\" \/>\n<meta property=\"og:locale\" content=\"es_ES\" \/>\n<meta property=\"og:type\" content=\"article\" \/>\n<meta property=\"og:title\" content=\"SERPmantics aide Aur\u00e9lien \u00e0 optimiser les contenus de ses clients pour le SEO\" \/>\n<meta property=\"og:description\" content=\"Pr\u00e9sentation du client&nbsp; Aur\u00e9lien Richard est consultant SEO freelance. Apr\u00e8s plusieurs ann\u00e9es d&rsquo;exp\u00e9rience en marketing digital (CRM, automation, r\u00e9daction, copywriting), il d\u00e9cide de se sp\u00e9cialiser dans le r\u00e9f\u00e9rencement naturel, un domaine qui allie ses deux passions : l&rsquo;analyse technique et la r\u00e9daction de contenu. De mani\u00e8re \u00e0 proposer un service de qualit\u00e9 \u00e0 ses futurs [&hellip;]\" \/>\n<meta property=\"og:url\" content=\"https:\/\/serpmantics.com\/es\/estudio-de-caso-aurelien-richard\/\" \/>\n<meta property=\"og:site_name\" content=\"SERPmantics\" \/>\n<meta property=\"article:modified_time\" content=\"2025-06-28T09:08:25+00:00\" \/>\n<meta property=\"og:image\" content=\"https:\/\/serpmantics.com\/wp-content\/uploads\/2025\/06\/SERPmantics-couverture-etude-de-cas-aurelien.png\" \/>\n\t<meta property=\"og:image:width\" content=\"1200\" \/>\n\t<meta property=\"og:image:height\" content=\"628\" \/>\n\t<meta property=\"og:image:type\" content=\"image\/png\" \/>\n<meta name=\"twitter:card\" content=\"summary_large_image\" \/>\n<meta name=\"twitter:label1\" content=\"Tiempo de lectura\" \/>\n\t<meta name=\"twitter:data1\" content=\"3 minutos\" \/>\n<script type=\"application\/ld+json\" class=\"yoast-schema-graph\">{\"@context\":\"https:\/\/schema.org\",\"@graph\":[{\"@type\":\"WebPage\",\"@id\":\"https:\/\/serpmantics.com\/case-study-aurelien-richard\/\",\"url\":\"https:\/\/serpmantics.com\/case-study-aurelien-richard\/\",\"name\":\"SERPmantics aide Aur\u00e9lien \u00e0 optimiser les contenus de ses clients pour le SEO\",\"isPartOf\":{\"@id\":\"https:\/\/serpmantics.com\/#website\"},\"primaryImageOfPage\":{\"@id\":\"https:\/\/serpmantics.com\/case-study-aurelien-richard\/#primaryimage\"},\"image\":{\"@id\":\"https:\/\/serpmantics.com\/case-study-aurelien-richard\/#primaryimage\"},\"thumbnailUrl\":\"https:\/\/serpmantics.com\/wp-content\/uploads\/2025\/06\/SERPmantics-couverture-etude-de-cas-aurelien.png\",\"datePublished\":\"2025-06-23T13:01:24+00:00\",\"dateModified\":\"2025-06-28T09:08:25+00:00\",\"breadcrumb\":{\"@id\":\"https:\/\/serpmantics.com\/case-study-aurelien-richard\/#breadcrumb\"},\"inLanguage\":\"es\",\"potentialAction\":[{\"@type\":\"ReadAction\",\"target\":[\"https:\/\/serpmantics.com\/case-study-aurelien-richard\/\"]}]},{\"@type\":\"ImageObject\",\"inLanguage\":\"es\",\"@id\":\"https:\/\/serpmantics.com\/case-study-aurelien-richard\/#primaryimage\",\"url\":\"https:\/\/serpmantics.com\/wp-content\/uploads\/2025\/06\/SERPmantics-couverture-etude-de-cas-aurelien.png\",\"contentUrl\":\"https:\/\/serpmantics.com\/wp-content\/uploads\/2025\/06\/SERPmantics-couverture-etude-de-cas-aurelien.png\",\"width\":1200,\"height\":628,\"caption\":\"Etude de cas SERPmantics d'un consultant ind\u00e9pendant\"},{\"@type\":\"BreadcrumbList\",\"@id\":\"https:\/\/serpmantics.com\/case-study-aurelien-richard\/#breadcrumb\",\"itemListElement\":[{\"@type\":\"ListItem\",\"position\":1,\"name\":\"Home\",\"item\":\"https:\/\/serpmantics.com\/\"},{\"@type\":\"ListItem\",\"position\":2,\"name\":\"SERPmantics aide Aur\u00e9lien \u00e0 optimiser les contenus de ses clients pour le SEO\"}]},{\"@type\":\"WebSite\",\"@id\":\"https:\/\/serpmantics.com\/#website\",\"url\":\"https:\/\/serpmantics.com\/\",\"name\":\"SERPmantics\",\"description\":\"L&#039;Optimisation S\u00e9mantique pouss\u00e9e pour passer 1er sur Google\",\"potentialAction\":[{\"@type\":\"SearchAction\",\"target\":{\"@type\":\"EntryPoint\",\"urlTemplate\":\"https:\/\/serpmantics.com\/?s={search_term_string}\"},\"query-input\":\"required name=search_term_string\"}],\"inLanguage\":\"es\"}]}<\/script>\n<!-- \/ Yoast SEO plugin. -->","yoast_head_json":{"title":"SERPmantics aide Aur\u00e9lien \u00e0 optimiser les contenus de ses clients pour le SEO","robots":{"index":"index","follow":"follow","max-snippet":"max-snippet:-1","max-image-preview":"max-image-preview:large","max-video-preview":"max-video-preview:-1"},"canonical":"https:\/\/serpmantics.com\/es\/estudio-de-caso-aurelien-richard\/","og_locale":"es_ES","og_type":"article","og_title":"SERPmantics aide Aur\u00e9lien \u00e0 optimiser les contenus de ses clients pour le SEO","og_description":"Pr\u00e9sentation du client&nbsp; Aur\u00e9lien Richard est consultant SEO freelance. Apr\u00e8s plusieurs ann\u00e9es d&rsquo;exp\u00e9rience en marketing digital (CRM, automation, r\u00e9daction, copywriting), il d\u00e9cide de se sp\u00e9cialiser dans le r\u00e9f\u00e9rencement naturel, un domaine qui allie ses deux passions : l&rsquo;analyse technique et la r\u00e9daction de contenu. De mani\u00e8re \u00e0 proposer un service de qualit\u00e9 \u00e0 ses futurs [&hellip;]","og_url":"https:\/\/serpmantics.com\/es\/estudio-de-caso-aurelien-richard\/","og_site_name":"SERPmantics","article_modified_time":"2025-06-28T09:08:25+00:00","og_image":[{"width":1200,"height":628,"url":"https:\/\/serpmantics.com\/wp-content\/uploads\/2025\/06\/SERPmantics-couverture-etude-de-cas-aurelien.png","type":"image\/png"}],"twitter_card":"summary_large_image","twitter_misc":{"Tiempo de lectura":"3 minutos"},"schema":{"@context":"https:\/\/schema.org","@graph":[{"@type":"WebPage","@id":"https:\/\/serpmantics.com\/case-study-aurelien-richard\/","url":"https:\/\/serpmantics.com\/case-study-aurelien-richard\/","name":"SERPmantics aide Aur\u00e9lien \u00e0 optimiser les contenus de ses clients pour le SEO","isPartOf":{"@id":"https:\/\/serpmantics.com\/#website"},"primaryImageOfPage":{"@id":"https:\/\/serpmantics.com\/case-study-aurelien-richard\/#primaryimage"},"image":{"@id":"https:\/\/serpmantics.com\/case-study-aurelien-richard\/#primaryimage"},"thumbnailUrl":"https:\/\/serpmantics.com\/wp-content\/uploads\/2025\/06\/SERPmantics-couverture-etude-de-cas-aurelien.png","datePublished":"2025-06-23T13:01:24+00:00","dateModified":"2025-06-28T09:08:25+00:00","breadcrumb":{"@id":"https:\/\/serpmantics.com\/case-study-aurelien-richard\/#breadcrumb"},"inLanguage":"es","potentialAction":[{"@type":"ReadAction","target":["https:\/\/serpmantics.com\/case-study-aurelien-richard\/"]}]},{"@type":"ImageObject","inLanguage":"es","@id":"https:\/\/serpmantics.com\/case-study-aurelien-richard\/#primaryimage","url":"https:\/\/serpmantics.com\/wp-content\/uploads\/2025\/06\/SERPmantics-couverture-etude-de-cas-aurelien.png","contentUrl":"https:\/\/serpmantics.com\/wp-content\/uploads\/2025\/06\/SERPmantics-couverture-etude-de-cas-aurelien.png","width":1200,"height":628,"caption":"Etude de cas SERPmantics d'un consultant ind\u00e9pendant"},{"@type":"BreadcrumbList","@id":"https:\/\/serpmantics.com\/case-study-aurelien-richard\/#breadcrumb","itemListElement":[{"@type":"ListItem","position":1,"name":"Home","item":"https:\/\/serpmantics.com\/"},{"@type":"ListItem","position":2,"name":"SERPmantics aide Aur\u00e9lien \u00e0 optimiser les contenus de ses clients pour le SEO"}]},{"@type":"WebSite","@id":"https:\/\/serpmantics.com\/#website","url":"https:\/\/serpmantics.com\/","name":"SERPmantics","description":"L&#039;Optimisation S\u00e9mantique pouss\u00e9e pour passer 1er sur Google","potentialAction":[{"@type":"SearchAction","target":{"@type":"EntryPoint","urlTemplate":"https:\/\/serpmantics.com\/?s={search_term_string}"},"query-input":"required name=search_term_string"}],"inLanguage":"es"}]}},"_links":{"self":[{"href":"https:\/\/serpmantics.com\/es\/wp-json\/wp\/v2\/pages\/2724","targetHints":{"allow":["GET"]}}],"collection":[{"href":"https:\/\/serpmantics.com\/es\/wp-json\/wp\/v2\/pages"}],"about":[{"href":"https:\/\/serpmantics.com\/es\/wp-json\/wp\/v2\/types\/page"}],"author":[{"embeddable":true,"href":"https:\/\/serpmantics.com\/es\/wp-json\/wp\/v2\/users\/1"}],"replies":[{"embeddable":true,"href":"https:\/\/serpmantics.com\/es\/wp-json\/wp\/v2\/comments?post=2724"}],"version-history":[{"count":2,"href":"https:\/\/serpmantics.com\/es\/wp-json\/wp\/v2\/pages\/2724\/revisions"}],"predecessor-version":[{"id":2729,"href":"https:\/\/serpmantics.com\/es\/wp-json\/wp\/v2\/pages\/2724\/revisions\/2729"}],"wp:featuredmedia":[{"embeddable":true,"href":"https:\/\/serpmantics.com\/es\/wp-json\/wp\/v2\/media\/2837"}],"wp:attachment":[{"href":"https:\/\/serpmantics.com\/es\/wp-json\/wp\/v2\/media?parent=2724"}],"curies":[{"name":"wp","href":"https:\/\/api.w.org\/{rel}","templated":true}]}}