{"id":137,"date":"2023-07-03T08:28:23","date_gmt":"2023-07-03T08:28:23","guid":{"rendered":"https:\/\/serpmantics.com\/?page_id=137"},"modified":"2025-08-05T09:03:40","modified_gmt":"2025-08-05T07:03:40","slug":"conditions-affiliation","status":"publish","type":"page","link":"https:\/\/serpmantics.com\/es\/condiciones-de-adhesion\/","title":{"rendered":"Condiciones de afiliaci\u00f3n de SERPmantics"},"content":{"rendered":"<h2 class=\"wp-block-heading\">1. Elegibilidad<\/h2>\n\n\n\n<p>Para ser elegible para nuestro programa de afiliados, debe cumplir con todas las leyes y reglamentos aplicables y no participar en conductas ofensivas, difamatorias o ilegales. SERPmantics.com se reserva el derecho a rechazar la admisi\u00f3n de cualquier solicitante de afiliaci\u00f3n a su entera discreci\u00f3n.<\/p>\n\n\n\n<h2 class=\"wp-block-heading\">2. Identificaci\u00f3n de afiliados y generaci\u00f3n de URL<\/h2>\n\n\n\n<p>Como afiliado, puede generar URL etiquetadas con su identificador \u00fanico de afiliado (affid). Este identificador se le proporciona al inscribirse en nuestro programa de afiliaci\u00f3n y puede utilizarlo para crear enlaces a nuestro sitio. Puede acceder a estas funciones desde esta direcci\u00f3n: <a href=\"https:\/\/app.serpmantics.com\/promote\">https:\/\/app.serpmantics.com\/promote<\/a>&nbsp;<\/p>\n\n\n\n<h2 class=\"wp-block-heading\">3. Trazabilidad y Comisi\u00f3n<\/h2>\n\n\n\n<p>Cuando un usuario visita nuestro sitio a trav\u00e9s de su enlace de afiliado, se crea una cookie v\u00e1lida durante 30 d\u00edas. Si este usuario crea una cuenta durante este periodo, esta cuenta se asignar\u00e1 a su ID de afiliado. Recibir\u00e1 un <strong>30% de comisi\u00f3n sobre todos los pagos de suscripci\u00f3n realizados por este cliente<\/strong> durante 2 a\u00f1os tras el registro s\u00f3lo para las suscripciones est\u00e1ndar, calculado sobre el importe facturado al cliente sin IVA. Los planes y suscripciones personalizados no est\u00e1n afectados. Tambi\u00e9n quedan excluidas las fichas. Las comisiones quedar\u00e1n en suspenso durante un periodo de 30 d\u00edas a partir del pago del cliente. Tras este periodo de validaci\u00f3n, las comisiones se abonar\u00e1n en un plazo de 30 d\u00edas a partir de la presentaci\u00f3n de una factura mediante transferencia bancaria o Paypal, con sujeci\u00f3n a un umbral de pago m\u00ednimo de 100 euros, IVA excluido.<\/p>\n\n\n\n<h2 class=\"wp-block-heading\">4. Normas de promoci\u00f3n<\/h2>\n\n\n\n<p>SERPmantics.com puede promocionarse a trav\u00e9s de redes sociales, correo electr\u00f3nico o cualquier otro medio que cumpla con las leyes y regulaciones aplicables. Sin embargo, como afiliado, no puede posicionarse sobre nuestra marca en sus esfuerzos de marketing y comunicaci\u00f3n. Tambi\u00e9n debe ser transparente sobre su papel como afiliado y representar nuestra marca de manera positiva y precisa. La autoafiliaci\u00f3n est\u00e1 prohibida, al igual que cualquier comportamiento abusivo.<\/p>\n\n\n\n<h2 class=\"wp-block-heading\">5. 5. Facturaci\u00f3n y pago<\/h2>\n\n\n\n<p>Se le pagar\u00e1 en funci\u00f3n de las facturas que nos env\u00ede. El pago de estas facturas se efectuar\u00e1 30 d\u00edas despu\u00e9s de que finalice el plazo de espera de 30 d\u00edas mencionado anteriormente, siempre que el importe adeudado supere los 100 euros.<\/p>\n\n\n\n<h2 class=\"wp-block-heading\">6. Duraci\u00f3n y terminaci\u00f3n<\/h2>\n\n\n\n<p>Este acuerdo entra en vigor en el momento de su aceptaci\u00f3n y contin\u00faa hasta su terminaci\u00f3n por cualquiera de las partes. SERPmantics.com se reserva el derecho de rescindir este acuerdo en cualquier momento, con o sin causa, y sin indemnizaci\u00f3n, mediante notificaci\u00f3n por escrito a la otra parte con 7 d\u00edas de antelaci\u00f3n.<\/p>\n\n\n\n<h2 class=\"wp-block-heading\">7. Aceptaci\u00f3n de las condiciones y actualizaciones<\/h2>\n\n\n\n<p>Al unirse a nuestro programa de afiliados, usted acepta estos t\u00e9rminos y condiciones y cualquier actualizaci\u00f3n futura. Le recomendamos que consulte esta p\u00e1gina con regularidad para conocer las actualizaciones de este acuerdo.<\/p>","protected":false},"excerpt":{"rendered":"<p>1. Admissibilit\u00e9 Pour \u00eatre admissible \u00e0 notre programme d&rsquo;affiliation, vous devez respecter toutes les lois et r\u00e9gulations applicables et ne pas engager de comportement offensant, diffamatoire ou ill\u00e9gal. SERPmantics.com se r\u00e9serve le droit de refuser l&rsquo;admission \u00e0 tout candidat affili\u00e9 \u00e0 sa seule discr\u00e9tion. 2. Identification d&rsquo;Affili\u00e9 et G\u00e9n\u00e9ration des URL En tant qu&rsquo;affili\u00e9, vous [&hellip;]<\/p>","protected":false},"author":1,"featured_media":0,"parent":0,"menu_order":0,"comment_status":"closed","ping_status":"closed","template":"","meta":{"_et_pb_use_builder":"off","_et_pb_old_content":"","_et_gb_content_width":"","footnotes":""},"class_list":["post-137","page","type-page","status-publish","hentry"],"yoast_head":"<!-- This site is optimized with the Yoast SEO plugin v23.2 - https:\/\/yoast.com\/wordpress\/plugins\/seo\/ -->\n<title>Conditions G\u00e9n\u00e9rales d&#039;Affiliation pour SERPmantics<\/title>\n<meta name=\"robots\" content=\"noindex, follow\" \/>\n<meta property=\"og:locale\" content=\"es_ES\" \/>\n<meta property=\"og:type\" content=\"article\" \/>\n<meta property=\"og:title\" content=\"Conditions G\u00e9n\u00e9rales d&#039;Affiliation pour SERPmantics\" \/>\n<meta property=\"og:description\" content=\"1. Admissibilit\u00e9 Pour \u00eatre admissible \u00e0 notre programme d&rsquo;affiliation, vous devez respecter toutes les lois et r\u00e9gulations applicables et ne pas engager de comportement offensant, diffamatoire ou ill\u00e9gal. SERPmantics.com se r\u00e9serve le droit de refuser l&rsquo;admission \u00e0 tout candidat affili\u00e9 \u00e0 sa seule discr\u00e9tion. 2. Identification d&rsquo;Affili\u00e9 et G\u00e9n\u00e9ration des URL En tant qu&rsquo;affili\u00e9, vous [&hellip;]\" \/>\n<meta property=\"og:url\" content=\"https:\/\/serpmantics.com\/es\/condiciones-de-adhesion\/\" \/>\n<meta property=\"og:site_name\" content=\"SERPmantics\" \/>\n<meta property=\"article:modified_time\" content=\"2025-08-05T07:03:40+00:00\" \/>\n<meta name=\"twitter:card\" content=\"summary_large_image\" \/>\n<meta name=\"twitter:label1\" content=\"Tiempo de lectura\" \/>\n\t<meta name=\"twitter:data1\" content=\"3 minutos\" \/>\n<script type=\"application\/ld+json\" class=\"yoast-schema-graph\">{\"@context\":\"https:\/\/schema.org\",\"@graph\":[{\"@type\":\"WebPage\",\"@id\":\"https:\/\/serpmantics.com\/conditions-affiliation\/\",\"url\":\"https:\/\/serpmantics.com\/conditions-affiliation\/\",\"name\":\"Conditions G\u00e9n\u00e9rales d'Affiliation pour SERPmantics\",\"isPartOf\":{\"@id\":\"https:\/\/serpmantics.com\/#website\"},\"datePublished\":\"2023-07-03T08:28:23+00:00\",\"dateModified\":\"2025-08-05T07:03:40+00:00\",\"breadcrumb\":{\"@id\":\"https:\/\/serpmantics.com\/conditions-affiliation\/#breadcrumb\"},\"inLanguage\":\"es\",\"potentialAction\":[{\"@type\":\"ReadAction\",\"target\":[\"https:\/\/serpmantics.com\/conditions-affiliation\/\"]}]},{\"@type\":\"BreadcrumbList\",\"@id\":\"https:\/\/serpmantics.com\/conditions-affiliation\/#breadcrumb\",\"itemListElement\":[{\"@type\":\"ListItem\",\"position\":1,\"name\":\"Home\",\"item\":\"https:\/\/serpmantics.com\/\"},{\"@type\":\"ListItem\",\"position\":2,\"name\":\"Conditions G\u00e9n\u00e9rales d&rsquo;Affiliation pour SERPmantics\"}]},{\"@type\":\"WebSite\",\"@id\":\"https:\/\/serpmantics.com\/#website\",\"url\":\"https:\/\/serpmantics.com\/\",\"name\":\"SERPmantics\",\"description\":\"L&#039;Optimisation S\u00e9mantique pouss\u00e9e pour passer 1er sur Google\",\"potentialAction\":[{\"@type\":\"SearchAction\",\"target\":{\"@type\":\"EntryPoint\",\"urlTemplate\":\"https:\/\/serpmantics.com\/?s={search_term_string}\"},\"query-input\":\"required name=search_term_string\"}],\"inLanguage\":\"es\"}]}<\/script>\n<!-- \/ Yoast SEO plugin. -->","yoast_head_json":{"title":"Conditions G\u00e9n\u00e9rales d'Affiliation pour SERPmantics","robots":{"index":"noindex","follow":"follow"},"og_locale":"es_ES","og_type":"article","og_title":"Conditions G\u00e9n\u00e9rales d'Affiliation pour SERPmantics","og_description":"1. Admissibilit\u00e9 Pour \u00eatre admissible \u00e0 notre programme d&rsquo;affiliation, vous devez respecter toutes les lois et r\u00e9gulations applicables et ne pas engager de comportement offensant, diffamatoire ou ill\u00e9gal. SERPmantics.com se r\u00e9serve le droit de refuser l&rsquo;admission \u00e0 tout candidat affili\u00e9 \u00e0 sa seule discr\u00e9tion. 2. Identification d&rsquo;Affili\u00e9 et G\u00e9n\u00e9ration des URL En tant qu&rsquo;affili\u00e9, vous [&hellip;]","og_url":"https:\/\/serpmantics.com\/es\/condiciones-de-adhesion\/","og_site_name":"SERPmantics","article_modified_time":"2025-08-05T07:03:40+00:00","twitter_card":"summary_large_image","twitter_misc":{"Tiempo de lectura":"3 minutos"},"schema":{"@context":"https:\/\/schema.org","@graph":[{"@type":"WebPage","@id":"https:\/\/serpmantics.com\/conditions-affiliation\/","url":"https:\/\/serpmantics.com\/conditions-affiliation\/","name":"Conditions G\u00e9n\u00e9rales d'Affiliation pour SERPmantics","isPartOf":{"@id":"https:\/\/serpmantics.com\/#website"},"datePublished":"2023-07-03T08:28:23+00:00","dateModified":"2025-08-05T07:03:40+00:00","breadcrumb":{"@id":"https:\/\/serpmantics.com\/conditions-affiliation\/#breadcrumb"},"inLanguage":"es","potentialAction":[{"@type":"ReadAction","target":["https:\/\/serpmantics.com\/conditions-affiliation\/"]}]},{"@type":"BreadcrumbList","@id":"https:\/\/serpmantics.com\/conditions-affiliation\/#breadcrumb","itemListElement":[{"@type":"ListItem","position":1,"name":"Home","item":"https:\/\/serpmantics.com\/"},{"@type":"ListItem","position":2,"name":"Conditions G\u00e9n\u00e9rales d&rsquo;Affiliation pour SERPmantics"}]},{"@type":"WebSite","@id":"https:\/\/serpmantics.com\/#website","url":"https:\/\/serpmantics.com\/","name":"SERPmantics","description":"L&#039;Optimisation S\u00e9mantique pouss\u00e9e pour passer 1er sur Google","potentialAction":[{"@type":"SearchAction","target":{"@type":"EntryPoint","urlTemplate":"https:\/\/serpmantics.com\/?s={search_term_string}"},"query-input":"required name=search_term_string"}],"inLanguage":"es"}]}},"_links":{"self":[{"href":"https:\/\/serpmantics.com\/es\/wp-json\/wp\/v2\/pages\/137","targetHints":{"allow":["GET"]}}],"collection":[{"href":"https:\/\/serpmantics.com\/es\/wp-json\/wp\/v2\/pages"}],"about":[{"href":"https:\/\/serpmantics.com\/es\/wp-json\/wp\/v2\/types\/page"}],"author":[{"embeddable":true,"href":"https:\/\/serpmantics.com\/es\/wp-json\/wp\/v2\/users\/1"}],"replies":[{"embeddable":true,"href":"https:\/\/serpmantics.com\/es\/wp-json\/wp\/v2\/comments?post=137"}],"version-history":[{"count":10,"href":"https:\/\/serpmantics.com\/es\/wp-json\/wp\/v2\/pages\/137\/revisions"}],"predecessor-version":[{"id":3498,"href":"https:\/\/serpmantics.com\/es\/wp-json\/wp\/v2\/pages\/137\/revisions\/3498"}],"wp:attachment":[{"href":"https:\/\/serpmantics.com\/es\/wp-json\/wp\/v2\/media?parent=137"}],"curies":[{"name":"wp","href":"https:\/\/api.w.org\/{rel}","templated":true}]}}