{"id":2724,"date":"2025-06-23T13:01:24","date_gmt":"2025-06-23T13:01:24","guid":{"rendered":"https:\/\/serpmantics.com\/?page_id=2724"},"modified":"2025-06-28T09:08:25","modified_gmt":"2025-06-28T09:08:25","slug":"case-study-aurelien-richard","status":"publish","type":"page","link":"https:\/\/serpmantics.com\/de\/case-study-aurelien-richard\/","title":{"rendered":"SERPmantics hilft Aur\u00e9lien, die Inhalte seiner Kunden f\u00fcr SEO zu optimieren"},"content":{"rendered":"<h2 class=\"wp-block-heading\">Vorstellung des Klienten&nbsp;<\/h2>\n\n\n\n<p>Aur\u00e9lien Richard ist <strong>freiberuflicher SEO-Berater.<\/strong> Nach mehreren Jahren Erfahrung im digitalen Marketing (CRM, Automatisierung, Redaktion, Copywriting) beschloss er, sich auf das<strong> nat\u00fcrliche Referenzierung<\/strong>In diesem Bereich vereinen sich ihre beiden Leidenschaften: technische Analyse und das Schreiben von Inhalten. Um einen Service anzubieten, der <strong>Qualit\u00e4t <\/strong>Aur\u00e9lien bildet sich weiter (Live Mentor, Bootcamps, YouTube-Videos \u00fcber SEO), bevor er sich als Vollzeit-SEO selbstst\u00e4ndig macht.<strong>unabh\u00e4ngig.<\/strong><\/p>\n\n\n\n<p>Er arbeitet derzeit mit einer Firma zusammen, die sich auf die Vermittlung von Personal f\u00fcr Luxush\u00e4user spezialisiert hat. Ihr Ziel ist es<strong> die franz\u00f6sischsprachige Version ihrer Website entwickeln<\/strong> um diesen Markt besser zu erreichen. Ihre Hauptaufgabe :&nbsp;<\/p>\n\n\n\n<ul class=\"wp-block-list\">\n<li>Landingpages erstellen<strong> SEO-optimiert<\/strong> ;<\/li>\n\n\n\n<li>einen produzieren <strong>hochwertiger Inhalt<\/strong>Die meisten von ihnen sind in der Lage, sich mit den Werten der Marke in Einklang zu bringen;<\/li>\n\n\n\n<li>eine klare, zielgerichtete und erfolgreiche Inhaltsstrategie strukturieren<\/li>\n<\/ul>\n\n\n\n<h2 class=\"wp-block-heading\">Vor der Verwendung von SERPmantics&nbsp;<\/h2>\n\n\n\n<p>Vor der Verwendung <strong>SERPmantics<\/strong>Aur\u00e9lien arbeitete mit einer Methode, die im Wesentlichen auf der <strong>manuell <\/strong>:&nbsp;<\/p>\n\n\n\n<ul class=\"wp-block-list\">\n<li>handwerkliche Analyse der <strong>SERP <\/strong>;<\/li>\n\n\n\n<li>Reflexion \u00fcber die <strong>Forschungsabsichten<\/strong> ;<\/li>\n\n\n\n<li>Analyse von <strong>Konkurrenten <\/strong>;<\/li>\n\n\n\n<li>suche nach<strong> <\/strong>gute <strong>Stichw\u00f6rter<\/strong> und dem richtigen lexikalischen Feld.<\/li>\n<\/ul>\n\n\n\n<p>Doch schnell wurden mehrere <strong>Frustrationen <\/strong>erscheinen:&nbsp;<\/p>\n\n\n\n<ul class=\"wp-block-list\">\n<li>eine <strong>Schwierigkeiten, die richtigen Schl\u00fcsselw\u00f6rter zu identifizieren<\/strong> und das passende lexikalische Feld ;<\/li>\n\n\n\n<li>eine <strong>Unsicherheit bei der Optimierung <\/strong>Sie k\u00f6nnen die tats\u00e4chliche Qualit\u00e4t ihrer Inhalte und die Positionierung ihrer Seiten \u00fcberpr\u00fcfen;<\/li>\n\n\n\n<li>der <strong>Zweifel <\/strong>\u00fcber die <strong>Struktur <\/strong>ihrer Inhalte.<\/li>\n<\/ul>\n\n\n\n<p>Auf die Frage, was ihn am meisten Zeit kostete, antwortete er wie folgt:<\/p>\n\n\n\n<blockquote class=\"wp-block-quote is-layout-flow wp-block-quote-is-layout-flow\">\n<p><em><em>\"\u00a0<\/em>keinen klar definierten Plan zu haben und auch welches lexikalische Feld man verwenden soll, welches Schl\u00fcsselwort, wie oft man es wiederholen soll\".<\/em><\/p>\n<\/blockquote>\n\n\n\n<h2 class=\"wp-block-heading\">Die L\u00f6sung: SERPmantics zur Strukturierung, Anleitung und Verfeinerung<\/h2>\n\n\n\n<p>Aur\u00e9lien entdeckt das Werkzeug <strong>SERPmantics <\/strong>und integriert sie in ihren Prozess, was <strong>automatisiert <\/strong>eine ganze Reihe von Elementen. Es handelt sich um einen<strong> semantisches Optimierungswerkzeug<\/strong> der hilft <strong>die Verbesserung der Qualit\u00e4t <\/strong>von Inhalten, die f\u00fcr das <strong>nat\u00fcrliche Referenzierung<\/strong> und f\u00fcr die <strong>Internetnutzer<\/strong>. Hier sind die wichtigsten Funktionen des Tools, die ihr gefallen :<\/p>\n\n\n\n<h3 class=\"wp-block-heading\">Die Feinanalyse der Suchabsichten<\/h3>\n\n\n\n<p>SERPmantics<strong> analysiert die SERP <\/strong>und identifiziert automatisch die<strong> Forschungsabsichten <\/strong>dominierend f\u00fcr einen gezielten Suchbegriff. Dadurch wei\u00df er, welche \u00dcberschriften er verwenden und welche Themen er in seinen Inhalten behandeln sollte. Das Tool gibt auch eine <strong>Liste von Schl\u00fcsselw\u00f6rtern, die Sie einbauen und vermeiden sollten<\/strong>Diese Funktion ist seiner Meinung nach<strong> sehr n\u00fctzlich.<\/strong><\/p>\n\n\n\n<blockquote class=\"wp-block-quote is-layout-flow wp-block-quote-is-layout-flow\">\n<p><em>\"Das, was mir an SERPmantics wirklich gut gef\u00e4llt, ist die Identifizierung von Suchabsichten.<\/em> (&#8230;) <em>das erm\u00f6glicht es uns, direkt zu sehen, was die Leute wirklich suchen\".<\/em><\/p>\n<\/blockquote>\n\n\n\n<blockquote class=\"wp-block-quote is-layout-flow wp-block-quote-is-layout-flow\">\n<p><em>\"Mir hat SERPmantics gefallen, weil das Ding, das ein bisschen anders ist, ist auch, dass es die zu vermeidenden Schl\u00fcsselw\u00f6rter anzeigt und das ist etwas, was die anderen Tools nicht tun.\"<\/em><\/p>\n<\/blockquote>\n\n\n\n<h3 class=\"wp-block-heading\">Der detaillierte und direkt verwertbare Inhaltsplan<\/h3>\n\n\n\n<p>Das Tool bietet die M\u00f6glichkeit <strong>mit einem Klick einen Inhaltsplan<\/strong> mit den Suchabsichten und Erwartungen von Google abgestimmt. Das macht <strong>wertvolle Zeit sparen<\/strong> an Aur\u00e9lien, der sich auf das Schreiben konzentrieren kann und die Gewissheit hat, einen SEO-freundlichen Plan zu haben.<\/p>\n\n\n\n<blockquote class=\"wp-block-quote is-layout-flow wp-block-quote-is-layout-flow\">\n<p><em>\u00ab\u00a0La g\u00e9n\u00e9ration du plan est vraiment tr\u00e8s tr\u00e8s bonne (&#8230;) avoir un plan comme il est d\u00e9taill\u00e9 sur SERPmantics, \u00e7a tient vraiment la route. Tu as juste apr\u00e8s \u00e0 faire tes paragraphes et puis c&rsquo;est bon.\u00a0\u00bb<\/em><\/p>\n<\/blockquote>\n\n\n\n<h3 class=\"wp-block-heading\">Der Optimierungsscore&nbsp;<\/h3>\n\n\n\n<p>Beim Verfassen von Inhalten in <strong>der Herausgeber des Tools<\/strong>Die Software berechnet in Echtzeit einen Optimierungsscore, der auf der Befolgung der Empfehlungen basiert.<strong> die Qualit\u00e4t ihres Inhalts best\u00e4tigen. <\/strong>Er sch\u00e4tzt dieses Scoring-System sehr: Wenn er einen Inhalt im Tool verfasst, wei\u00df er nun, ob er besser oder schlechter als die Seiten der Konkurrenz positioniert ist.<\/p>\n\n\n\n<h3 class=\"wp-block-heading\">Vorschl\u00e4ge f\u00fcr interne Vernetzungen<\/h3>\n\n\n\n<p>SERPmantics hat eine eigene Funktion <strong>zur internen Vernetzung.<\/strong> Er schl\u00e4gt vor <strong>Verkn\u00fcpfungsm\u00f6glichkeiten<\/strong> eingehenden und ausgehenden Nachrichten, die man in seinen Inhalt einbauen sollte, um <strong>es optimieren<\/strong>.<\/p>\n\n\n\n<blockquote class=\"wp-block-quote is-layout-flow wp-block-quote-is-layout-flow\">\n<p><em>\"Die Sache, die bei SERPmantics auch super interessant ist, ist, dass man einen Vorschlag f\u00fcr alles, was mit internem Mapping zu tun hat, bekommen kann. Das von Hand zu machen, gut das kann ein bisschen Zeit in Anspruch nehmen\".<\/em><\/p>\n<\/blockquote>\n\n\n\n<h2 class=\"wp-block-heading\">Globales Gef\u00fchl des Kunden nach 2 Monaten Nutzung<\/h2>\n\n\n\n<p>Aur\u00e9lien sch\u00e4tzt das Werkzeug, insbesondere mit seinem <strong>intuitive Schnittstelle<\/strong> und seine einfache Handhabung.<\/p>\n\n\n\n<blockquote class=\"wp-block-quote is-layout-flow wp-block-quote-is-layout-flow\">\n<p><em> \"Ich finde es sehr einfach, ehrlich gesagt, sehr einfach. Ehrlich gesagt ist es sehr, sehr einfach\".<\/em><\/p>\n<\/blockquote>\n\n\n\n<p>Au\u00dferdem sch\u00e4tzt er die <strong>Qualit\u00e4t der Empfehlungen<\/strong> die vom Tool gegeben werden.<\/p>\n\n\n\n<blockquote class=\"wp-block-quote is-layout-flow wp-block-quote-is-layout-flow\">\n<p><em>\u201cJ&rsquo;\u00e9tais vraiment tr\u00e8s surpris de la qualit\u00e9 (&#8230;) Au final, je me suis rendu compte que parfois c&rsquo;est pas forc\u00e9ment ceux dont on parle le plus qui sont les meilleurs\u201d.<\/em><\/p>\n<\/blockquote>\n\n\n\n<p>Hier ist, was er jemandem sagen w\u00fcrde, der z\u00f6gert, zu verwenden <strong>SERPmantics <\/strong>f\u00fcr<strong> die Optimierung ihrer Inhalte<\/strong> :<\/p>\n\n\n\n<blockquote class=\"wp-block-quote is-layout-flow wp-block-quote-is-layout-flow\">\n<p><em>\"Ich w\u00fcrde ihm sagen, wenn er ein Tool will, in dem es etwas ultraqualitatives gibt, das sich direkt positioniert, indem es die Suchintentionen auf den aktuellen Google-Seiten analysiert, und wenn er einen ultradetaillierten Plan haben will, dann soll er direkt zu SERPmantics gehen.\"<\/em><\/p>\n<\/blockquote>","protected":false},"excerpt":{"rendered":"<p>Pr\u00e9sentation du client&nbsp; Aur\u00e9lien Richard est consultant SEO freelance. Apr\u00e8s plusieurs ann\u00e9es d&rsquo;exp\u00e9rience en marketing digital (CRM, automation, r\u00e9daction, copywriting), il d\u00e9cide de se sp\u00e9cialiser dans le r\u00e9f\u00e9rencement naturel, un domaine qui allie ses deux passions : l&rsquo;analyse technique et la r\u00e9daction de contenu. De mani\u00e8re \u00e0 proposer un service de qualit\u00e9 \u00e0 ses futurs [&hellip;]<\/p>","protected":false},"author":1,"featured_media":2837,"parent":0,"menu_order":0,"comment_status":"closed","ping_status":"closed","template":"","meta":{"_et_pb_use_builder":"off","_et_pb_old_content":"","_et_gb_content_width":"","footnotes":""},"class_list":["post-2724","page","type-page","status-publish","has-post-thumbnail","hentry"],"yoast_head":"<!-- This site is optimized with the Yoast SEO plugin v23.2 - https:\/\/yoast.com\/wordpress\/plugins\/seo\/ -->\n<title>SERPmantics aide Aur\u00e9lien \u00e0 optimiser les contenus de ses clients pour le SEO<\/title>\n<meta name=\"robots\" content=\"index, follow, max-snippet:-1, max-image-preview:large, max-video-preview:-1\" \/>\n<link rel=\"canonical\" href=\"https:\/\/serpmantics.com\/de\/case-study-aurelien-richard\/\" \/>\n<meta property=\"og:locale\" content=\"de_DE\" \/>\n<meta property=\"og:type\" content=\"article\" \/>\n<meta property=\"og:title\" content=\"SERPmantics aide Aur\u00e9lien \u00e0 optimiser les contenus de ses clients pour le SEO\" \/>\n<meta property=\"og:description\" content=\"Pr\u00e9sentation du client&nbsp; Aur\u00e9lien Richard est consultant SEO freelance. Apr\u00e8s plusieurs ann\u00e9es d&rsquo;exp\u00e9rience en marketing digital (CRM, automation, r\u00e9daction, copywriting), il d\u00e9cide de se sp\u00e9cialiser dans le r\u00e9f\u00e9rencement naturel, un domaine qui allie ses deux passions : l&rsquo;analyse technique et la r\u00e9daction de contenu. De mani\u00e8re \u00e0 proposer un service de qualit\u00e9 \u00e0 ses futurs [&hellip;]\" \/>\n<meta property=\"og:url\" content=\"https:\/\/serpmantics.com\/de\/case-study-aurelien-richard\/\" \/>\n<meta property=\"og:site_name\" content=\"SERPmantics\" \/>\n<meta property=\"article:modified_time\" content=\"2025-06-28T09:08:25+00:00\" \/>\n<meta property=\"og:image\" content=\"https:\/\/serpmantics.com\/wp-content\/uploads\/2025\/06\/SERPmantics-couverture-etude-de-cas-aurelien.png\" \/>\n\t<meta property=\"og:image:width\" content=\"1200\" \/>\n\t<meta property=\"og:image:height\" content=\"628\" \/>\n\t<meta property=\"og:image:type\" content=\"image\/png\" \/>\n<meta name=\"twitter:card\" content=\"summary_large_image\" \/>\n<meta name=\"twitter:label1\" content=\"Gesch\u00e4tzte Lesezeit\" \/>\n\t<meta name=\"twitter:data1\" content=\"3\u00a0Minuten\" \/>\n<script type=\"application\/ld+json\" class=\"yoast-schema-graph\">{\"@context\":\"https:\/\/schema.org\",\"@graph\":[{\"@type\":\"WebPage\",\"@id\":\"https:\/\/serpmantics.com\/case-study-aurelien-richard\/\",\"url\":\"https:\/\/serpmantics.com\/case-study-aurelien-richard\/\",\"name\":\"SERPmantics aide Aur\u00e9lien \u00e0 optimiser les contenus de ses clients pour le SEO\",\"isPartOf\":{\"@id\":\"https:\/\/serpmantics.com\/#website\"},\"primaryImageOfPage\":{\"@id\":\"https:\/\/serpmantics.com\/case-study-aurelien-richard\/#primaryimage\"},\"image\":{\"@id\":\"https:\/\/serpmantics.com\/case-study-aurelien-richard\/#primaryimage\"},\"thumbnailUrl\":\"https:\/\/serpmantics.com\/wp-content\/uploads\/2025\/06\/SERPmantics-couverture-etude-de-cas-aurelien.png\",\"datePublished\":\"2025-06-23T13:01:24+00:00\",\"dateModified\":\"2025-06-28T09:08:25+00:00\",\"breadcrumb\":{\"@id\":\"https:\/\/serpmantics.com\/case-study-aurelien-richard\/#breadcrumb\"},\"inLanguage\":\"de\",\"potentialAction\":[{\"@type\":\"ReadAction\",\"target\":[\"https:\/\/serpmantics.com\/case-study-aurelien-richard\/\"]}]},{\"@type\":\"ImageObject\",\"inLanguage\":\"de\",\"@id\":\"https:\/\/serpmantics.com\/case-study-aurelien-richard\/#primaryimage\",\"url\":\"https:\/\/serpmantics.com\/wp-content\/uploads\/2025\/06\/SERPmantics-couverture-etude-de-cas-aurelien.png\",\"contentUrl\":\"https:\/\/serpmantics.com\/wp-content\/uploads\/2025\/06\/SERPmantics-couverture-etude-de-cas-aurelien.png\",\"width\":1200,\"height\":628,\"caption\":\"Etude de cas SERPmantics d'un consultant ind\u00e9pendant\"},{\"@type\":\"BreadcrumbList\",\"@id\":\"https:\/\/serpmantics.com\/case-study-aurelien-richard\/#breadcrumb\",\"itemListElement\":[{\"@type\":\"ListItem\",\"position\":1,\"name\":\"Home\",\"item\":\"https:\/\/serpmantics.com\/\"},{\"@type\":\"ListItem\",\"position\":2,\"name\":\"SERPmantics aide Aur\u00e9lien \u00e0 optimiser les contenus de ses clients pour le SEO\"}]},{\"@type\":\"WebSite\",\"@id\":\"https:\/\/serpmantics.com\/#website\",\"url\":\"https:\/\/serpmantics.com\/\",\"name\":\"SERPmantics\",\"description\":\"L&#039;Optimisation S\u00e9mantique pouss\u00e9e pour passer 1er sur Google\",\"potentialAction\":[{\"@type\":\"SearchAction\",\"target\":{\"@type\":\"EntryPoint\",\"urlTemplate\":\"https:\/\/serpmantics.com\/?s={search_term_string}\"},\"query-input\":\"required name=search_term_string\"}],\"inLanguage\":\"de\"}]}<\/script>\n<!-- \/ Yoast SEO plugin. -->","yoast_head_json":{"title":"SERPmantics aide Aur\u00e9lien \u00e0 optimiser les contenus de ses clients pour le SEO","robots":{"index":"index","follow":"follow","max-snippet":"max-snippet:-1","max-image-preview":"max-image-preview:large","max-video-preview":"max-video-preview:-1"},"canonical":"https:\/\/serpmantics.com\/de\/case-study-aurelien-richard\/","og_locale":"de_DE","og_type":"article","og_title":"SERPmantics aide Aur\u00e9lien \u00e0 optimiser les contenus de ses clients pour le SEO","og_description":"Pr\u00e9sentation du client&nbsp; Aur\u00e9lien Richard est consultant SEO freelance. Apr\u00e8s plusieurs ann\u00e9es d&rsquo;exp\u00e9rience en marketing digital (CRM, automation, r\u00e9daction, copywriting), il d\u00e9cide de se sp\u00e9cialiser dans le r\u00e9f\u00e9rencement naturel, un domaine qui allie ses deux passions : l&rsquo;analyse technique et la r\u00e9daction de contenu. De mani\u00e8re \u00e0 proposer un service de qualit\u00e9 \u00e0 ses futurs [&hellip;]","og_url":"https:\/\/serpmantics.com\/de\/case-study-aurelien-richard\/","og_site_name":"SERPmantics","article_modified_time":"2025-06-28T09:08:25+00:00","og_image":[{"width":1200,"height":628,"url":"https:\/\/serpmantics.com\/wp-content\/uploads\/2025\/06\/SERPmantics-couverture-etude-de-cas-aurelien.png","type":"image\/png"}],"twitter_card":"summary_large_image","twitter_misc":{"Gesch\u00e4tzte Lesezeit":"3\u00a0Minuten"},"schema":{"@context":"https:\/\/schema.org","@graph":[{"@type":"WebPage","@id":"https:\/\/serpmantics.com\/case-study-aurelien-richard\/","url":"https:\/\/serpmantics.com\/case-study-aurelien-richard\/","name":"SERPmantics aide Aur\u00e9lien \u00e0 optimiser les contenus de ses clients pour le SEO","isPartOf":{"@id":"https:\/\/serpmantics.com\/#website"},"primaryImageOfPage":{"@id":"https:\/\/serpmantics.com\/case-study-aurelien-richard\/#primaryimage"},"image":{"@id":"https:\/\/serpmantics.com\/case-study-aurelien-richard\/#primaryimage"},"thumbnailUrl":"https:\/\/serpmantics.com\/wp-content\/uploads\/2025\/06\/SERPmantics-couverture-etude-de-cas-aurelien.png","datePublished":"2025-06-23T13:01:24+00:00","dateModified":"2025-06-28T09:08:25+00:00","breadcrumb":{"@id":"https:\/\/serpmantics.com\/case-study-aurelien-richard\/#breadcrumb"},"inLanguage":"de","potentialAction":[{"@type":"ReadAction","target":["https:\/\/serpmantics.com\/case-study-aurelien-richard\/"]}]},{"@type":"ImageObject","inLanguage":"de","@id":"https:\/\/serpmantics.com\/case-study-aurelien-richard\/#primaryimage","url":"https:\/\/serpmantics.com\/wp-content\/uploads\/2025\/06\/SERPmantics-couverture-etude-de-cas-aurelien.png","contentUrl":"https:\/\/serpmantics.com\/wp-content\/uploads\/2025\/06\/SERPmantics-couverture-etude-de-cas-aurelien.png","width":1200,"height":628,"caption":"Etude de cas SERPmantics d'un consultant ind\u00e9pendant"},{"@type":"BreadcrumbList","@id":"https:\/\/serpmantics.com\/case-study-aurelien-richard\/#breadcrumb","itemListElement":[{"@type":"ListItem","position":1,"name":"Home","item":"https:\/\/serpmantics.com\/"},{"@type":"ListItem","position":2,"name":"SERPmantics aide Aur\u00e9lien \u00e0 optimiser les contenus de ses clients pour le SEO"}]},{"@type":"WebSite","@id":"https:\/\/serpmantics.com\/#website","url":"https:\/\/serpmantics.com\/","name":"SERPmantics","description":"L&#039;Optimisation S\u00e9mantique pouss\u00e9e pour passer 1er sur Google","potentialAction":[{"@type":"SearchAction","target":{"@type":"EntryPoint","urlTemplate":"https:\/\/serpmantics.com\/?s={search_term_string}"},"query-input":"required name=search_term_string"}],"inLanguage":"de"}]}},"_links":{"self":[{"href":"https:\/\/serpmantics.com\/de\/wp-json\/wp\/v2\/pages\/2724","targetHints":{"allow":["GET"]}}],"collection":[{"href":"https:\/\/serpmantics.com\/de\/wp-json\/wp\/v2\/pages"}],"about":[{"href":"https:\/\/serpmantics.com\/de\/wp-json\/wp\/v2\/types\/page"}],"author":[{"embeddable":true,"href":"https:\/\/serpmantics.com\/de\/wp-json\/wp\/v2\/users\/1"}],"replies":[{"embeddable":true,"href":"https:\/\/serpmantics.com\/de\/wp-json\/wp\/v2\/comments?post=2724"}],"version-history":[{"count":2,"href":"https:\/\/serpmantics.com\/de\/wp-json\/wp\/v2\/pages\/2724\/revisions"}],"predecessor-version":[{"id":2729,"href":"https:\/\/serpmantics.com\/de\/wp-json\/wp\/v2\/pages\/2724\/revisions\/2729"}],"wp:featuredmedia":[{"embeddable":true,"href":"https:\/\/serpmantics.com\/de\/wp-json\/wp\/v2\/media\/2837"}],"wp:attachment":[{"href":"https:\/\/serpmantics.com\/de\/wp-json\/wp\/v2\/media?parent=2724"}],"curies":[{"name":"wp","href":"https:\/\/api.w.org\/{rel}","templated":true}]}}