{"id":137,"date":"2023-07-03T08:28:23","date_gmt":"2023-07-03T08:28:23","guid":{"rendered":"https:\/\/serpmantics.com\/?page_id=137"},"modified":"2025-08-05T09:03:40","modified_gmt":"2025-08-05T07:03:40","slug":"conditions-affiliation","status":"publish","type":"page","link":"https:\/\/serpmantics.com\/de\/bedingungen-mitgliedschaft\/","title":{"rendered":"Allgemeine Gesch\u00e4ftsbedingungen f\u00fcr die Partnerschaft mit SERPmantics"},"content":{"rendered":"<h2 class=\"wp-block-heading\">1. Zul\u00e4ssigkeit<\/h2>\n\n\n\n<p>Um sich f\u00fcr unser Partnerprogramm zu qualifizieren, m\u00fcssen Sie alle geltenden Gesetze und Vorschriften einhalten und d\u00fcrfen kein beleidigendes, verleumderisches oder illegales Verhalten an den Tag legen. SERPmantics.com beh\u00e4lt sich das Recht vor, nach eigenem Ermessen die Zulassung eines Partnerkandidaten zu verweigern.<\/p>\n\n\n\n<h2 class=\"wp-block-heading\">2. Affiliate-Identifikation und URL-Generierung<\/h2>\n\n\n\n<p>Als Affiliate haben Sie die M\u00f6glichkeit, URLs zu generieren, die mit Ihrer eindeutigen Affiliate-ID (affid) getaggt sind. Diese ID wird Ihnen zur Verf\u00fcgung gestellt, wenn Sie sich f\u00fcr unser Partnerprogramm anmelden, und kann verwendet werden, um Links zu unserer Website zu erstellen. Auf diese Funktionen k\u00f6nnen Sie \u00fcber diese Adresse zugreifen : <a href=\"https:\/\/app.serpmantics.com\/promote\">https:\/\/app.serpmantics.com\/promote<\/a>&nbsp;<\/p>\n\n\n\n<h2 class=\"wp-block-heading\">3. Nachvollziehbarkeit und Kommission<\/h2>\n\n\n\n<p>Wenn ein Nutzer unsere Seite \u00fcber Ihren Affiliate-Link besucht, wird ein Cookie erstellt, das 30 Tage lang g\u00fcltig ist. Wenn dieser Nutzer innerhalb dieses Zeitraums ein Konto erstellt, wird dieses Konto Ihrer Affiliate-ID zugewiesen. Sie erhalten eine <strong>Provision von 30% auf alle Abonnementzahlungen, die von diesem Kunden get\u00e4tigt werden<\/strong> 2 Jahre lang nach seiner Anmeldung nur f\u00fcr Standardabonnements, berechnet auf den dem Kunden in Rechnung gestellten Betrag vor Steuern. Ma\u00dfgeschneiderte Pl\u00e4ne und Abonnements sind davon nicht betroffen. Token sind ebenfalls nicht betroffen. Die Provisionen werden f\u00fcr einen Zeitraum von 30 Tagen ab der Zahlung des Kunden ausstehen. Nach dieser Freigabeperiode werden die Provisionen innerhalb von 30 Tagen nach Vorlage einer Rechnung per Bank\u00fcberweisung oder Paypal ausgezahlt, vorbehaltlich einer Mindestzahlungsschwelle von 100\u20ac zzgl. MwSt.<\/p>\n\n\n\n<h2 class=\"wp-block-heading\">4. Regeln f\u00fcr die Promotion<\/h2>\n\n\n\n<p>Die Werbung f\u00fcr SERPmantics.com kann \u00fcber soziale Netzwerke, per E-Mail oder auf andere Weise erfolgen, die den geltenden Gesetzen und Vorschriften entspricht. Als Affiliate d\u00fcrfen Sie sich jedoch bei Ihren Marketing- und Kommunikationsbem\u00fchungen nicht auf unsere Marke positionieren. Sie m\u00fcssen au\u00dferdem Ihre Rolle als Affiliate transparent machen und unsere Marke auf positive und pr\u00e4zise Weise repr\u00e4sentieren. Auto-Affiliate ist verboten, ebenso wie jegliches missbr\u00e4uchliche Verhalten.<\/p>\n\n\n\n<h2 class=\"wp-block-heading\">5. Rechnungsstellung und Zahlung<\/h2>\n\n\n\n<p>Sie werden auf der Grundlage von Rechnungen bezahlt, die Sie uns zusenden. Die Zahlung dieser Rechnungen erfolgt 30 Tage nach Ablauf der oben genannten Wartezeit von 30 Tagen, sofern der ausstehende Betrag 100\u20ac \u00fcbersteigt.<\/p>\n\n\n\n<h2 class=\"wp-block-heading\">6. Dauer und K\u00fcndigung<\/h2>\n\n\n\n<p>Diese Vereinbarung tritt mit Ihrer Annahme in Kraft und l\u00e4uft so lange, bis sie von einer der beiden Parteien gek\u00fcndigt wird. SERPmantics.com beh\u00e4lt sich das Recht vor, diese Vereinbarung jederzeit mit oder ohne Angabe von Gr\u00fcnden und ohne Entsch\u00e4digung zu k\u00fcndigen, indem die andere Partei sieben Tage im Voraus schriftlich benachrichtigt wird.<\/p>\n\n\n\n<h2 class=\"wp-block-heading\">7. Annahme der Bedingungen und Aktualisierungen<\/h2>\n\n\n\n<p>Durch die Teilnahme an unserem Partnerprogramm erkl\u00e4ren Sie sich mit diesen Bedingungen und ihren zuk\u00fcnftigen Aktualisierungen einverstanden. Wir empfehlen Ihnen, diese Seite regelm\u00e4\u00dfig zu besuchen, um die Aktualisierungen dieser Vereinbarung zu verfolgen.<\/p>","protected":false},"excerpt":{"rendered":"<p>1. Admissibilit\u00e9 Pour \u00eatre admissible \u00e0 notre programme d&rsquo;affiliation, vous devez respecter toutes les lois et r\u00e9gulations applicables et ne pas engager de comportement offensant, diffamatoire ou ill\u00e9gal. SERPmantics.com se r\u00e9serve le droit de refuser l&rsquo;admission \u00e0 tout candidat affili\u00e9 \u00e0 sa seule discr\u00e9tion. 2. Identification d&rsquo;Affili\u00e9 et G\u00e9n\u00e9ration des URL En tant qu&rsquo;affili\u00e9, vous [&hellip;]<\/p>","protected":false},"author":1,"featured_media":0,"parent":0,"menu_order":0,"comment_status":"closed","ping_status":"closed","template":"","meta":{"_et_pb_use_builder":"off","_et_pb_old_content":"","_et_gb_content_width":"","footnotes":""},"class_list":["post-137","page","type-page","status-publish","hentry"],"yoast_head":"<!-- This site is optimized with the Yoast SEO plugin v23.2 - https:\/\/yoast.com\/wordpress\/plugins\/seo\/ -->\n<title>Conditions G\u00e9n\u00e9rales d&#039;Affiliation pour SERPmantics<\/title>\n<meta name=\"robots\" content=\"noindex, follow\" \/>\n<meta property=\"og:locale\" content=\"de_DE\" \/>\n<meta property=\"og:type\" content=\"article\" \/>\n<meta property=\"og:title\" content=\"Conditions G\u00e9n\u00e9rales d&#039;Affiliation pour SERPmantics\" \/>\n<meta property=\"og:description\" content=\"1. Admissibilit\u00e9 Pour \u00eatre admissible \u00e0 notre programme d&rsquo;affiliation, vous devez respecter toutes les lois et r\u00e9gulations applicables et ne pas engager de comportement offensant, diffamatoire ou ill\u00e9gal. SERPmantics.com se r\u00e9serve le droit de refuser l&rsquo;admission \u00e0 tout candidat affili\u00e9 \u00e0 sa seule discr\u00e9tion. 2. Identification d&rsquo;Affili\u00e9 et G\u00e9n\u00e9ration des URL En tant qu&rsquo;affili\u00e9, vous [&hellip;]\" \/>\n<meta property=\"og:url\" content=\"https:\/\/serpmantics.com\/de\/bedingungen-mitgliedschaft\/\" \/>\n<meta property=\"og:site_name\" content=\"SERPmantics\" \/>\n<meta property=\"article:modified_time\" content=\"2025-08-05T07:03:40+00:00\" \/>\n<meta name=\"twitter:card\" content=\"summary_large_image\" \/>\n<meta name=\"twitter:label1\" content=\"Gesch\u00e4tzte Lesezeit\" \/>\n\t<meta name=\"twitter:data1\" content=\"3\u00a0Minuten\" \/>\n<script type=\"application\/ld+json\" class=\"yoast-schema-graph\">{\"@context\":\"https:\/\/schema.org\",\"@graph\":[{\"@type\":\"WebPage\",\"@id\":\"https:\/\/serpmantics.com\/conditions-affiliation\/\",\"url\":\"https:\/\/serpmantics.com\/conditions-affiliation\/\",\"name\":\"Conditions G\u00e9n\u00e9rales d'Affiliation pour SERPmantics\",\"isPartOf\":{\"@id\":\"https:\/\/serpmantics.com\/#website\"},\"datePublished\":\"2023-07-03T08:28:23+00:00\",\"dateModified\":\"2025-08-05T07:03:40+00:00\",\"breadcrumb\":{\"@id\":\"https:\/\/serpmantics.com\/conditions-affiliation\/#breadcrumb\"},\"inLanguage\":\"de\",\"potentialAction\":[{\"@type\":\"ReadAction\",\"target\":[\"https:\/\/serpmantics.com\/conditions-affiliation\/\"]}]},{\"@type\":\"BreadcrumbList\",\"@id\":\"https:\/\/serpmantics.com\/conditions-affiliation\/#breadcrumb\",\"itemListElement\":[{\"@type\":\"ListItem\",\"position\":1,\"name\":\"Home\",\"item\":\"https:\/\/serpmantics.com\/\"},{\"@type\":\"ListItem\",\"position\":2,\"name\":\"Conditions G\u00e9n\u00e9rales d&rsquo;Affiliation pour SERPmantics\"}]},{\"@type\":\"WebSite\",\"@id\":\"https:\/\/serpmantics.com\/#website\",\"url\":\"https:\/\/serpmantics.com\/\",\"name\":\"SERPmantics\",\"description\":\"L&#039;Optimisation S\u00e9mantique pouss\u00e9e pour passer 1er sur Google\",\"potentialAction\":[{\"@type\":\"SearchAction\",\"target\":{\"@type\":\"EntryPoint\",\"urlTemplate\":\"https:\/\/serpmantics.com\/?s={search_term_string}\"},\"query-input\":\"required name=search_term_string\"}],\"inLanguage\":\"de\"}]}<\/script>\n<!-- \/ Yoast SEO plugin. -->","yoast_head_json":{"title":"Conditions G\u00e9n\u00e9rales d'Affiliation pour SERPmantics","robots":{"index":"noindex","follow":"follow"},"og_locale":"de_DE","og_type":"article","og_title":"Conditions G\u00e9n\u00e9rales d'Affiliation pour SERPmantics","og_description":"1. Admissibilit\u00e9 Pour \u00eatre admissible \u00e0 notre programme d&rsquo;affiliation, vous devez respecter toutes les lois et r\u00e9gulations applicables et ne pas engager de comportement offensant, diffamatoire ou ill\u00e9gal. SERPmantics.com se r\u00e9serve le droit de refuser l&rsquo;admission \u00e0 tout candidat affili\u00e9 \u00e0 sa seule discr\u00e9tion. 2. Identification d&rsquo;Affili\u00e9 et G\u00e9n\u00e9ration des URL En tant qu&rsquo;affili\u00e9, vous [&hellip;]","og_url":"https:\/\/serpmantics.com\/de\/bedingungen-mitgliedschaft\/","og_site_name":"SERPmantics","article_modified_time":"2025-08-05T07:03:40+00:00","twitter_card":"summary_large_image","twitter_misc":{"Gesch\u00e4tzte Lesezeit":"3\u00a0Minuten"},"schema":{"@context":"https:\/\/schema.org","@graph":[{"@type":"WebPage","@id":"https:\/\/serpmantics.com\/conditions-affiliation\/","url":"https:\/\/serpmantics.com\/conditions-affiliation\/","name":"Conditions G\u00e9n\u00e9rales d'Affiliation pour SERPmantics","isPartOf":{"@id":"https:\/\/serpmantics.com\/#website"},"datePublished":"2023-07-03T08:28:23+00:00","dateModified":"2025-08-05T07:03:40+00:00","breadcrumb":{"@id":"https:\/\/serpmantics.com\/conditions-affiliation\/#breadcrumb"},"inLanguage":"de","potentialAction":[{"@type":"ReadAction","target":["https:\/\/serpmantics.com\/conditions-affiliation\/"]}]},{"@type":"BreadcrumbList","@id":"https:\/\/serpmantics.com\/conditions-affiliation\/#breadcrumb","itemListElement":[{"@type":"ListItem","position":1,"name":"Home","item":"https:\/\/serpmantics.com\/"},{"@type":"ListItem","position":2,"name":"Conditions G\u00e9n\u00e9rales d&rsquo;Affiliation pour SERPmantics"}]},{"@type":"WebSite","@id":"https:\/\/serpmantics.com\/#website","url":"https:\/\/serpmantics.com\/","name":"SERPmantics","description":"L&#039;Optimisation S\u00e9mantique pouss\u00e9e pour passer 1er sur Google","potentialAction":[{"@type":"SearchAction","target":{"@type":"EntryPoint","urlTemplate":"https:\/\/serpmantics.com\/?s={search_term_string}"},"query-input":"required name=search_term_string"}],"inLanguage":"de"}]}},"_links":{"self":[{"href":"https:\/\/serpmantics.com\/de\/wp-json\/wp\/v2\/pages\/137","targetHints":{"allow":["GET"]}}],"collection":[{"href":"https:\/\/serpmantics.com\/de\/wp-json\/wp\/v2\/pages"}],"about":[{"href":"https:\/\/serpmantics.com\/de\/wp-json\/wp\/v2\/types\/page"}],"author":[{"embeddable":true,"href":"https:\/\/serpmantics.com\/de\/wp-json\/wp\/v2\/users\/1"}],"replies":[{"embeddable":true,"href":"https:\/\/serpmantics.com\/de\/wp-json\/wp\/v2\/comments?post=137"}],"version-history":[{"count":10,"href":"https:\/\/serpmantics.com\/de\/wp-json\/wp\/v2\/pages\/137\/revisions"}],"predecessor-version":[{"id":3498,"href":"https:\/\/serpmantics.com\/de\/wp-json\/wp\/v2\/pages\/137\/revisions\/3498"}],"wp:attachment":[{"href":"https:\/\/serpmantics.com\/de\/wp-json\/wp\/v2\/media?parent=137"}],"curies":[{"name":"wp","href":"https:\/\/api.w.org\/{rel}","templated":true}]}}