{"id":137,"date":"2023-07-03T08:28:23","date_gmt":"2023-07-03T08:28:23","guid":{"rendered":"https:\/\/serpmantics.com\/?page_id=137"},"modified":"2025-08-05T09:03:40","modified_gmt":"2025-08-05T07:03:40","slug":"conditions-affiliation","status":"publish","type":"page","link":"https:\/\/serpmantics.com\/da\/betingelser-for-medlemskab\/","title":{"rendered":"Affilierede vilk\u00e5r og betingelser for SERPmantics"},"content":{"rendered":"<h2 class=\"wp-block-heading\">1. Berettigelse<\/h2>\n\n\n\n<p>For at v\u00e6re berettiget til vores tilknyttede program skal du overholde alle g\u00e6ldende love og regler og ikke engagere dig i st\u00f8dende, \u00e6rekr\u00e6nkende eller ulovlig adf\u00e6rd. SERPmantics.com forbeholder sig retten til at n\u00e6gte adgang til enhver tilknyttet ans\u00f8ger efter eget sk\u00f8n.<\/p>\n\n\n\n<h2 class=\"wp-block-heading\">2. Identifikation af partnere og generering af URL<\/h2>\n\n\n\n<p>Som affiliate kan du generere URL'er m\u00e6rket med din unikke affiliate-identifikator (affid). Denne identifikator f\u00e5r du, n\u00e5r du tilmelder dig vores affiliate-program, og den kan bruges til at oprette links til vores hjemmeside. Disse funktioner kan tilg\u00e5s fra denne adresse: <a href=\"https:\/\/app.serpmantics.com\/promote\">https:\/\/app.serpmantics.com\/promote<\/a>&nbsp;<\/p>\n\n\n\n<h2 class=\"wp-block-heading\">3. Sporbarhed og kommission<\/h2>\n\n\n\n<p>N\u00e5r en bruger bes\u00f8ger vores hjemmeside via dit affiliate-link, oprettes en cookie, der er gyldig i 30 dage. Hvis denne bruger opretter en konto i l\u00f8bet af denne periode, vil denne konto blive tildelt dit affiliate-ID. Du vil modtage en <strong>30% provision p\u00e5 alle abonnementsbetalinger foretaget af denne kunde<\/strong> i 2 \u00e5r efter registrering, kun for standardabonnementer, beregnet p\u00e5 det bel\u00f8b, der er faktureret til kunden, ekskl. moms. Tilpassede planer og abonnementer er ikke ber\u00f8rt. Tokens er ogs\u00e5 udelukket. Provisioner vil v\u00e6re i bero i en periode p\u00e5 30 dage fra kundens betaling. Efter denne valideringsperiode betales provisioner inden for 30 dage efter freml\u00e6ggelse af en faktura via bankoverf\u00f8rsel eller Paypal, med forbehold for en minimumsbetalingst\u00e6rskel p\u00e5 100 \u20ac ekskl. moms.<\/p>\n\n\n\n<h2 class=\"wp-block-heading\">4. Regler for forfremmelse<\/h2>\n\n\n\n<p>SERPmantics.com kan promoveres via sociale netv\u00e6rk, e-mail eller andre midler, der overholder g\u00e6ldende love og regler. Som affiliate kan du dog ikke placere dig selv p\u00e5 vores brand i din marketing- og kommunikationsindsats. Du skal ogs\u00e5 v\u00e6re gennemsigtig omkring din rolle som affiliate og repr\u00e6sentere vores brand positivt og pr\u00e6cist. Selvtilknytning er forbudt, og det samme g\u00e6lder enhver form for kr\u00e6nkende adf\u00e6rd.<\/p>\n\n\n\n<h2 class=\"wp-block-heading\">5. Fakturering og betaling<\/h2>\n\n\n\n<p>Du vil blive betalt p\u00e5 grundlag af fakturaer, som du sender til os. Betaling af disse fakturaer vil ske 30 dage efter udl\u00f8bet af den 30-dages karensperiode, der er n\u00e6vnt ovenfor, forudsat at det skyldige bel\u00f8b overstiger \u20ac100.<\/p>\n\n\n\n<h2 class=\"wp-block-heading\">6. Varighed og opsigelse<\/h2>\n\n\n\n<p>Denne aftale tr\u00e6der i kraft ved din accept og forts\u00e6tter, indtil den opsiges af en af parterne. SERPmantics.com forbeholder sig retten til at opsige denne aftale til enhver tid, med eller uden grund og uden kompensation, ved at give 7 dages forudg\u00e5ende skriftlig varsel til den anden part.<\/p>\n\n\n\n<h2 class=\"wp-block-heading\">7. Accept af vilk\u00e5r og opdateringer<\/h2>\n\n\n\n<p>N\u00e5r du tilmelder dig vores affiliate-program, accepterer du disse vilk\u00e5r og betingelser og eventuelle fremtidige opdateringer. Vi opfordrer dig til at tjekke denne side regelm\u00e6ssigt for opdateringer til denne aftale.<\/p>","protected":false},"excerpt":{"rendered":"<p>1. Admissibilit\u00e9 Pour \u00eatre admissible \u00e0 notre programme d&rsquo;affiliation, vous devez respecter toutes les lois et r\u00e9gulations applicables et ne pas engager de comportement offensant, diffamatoire ou ill\u00e9gal. SERPmantics.com se r\u00e9serve le droit de refuser l&rsquo;admission \u00e0 tout candidat affili\u00e9 \u00e0 sa seule discr\u00e9tion. 2. Identification d&rsquo;Affili\u00e9 et G\u00e9n\u00e9ration des URL En tant qu&rsquo;affili\u00e9, vous [&hellip;]<\/p>","protected":false},"author":1,"featured_media":0,"parent":0,"menu_order":0,"comment_status":"closed","ping_status":"closed","template":"","meta":{"_et_pb_use_builder":"off","_et_pb_old_content":"","_et_gb_content_width":"","footnotes":""},"class_list":["post-137","page","type-page","status-publish","hentry"],"yoast_head":"<!-- This site is optimized with the Yoast SEO plugin v23.2 - https:\/\/yoast.com\/wordpress\/plugins\/seo\/ -->\n<title>Conditions G\u00e9n\u00e9rales d&#039;Affiliation pour SERPmantics<\/title>\n<meta name=\"robots\" content=\"noindex, follow\" \/>\n<meta property=\"og:locale\" content=\"da_DK\" \/>\n<meta property=\"og:type\" content=\"article\" \/>\n<meta property=\"og:title\" content=\"Conditions G\u00e9n\u00e9rales d&#039;Affiliation pour SERPmantics\" \/>\n<meta property=\"og:description\" content=\"1. Admissibilit\u00e9 Pour \u00eatre admissible \u00e0 notre programme d&rsquo;affiliation, vous devez respecter toutes les lois et r\u00e9gulations applicables et ne pas engager de comportement offensant, diffamatoire ou ill\u00e9gal. SERPmantics.com se r\u00e9serve le droit de refuser l&rsquo;admission \u00e0 tout candidat affili\u00e9 \u00e0 sa seule discr\u00e9tion. 2. Identification d&rsquo;Affili\u00e9 et G\u00e9n\u00e9ration des URL En tant qu&rsquo;affili\u00e9, vous [&hellip;]\" \/>\n<meta property=\"og:url\" content=\"https:\/\/serpmantics.com\/da\/betingelser-for-medlemskab\/\" \/>\n<meta property=\"og:site_name\" content=\"SERPmantics\" \/>\n<meta property=\"article:modified_time\" content=\"2025-08-05T07:03:40+00:00\" \/>\n<meta name=\"twitter:card\" content=\"summary_large_image\" \/>\n<meta name=\"twitter:label1\" content=\"Estimeret l\u00e6setid\" \/>\n\t<meta name=\"twitter:data1\" content=\"3 minutter\" \/>\n<script type=\"application\/ld+json\" class=\"yoast-schema-graph\">{\"@context\":\"https:\/\/schema.org\",\"@graph\":[{\"@type\":\"WebPage\",\"@id\":\"https:\/\/serpmantics.com\/conditions-affiliation\/\",\"url\":\"https:\/\/serpmantics.com\/conditions-affiliation\/\",\"name\":\"Conditions G\u00e9n\u00e9rales d'Affiliation pour SERPmantics\",\"isPartOf\":{\"@id\":\"https:\/\/serpmantics.com\/#website\"},\"datePublished\":\"2023-07-03T08:28:23+00:00\",\"dateModified\":\"2025-08-05T07:03:40+00:00\",\"breadcrumb\":{\"@id\":\"https:\/\/serpmantics.com\/conditions-affiliation\/#breadcrumb\"},\"inLanguage\":\"da-DK\",\"potentialAction\":[{\"@type\":\"ReadAction\",\"target\":[\"https:\/\/serpmantics.com\/conditions-affiliation\/\"]}]},{\"@type\":\"BreadcrumbList\",\"@id\":\"https:\/\/serpmantics.com\/conditions-affiliation\/#breadcrumb\",\"itemListElement\":[{\"@type\":\"ListItem\",\"position\":1,\"name\":\"Home\",\"item\":\"https:\/\/serpmantics.com\/\"},{\"@type\":\"ListItem\",\"position\":2,\"name\":\"Conditions G\u00e9n\u00e9rales d&rsquo;Affiliation pour SERPmantics\"}]},{\"@type\":\"WebSite\",\"@id\":\"https:\/\/serpmantics.com\/#website\",\"url\":\"https:\/\/serpmantics.com\/\",\"name\":\"SERPmantics\",\"description\":\"L&#039;Optimisation S\u00e9mantique pouss\u00e9e pour passer 1er sur Google\",\"potentialAction\":[{\"@type\":\"SearchAction\",\"target\":{\"@type\":\"EntryPoint\",\"urlTemplate\":\"https:\/\/serpmantics.com\/?s={search_term_string}\"},\"query-input\":\"required name=search_term_string\"}],\"inLanguage\":\"da-DK\"}]}<\/script>\n<!-- \/ Yoast SEO plugin. -->","yoast_head_json":{"title":"Conditions G\u00e9n\u00e9rales d'Affiliation pour SERPmantics","robots":{"index":"noindex","follow":"follow"},"og_locale":"da_DK","og_type":"article","og_title":"Conditions G\u00e9n\u00e9rales d'Affiliation pour SERPmantics","og_description":"1. Admissibilit\u00e9 Pour \u00eatre admissible \u00e0 notre programme d&rsquo;affiliation, vous devez respecter toutes les lois et r\u00e9gulations applicables et ne pas engager de comportement offensant, diffamatoire ou ill\u00e9gal. SERPmantics.com se r\u00e9serve le droit de refuser l&rsquo;admission \u00e0 tout candidat affili\u00e9 \u00e0 sa seule discr\u00e9tion. 2. Identification d&rsquo;Affili\u00e9 et G\u00e9n\u00e9ration des URL En tant qu&rsquo;affili\u00e9, vous [&hellip;]","og_url":"https:\/\/serpmantics.com\/da\/betingelser-for-medlemskab\/","og_site_name":"SERPmantics","article_modified_time":"2025-08-05T07:03:40+00:00","twitter_card":"summary_large_image","twitter_misc":{"Estimeret l\u00e6setid":"3 minutter"},"schema":{"@context":"https:\/\/schema.org","@graph":[{"@type":"WebPage","@id":"https:\/\/serpmantics.com\/conditions-affiliation\/","url":"https:\/\/serpmantics.com\/conditions-affiliation\/","name":"Conditions G\u00e9n\u00e9rales d'Affiliation pour SERPmantics","isPartOf":{"@id":"https:\/\/serpmantics.com\/#website"},"datePublished":"2023-07-03T08:28:23+00:00","dateModified":"2025-08-05T07:03:40+00:00","breadcrumb":{"@id":"https:\/\/serpmantics.com\/conditions-affiliation\/#breadcrumb"},"inLanguage":"da-DK","potentialAction":[{"@type":"ReadAction","target":["https:\/\/serpmantics.com\/conditions-affiliation\/"]}]},{"@type":"BreadcrumbList","@id":"https:\/\/serpmantics.com\/conditions-affiliation\/#breadcrumb","itemListElement":[{"@type":"ListItem","position":1,"name":"Home","item":"https:\/\/serpmantics.com\/"},{"@type":"ListItem","position":2,"name":"Conditions G\u00e9n\u00e9rales d&rsquo;Affiliation pour SERPmantics"}]},{"@type":"WebSite","@id":"https:\/\/serpmantics.com\/#website","url":"https:\/\/serpmantics.com\/","name":"SERPmantics","description":"L&#039;Optimisation S\u00e9mantique pouss\u00e9e pour passer 1er sur Google","potentialAction":[{"@type":"SearchAction","target":{"@type":"EntryPoint","urlTemplate":"https:\/\/serpmantics.com\/?s={search_term_string}"},"query-input":"required name=search_term_string"}],"inLanguage":"da-DK"}]}},"_links":{"self":[{"href":"https:\/\/serpmantics.com\/da\/wp-json\/wp\/v2\/pages\/137","targetHints":{"allow":["GET"]}}],"collection":[{"href":"https:\/\/serpmantics.com\/da\/wp-json\/wp\/v2\/pages"}],"about":[{"href":"https:\/\/serpmantics.com\/da\/wp-json\/wp\/v2\/types\/page"}],"author":[{"embeddable":true,"href":"https:\/\/serpmantics.com\/da\/wp-json\/wp\/v2\/users\/1"}],"replies":[{"embeddable":true,"href":"https:\/\/serpmantics.com\/da\/wp-json\/wp\/v2\/comments?post=137"}],"version-history":[{"count":10,"href":"https:\/\/serpmantics.com\/da\/wp-json\/wp\/v2\/pages\/137\/revisions"}],"predecessor-version":[{"id":3498,"href":"https:\/\/serpmantics.com\/da\/wp-json\/wp\/v2\/pages\/137\/revisions\/3498"}],"wp:attachment":[{"href":"https:\/\/serpmantics.com\/da\/wp-json\/wp\/v2\/media?parent=137"}],"curies":[{"name":"wp","href":"https:\/\/api.w.org\/{rel}","templated":true}]}}