{"id":581,"date":"2024-08-27T08:58:39","date_gmt":"2024-08-27T08:58:39","guid":{"rendered":"https:\/\/serpmantics.com\/?page_id=581"},"modified":"2025-06-28T09:10:36","modified_gmt":"2025-06-28T09:10:36","slug":"case-study-princesselia","status":"publish","type":"page","link":"https:\/\/serpmantics.com\/cs\/pripadova-studie-princesselia\/","title":{"rendered":"Zn\u00e1sobte n\u00e1v\u0161t\u011bvnost SEO o 27 optimalizac\u00ed st\u00e1vaj\u00edc\u00edho obsahu \ud83d\udcc8 - P\u0159\u00edpadov\u00e1 studie a recenze SERPmantics Princess Lia"},"content":{"rendered":"<p>princesselia.com je e-commerce spole\u010dnost specializuj\u00edc\u00ed se na kosmetiku, kter\u00e1 se ned\u00e1vno rozhodla zm\u011bnit sv\u016fj CMS. Jejich webov\u00e9 str\u00e1nky, p\u0159esto\u017ee maj\u00ed silnou komunitu, <strong>nikdy nebyla skute\u010dn\u011b optimalizov\u00e1na pro SEO<\/strong>. P\u0159esto se v p\u0159edchoz\u00edm roce prodeje webu zdvojn\u00e1sobily, ani\u017e by se o to n\u011bjak zvl\u00e1\u0161\u0165 sna\u017eil. Tento neo\u010dek\u00e1van\u00fd \u00fasp\u011bch p\u0159im\u011bl spole\u010dnost k tomu. <strong>v\u00e1\u017en\u011b se zamyslet nad SEO optimalizac\u00ed, aby se jejich potenci\u00e1l je\u0161t\u011b v\u00edce zv\u00fd\u0161il.<\/strong>.<\/p>\n\n\n\n<p>Chcete se rad\u011bji pod\u00edvat na video? <\/p>\n\n\n\n<p>Zde je <strong>zkr\u00e1cen\u00e1 verze<\/strong> :<\/p>\n\n\n\n<figure class=\"wp-block-embed is-type-video is-provider-youtube wp-block-embed-youtube wp-embed-aspect-4-3 wp-has-aspect-ratio\"><div class=\"wp-block-embed__wrapper\">\n<iframe loading=\"lazy\" title=\"Zn\u00e1sobte n\u00e1v\u0161t\u011bvnost SEO o 27 optimalizac\u00ed st\u00e1vaj\u00edc\u00edho obsahu e-shopu \ud83d\udcc8 (Zkr\u00e1cen\u00e1 verze)\" width=\"1080\" height=\"608\" src=\"https:\/\/www.youtube.com\/embed\/u3fb2zCg9iI?feature=oembed&#038;enablejsapi=1&#038;origin=https:\/\/serpmantics.com\"  allow=\"accelerometer; autoplay; clipboard-write; encrypted-media; gyroscope; picture-in-picture; web-share\" referrerpolicy=\"strict-origin-when-cross-origin\" allowfullscreen><\/iframe>\n<\/div><\/figure>\n\n\n\n<p>Zde je <strong>pln\u00e1 verze<\/strong> :<\/p>\n\n\n\n<figure class=\"wp-block-embed is-type-video is-provider-youtube wp-block-embed-youtube wp-embed-aspect-16-9 wp-has-aspect-ratio\"><div class=\"wp-block-embed__wrapper\">\n<iframe loading=\"lazy\" title=\"Zn\u00e1sobte n\u00e1v\u0161t\u011bvnost SEO o 27 optimalizac\u00ed st\u00e1vaj\u00edc\u00edho obsahu e-shopu \ud83d\udcc8 - P\u0159\u00edpadov\u00e1 studie\" width=\"1080\" height=\"608\" src=\"https:\/\/www.youtube.com\/embed\/yo07gnHa7xE?feature=oembed&#038;enablejsapi=1&#038;origin=https:\/\/serpmantics.com\"  allow=\"accelerometer; autoplay; clipboard-write; encrypted-media; gyroscope; picture-in-picture; web-share\" referrerpolicy=\"strict-origin-when-cross-origin\" allowfullscreen><\/iframe>\n<\/div><\/figure>\n\n\n\n<h4 class=\"wp-block-heading\"><strong>V\u00fdzva: Vysoce konkuren\u010dn\u00ed odv\u011btv\u00ed<\/strong><\/h4>\n\n\n\n<p>Tv\u016frci spole\u010dnosti Princesse Lia, kter\u00e1 p\u016fsob\u00ed v obzvl\u00e1\u0161t\u011b konkuren\u010dn\u00edm odv\u011btv\u00ed kosmetiky, v\u011bd\u011bli, \u017ee um\u00edst\u011bn\u00ed na prvn\u00ed str\u00e1nce v\u00fdsledk\u016f vyhled\u00e1v\u00e1n\u00ed nebude z\u00e1zrak. Hlavn\u00ed v\u00fdzva spo\u010d\u00edvala v pochopen\u00ed a uplatn\u011bn\u00ed osv\u011bd\u010den\u00fdch postup\u016f SEO, co\u017e je oblast, kter\u00e1 je \u010dasto vn\u00edm\u00e1na jako slo\u017eit\u00e1 a technick\u00e1.<\/p>\n\n\n\n<p>P\u0159ed objeven\u00edm slu\u017eby SERPmantics se pot\u00fdkali se dv\u011bma hlavn\u00edmi p\u0159ek\u00e1\u017ekami:<\/p>\n\n\n\n<ol class=\"wp-block-list\">\n<li><strong>V\u00fdb\u011br kl\u00ed\u010dov\u00fdch slov<\/strong> Identifikace nejrelevantn\u011bj\u0161\u00edch kl\u00ed\u010dov\u00fdch slov bez jasn\u00e9 strategie.<\/li>\n\n\n\n<li><strong>Optimalizace obsahu<\/strong> : Porozum\u011bn\u00ed <strong>jak strukturovat a vylep\u0161ovat str\u00e1nky<\/strong> kolem kl\u00ed\u010dov\u00fdch slov vybran\u00fdch tak, aby byly maxim\u00e1ln\u011b viditeln\u00e9.<\/li>\n<\/ol>\n\n\n\n<div class=\"wp-block-buttons is-content-justification-center is-layout-flex wp-container-core-buttons-is-layout-16018d1d wp-block-buttons-is-layout-flex\">\n<div class=\"wp-block-button\"><a class=\"wp-block-button__link wp-element-button\" href=\"\/cs\/go\/signup\/\">Otestujte SERPmantics zdarma<\/a><\/div>\n<\/div>\n\n\n\n<h4 class=\"wp-block-heading\"><strong>\u0158e\u0161en\u00ed: Jednoduch\u00fd a \u00fa\u010dinn\u00fd p\u0159\u00edstup pomoc\u00ed n\u00e1stroje SERPmantics<\/strong><\/h4>\n\n\n\n<p>Po vyzkou\u0161en\u00ed n\u011bkolika n\u00e1stroj\u016f, od zjednodu\u0161en\u00fdch \u0159e\u0161en\u00ed a\u017e po p\u0159\u00edli\u0161 technick\u00e9 mo\u017enosti, objevila Laurie z Princess Lia n\u00e1stroj SERPmantics. Nab\u00edzel <strong>dokonal\u00e1 rovnov\u00e1ha<\/strong> a <strong>jednoduch\u00e9, ale v\u00fdkonn\u00e9 rozhran\u00ed<\/strong>na <strong>strukturovat a optimalizovat obsah v m\u017eiku oka.<\/strong>.<\/p>\n\n\n\n<p>Mezi funkce, kter\u00e9 t\u00fdm nejv\u00edce oce\u0148uje, pat\u0159\u00ed :<\/p>\n\n\n\n<ul class=\"wp-block-list\">\n<li><strong>Okam\u017eit\u00e1 anal\u00fdza<\/strong> P\u0159ehledn\u00e1 zpr\u00e1va o v\u00fdkonnosti SEO ka\u017ed\u00e9 str\u00e1nky s konkr\u00e9tn\u00edmi doporu\u010den\u00edmi, co je t\u0159eba zlep\u0161it.<\/li>\n\n\n\n<li><strong>S\u00e9mantick\u00e9 obohacen\u00ed<\/strong> N\u00e1vrhy alternativn\u00edch kl\u00ed\u010dov\u00fdch slov, aby se zabr\u00e1nilo nadm\u011brn\u00e9mu opakov\u00e1n\u00ed a obohatil se text.<\/li>\n\n\n\n<li><strong>Srovn\u00e1vac\u00ed hodnocen\u00ed<\/strong> : Mo\u017enost konzultovat nejl\u00e9pe hodnocen\u00e9 str\u00e1nky a inspirovat se osv\u011bd\u010den\u00fdmi postupy.<\/li>\n<\/ul>\n\n\n\n<div class=\"wp-block-columns is-layout-flex wp-container-core-columns-is-layout-9d6595d7 wp-block-columns-is-layout-flex\">\n<div class=\"wp-block-column is-layout-flow wp-block-column-is-layout-flow\" style=\"flex-basis:100%\">\n<div class=\"wp-block-buttons is-content-justification-center is-layout-flex wp-container-core-buttons-is-layout-16018d1d wp-block-buttons-is-layout-flex\">\n<div class=\"wp-block-button\"><a class=\"wp-block-button__link wp-element-button\" href=\"\/cs\/go\/signup\/\">Otestujte SERPmantics zdarma<\/a><\/div>\n<\/div>\n<\/div>\n<\/div>\n\n\n\n<figure class=\"wp-block-image size-large\"><img loading=\"lazy\" decoding=\"async\" width=\"1024\" height=\"988\" src=\"https:\/\/serpmantics.com\/wp-content\/uploads\/2024\/08\/serpmantics-score-1024x988.png\" alt=\"\" class=\"wp-image-602\" srcset=\"https:\/\/serpmantics.com\/wp-content\/uploads\/2024\/08\/serpmantics-score-1024x988.png 1024w, https:\/\/serpmantics.com\/wp-content\/uploads\/2024\/08\/serpmantics-score-980x946.png 980w, https:\/\/serpmantics.com\/wp-content\/uploads\/2024\/08\/serpmantics-score-480x463.png 480w\" sizes=\"auto, (min-width: 0px) and (max-width: 480px) 480px, (min-width: 481px) and (max-width: 980px) 980px, (min-width: 981px) 1024px, 100vw\" \/><\/figure>\n\n\n\n<figure class=\"wp-block-image aligncenter size-full\"><img loading=\"lazy\" decoding=\"async\" width=\"400\" height=\"203\" src=\"https:\/\/serpmantics.com\/wp-content\/uploads\/2024\/08\/serpmantics-optimisation.gif\" alt=\"\" class=\"wp-image-597\"\/><\/figure>\n\n\n\n<h4 class=\"wp-block-heading\"><strong>V\u00fdsledky: Exponenci\u00e1ln\u00ed v\u00fdkonnost<\/strong><\/h4>\n\n\n\n<p>V\u00fdsledky, kter\u00fdch dos\u00e1hl e-shop Princesse Lia, byly rychl\u00e9 a p\u016fsobiv\u00e9:<\/p>\n\n\n\n<ul class=\"wp-block-list\">\n<li><strong>Um\u00edst\u011bn\u00ed kl\u00ed\u010dov\u00fdch slov<\/strong> B\u011bhem pouh\u00fdch t\u0159\u00ed m\u011bs\u00edc\u016f se kl\u00ed\u010dov\u00e1 slova jako \"konopn\u00fd olej na obli\u010dej\" a \"m\u011bs\u00ed\u010dkov\u00fd olej\" dostala z 35. na 2. m\u00edsto v Googlu.<\/li>\n<\/ul>\n\n\n\n<figure class=\"wp-block-image size-large\"><img loading=\"lazy\" decoding=\"async\" width=\"1024\" height=\"398\" src=\"https:\/\/serpmantics.com\/wp-content\/uploads\/2024\/08\/CleanShot-2024-08-26-at-17.58.04@2x-1024x398.png\" alt=\"\" class=\"wp-image-593\" srcset=\"https:\/\/serpmantics.com\/wp-content\/uploads\/2024\/08\/CleanShot-2024-08-26-at-17.58.04@2x-980x381.png 980w, https:\/\/serpmantics.com\/wp-content\/uploads\/2024\/08\/CleanShot-2024-08-26-at-17.58.04@2x-480x186.png 480w\" sizes=\"auto, (min-width: 0px) and (max-width: 480px) 480px, (min-width: 481px) and (max-width: 980px) 980px, (min-width: 981px) 1024px, 100vw\" \/><\/figure>\n\n\n\n<figure class=\"wp-block-image size-large\"><img loading=\"lazy\" decoding=\"async\" width=\"1024\" height=\"212\" src=\"https:\/\/serpmantics.com\/wp-content\/uploads\/2024\/08\/CleanShot-2024-08-26-at-17.54.35@2x-1024x212.png\" alt=\"\" class=\"wp-image-590\" srcset=\"https:\/\/serpmantics.com\/wp-content\/uploads\/2024\/08\/CleanShot-2024-08-26-at-17.54.35@2x-980x203.png 980w, https:\/\/serpmantics.com\/wp-content\/uploads\/2024\/08\/CleanShot-2024-08-26-at-17.54.35@2x-480x99.png 480w\" sizes=\"auto, (min-width: 0px) and (max-width: 480px) 480px, (min-width: 481px) and (max-width: 980px) 980px, (min-width: 981px) 1024px, 100vw\" \/><\/figure>\n\n\n\n<ul class=\"wp-block-list\">\n<li><strong>Zv\u00fd\u0161en\u00fd provoz<\/strong> : M\u011bs\u00ed\u010dn\u00ed n\u00e1v\u0161t\u011bvnost webu se od z\u00e1\u0159\u00ed (b\u011bhem n\u011bkolika m\u011bs\u00edc\u016f) t\u00e9m\u011b\u0159 zdvojn\u00e1sobila a nakonec se za rok zv\u00fd\u0161ila 27kr\u00e1t (z 362 n\u00e1v\u0161t\u011bvn\u00edk\u016f\/m\u011bs\u00edc p\u0159i prvn\u00ed registraci na SERPmantics na 9 641 n\u00e1v\u0161t\u011bvn\u00edk\u016f\/m\u011bs\u00edc v polovin\u011b srpna o rok pozd\u011bji).<\/li>\n<\/ul>\n\n\n\n<figure class=\"wp-block-image size-large\"><img loading=\"lazy\" decoding=\"async\" width=\"1024\" height=\"374\" src=\"https:\/\/serpmantics.com\/wp-content\/uploads\/2024\/08\/CleanShot-2024-08-26-at-17.55.26@2x-1024x374.png\" alt=\"\" class=\"wp-image-591\" srcset=\"https:\/\/serpmantics.com\/wp-content\/uploads\/2024\/08\/CleanShot-2024-08-26-at-17.55.26@2x-1024x374.png 1024w, https:\/\/serpmantics.com\/wp-content\/uploads\/2024\/08\/CleanShot-2024-08-26-at-17.55.26@2x-980x358.png 980w, https:\/\/serpmantics.com\/wp-content\/uploads\/2024\/08\/CleanShot-2024-08-26-at-17.55.26@2x-480x176.png 480w\" sizes=\"auto, (min-width: 0px) and (max-width: 480px) 480px, (min-width: 481px) and (max-width: 980px) 980px, (min-width: 981px) 1024px, 100vw\" \/><\/figure>\n\n\n\n<figure class=\"wp-block-image size-large\"><img loading=\"lazy\" decoding=\"async\" width=\"1024\" height=\"711\" src=\"https:\/\/serpmantics.com\/wp-content\/uploads\/2024\/08\/CleanShot-2024-08-26-at-13.40.51@2x-1024x711.png\" alt=\"\" class=\"wp-image-586\" srcset=\"https:\/\/serpmantics.com\/wp-content\/uploads\/2024\/08\/CleanShot-2024-08-26-at-13.40.51@2x-980x681.png 980w, https:\/\/serpmantics.com\/wp-content\/uploads\/2024\/08\/CleanShot-2024-08-26-at-13.40.51@2x-480x333.png 480w\" sizes=\"auto, (min-width: 0px) and (max-width: 480px) 480px, (min-width: 481px) and (max-width: 980px) 980px, (min-width: 981px) 1024px, 100vw\" \/><\/figure>\n\n\n\n<ul class=\"wp-block-list\">\n<li><strong>\u00dadaje o prodeji<\/strong> Prodej: D\u00edky n\u00e1r\u016fstu kvalifikovan\u00e9ho provozu se m\u011bs\u00ed\u010dn\u00ed prodej zv\u00fd\u0161il v pr\u016fm\u011bru o 25 % m\u011bs\u00ed\u010dn\u011b.<\/li>\n<\/ul>\n\n\n\n<p>Tyto v\u00fdsledky sv\u011bd\u010d\u00ed o \u00fa\u010dinnosti syst\u00e9mu SERPmantics, d\u00edky n\u011bmu\u017e se web princesselia stal z vysoce v\u00fdkonn\u00e9ho webu s omezenou viditelnost\u00ed skute\u010dn\u011b uzn\u00e1van\u00fdm hr\u00e1\u010dem ve sv\u00e9m oboru, pokud jde o p\u0159irozen\u00e9 odkazov\u00e1n\u00ed.<\/p>\n\n\n\n<div class=\"wp-block-buttons is-content-justification-center is-layout-flex wp-container-core-buttons-is-layout-16018d1d wp-block-buttons-is-layout-flex\">\n<div class=\"wp-block-button\"><a class=\"wp-block-button__link wp-element-button\" href=\"\/cs\/go\/signup\/\">R\u00e1d bych se zaregistroval pro rozvoj SEO m\u00fdch webov\u00fdch str\u00e1nek<\/a><\/div>\n<\/div>\n\n\n\n<h4 class=\"wp-block-heading\"><strong>Reference: Bezprobl\u00e9mov\u00e1 a ziskov\u00e1 zku\u0161enost<\/strong><\/h4>\n\n\n\n<p>\"SERPmantics se stal m\u00fdm <strong>z\u00e1kladn\u00ed n\u00e1stroj pro SEO<\/strong>. Je jednoduch\u00fd, efektivn\u00ed a umo\u017enil mi rychle strukturovat a vylep\u0161ovat str\u00e1nky. <strong>V\u00fdsledky jsou hmatateln\u00e9 a viditeln\u00e9 ji\u017e za n\u011bkolik m\u011bs\u00edc\u016f, co\u017e je velmi povzbudiv\u00e9.<\/strong> Jedn\u00e1 se o <strong>v\u00edce ne\u017e v\u00fdhodn\u00e1 investice<\/strong> pro na\u0161i spole\u010dnost.<\/p>\n\n\n\n<h4 class=\"wp-block-heading\"><strong>Investice, kter\u00e1 m\u00e1 smysl<\/strong><\/h4>\n\n\n\n<p>Zku\u0161enosti spole\u010dnosti Princess Lia ukazuj\u00ed, \u017ee i v tak konkuren\u010dn\u00edm odv\u011btv\u00ed, jako je kosmetika, je mo\u017en\u00e9 <strong>vyniknout d\u00edky promy\u0161len\u00e9 SEO strategii a v\u00fdkonn\u00e9mu n\u00e1stroji.<\/strong>. SERPmantics nejen\u017ee umo\u017enil<strong>v\u00fdrazn\u011b zv\u00fd\u0161it viditelnost a n\u00e1v\u0161t\u011bvnost str\u00e1nek.<\/strong>ale tak\u00e9 <strong>zv\u00fd\u0161it prodej<\/strong>a z\u00e1rove\u0148 usnad\u0148uje proces optimalizace.<\/p>\n\n\n\n<div class=\"wp-block-buttons is-content-justification-center is-layout-flex wp-container-core-buttons-is-layout-16018d1d wp-block-buttons-is-layout-flex\">\n<div class=\"wp-block-button\"><a class=\"wp-block-button__link wp-element-button\" href=\"\/cs\/go\/signup\/\">Zkou\u0161\u00edm SERPmantics nyn\u00ed<\/a><\/div>\n<\/div>\n\n\n\n<p><\/p>","protected":false},"excerpt":{"rendered":"<p>princesselia.com est une entreprise de e-commerce sp\u00e9cialis\u00e9e dans la cosm\u00e9tique, a r\u00e9cemment d\u00e9cid\u00e9 de changer de CMS en juillet dernier. Leur site Internet, bien qu&rsquo;ayant une communaut\u00e9 solide, n\u2019avait jamais \u00e9t\u00e9 v\u00e9ritablement optimis\u00e9 pour le SEO. Malgr\u00e9 cela, l\u2019ann\u00e9e pr\u00e9c\u00e9dente, le site avait vu son chiffre d\u2019affaires doubler sans effort sp\u00e9cifique. Ce succ\u00e8s inattendu a [&hellip;]<\/p>","protected":false},"author":1,"featured_media":2841,"parent":0,"menu_order":0,"comment_status":"closed","ping_status":"closed","template":"","meta":{"_et_pb_use_builder":"off","_et_pb_old_content":"","_et_gb_content_width":"","footnotes":""},"class_list":["post-581","page","type-page","status-publish","has-post-thumbnail","hentry"],"yoast_head":"<!-- This site is optimized with the Yoast SEO plugin v23.2 - https:\/\/yoast.com\/wordpress\/plugins\/seo\/ -->\n<title>Multiplier son trafic SEO par 27 en optimisant ses contenus existants \ud83d\udcc8 - Etude de cas &amp; Avis SERPmantics de Princesse Lia<\/title>\n<meta name=\"robots\" content=\"index, follow, max-snippet:-1, max-image-preview:large, max-video-preview:-1\" \/>\n<link rel=\"canonical\" href=\"https:\/\/serpmantics.com\/cs\/pripadova-studie-princesselia\/\" \/>\n<meta property=\"og:locale\" content=\"cs_CZ\" \/>\n<meta property=\"og:type\" content=\"article\" \/>\n<meta property=\"og:title\" content=\"Multiplier son trafic SEO par 27 en optimisant ses contenus existants \ud83d\udcc8 - Etude de cas &amp; Avis SERPmantics de Princesse Lia\" \/>\n<meta property=\"og:description\" content=\"princesselia.com est une entreprise de e-commerce sp\u00e9cialis\u00e9e dans la cosm\u00e9tique, a r\u00e9cemment d\u00e9cid\u00e9 de changer de CMS en juillet dernier. Leur site Internet, bien qu&rsquo;ayant une communaut\u00e9 solide, n\u2019avait jamais \u00e9t\u00e9 v\u00e9ritablement optimis\u00e9 pour le SEO. Malgr\u00e9 cela, l\u2019ann\u00e9e pr\u00e9c\u00e9dente, le site avait vu son chiffre d\u2019affaires doubler sans effort sp\u00e9cifique. Ce succ\u00e8s inattendu a [&hellip;]\" \/>\n<meta property=\"og:url\" content=\"https:\/\/serpmantics.com\/cs\/pripadova-studie-princesselia\/\" \/>\n<meta property=\"og:site_name\" content=\"SERPmantics\" \/>\n<meta property=\"article:modified_time\" content=\"2025-06-28T09:10:36+00:00\" \/>\n<meta property=\"og:image\" content=\"https:\/\/serpmantics.com\/wp-content\/uploads\/2025\/06\/SERPmantics-couverture-etude-de-cas-princesse-lia.png\" \/>\n\t<meta property=\"og:image:width\" content=\"1200\" \/>\n\t<meta property=\"og:image:height\" content=\"628\" \/>\n\t<meta property=\"og:image:type\" content=\"image\/png\" \/>\n<meta name=\"twitter:card\" content=\"summary_large_image\" \/>\n<meta name=\"twitter:label1\" content=\"Odhadovan\u00e1 doba \u010dten\u00ed\" \/>\n\t<meta name=\"twitter:data1\" content=\"5 minut\" \/>\n<script type=\"application\/ld+json\" class=\"yoast-schema-graph\">{\"@context\":\"https:\/\/schema.org\",\"@graph\":[{\"@type\":\"WebPage\",\"@id\":\"https:\/\/serpmantics.com\/case-study-princesselia\/\",\"url\":\"https:\/\/serpmantics.com\/case-study-princesselia\/\",\"name\":\"Multiplier son trafic SEO par 27 en optimisant ses contenus existants \ud83d\udcc8 - Etude de cas &amp; Avis SERPmantics de Princesse Lia\",\"isPartOf\":{\"@id\":\"https:\/\/serpmantics.com\/#website\"},\"primaryImageOfPage\":{\"@id\":\"https:\/\/serpmantics.com\/case-study-princesselia\/#primaryimage\"},\"image\":{\"@id\":\"https:\/\/serpmantics.com\/case-study-princesselia\/#primaryimage\"},\"thumbnailUrl\":\"https:\/\/serpmantics.com\/wp-content\/uploads\/2025\/06\/SERPmantics-couverture-etude-de-cas-princesse-lia.png\",\"datePublished\":\"2024-08-27T08:58:39+00:00\",\"dateModified\":\"2025-06-28T09:10:36+00:00\",\"breadcrumb\":{\"@id\":\"https:\/\/serpmantics.com\/case-study-princesselia\/#breadcrumb\"},\"inLanguage\":\"cs\",\"potentialAction\":[{\"@type\":\"ReadAction\",\"target\":[\"https:\/\/serpmantics.com\/case-study-princesselia\/\"]}]},{\"@type\":\"ImageObject\",\"inLanguage\":\"cs\",\"@id\":\"https:\/\/serpmantics.com\/case-study-princesselia\/#primaryimage\",\"url\":\"https:\/\/serpmantics.com\/wp-content\/uploads\/2025\/06\/SERPmantics-couverture-etude-de-cas-princesse-lia.png\",\"contentUrl\":\"https:\/\/serpmantics.com\/wp-content\/uploads\/2025\/06\/SERPmantics-couverture-etude-de-cas-princesse-lia.png\",\"width\":1200,\"height\":628,\"caption\":\"Etude de cas SERPmantics x PrincesseLia\"},{\"@type\":\"BreadcrumbList\",\"@id\":\"https:\/\/serpmantics.com\/case-study-princesselia\/#breadcrumb\",\"itemListElement\":[{\"@type\":\"ListItem\",\"position\":1,\"name\":\"Home\",\"item\":\"https:\/\/serpmantics.com\/\"},{\"@type\":\"ListItem\",\"position\":2,\"name\":\"Multiplier son trafic SEO par 27 en optimisant ses contenus existants \ud83d\udcc8 &#8211; Etude de cas &amp; Avis SERPmantics de Princesse Lia\"}]},{\"@type\":\"WebSite\",\"@id\":\"https:\/\/serpmantics.com\/#website\",\"url\":\"https:\/\/serpmantics.com\/\",\"name\":\"SERPmantics\",\"description\":\"L&#039;Optimisation S\u00e9mantique pouss\u00e9e pour passer 1er sur Google\",\"potentialAction\":[{\"@type\":\"SearchAction\",\"target\":{\"@type\":\"EntryPoint\",\"urlTemplate\":\"https:\/\/serpmantics.com\/?s={search_term_string}\"},\"query-input\":\"required name=search_term_string\"}],\"inLanguage\":\"cs\"}]}<\/script>\n<!-- \/ Yoast SEO plugin. -->","yoast_head_json":{"title":"Multiplier son trafic SEO par 27 en optimisant ses contenus existants \ud83d\udcc8 - Etude de cas &amp; Avis SERPmantics de Princesse Lia","robots":{"index":"index","follow":"follow","max-snippet":"max-snippet:-1","max-image-preview":"max-image-preview:large","max-video-preview":"max-video-preview:-1"},"canonical":"https:\/\/serpmantics.com\/cs\/pripadova-studie-princesselia\/","og_locale":"cs_CZ","og_type":"article","og_title":"Multiplier son trafic SEO par 27 en optimisant ses contenus existants \ud83d\udcc8 - Etude de cas &amp; Avis SERPmantics de Princesse Lia","og_description":"princesselia.com est une entreprise de e-commerce sp\u00e9cialis\u00e9e dans la cosm\u00e9tique, a r\u00e9cemment d\u00e9cid\u00e9 de changer de CMS en juillet dernier. Leur site Internet, bien qu&rsquo;ayant une communaut\u00e9 solide, n\u2019avait jamais \u00e9t\u00e9 v\u00e9ritablement optimis\u00e9 pour le SEO. Malgr\u00e9 cela, l\u2019ann\u00e9e pr\u00e9c\u00e9dente, le site avait vu son chiffre d\u2019affaires doubler sans effort sp\u00e9cifique. Ce succ\u00e8s inattendu a [&hellip;]","og_url":"https:\/\/serpmantics.com\/cs\/pripadova-studie-princesselia\/","og_site_name":"SERPmantics","article_modified_time":"2025-06-28T09:10:36+00:00","og_image":[{"width":1200,"height":628,"url":"https:\/\/serpmantics.com\/wp-content\/uploads\/2025\/06\/SERPmantics-couverture-etude-de-cas-princesse-lia.png","type":"image\/png"}],"twitter_card":"summary_large_image","twitter_misc":{"Odhadovan\u00e1 doba \u010dten\u00ed":"5 minut"},"schema":{"@context":"https:\/\/schema.org","@graph":[{"@type":"WebPage","@id":"https:\/\/serpmantics.com\/case-study-princesselia\/","url":"https:\/\/serpmantics.com\/case-study-princesselia\/","name":"Multiplier son trafic SEO par 27 en optimisant ses contenus existants \ud83d\udcc8 - Etude de cas &amp; Avis SERPmantics de Princesse Lia","isPartOf":{"@id":"https:\/\/serpmantics.com\/#website"},"primaryImageOfPage":{"@id":"https:\/\/serpmantics.com\/case-study-princesselia\/#primaryimage"},"image":{"@id":"https:\/\/serpmantics.com\/case-study-princesselia\/#primaryimage"},"thumbnailUrl":"https:\/\/serpmantics.com\/wp-content\/uploads\/2025\/06\/SERPmantics-couverture-etude-de-cas-princesse-lia.png","datePublished":"2024-08-27T08:58:39+00:00","dateModified":"2025-06-28T09:10:36+00:00","breadcrumb":{"@id":"https:\/\/serpmantics.com\/case-study-princesselia\/#breadcrumb"},"inLanguage":"cs","potentialAction":[{"@type":"ReadAction","target":["https:\/\/serpmantics.com\/case-study-princesselia\/"]}]},{"@type":"ImageObject","inLanguage":"cs","@id":"https:\/\/serpmantics.com\/case-study-princesselia\/#primaryimage","url":"https:\/\/serpmantics.com\/wp-content\/uploads\/2025\/06\/SERPmantics-couverture-etude-de-cas-princesse-lia.png","contentUrl":"https:\/\/serpmantics.com\/wp-content\/uploads\/2025\/06\/SERPmantics-couverture-etude-de-cas-princesse-lia.png","width":1200,"height":628,"caption":"Etude de cas SERPmantics x PrincesseLia"},{"@type":"BreadcrumbList","@id":"https:\/\/serpmantics.com\/case-study-princesselia\/#breadcrumb","itemListElement":[{"@type":"ListItem","position":1,"name":"Home","item":"https:\/\/serpmantics.com\/"},{"@type":"ListItem","position":2,"name":"Multiplier son trafic SEO par 27 en optimisant ses contenus existants \ud83d\udcc8 &#8211; Etude de cas &amp; Avis SERPmantics de Princesse Lia"}]},{"@type":"WebSite","@id":"https:\/\/serpmantics.com\/#website","url":"https:\/\/serpmantics.com\/","name":"SERPmantics","description":"L&#039;Optimisation S\u00e9mantique pouss\u00e9e pour passer 1er sur Google","potentialAction":[{"@type":"SearchAction","target":{"@type":"EntryPoint","urlTemplate":"https:\/\/serpmantics.com\/?s={search_term_string}"},"query-input":"required name=search_term_string"}],"inLanguage":"cs"}]}},"_links":{"self":[{"href":"https:\/\/serpmantics.com\/cs\/wp-json\/wp\/v2\/pages\/581","targetHints":{"allow":["GET"]}}],"collection":[{"href":"https:\/\/serpmantics.com\/cs\/wp-json\/wp\/v2\/pages"}],"about":[{"href":"https:\/\/serpmantics.com\/cs\/wp-json\/wp\/v2\/types\/page"}],"author":[{"embeddable":true,"href":"https:\/\/serpmantics.com\/cs\/wp-json\/wp\/v2\/users\/1"}],"replies":[{"embeddable":true,"href":"https:\/\/serpmantics.com\/cs\/wp-json\/wp\/v2\/comments?post=581"}],"version-history":[{"count":15,"href":"https:\/\/serpmantics.com\/cs\/wp-json\/wp\/v2\/pages\/581\/revisions"}],"predecessor-version":[{"id":605,"href":"https:\/\/serpmantics.com\/cs\/wp-json\/wp\/v2\/pages\/581\/revisions\/605"}],"wp:featuredmedia":[{"embeddable":true,"href":"https:\/\/serpmantics.com\/cs\/wp-json\/wp\/v2\/media\/2841"}],"wp:attachment":[{"href":"https:\/\/serpmantics.com\/cs\/wp-json\/wp\/v2\/media?parent=581"}],"curies":[{"name":"wp","href":"https:\/\/api.w.org\/{rel}","templated":true}]}}