{"id":137,"date":"2023-07-03T08:28:23","date_gmt":"2023-07-03T08:28:23","guid":{"rendered":"https:\/\/serpmantics.com\/?page_id=137"},"modified":"2025-08-05T09:03:40","modified_gmt":"2025-08-05T07:03:40","slug":"conditions-affiliation","status":"publish","type":"page","link":"https:\/\/serpmantics.com\/cs\/podminky-clenstvi\/","title":{"rendered":"Podm\u00ednky partnerstv\u00ed pro SERPmantics"},"content":{"rendered":"<h2 class=\"wp-block-heading\">1. Zp\u016fsobilost<\/h2>\n\n\n\n<p>Abyste mohli b\u00fdt za\u0159azeni do na\u0161eho partnersk\u00e9ho programu, mus\u00edte dodr\u017eovat v\u0161echny platn\u00e9 z\u00e1kony a p\u0159edpisy a nesm\u00edte se dopou\u0161t\u011bt ur\u00e1\u017eliv\u00e9ho, hanliv\u00e9ho nebo nez\u00e1konn\u00e9ho chov\u00e1n\u00ed. Spole\u010dnost SERPmantics.com si vyhrazuje pr\u00e1vo odm\u00edtnout p\u0159ijet\u00ed jak\u00e9hokoli \u017eadatele o p\u0159idru\u017een\u00ed podle vlastn\u00edho uv\u00e1\u017een\u00ed.<\/p>\n\n\n\n<h2 class=\"wp-block-heading\">2. Identifikace partner\u016f a generov\u00e1n\u00ed URL<\/h2>\n\n\n\n<p>Jako partner m\u016f\u017eete generovat adresy URL ozna\u010den\u00e9 va\u0161\u00edm jedine\u010dn\u00fdm partnersk\u00fdm identifik\u00e1torem (affid). Tento identifik\u00e1tor je v\u00e1m poskytnut p\u0159i registraci do na\u0161eho partnersk\u00e9ho programu a lze jej pou\u017e\u00edt k vytv\u00e1\u0159en\u00ed odkaz\u016f na na\u0161e str\u00e1nky. Tyto funkce jsou p\u0159\u00edstupn\u00e9 z t\u00e9to adresy: <a href=\"https:\/\/app.serpmantics.com\/promote\">https:\/\/app.serpmantics.com\/promote<\/a>&nbsp;<\/p>\n\n\n\n<h2 class=\"wp-block-heading\">3. Sledovatelnost a provize<\/h2>\n\n\n\n<p>Kdy\u017e u\u017eivatel nav\u0161t\u00edv\u00ed na\u0161e str\u00e1nky prost\u0159ednictv\u00edm va\u0161eho partnersk\u00e9ho odkazu, vytvo\u0159\u00ed se soubor cookie s platnost\u00ed 30 dn\u00ed. Pokud si tento u\u017eivatel b\u011bhem tohoto obdob\u00ed vytvo\u0159\u00ed \u00fa\u010det, bude tento \u00fa\u010det p\u0159i\u0159azen va\u0161emu affiliate ID. Obdr\u017e\u00edte <strong>30% provize ze v\u0161ech plateb p\u0159edplatn\u00e9ho proveden\u00fdch t\u00edmto z\u00e1kazn\u00edkem<\/strong> po dobu 2 let od registrace pouze pro standardn\u00ed p\u0159edplatn\u00e9, vypo\u010dten\u00e9 z \u010d\u00e1stky fakturovan\u00e9 z\u00e1kazn\u00edkovi bez DPH. Vlastn\u00edch pl\u00e1n\u016f a p\u0159edplatn\u00e9ho se to net\u00fdk\u00e1. Vylou\u010deny jsou rovn\u011b\u017e tokeny. Provize budou pozastaveny po dobu 30 dn\u016f od zaplacen\u00ed z\u00e1kazn\u00edkem. Po uplynut\u00ed t\u00e9to doby platnosti jsou provize vyplaceny do 30 dn\u016f od p\u0159edlo\u017een\u00ed faktury bankovn\u00edm p\u0159evodem nebo prost\u0159ednictv\u00edm slu\u017eby Paypal, p\u0159i\u010dem\u017e minim\u00e1ln\u00ed hranice platby \u010din\u00ed 100 EUR bez DPH.<\/p>\n\n\n\n<h2 class=\"wp-block-heading\">4. Pravidla propagace<\/h2>\n\n\n\n<p>Str\u00e1nky SERPmantics.com mohou b\u00fdt propagov\u00e1ny prost\u0159ednictv\u00edm soci\u00e1ln\u00edch s\u00edt\u00ed, e-mailu nebo jak\u00fdmkoli jin\u00fdm zp\u016fsobem, kter\u00fd je v souladu s platn\u00fdmi z\u00e1kony a p\u0159edpisy. Jako partner se v\u0161ak nem\u016f\u017eete ve sv\u00fdch marketingov\u00fdch a komunika\u010dn\u00edch aktivit\u00e1ch stav\u011bt na na\u0161i zna\u010dku. Mus\u00edte tak\u00e9 transparentn\u011b informovat o sv\u00e9 roli partnera a reprezentovat na\u0161i zna\u010dku pozitivn\u00edm a p\u0159esn\u00fdm zp\u016fsobem. Vlastn\u00ed afilace je zak\u00e1z\u00e1na, stejn\u011b jako jak\u00e9koli zneu\u017e\u00edvaj\u00edc\u00ed chov\u00e1n\u00ed.<\/p>\n\n\n\n<h2 class=\"wp-block-heading\">5. Fakturace a platby<\/h2>\n\n\n\n<p>Platby v\u00e1m budou vypl\u00e1ceny na z\u00e1klad\u011b faktur, kter\u00e9 n\u00e1m za\u0161lete. \u00dahrada t\u011bchto faktur bude provedena 30 dn\u00ed po uplynut\u00ed v\u00fd\u0161e uveden\u00e9 30denn\u00ed \u010dekac\u00ed lh\u016fty, pokud dlu\u017en\u00e1 \u010d\u00e1stka p\u0159es\u00e1hne 100 EUR.<\/p>\n\n\n\n<h2 class=\"wp-block-heading\">6. Doba trv\u00e1n\u00ed a ukon\u010den\u00ed<\/h2>\n\n\n\n<p>Tato smlouva nab\u00fdv\u00e1 \u00fa\u010dinnosti okam\u017eikem jej\u00edho p\u0159ijet\u00ed a trv\u00e1, dokud ji jedna ze stran nevypov\u00ed. Spole\u010dnost SERPmantics.com si vyhrazuje pr\u00e1vo tuto smlouvu kdykoli ukon\u010dit, a\u0165 u\u017e z jak\u00e9hokoli d\u016fvodu nebo bez n\u011bj a bez n\u00e1hrady, a to p\u00edsemn\u00fdm ozn\u00e1men\u00edm druh\u00e9 stran\u011b 7 dn\u00ed p\u0159edem.<\/p>\n\n\n\n<h2 class=\"wp-block-heading\">7. P\u0159ijet\u00ed podm\u00ednek a aktualizac\u00ed<\/h2>\n\n\n\n<p>Vstupem do na\u0161eho partnersk\u00e9ho programu vyjad\u0159ujete souhlas s t\u011bmito podm\u00ednkami a jejich p\u0159\u00edpadn\u00fdmi budouc\u00edmi aktualizacemi. Doporu\u010dujeme v\u00e1m, abyste tuto str\u00e1nku pravideln\u011b kontrolovali a sledovali aktualizace t\u00e9to smlouvy.<\/p>","protected":false},"excerpt":{"rendered":"<p>1. Admissibilit\u00e9 Pour \u00eatre admissible \u00e0 notre programme d&rsquo;affiliation, vous devez respecter toutes les lois et r\u00e9gulations applicables et ne pas engager de comportement offensant, diffamatoire ou ill\u00e9gal. SERPmantics.com se r\u00e9serve le droit de refuser l&rsquo;admission \u00e0 tout candidat affili\u00e9 \u00e0 sa seule discr\u00e9tion. 2. Identification d&rsquo;Affili\u00e9 et G\u00e9n\u00e9ration des URL En tant qu&rsquo;affili\u00e9, vous [&hellip;]<\/p>","protected":false},"author":1,"featured_media":0,"parent":0,"menu_order":0,"comment_status":"closed","ping_status":"closed","template":"","meta":{"_et_pb_use_builder":"off","_et_pb_old_content":"","_et_gb_content_width":"","footnotes":""},"class_list":["post-137","page","type-page","status-publish","hentry"],"yoast_head":"<!-- This site is optimized with the Yoast SEO plugin v23.2 - https:\/\/yoast.com\/wordpress\/plugins\/seo\/ -->\n<title>Conditions G\u00e9n\u00e9rales d&#039;Affiliation pour SERPmantics<\/title>\n<meta name=\"robots\" content=\"noindex, follow\" \/>\n<meta property=\"og:locale\" content=\"cs_CZ\" \/>\n<meta property=\"og:type\" content=\"article\" \/>\n<meta property=\"og:title\" content=\"Conditions G\u00e9n\u00e9rales d&#039;Affiliation pour SERPmantics\" \/>\n<meta property=\"og:description\" content=\"1. Admissibilit\u00e9 Pour \u00eatre admissible \u00e0 notre programme d&rsquo;affiliation, vous devez respecter toutes les lois et r\u00e9gulations applicables et ne pas engager de comportement offensant, diffamatoire ou ill\u00e9gal. SERPmantics.com se r\u00e9serve le droit de refuser l&rsquo;admission \u00e0 tout candidat affili\u00e9 \u00e0 sa seule discr\u00e9tion. 2. Identification d&rsquo;Affili\u00e9 et G\u00e9n\u00e9ration des URL En tant qu&rsquo;affili\u00e9, vous [&hellip;]\" \/>\n<meta property=\"og:url\" content=\"https:\/\/serpmantics.com\/cs\/podminky-clenstvi\/\" \/>\n<meta property=\"og:site_name\" content=\"SERPmantics\" \/>\n<meta property=\"article:modified_time\" content=\"2025-08-05T07:03:40+00:00\" \/>\n<meta name=\"twitter:card\" content=\"summary_large_image\" \/>\n<meta name=\"twitter:label1\" content=\"Odhadovan\u00e1 doba \u010dten\u00ed\" \/>\n\t<meta name=\"twitter:data1\" content=\"3 minuty\" \/>\n<script type=\"application\/ld+json\" class=\"yoast-schema-graph\">{\"@context\":\"https:\/\/schema.org\",\"@graph\":[{\"@type\":\"WebPage\",\"@id\":\"https:\/\/serpmantics.com\/conditions-affiliation\/\",\"url\":\"https:\/\/serpmantics.com\/conditions-affiliation\/\",\"name\":\"Conditions G\u00e9n\u00e9rales d'Affiliation pour SERPmantics\",\"isPartOf\":{\"@id\":\"https:\/\/serpmantics.com\/#website\"},\"datePublished\":\"2023-07-03T08:28:23+00:00\",\"dateModified\":\"2025-08-05T07:03:40+00:00\",\"breadcrumb\":{\"@id\":\"https:\/\/serpmantics.com\/conditions-affiliation\/#breadcrumb\"},\"inLanguage\":\"cs\",\"potentialAction\":[{\"@type\":\"ReadAction\",\"target\":[\"https:\/\/serpmantics.com\/conditions-affiliation\/\"]}]},{\"@type\":\"BreadcrumbList\",\"@id\":\"https:\/\/serpmantics.com\/conditions-affiliation\/#breadcrumb\",\"itemListElement\":[{\"@type\":\"ListItem\",\"position\":1,\"name\":\"Home\",\"item\":\"https:\/\/serpmantics.com\/\"},{\"@type\":\"ListItem\",\"position\":2,\"name\":\"Conditions G\u00e9n\u00e9rales d&rsquo;Affiliation pour SERPmantics\"}]},{\"@type\":\"WebSite\",\"@id\":\"https:\/\/serpmantics.com\/#website\",\"url\":\"https:\/\/serpmantics.com\/\",\"name\":\"SERPmantics\",\"description\":\"L&#039;Optimisation S\u00e9mantique pouss\u00e9e pour passer 1er sur Google\",\"potentialAction\":[{\"@type\":\"SearchAction\",\"target\":{\"@type\":\"EntryPoint\",\"urlTemplate\":\"https:\/\/serpmantics.com\/?s={search_term_string}\"},\"query-input\":\"required name=search_term_string\"}],\"inLanguage\":\"cs\"}]}<\/script>\n<!-- \/ Yoast SEO plugin. -->","yoast_head_json":{"title":"Conditions G\u00e9n\u00e9rales d'Affiliation pour SERPmantics","robots":{"index":"noindex","follow":"follow"},"og_locale":"cs_CZ","og_type":"article","og_title":"Conditions G\u00e9n\u00e9rales d'Affiliation pour SERPmantics","og_description":"1. Admissibilit\u00e9 Pour \u00eatre admissible \u00e0 notre programme d&rsquo;affiliation, vous devez respecter toutes les lois et r\u00e9gulations applicables et ne pas engager de comportement offensant, diffamatoire ou ill\u00e9gal. SERPmantics.com se r\u00e9serve le droit de refuser l&rsquo;admission \u00e0 tout candidat affili\u00e9 \u00e0 sa seule discr\u00e9tion. 2. Identification d&rsquo;Affili\u00e9 et G\u00e9n\u00e9ration des URL En tant qu&rsquo;affili\u00e9, vous [&hellip;]","og_url":"https:\/\/serpmantics.com\/cs\/podminky-clenstvi\/","og_site_name":"SERPmantics","article_modified_time":"2025-08-05T07:03:40+00:00","twitter_card":"summary_large_image","twitter_misc":{"Odhadovan\u00e1 doba \u010dten\u00ed":"3 minuty"},"schema":{"@context":"https:\/\/schema.org","@graph":[{"@type":"WebPage","@id":"https:\/\/serpmantics.com\/conditions-affiliation\/","url":"https:\/\/serpmantics.com\/conditions-affiliation\/","name":"Conditions G\u00e9n\u00e9rales d'Affiliation pour SERPmantics","isPartOf":{"@id":"https:\/\/serpmantics.com\/#website"},"datePublished":"2023-07-03T08:28:23+00:00","dateModified":"2025-08-05T07:03:40+00:00","breadcrumb":{"@id":"https:\/\/serpmantics.com\/conditions-affiliation\/#breadcrumb"},"inLanguage":"cs","potentialAction":[{"@type":"ReadAction","target":["https:\/\/serpmantics.com\/conditions-affiliation\/"]}]},{"@type":"BreadcrumbList","@id":"https:\/\/serpmantics.com\/conditions-affiliation\/#breadcrumb","itemListElement":[{"@type":"ListItem","position":1,"name":"Home","item":"https:\/\/serpmantics.com\/"},{"@type":"ListItem","position":2,"name":"Conditions G\u00e9n\u00e9rales d&rsquo;Affiliation pour SERPmantics"}]},{"@type":"WebSite","@id":"https:\/\/serpmantics.com\/#website","url":"https:\/\/serpmantics.com\/","name":"SERPmantics","description":"L&#039;Optimisation S\u00e9mantique pouss\u00e9e pour passer 1er sur Google","potentialAction":[{"@type":"SearchAction","target":{"@type":"EntryPoint","urlTemplate":"https:\/\/serpmantics.com\/?s={search_term_string}"},"query-input":"required name=search_term_string"}],"inLanguage":"cs"}]}},"_links":{"self":[{"href":"https:\/\/serpmantics.com\/cs\/wp-json\/wp\/v2\/pages\/137","targetHints":{"allow":["GET"]}}],"collection":[{"href":"https:\/\/serpmantics.com\/cs\/wp-json\/wp\/v2\/pages"}],"about":[{"href":"https:\/\/serpmantics.com\/cs\/wp-json\/wp\/v2\/types\/page"}],"author":[{"embeddable":true,"href":"https:\/\/serpmantics.com\/cs\/wp-json\/wp\/v2\/users\/1"}],"replies":[{"embeddable":true,"href":"https:\/\/serpmantics.com\/cs\/wp-json\/wp\/v2\/comments?post=137"}],"version-history":[{"count":10,"href":"https:\/\/serpmantics.com\/cs\/wp-json\/wp\/v2\/pages\/137\/revisions"}],"predecessor-version":[{"id":3498,"href":"https:\/\/serpmantics.com\/cs\/wp-json\/wp\/v2\/pages\/137\/revisions\/3498"}],"wp:attachment":[{"href":"https:\/\/serpmantics.com\/cs\/wp-json\/wp\/v2\/media?parent=137"}],"curies":[{"name":"wp","href":"https:\/\/api.w.org\/{rel}","templated":true}]}}